{"id":26698,"date":"2025-12-18T16:28:28","date_gmt":"2025-12-18T15:28:28","guid":{"rendered":"https:\/\/hts-mct.com\/products\/cbp-casting-sleeve\/"},"modified":"2026-03-18T13:18:11","modified_gmt":"2026-03-18T12:18:11","slug":"cbp-casting-sleeve","status":"publish","type":"page","link":"https:\/\/hts-mct.com\/sg\/products\/cbp-casting-sleeve\/","title":{"rendered":"CBP Casting Sleeve"},"content":{"rendered":"\t\t<div data-elementor-type=\"wp-page\" data-elementor-id=\"26698\" class=\"elementor elementor-26698 elementor-23326\" data-elementor-post-type=\"page\">\n\t\t\t\t<div class=\"elementor-element elementor-element-c08054c e-con-full e-flex e-con e-parent\" data-id=\"c08054c\" data-element_type=\"container\" data-e-type=\"container\" data-settings=\"{&quot;background_background&quot;:&quot;classic&quot;}\">\n\t\t\t\t<div class=\"elementor-element elementor-element-b601908 elementor-widget elementor-widget-heading\" data-id=\"b601908\" data-element_type=\"widget\" data-e-type=\"widget\" data-widget_type=\"heading.default\">\n\t\t\t\t<div class=\"elementor-widget-container\">\n\t\t\t\t\t<h1 class=\"elementor-heading-title elementor-size-default\">CBP Casting Sleeve<\/h1>\t\t\t\t<\/div>\n\t\t\t\t<\/div>\n\t\t\t\t<div class=\"elementor-element elementor-element-34c34c8 elementor-align-center elementor-widget elementor-widget-breadcrumbs\" data-id=\"34c34c8\" data-element_type=\"widget\" data-e-type=\"widget\" id=\"breadcrumbs\" data-widget_type=\"breadcrumbs.default\">\n\t\t\t\t<div class=\"elementor-widget-container\">\n\t\t\t\t\t<nav id=\"breadcrumbs\"><span><span><a href=\"https:\/\/hts-mct.com\/sg\/\">Home<\/a><\/span><\/span><\/nav>\t\t\t\t<\/div>\n\t\t\t\t<\/div>\n\t\t\t\t<\/div>\n\t\t<div class=\"elementor-element elementor-element-8154a14 e-flex e-con-boxed e-con e-parent\" data-id=\"8154a14\" data-element_type=\"container\" data-e-type=\"container\">\n\t\t\t\t\t<div class=\"e-con-inner\">\n\t\t<div class=\"elementor-element elementor-element-44e0c54 e-con-full e-flex e-con e-child\" data-id=\"44e0c54\" data-element_type=\"container\" data-e-type=\"container\">\n\t\t\t\t<div class=\"elementor-element elementor-element-7a46597 elementor-widget elementor-widget-heading\" data-id=\"7a46597\" data-element_type=\"widget\" data-e-type=\"widget\" data-widget_type=\"heading.default\">\n\t\t\t\t<div class=\"elementor-widget-container\">\n\t\t\t\t\t<h2 class=\"elementor-heading-title elementor-size-default\">CBP Casting Sleeve<\/h2>\t\t\t\t<\/div>\n\t\t\t\t<\/div>\n\t\t\t\t<div class=\"elementor-element elementor-element-e3ee73b elementor-widget elementor-widget-text-editor\" data-id=\"e3ee73b\" data-element_type=\"widget\" data-e-type=\"widget\" data-widget_type=\"text-editor.default\">\n\t\t\t\t<div class=\"elementor-widget-container\">\n\t\t\t\t\t\t\t\t\t<div class=\"elementor-element elementor-element-e7ac8a0 e-con-full e-flex wpr-particle-no wpr-jarallax-no wpr-parallax-no wpr-sticky-section-no e-con e-child\" data-id=\"e7ac8a0\" data-element_type=\"container\"><div class=\"elementor-element elementor-element-dac97f8 elementor-widget elementor-widget-woocommerce-product-short-description\" data-id=\"dac97f8\" data-element_type=\"widget\" data-widget_type=\"woocommerce-product-short-description.default\"><div class=\"woocommerce-product-details__short-description\"><p class=\"p2\">HTS CBP Sleeves are designed to be casted in concrete walls creating a uniform round opening that can later be used to install and seal cables or pipes using HTS Blind Plugs, HRST and HBRT Sealing Systems. Ensuring a watertight seal in the ocnnection with the concrete. <\/p><\/div><\/div><\/div>\t\t\t\t\t\t\t\t<\/div>\n\t\t\t\t<\/div>\n\t\t\t\t<\/div>\n\t\t<div class=\"elementor-element elementor-element-3d714d4 e-con-full e-flex e-con e-child\" data-id=\"3d714d4\" data-element_type=\"container\" data-e-type=\"container\">\n\t\t\t\t<div class=\"elementor-element elementor-element-7db5cf4 elementor-widget elementor-widget-image\" data-id=\"7db5cf4\" data-element_type=\"widget\" data-e-type=\"widget\" data-widget_type=\"image.default\">\n\t\t\t\t<div class=\"elementor-widget-container\">\n\t\t\t\t\t\t\t\t\t\t\t\t\t\t\t\t<a href=\"https:\/\/hts-mct.com\/wp-content\/uploads\/2025\/12\/hts-sealing-casting-sleeve-CBP.jpg\" data-elementor-open-lightbox=\"yes\" data-elementor-lightbox-title=\"hts-sealing-casting-sleeve-CBP\" data-e-action-hash=\"#elementor-action%3Aaction%3Dlightbox%26settings%3DeyJpZCI6MjY3MDAsInVybCI6Imh0dHBzOlwvXC9odHMtbWN0LmNvbVwvd3AtY29udGVudFwvdXBsb2Fkc1wvMjAyNVwvMTJcL2h0cy1zZWFsaW5nLWNhc3Rpbmctc2xlZXZlLUNCUC5qcGcifQ%3D%3D\">\n\t\t\t\t\t\t\t<img fetchpriority=\"high\" decoding=\"async\" width=\"300\" height=\"300\" src=\"https:\/\/hts-mct.com\/wp-content\/uploads\/2025\/12\/hts-sealing-casting-sleeve-CBP.jpg\" class=\"attachment-medium size-medium wp-image-26700\" alt=\"HTS sealing casting sleeve CBP\" srcset=\"https:\/\/hts-mct.com\/wp-content\/uploads\/2025\/12\/hts-sealing-casting-sleeve-CBP.jpg 300w, https:\/\/hts-mct.com\/wp-content\/uploads\/2025\/12\/hts-sealing-casting-sleeve-CBP-150x150.jpg 150w\" sizes=\"(max-width: 300px) 100vw, 300px\" \/>\t\t\t\t\t\t\t\t<\/a>\n\t\t\t\t\t\t\t\t\t\t\t\t\t\t\t<\/div>\n\t\t\t\t<\/div>\n\t\t\t\t<\/div>\n\t\t\t\t\t<\/div>\n\t\t\t\t<\/div>\n\t\t<div class=\"elementor-element elementor-element-6811d01 e-flex e-con-boxed e-con e-parent\" data-id=\"6811d01\" data-element_type=\"container\" data-e-type=\"container\">\n\t\t\t\t\t<div class=\"e-con-inner\">\n\t\t\t\t<div class=\"elementor-element elementor-element-39048c9 elementor-widget elementor-widget-heading\" data-id=\"39048c9\" data-element_type=\"widget\" data-e-type=\"widget\" data-widget_type=\"heading.default\">\n\t\t\t\t<div class=\"elementor-widget-container\">\n\t\t\t\t\t<h2 class=\"elementor-heading-title elementor-size-default\">CBP Casting Sleeve description<\/h2>\t\t\t\t<\/div>\n\t\t\t\t<\/div>\n\t\t\t\t<div class=\"elementor-element elementor-element-a49befe elementor-widget elementor-widget-text-editor\" data-id=\"a49befe\" data-element_type=\"widget\" data-e-type=\"widget\" data-widget_type=\"text-editor.default\">\n\t\t\t\t<div class=\"elementor-widget-container\">\n\t\t\t\t\t\t\t\t\t<p><strong>Key features:<\/strong><\/p><ul><li><p class=\"p2\">Compatible with HTS HBRST, HBRT and HTS Blind Plugs sealing systems<\/p><\/li><li><p class=\"p2\">Available in multitude of diameters: \u00d8100mm, \u00d8150mm, \u00d8200mm.<\/p><\/li><li><p class=\"p2\">Offered in multiple sleeve depths: 500mm to 100mm.<\/p><\/li><li><p class=\"p1\">Depths can be adjusted on-site by cutting to the required length. With grooves for cutting to length at the construction site. <\/p><\/li><li><p class=\"p1\">Material: ABS.<\/p><\/li><\/ul>\t\t\t\t\t\t\t\t<\/div>\n\t\t\t\t<\/div>\n\t\t\t\t<div class=\"elementor-element elementor-element-ba5b7a4 botom-line-degree elementor-widget elementor-widget-heading\" data-id=\"ba5b7a4\" data-element_type=\"widget\" data-e-type=\"widget\" data-widget_type=\"heading.default\">\n\t\t\t\t<div class=\"elementor-widget-container\">\n\t\t\t\t\t<h2 class=\"elementor-heading-title elementor-size-default\">Downloads<\/h2>\t\t\t\t<\/div>\n\t\t\t\t<\/div>\n\t\t\t\t<div class=\"elementor-element elementor-element-99f2030 icons-color-secondary elementor-list-item-link-inline elementor-icon-list--layout-traditional elementor-widget elementor-widget-icon-list\" data-id=\"99f2030\" data-element_type=\"widget\" data-e-type=\"widget\" data-widget_type=\"icon-list.default\">\n\t\t\t\t<div class=\"elementor-widget-container\">\n\t\t\t\t\t\t\t<ul class=\"elementor-icon-list-items\">\n\t\t\t\t\t\t\t<li class=\"elementor-icon-list-item\">\n\t\t\t\t\t\t\t\t\t\t\t<a href=\"https:\/\/hts-mct.com\/documentation\/datasheet\/CBP-data-sheet-en.pdf\">\n\n\t\t\t\t\t\t\t\t\t\t\t\t<span class=\"elementor-icon-list-icon\">\n\t\t\t\t\t\t\t<svg aria-hidden=\"true\" class=\"e-font-icon-svg e-far-arrow-alt-circle-right\" viewBox=\"0 0 512 512\" xmlns=\"http:\/\/www.w3.org\/2000\/svg\"><path d=\"M504 256C504 119 393 8 256 8S8 119 8 256s111 248 248 248 248-111 248-248zm-448 0c0-110.5 89.5-200 200-200s200 89.5 200 200-89.5 200-200 200S56 366.5 56 256zm72 20v-40c0-6.6 5.4-12 12-12h116v-67c0-10.7 12.9-16 20.5-8.5l99 99c4.7 4.7 4.7 12.3 0 17l-99 99c-7.6 7.6-20.5 2.2-20.5-8.5v-67H140c-6.6 0-12-5.4-12-12z\"><\/path><\/svg>\t\t\t\t\t\t<\/span>\n\t\t\t\t\t\t\t\t\t\t<span class=\"elementor-icon-list-text\">CBP Casting sleeve data sheet<\/span>\n\t\t\t\t\t\t\t\t\t\t\t<\/a>\n\t\t\t\t\t\t\t\t\t<\/li>\n\t\t\t\t\t\t\t\t<li class=\"elementor-icon-list-item\">\n\t\t\t\t\t\t\t\t\t\t\t<a href=\"https:\/\/hts-mct.com\/documentation\/installation_guides\/CBP-installation-guide-en.pdf\">\n\n\t\t\t\t\t\t\t\t\t\t\t\t<span class=\"elementor-icon-list-icon\">\n\t\t\t\t\t\t\t<svg aria-hidden=\"true\" class=\"e-font-icon-svg e-far-arrow-alt-circle-right\" viewBox=\"0 0 512 512\" xmlns=\"http:\/\/www.w3.org\/2000\/svg\"><path d=\"M504 256C504 119 393 8 256 8S8 119 8 256s111 248 248 248 248-111 248-248zm-448 0c0-110.5 89.5-200 200-200s200 89.5 200 200-89.5 200-200 200S56 366.5 56 256zm72 20v-40c0-6.6 5.4-12 12-12h116v-67c0-10.7 12.9-16 20.5-8.5l99 99c4.7 4.7 4.7 12.3 0 17l-99 99c-7.6 7.6-20.5 2.2-20.5-8.5v-67H140c-6.6 0-12-5.4-12-12z\"><\/path><\/svg>\t\t\t\t\t\t<\/span>\n\t\t\t\t\t\t\t\t\t\t<span class=\"elementor-icon-list-text\">CBP Casting sleeve installation guide<\/span>\n\t\t\t\t\t\t\t\t\t\t\t<\/a>\n\t\t\t\t\t\t\t\t\t<\/li>\n\t\t\t\t\t\t<\/ul>\n\t\t\t\t\t\t<\/div>\n\t\t\t\t<\/div>\n\t\t\t\t\t<\/div>\n\t\t\t\t<\/div>\n\t\t<div class=\"elementor-element elementor-element-3df544b e-con-full e-flex e-con e-parent\" data-id=\"3df544b\" data-element_type=\"container\" data-e-type=\"container\" data-settings=\"{&quot;background_background&quot;:&quot;classic&quot;}\">\n\t\t\t\t<div class=\"elementor-element elementor-element-8060820 elementor-widget__width-inherit elementor-widget elementor-widget-heading\" data-id=\"8060820\" data-element_type=\"widget\" data-e-type=\"widget\" data-widget_type=\"heading.default\">\n\t\t\t\t<div class=\"elementor-widget-container\">\n\t\t\t\t\t<h2 class=\"elementor-heading-title elementor-size-default\">Installation Videos<\/h2>\t\t\t\t<\/div>\n\t\t\t\t<\/div>\n\t\t<div class=\"elementor-element elementor-element-348fa71 e-flex e-con-boxed e-con e-child\" data-id=\"348fa71\" data-element_type=\"container\" data-e-type=\"container\">\n\t\t\t\t\t<div class=\"e-con-inner\">\n\t\t\t\t<div class=\"elementor-element elementor-element-a195082 elementor-widget elementor-widget-video\" data-id=\"a195082\" data-element_type=\"widget\" data-e-type=\"widget\" data-settings=\"{&quot;youtube_url&quot;:&quot;https:\\\/\\\/youtu.be\\\/mpGTkd93kKc&quot;,&quot;video_type&quot;:&quot;youtube&quot;,&quot;controls&quot;:&quot;yes&quot;}\" data-widget_type=\"video.default\">\n\t\t\t\t<div class=\"elementor-widget-container\">\n\t\t\t\t\t\t\t<div class=\"elementor-wrapper elementor-open-inline\">\n\t\t\t<div class=\"elementor-video\"><\/div>\t\t<\/div>\n\t\t\t\t\t\t<\/div>\n\t\t\t\t<\/div>\n\t\t\t\t<div class=\"elementor-element elementor-element-6614ebe elementor-widget elementor-widget-video\" data-id=\"6614ebe\" data-element_type=\"widget\" data-e-type=\"widget\" data-settings=\"{&quot;youtube_url&quot;:&quot;https:\\\/\\\/www.youtube.com\\\/watch?v=Xvfe91R-vuI&quot;,&quot;video_type&quot;:&quot;youtube&quot;,&quot;controls&quot;:&quot;yes&quot;}\" data-widget_type=\"video.default\">\n\t\t\t\t<div class=\"elementor-widget-container\">\n\t\t\t\t\t\t\t<div class=\"elementor-wrapper elementor-open-inline\">\n\t\t\t<div class=\"elementor-video\"><\/div>\t\t<\/div>\n\t\t\t\t\t\t<\/div>\n\t\t\t\t<\/div>\n\t\t\t\t<div class=\"elementor-element elementor-element-5f63e13 elementor-widget elementor-widget-video\" data-id=\"5f63e13\" data-element_type=\"widget\" data-e-type=\"widget\" data-settings=\"{&quot;youtube_url&quot;:&quot;https:\\\/\\\/youtu.be\\\/VYDlavPsZBA&quot;,&quot;video_type&quot;:&quot;youtube&quot;,&quot;controls&quot;:&quot;yes&quot;}\" data-widget_type=\"video.default\">\n\t\t\t\t<div class=\"elementor-widget-container\">\n\t\t\t\t\t\t\t<div class=\"elementor-wrapper elementor-open-inline\">\n\t\t\t<div class=\"elementor-video\"><\/div>\t\t<\/div>\n\t\t\t\t\t\t<\/div>\n\t\t\t\t<\/div>\n\t\t\t\t\t<\/div>\n\t\t\t\t<\/div>\n\t\t\t\t<\/div>\n\t\t\t\t<\/div>\n\t\t","protected":false},"excerpt":{"rendered":"<p>CBP Casting Sleeve CBP Casting Sleeve HTS CBP Sleeves are designed to be casted in concrete walls creating a uniform round opening that can later be used to install and seal cables or pipes using HTS Blind Plugs, HRST and HBRT Sealing Systems. Ensuring a watertight seal in the ocnnection with the concrete. CBP Casting [&hellip;]<\/p>\n","protected":false},"author":1,"featured_media":0,"parent":26694,"menu_order":0,"comment_status":"closed","ping_status":"closed","template":"","meta":{"footnotes":""},"class_list":["post-26698","page","type-page","status-publish","hentry"],"yoast_head":"<!-- This site is optimized with the Yoast SEO Premium plugin v25.5 (Yoast SEO v25.5) - https:\/\/yoast.com\/wordpress\/plugins\/seo\/ -->\n<title>CBP Casting Sleeve - HTS MCT | Safety Sealing Solutions for Cables and Pipes<\/title>\n<meta name=\"robots\" content=\"index, follow, max-snippet:-1, max-image-preview:large, max-video-preview:-1\" \/>\n<link rel=\"canonical\" href=\"https:\/\/hts-mct.com\/sg\/products\/cbp-casting-sleeve\/\" \/>\n<meta property=\"og:locale\" content=\"en_US\" \/>\n<meta property=\"og:type\" content=\"article\" \/>\n<meta property=\"og:title\" content=\"CBP Casting Sleeve\" \/>\n<meta property=\"og:description\" content=\"CBP Casting Sleeve CBP Casting Sleeve HTS CBP Sleeves are designed to be casted in concrete walls creating a uniform round opening that can later be used to install and seal cables or pipes using HTS Blind Plugs, HRST and HBRT Sealing Systems. Ensuring a watertight seal in the ocnnection with the concrete. CBP Casting [&hellip;]\" \/>\n<meta property=\"og:url\" content=\"https:\/\/hts-mct.com\/sg\/products\/cbp-casting-sleeve\/\" \/>\n<meta property=\"og:site_name\" content=\"HTS MCT | Safety Sealing Solutions for Cables and Pipes\" \/>\n<meta property=\"article:modified_time\" content=\"2026-03-18T12:18:11+00:00\" \/>\n<meta property=\"og:image\" content=\"https:\/\/hts-mct.com\/wp-content\/uploads\/2025\/12\/hts-sealing-casting-sleeve-CBP.jpg\" \/>\n\t<meta property=\"og:image:width\" content=\"300\" \/>\n\t<meta property=\"og:image:height\" content=\"300\" \/>\n\t<meta property=\"og:image:type\" content=\"image\/jpeg\" \/>\n<meta name=\"twitter:card\" content=\"summary_large_image\" \/>\n<meta name=\"twitter:label1\" content=\"Est. reading time\" \/>\n\t<meta name=\"twitter:data1\" content=\"1 minute\" \/>\n<script type=\"application\/ld+json\" class=\"yoast-schema-graph\">{\"@context\":\"https:\/\/schema.org\",\"@graph\":[{\"@type\":\"WebPage\",\"@id\":\"https:\/\/hts-mct.com\/sg\/products\/cbp-casting-sleeve\/\",\"url\":\"https:\/\/hts-mct.com\/sg\/products\/cbp-casting-sleeve\/\",\"name\":\"CBP Casting Sleeve - HTS MCT | Safety Sealing Solutions for Cables and Pipes\",\"isPartOf\":{\"@id\":\"https:\/\/hts-mct.com\/sg\/#website\"},\"primaryImageOfPage\":{\"@id\":\"https:\/\/hts-mct.com\/sg\/products\/cbp-casting-sleeve\/#primaryimage\"},\"image\":{\"@id\":\"https:\/\/hts-mct.com\/sg\/products\/cbp-casting-sleeve\/#primaryimage\"},\"thumbnailUrl\":\"https:\/\/hts-mct.com\/wp-content\/uploads\/2025\/12\/hts-sealing-casting-sleeve-CBP.jpg\",\"datePublished\":\"2025-12-18T15:28:28+00:00\",\"dateModified\":\"2026-03-18T12:18:11+00:00\",\"breadcrumb\":{\"@id\":\"https:\/\/hts-mct.com\/sg\/products\/cbp-casting-sleeve\/#breadcrumb\"},\"inLanguage\":\"en-SG\",\"potentialAction\":[{\"@type\":\"ReadAction\",\"target\":[\"https:\/\/hts-mct.com\/sg\/products\/cbp-casting-sleeve\/\"]}]},{\"@type\":\"ImageObject\",\"inLanguage\":\"en-SG\",\"@id\":\"https:\/\/hts-mct.com\/sg\/products\/cbp-casting-sleeve\/#primaryimage\",\"url\":\"https:\/\/hts-mct.com\/wp-content\/uploads\/2025\/12\/hts-sealing-casting-sleeve-CBP.jpg\",\"contentUrl\":\"https:\/\/hts-mct.com\/wp-content\/uploads\/2025\/12\/hts-sealing-casting-sleeve-CBP.jpg\"},{\"@type\":\"BreadcrumbList\",\"@id\":\"https:\/\/hts-mct.com\/sg\/products\/cbp-casting-sleeve\/#breadcrumb\",\"itemListElement\":[{\"@type\":\"ListItem\",\"position\":1,\"name\":\"Home\",\"item\":\"https:\/\/hts-mct.com\/sg\/\"},{\"@type\":\"ListItem\",\"position\":2,\"name\":\"Products\",\"item\":\"https:\/\/hts-mct.com\/sg\/products\/\"},{\"@type\":\"ListItem\",\"position\":3,\"name\":\"CBP Casting Sleeve\"}]},{\"@type\":\"WebSite\",\"@id\":\"https:\/\/hts-mct.com\/sg\/#website\",\"url\":\"https:\/\/hts-mct.com\/sg\/\",\"name\":\"HTS MCT | Safety Sealing Solutions for Cables and Pipes\",\"description\":\"Discover HTS MCT sealing solutions, designed to ensure safety and efficiency for cable and pipe penetrations. Reliable protection for the most demanding environments.\",\"potentialAction\":[{\"@type\":\"SearchAction\",\"target\":{\"@type\":\"EntryPoint\",\"urlTemplate\":\"https:\/\/hts-mct.com\/sg\/?s={search_term_string}\"},\"query-input\":{\"@type\":\"PropertyValueSpecification\",\"valueRequired\":true,\"valueName\":\"search_term_string\"}}],\"inLanguage\":\"en-SG\"}]}<\/script>\n<!-- \/ Yoast SEO Premium plugin. -->","yoast_head_json":{"title":"CBP Casting Sleeve - HTS MCT | Safety Sealing Solutions for Cables and Pipes","robots":{"index":"index","follow":"follow","max-snippet":"max-snippet:-1","max-image-preview":"max-image-preview:large","max-video-preview":"max-video-preview:-1"},"canonical":"https:\/\/hts-mct.com\/sg\/products\/cbp-casting-sleeve\/","og_locale":"en_US","og_type":"article","og_title":"CBP Casting Sleeve","og_description":"CBP Casting Sleeve CBP Casting Sleeve HTS CBP Sleeves are designed to be casted in concrete walls creating a uniform round opening that can later be used to install and seal cables or pipes using HTS Blind Plugs, HRST and HBRT Sealing Systems. Ensuring a watertight seal in the ocnnection with the concrete. CBP Casting [&hellip;]","og_url":"https:\/\/hts-mct.com\/sg\/products\/cbp-casting-sleeve\/","og_site_name":"HTS MCT | Safety Sealing Solutions for Cables and Pipes","article_modified_time":"2026-03-18T12:18:11+00:00","og_image":[{"width":300,"height":300,"url":"https:\/\/hts-mct.com\/wp-content\/uploads\/2025\/12\/hts-sealing-casting-sleeve-CBP.jpg","type":"image\/jpeg"}],"twitter_card":"summary_large_image","twitter_misc":{"Est. reading time":"1 minute"},"schema":{"@context":"https:\/\/schema.org","@graph":[{"@type":"WebPage","@id":"https:\/\/hts-mct.com\/sg\/products\/cbp-casting-sleeve\/","url":"https:\/\/hts-mct.com\/sg\/products\/cbp-casting-sleeve\/","name":"CBP Casting Sleeve - HTS MCT | Safety Sealing Solutions for Cables and Pipes","isPartOf":{"@id":"https:\/\/hts-mct.com\/sg\/#website"},"primaryImageOfPage":{"@id":"https:\/\/hts-mct.com\/sg\/products\/cbp-casting-sleeve\/#primaryimage"},"image":{"@id":"https:\/\/hts-mct.com\/sg\/products\/cbp-casting-sleeve\/#primaryimage"},"thumbnailUrl":"https:\/\/hts-mct.com\/wp-content\/uploads\/2025\/12\/hts-sealing-casting-sleeve-CBP.jpg","datePublished":"2025-12-18T15:28:28+00:00","dateModified":"2026-03-18T12:18:11+00:00","breadcrumb":{"@id":"https:\/\/hts-mct.com\/sg\/products\/cbp-casting-sleeve\/#breadcrumb"},"inLanguage":"en-SG","potentialAction":[{"@type":"ReadAction","target":["https:\/\/hts-mct.com\/sg\/products\/cbp-casting-sleeve\/"]}]},{"@type":"ImageObject","inLanguage":"en-SG","@id":"https:\/\/hts-mct.com\/sg\/products\/cbp-casting-sleeve\/#primaryimage","url":"https:\/\/hts-mct.com\/wp-content\/uploads\/2025\/12\/hts-sealing-casting-sleeve-CBP.jpg","contentUrl":"https:\/\/hts-mct.com\/wp-content\/uploads\/2025\/12\/hts-sealing-casting-sleeve-CBP.jpg"},{"@type":"BreadcrumbList","@id":"https:\/\/hts-mct.com\/sg\/products\/cbp-casting-sleeve\/#breadcrumb","itemListElement":[{"@type":"ListItem","position":1,"name":"Home","item":"https:\/\/hts-mct.com\/sg\/"},{"@type":"ListItem","position":2,"name":"Products","item":"https:\/\/hts-mct.com\/sg\/products\/"},{"@type":"ListItem","position":3,"name":"CBP Casting Sleeve"}]},{"@type":"WebSite","@id":"https:\/\/hts-mct.com\/sg\/#website","url":"https:\/\/hts-mct.com\/sg\/","name":"HTS MCT | Safety Sealing Solutions for Cables and Pipes","description":"Discover HTS MCT sealing solutions, designed to ensure safety and efficiency for cable and pipe penetrations. Reliable protection for the most demanding environments.","potentialAction":[{"@type":"SearchAction","target":{"@type":"EntryPoint","urlTemplate":"https:\/\/hts-mct.com\/sg\/?s={search_term_string}"},"query-input":{"@type":"PropertyValueSpecification","valueRequired":true,"valueName":"search_term_string"}}],"inLanguage":"en-SG"}]}},"_links":{"self":[{"href":"https:\/\/hts-mct.com\/sg\/wp-json\/wp\/v2\/pages\/26698","targetHints":{"allow":["GET"]}}],"collection":[{"href":"https:\/\/hts-mct.com\/sg\/wp-json\/wp\/v2\/pages"}],"about":[{"href":"https:\/\/hts-mct.com\/sg\/wp-json\/wp\/v2\/types\/page"}],"author":[{"embeddable":true,"href":"https:\/\/hts-mct.com\/sg\/wp-json\/wp\/v2\/users\/1"}],"replies":[{"embeddable":true,"href":"https:\/\/hts-mct.com\/sg\/wp-json\/wp\/v2\/comments?post=26698"}],"version-history":[{"count":1,"href":"https:\/\/hts-mct.com\/sg\/wp-json\/wp\/v2\/pages\/26698\/revisions"}],"predecessor-version":[{"id":26703,"href":"https:\/\/hts-mct.com\/sg\/wp-json\/wp\/v2\/pages\/26698\/revisions\/26703"}],"up":[{"embeddable":true,"href":"https:\/\/hts-mct.com\/sg\/wp-json\/wp\/v2\/pages\/26694"}],"wp:attachment":[{"href":"https:\/\/hts-mct.com\/sg\/wp-json\/wp\/v2\/media?parent=26698"}],"curies":[{"name":"wp","href":"https:\/\/api.w.org\/{rel}","templated":true}]}}