{"id":15430,"date":"2025-05-19T13:25:28","date_gmt":"2025-05-19T11:25:28","guid":{"rendered":"https:\/\/hts-mct.com\/avviso-legale\/"},"modified":"2025-08-06T11:45:44","modified_gmt":"2025-08-06T09:45:44","slug":"avviso-legale","status":"publish","type":"page","link":"https:\/\/hts-mct.com\/it\/avviso-legale\/","title":{"rendered":"Note Legali"},"content":{"rendered":"\t\t<div data-elementor-type=\"wp-page\" data-elementor-id=\"15430\" class=\"elementor elementor-15430 elementor-56\" data-elementor-post-type=\"page\">\n\t\t\t\t<div class=\"elementor-element elementor-element-3d2629a e-con-full e-flex e-con e-parent\" data-id=\"3d2629a\" data-element_type=\"container\" data-e-type=\"container\">\n\t\t\t\t<div class=\"elementor-element elementor-element-48a4fb5 elementor-widget elementor-widget-text-editor\" data-id=\"48a4fb5\" data-element_type=\"widget\" data-e-type=\"widget\" data-widget_type=\"text-editor.default\">\n\t\t\t\t<div class=\"elementor-widget-container\">\n\t\t\t\t\t\t\t\t\t<h2><span style=\"color: #009933;\"><strong>PROPRIET\u00c0<\/strong><\/span><\/h2><p>In conformit\u00e0 con gli obblighi stabiliti dall&#8217;articolo 10 della Legge 34\/2002, dell&#8217;11 luglio, sui Servizi della Societ\u00e0 dell&#8217;Informazione e del Commercio Elettronico, si dichiara che questa pagina corrisponde all&#8217;entit\u00e0:<\/p><p><strong>SISTEMA DI TRANSITO HAWKE, S.L.<\/strong><\/p><p>CIF: B39614813<\/p><p>Indirizzo: POLIGONO TANOS &#8211; VIERNOLES PARCELA C9 -C10 39300, TORRELAVEGA.<\/p><p>Telefono: 942892739<\/p><p>Mail: info@hts-mct.com<\/p><p>Web: www.hts-mct.com<\/p><p>Registrazione dell&#8217;entit\u00e0:<\/p><p>Azienda: Registro Mercantil de Cantabria Tomo 859 &#8211; Folio 91 &#8211; Hoja S16848 &#8211; Inscripci\u00f3n 1a con los siguientes datos registrales<br>UTENTI<br>L&#8217;accesso e\/o l&#8217;utilizzo di questo sito HAWKE TRANSIT SYSTEM, S.L. attribuisce all&#8217;UTENTE la condizione di accettare, a partire da tale accesso e\/o utilizzo, le Condizioni Generali di Utilizzo qui riportate. Le suddette Condizioni saranno applicabili indipendentemente dalle Condizioni Generali di Contratto che, nel loro caso, sono obbligatorie. <\/p><p><span style=\"color: #009933;\"><b>PORTALE DEI SERVIZI<br><\/b><\/span>www.hts-mct.com fornisce l&#8217;accesso a una moltitudine di informazioni, servizi, programmi o dati (di seguito, &#8220;i contenuti&#8221;) su Internet appartenenti a HAWKE TRANSIT SYSTEM, S.L. o ai suoi licenziatari a cui l&#8217;UTENTE pu\u00f2 avere accesso. L&#8217;UTENTE si assume la responsabilit\u00e0 dell&#8217;utilizzo del portale. Tale responsabilit\u00e0 si estende alla registrazione necessaria per accedere a determinati servizi o contenuti. In tale registrazione, l&#8217;UTENTE sar\u00e0 responsabile di fornire informazioni veritiere e lecite. A seguito di tale registrazione, l&#8217;UTENTE potr\u00e0 ricevere una password di cui sar\u00e0 responsabile, impegnandosi a farne un uso diligente e riservato. L&#8217;UTENTE si impegna a fare un uso appropriato dei contenuti e dei servizi che HAWKE TRANSIT SYSTEM, S.L. pu\u00f2 offrire attraverso il suo portale e a carattere informativo ma non limitativo, a non utilizzarli per (i) svolgere attivit\u00e0 illecite, illegali o contrarie alla buona fede e all&#8217;ordine pubblico; (ii) diffondere contenuti o propaganda di carattere razzista, xenofobo, pornografico-illegale, che incitano al terrorismo o all&#8217;attentato ai diritti umani; (iii) causare danni ai sistemi fisici e logici di HAWKE TRANSIT SYSTEM, S.L., (iv) cercare di accedere e, se del caso, utilizzare le caselle di posta elettronica di altri utenti e modificare o manipolare i loro messaggi. HAWKE TRANSIT SYSTEM, S.L. si riserva il diritto di ritirare tutti quei commenti e contributi che violino il rispetto della dignit\u00e0 della persona, che siano discriminatori, xenofobi, razzisti, pornografici, che minaccino la giovent\u00f9 o l&#8217;infanzia, l&#8217;ordine o la sicurezza pubblica o che, a suo parere, non siano adatti alla pubblicazione. In ogni caso, HAWKE TRANSIT SYSTEM, S.L. non sar\u00e0 responsabile delle opinioni espresse dagli utenti attraverso forum, chat o altri strumenti di partecipazione.            <\/p><p><span style=\"color: #009933;\"><b>PROPRIET\u00c0 INTELLETTUALE E INDUSTRIALE<br><\/b><\/span>HAWKE TRANSIT SYSTEM, S.L. da sola o in qualit\u00e0 di cessionaria, \u00e8 titolare di tutti i diritti di propriet\u00e0 intellettuale e industriale del suo sito web, nonch\u00e9 degli elementi in esso contenuti (ad esempio, immagini, suoni, audio, video, software o testi; marchi o loghi, combinazioni di colori, struttura e design, selezione dei materiali utilizzati, programmi informatici necessari per il funzionamento, l&#8217;accesso e l&#8217;utilizzo del sito, ecc. Tutti i diritti sono riservati. In virt\u00f9 delle disposizioni degli articoli 8 e 32.1, secondo comma, della Legge sulla Propriet\u00e0 Intellettuale, non \u00e8 consentita la riproduzione, la distribuzione e la comunicazione pubblica, comprese le modalit\u00e0 di messa a disposizione, di tutti o parte dei contenuti di questa pagina web, a fini commerciali, su qualsiasi supporto e con qualsiasi mezzo tecnico, senza l&#8217;autorizzazione di HAWKE TRANSIT SYSTEM, S.L. L&#8217;UTENTE si impegna a rispettare i diritti di Propriet\u00e0 Intellettuale e Industriale di propriet\u00e0 di HAWKE TRANSIT SYSTEM, S.L.. L&#8217;UTENTE potr\u00e0 visualizzare gli elementi del portale e anche stamparli, copiarli e memorizzarli sul disco rigido del proprio computer o su qualsiasi altro supporto fisico, purch\u00e9 solo ed esclusivamente per uso personale e privato. L&#8217;UTENTE deve astenersi dal cancellare, alterare, eludere o manipolare qualsiasi dispositivo di protezione o sistema di sicurezza installato sulle pagine di HAWKE TRANSIT SYSTEM, S.L..    <\/p><p><span style=\"color: #009933;\"><b>INDIRIZZI IP<br><\/b><\/span>I server del sito web possono rilevare automaticamente l&#8217;indirizzo IP e il nome di dominio utilizzati dall&#8217;utente. L&#8217;indirizzo IP \u00e8 un numero assegnato automaticamente a un computer quando si connette a Internet. Tutte queste informazioni vengono registrate in un file di attivit\u00e0 del server debitamente registrato che consente la successiva elaborazione dei dati al fine di ottenere esclusivamente misurazioni statistiche che permettono di conoscere il numero di impressioni di pagina, il numero di visite effettuate ai servizi web, l&#8217;ordine delle visite, il punto di accesso, ecc.  <\/p><p><span style=\"color: #009933;\"><b>ESCLUSIONE DI GARANZIE E RESPONSABILIT\u00c0<br><\/b><\/span>I server del sito web possono rilevare automaticamente l&#8217;indirizzo IP e il nome di dominio utilizzati dall&#8217;utente. L&#8217;indirizzo IP \u00e8 un numero assegnato automaticamente a un computer quando si connette a Internet. Tutte queste informazioni vengono registrate in un file di attivit\u00e0 del server debitamente registrato che consente la successiva elaborazione dei dati al fine di ottenere esclusivamente misurazioni statistiche che permettono di conoscere il numero di impressioni di pagina, il numero di visite effettuate ai servizi web, l&#8217;ordine delle visite, il punto di accesso, ecc.  <\/p><p>HAWKE TRANSIT SYSTEM, S.L. non \u00e8 responsabile, in nessun caso, dei danni di qualsiasi tipo che potrebbero causare, a titolo esemplificativo: errori o omissioni nei contenuti, mancanza di disponibilit\u00e0 del portale o trasmissione di virus o programmi dannosi o nocivi nei contenuti, nonostante abbia adottato tutte le misure tecnologiche necessarie per evitarlo.<\/p><p><b><span style=\"color: #009933;\">MODIFICHE<\/span><br><\/b>I server del sito web possono rilevare automaticamente l&#8217;indirizzo IP e il nome di dominio utilizzati dall&#8217;utente. L&#8217;indirizzo IP \u00e8 un numero assegnato automaticamente a un computer quando si connette a Internet. Tutte queste informazioni vengono registrate in un file di attivit\u00e0 del server debitamente registrato che consente la successiva elaborazione dei dati al fine di ottenere esclusivamente misurazioni statistiche che permettono di conoscere il numero di impressioni di pagina, il numero di visite effettuate ai servizi web, l&#8217;ordine delle visite, il punto di accesso, ecc.  <\/p><p>HAWKE TRANSIT SYSTEM, S.L. non \u00e8 responsabile, in nessun caso, dei danni di qualsiasi tipo che potrebbero causare, a titolo esemplificativo: errori o omissioni nei contenuti, mancanza di disponibilit\u00e0 del portale o trasmissione di virus o programmi dannosi o nocivi nei contenuti, nonostante abbia adottato tutte le misure tecnologiche necessarie per evitarlo.<\/p><p>HAWKE TRANSIT SYSTEM, S.L. si riserva il diritto di apportare le modifiche che ritiene opportune al suo portale senza preavviso, potendo cambiare, eliminare o aggiungere sia i contenuti e i servizi forniti attraverso di esso sia il modo in cui appaiono presentati o localizzati sul suo portale. <\/p><p><span style=\"color: #009933;\"><b>LINK<\/b><\/span><br>Nel caso in cui www.hawke-hts.com contenga link o collegamenti ipertestuali ad altri siti Internet, HAWKE TRANSIT SYSTEM, S.L. non eserciter\u00e0 alcun tipo di controllo su tali siti e contenuti. In ogni caso HAWKE TRANSIT SYSTEM, S.L. non si assume alcuna responsabilit\u00e0 per il contenuto di qualsiasi link appartenente a un sito web di terzi, n\u00e9 garantisce la disponibilit\u00e0 tecnica, la qualit\u00e0, l&#8217;affidabilit\u00e0, l&#8217;accuratezza, l&#8217;ampiezza, la veridicit\u00e0, la validit\u00e0 e la costituzionalit\u00e0 di qualsiasi materiale o informazione contenuta in uno qualsiasi di tali collegamenti ipertestuali o altri siti web in Internet. Allo stesso modo, l&#8217;inclusione di questi collegamenti esterni non implica alcun tipo di associazione, fusione o partecipazione con le entit\u00e0 collegate.  <\/p><p><span style=\"color: #009933;\"><b>DIRITTO DI ESCLUSIONE<br><\/b><\/span>HAWKE TRANSIT SYSTEM, S.L. si riserva il diritto di negare o revocare l&#8217;accesso al portale e\/o ai servizi offerti senza preavviso, su richiesta propria o di terzi, agli utenti che non rispettino le presenti Condizioni Generali d&#8217;Uso.<\/p><p><b><span style=\"color: #009933;\">GENERALIT\u00c0<\/span><br><\/b>HAWKE TRANSIT SYSTEM, S.L. perseguir\u00e0 la violazione delle presenti condizioni nonch\u00e9 qualsiasi uso improprio del suo portale, esercitando tutte le azioni civili e penali che le competono per legge.<\/p><p><span style=\"color: #009933;\"><b>MODIFICA DELLE CONDIZIONI ATTUALI E DELLA DURATA<br><\/b><\/span>HAWKE TRANSIT SYSTEM, S.L. pu\u00f2 modificare le condizioni qui stabilite in qualsiasi momento, essendo debitamente pubblicate come appaiono qui. La validit\u00e0 delle suddette condizioni dipender\u00e0 dalla loro esposizione e sar\u00e0 valida finch\u00e9 non saranno modificate da altre debitamente pubblicate. <\/p><p><span style=\"color: #009933;\"><b>SICUREZZA<\/b><\/span><br>Il sito web utilizza tecniche di sicurezza informatica generalmente accettate nel settore, come firewall, procedure di controllo degli accessi e meccanismi crittografici, il tutto al fine di prevenire accessi non autorizzati ai dati. Per raggiungere questi scopi, l&#8217;utente\/cliente accetta che il fornitore ottenga i dati ai fini della corrispondente autenticazione dei controlli di accesso. <\/p><p>Qualsiasi processo di contrattazione o che implichi l&#8217;introduzione di dati personali di natura elevata (salute, ideologia,&#8230;) sar\u00e0 sempre trasmesso attraverso un protocollo di comunicazione sicuro (Https:\/\/,&#8230;), in modo tale che nessuna terza parte abbia accesso alle informazioni. trasmesse elettronicamente. <\/p><p><span style=\"color: #009933;\"><b>LEGGE APPLICABILE E GIURISDIZIONE<br><\/b><\/span>La relazione tra HAWKE TRANSIT SYSTEM, S.L. e l&#8217;UTENTE sar\u00e0 regolata dalla normativa spagnola vigente e qualsiasi controversia sar\u00e0 sottoposta alle Corti e ai Tribunali corrispondenti.<\/p><p>In conformit\u00e0 con quanto disposto dall&#8217;articolo 28.6 della Legge 1\/201\/ della Cantabria, del 21 marzo, sulla trasparenza nell&#8217;attivit\u00e0 pubblica, <a href=\"https:\/\/hts-mct.com\/wp-content\/uploads\/2025\/07\/TRANSPARENCIA.pdf\">si pubblica la seguente comunicazione sulla remunerazione.<\/a><\/p>\t\t\t\t\t\t\t\t<\/div>\n\t\t\t\t<\/div>\n\t\t\t\t<\/div>\n\t\t\t\t<\/div>\n\t\t","protected":false},"excerpt":{"rendered":"<p>PROPRIET\u00c0 In conformit\u00e0 con gli obblighi stabiliti dall&#8217;articolo 10 della Legge 34\/2002, dell&#8217;11 luglio, sui Servizi della Societ\u00e0 dell&#8217;Informazione e del Commercio Elettronico, si dichiara che questa pagina corrisponde all&#8217;entit\u00e0: SISTEMA DI TRANSITO HAWKE, S.L. CIF: B39614813 Indirizzo: POLIGONO TANOS &#8211; VIERNOLES PARCELA C9 -C10 39300, TORRELAVEGA. Telefono: 942892739 Mail: info@hts-mct.com Web: www.hts-mct.com Registrazione dell&#8217;entit\u00e0: [&hellip;]<\/p>\n","protected":false},"author":1,"featured_media":0,"parent":0,"menu_order":0,"comment_status":"closed","ping_status":"closed","template":"elementor_header_footer","meta":{"footnotes":""},"class_list":["post-15430","page","type-page","status-publish","hentry"],"yoast_head":"<!-- This site is optimized with the Yoast SEO Premium plugin v25.5 (Yoast SEO v25.5) - https:\/\/yoast.com\/wordpress\/plugins\/seo\/ -->\n<title>Note legali - HTS MCT | Soluzioni di tenuta di sicurezza per cavi e tubi<\/title>\n<meta name=\"description\" content=\"Consultare l&#039;informativa legale di HTS MCT per comprendere i termini di utilizzo, le politiche di protezione dei dati e le responsabilit\u00e0 del nostro sito di soluzioni di sigillatura.\" \/>\n<meta name=\"robots\" content=\"index, follow, max-snippet:-1, max-image-preview:large, max-video-preview:-1\" \/>\n<link rel=\"canonical\" href=\"https:\/\/hts-mct.com\/it\/avviso-legale\/\" \/>\n<meta property=\"og:locale\" content=\"it_IT\" \/>\n<meta property=\"og:type\" content=\"article\" \/>\n<meta property=\"og:title\" content=\"Note Legali\" \/>\n<meta property=\"og:description\" content=\"Consultare l&#039;informativa legale di HTS MCT per comprendere i termini di utilizzo, le politiche di protezione dei dati e le responsabilit\u00e0 del nostro sito di soluzioni di sigillatura.\" \/>\n<meta property=\"og:url\" content=\"https:\/\/hts-mct.com\/it\/avviso-legale\/\" \/>\n<meta property=\"og:site_name\" content=\"HTS MCT | Safety Sealing Solutions for Cables and Pipes\" \/>\n<meta property=\"article:modified_time\" content=\"2025-08-06T09:45:44+00:00\" \/>\n<meta property=\"og:image\" content=\"https:\/\/hts-mct.com\/wp-content\/uploads\/2025\/07\/HTS-MCT-logo-Social.png\" \/>\n\t<meta property=\"og:image:width\" content=\"348\" \/>\n\t<meta property=\"og:image:height\" content=\"89\" \/>\n\t<meta property=\"og:image:type\" content=\"image\/png\" \/>\n<meta name=\"twitter:card\" content=\"summary_large_image\" \/>\n<meta name=\"twitter:label1\" content=\"Tempo di lettura stimato\" \/>\n\t<meta name=\"twitter:data1\" content=\"7 minuti\" \/>\n<script type=\"application\/ld+json\" class=\"yoast-schema-graph\">{\"@context\":\"https:\/\/schema.org\",\"@graph\":[{\"@type\":\"WebPage\",\"@id\":\"https:\/\/hts-mct.com\/it\/avviso-legale\/\",\"url\":\"https:\/\/hts-mct.com\/it\/avviso-legale\/\",\"name\":\"Note legali - HTS MCT | Soluzioni di tenuta di sicurezza per cavi e tubi\",\"isPartOf\":{\"@id\":\"https:\/\/hts-mct.com\/it\/#website\"},\"datePublished\":\"2025-05-19T11:25:28+00:00\",\"dateModified\":\"2025-08-06T09:45:44+00:00\",\"description\":\"Consultare l'informativa legale di HTS MCT per comprendere i termini di utilizzo, le politiche di protezione dei dati e le responsabilit\u00e0 del nostro sito di soluzioni di sigillatura.\",\"breadcrumb\":{\"@id\":\"https:\/\/hts-mct.com\/it\/avviso-legale\/#breadcrumb\"},\"inLanguage\":\"it-IT\",\"potentialAction\":[{\"@type\":\"ReadAction\",\"target\":[\"https:\/\/hts-mct.com\/it\/avviso-legale\/\"]}]},{\"@type\":\"BreadcrumbList\",\"@id\":\"https:\/\/hts-mct.com\/it\/avviso-legale\/#breadcrumb\",\"itemListElement\":[{\"@type\":\"ListItem\",\"position\":1,\"name\":\"Home\",\"item\":\"https:\/\/hts-mct.com\/it\/hts-mct-soluzioni-di-sigillatura-di-sicurezza-per-cavi-e-tubi\/\"},{\"@type\":\"ListItem\",\"position\":2,\"name\":\"Note Legali\"}]},{\"@type\":\"WebSite\",\"@id\":\"https:\/\/hts-mct.com\/it\/#website\",\"url\":\"https:\/\/hts-mct.com\/it\/\",\"name\":\"HTS MCT | Safety Sealing Solutions for Cables and Pipes\",\"description\":\"Discover HTS MCT sealing solutions, designed to ensure safety and efficiency for cable and pipe penetrations. Reliable protection for the most demanding environments.\",\"publisher\":{\"@id\":\"https:\/\/hts-mct.com\/it\/#organization\"},\"potentialAction\":[{\"@type\":\"SearchAction\",\"target\":{\"@type\":\"EntryPoint\",\"urlTemplate\":\"https:\/\/hts-mct.com\/it\/?s={search_term_string}\"},\"query-input\":{\"@type\":\"PropertyValueSpecification\",\"valueRequired\":true,\"valueName\":\"search_term_string\"}}],\"inLanguage\":\"it-IT\"},{\"@type\":\"Organization\",\"@id\":\"https:\/\/hts-mct.com\/it\/#organization\",\"name\":\"HTS MCT | Safety Sealing Solutions for Cables and Pipes\",\"url\":\"https:\/\/hts-mct.com\/it\/\",\"logo\":{\"@type\":\"ImageObject\",\"inLanguage\":\"it-IT\",\"@id\":\"https:\/\/hts-mct.com\/it\/#\/schema\/logo\/image\/\",\"url\":\"https:\/\/hts-mct.com\/wp-content\/uploads\/2025\/07\/HTS-MCT-logo-Social.png\",\"contentUrl\":\"https:\/\/hts-mct.com\/wp-content\/uploads\/2025\/07\/HTS-MCT-logo-Social.png\",\"width\":348,\"height\":89,\"caption\":\"HTS MCT | Safety Sealing Solutions for Cables and Pipes\"},\"image\":{\"@id\":\"https:\/\/hts-mct.com\/it\/#\/schema\/logo\/image\/\"}}]}<\/script>\n<!-- \/ Yoast SEO Premium plugin. -->","yoast_head_json":{"title":"Note legali - HTS MCT | Soluzioni di tenuta di sicurezza per cavi e tubi","description":"Consultare l'informativa legale di HTS MCT per comprendere i termini di utilizzo, le politiche di protezione dei dati e le responsabilit\u00e0 del nostro sito di soluzioni di sigillatura.","robots":{"index":"index","follow":"follow","max-snippet":"max-snippet:-1","max-image-preview":"max-image-preview:large","max-video-preview":"max-video-preview:-1"},"canonical":"https:\/\/hts-mct.com\/it\/avviso-legale\/","og_locale":"it_IT","og_type":"article","og_title":"Note Legali","og_description":"Consultare l'informativa legale di HTS MCT per comprendere i termini di utilizzo, le politiche di protezione dei dati e le responsabilit\u00e0 del nostro sito di soluzioni di sigillatura.","og_url":"https:\/\/hts-mct.com\/it\/avviso-legale\/","og_site_name":"HTS MCT | Safety Sealing Solutions for Cables and Pipes","article_modified_time":"2025-08-06T09:45:44+00:00","og_image":[{"width":348,"height":89,"url":"https:\/\/hts-mct.com\/wp-content\/uploads\/2025\/07\/HTS-MCT-logo-Social.png","type":"image\/png"}],"twitter_card":"summary_large_image","twitter_misc":{"Tempo di lettura stimato":"7 minuti"},"schema":{"@context":"https:\/\/schema.org","@graph":[{"@type":"WebPage","@id":"https:\/\/hts-mct.com\/it\/avviso-legale\/","url":"https:\/\/hts-mct.com\/it\/avviso-legale\/","name":"Note legali - HTS MCT | Soluzioni di tenuta di sicurezza per cavi e tubi","isPartOf":{"@id":"https:\/\/hts-mct.com\/it\/#website"},"datePublished":"2025-05-19T11:25:28+00:00","dateModified":"2025-08-06T09:45:44+00:00","description":"Consultare l'informativa legale di HTS MCT per comprendere i termini di utilizzo, le politiche di protezione dei dati e le responsabilit\u00e0 del nostro sito di soluzioni di sigillatura.","breadcrumb":{"@id":"https:\/\/hts-mct.com\/it\/avviso-legale\/#breadcrumb"},"inLanguage":"it-IT","potentialAction":[{"@type":"ReadAction","target":["https:\/\/hts-mct.com\/it\/avviso-legale\/"]}]},{"@type":"BreadcrumbList","@id":"https:\/\/hts-mct.com\/it\/avviso-legale\/#breadcrumb","itemListElement":[{"@type":"ListItem","position":1,"name":"Home","item":"https:\/\/hts-mct.com\/it\/hts-mct-soluzioni-di-sigillatura-di-sicurezza-per-cavi-e-tubi\/"},{"@type":"ListItem","position":2,"name":"Note Legali"}]},{"@type":"WebSite","@id":"https:\/\/hts-mct.com\/it\/#website","url":"https:\/\/hts-mct.com\/it\/","name":"HTS MCT | Safety Sealing Solutions for Cables and Pipes","description":"Discover HTS MCT sealing solutions, designed to ensure safety and efficiency for cable and pipe penetrations. Reliable protection for the most demanding environments.","publisher":{"@id":"https:\/\/hts-mct.com\/it\/#organization"},"potentialAction":[{"@type":"SearchAction","target":{"@type":"EntryPoint","urlTemplate":"https:\/\/hts-mct.com\/it\/?s={search_term_string}"},"query-input":{"@type":"PropertyValueSpecification","valueRequired":true,"valueName":"search_term_string"}}],"inLanguage":"it-IT"},{"@type":"Organization","@id":"https:\/\/hts-mct.com\/it\/#organization","name":"HTS MCT | Safety Sealing Solutions for Cables and Pipes","url":"https:\/\/hts-mct.com\/it\/","logo":{"@type":"ImageObject","inLanguage":"it-IT","@id":"https:\/\/hts-mct.com\/it\/#\/schema\/logo\/image\/","url":"https:\/\/hts-mct.com\/wp-content\/uploads\/2025\/07\/HTS-MCT-logo-Social.png","contentUrl":"https:\/\/hts-mct.com\/wp-content\/uploads\/2025\/07\/HTS-MCT-logo-Social.png","width":348,"height":89,"caption":"HTS MCT | Safety Sealing Solutions for Cables and Pipes"},"image":{"@id":"https:\/\/hts-mct.com\/it\/#\/schema\/logo\/image\/"}}]}},"_links":{"self":[{"href":"https:\/\/hts-mct.com\/it\/wp-json\/wp\/v2\/pages\/15430","targetHints":{"allow":["GET"]}}],"collection":[{"href":"https:\/\/hts-mct.com\/it\/wp-json\/wp\/v2\/pages"}],"about":[{"href":"https:\/\/hts-mct.com\/it\/wp-json\/wp\/v2\/types\/page"}],"author":[{"embeddable":true,"href":"https:\/\/hts-mct.com\/it\/wp-json\/wp\/v2\/users\/1"}],"replies":[{"embeddable":true,"href":"https:\/\/hts-mct.com\/it\/wp-json\/wp\/v2\/comments?post=15430"}],"version-history":[{"count":5,"href":"https:\/\/hts-mct.com\/it\/wp-json\/wp\/v2\/pages\/15430\/revisions"}],"predecessor-version":[{"id":17065,"href":"https:\/\/hts-mct.com\/it\/wp-json\/wp\/v2\/pages\/15430\/revisions\/17065"}],"wp:attachment":[{"href":"https:\/\/hts-mct.com\/it\/wp-json\/wp\/v2\/media?parent=15430"}],"curies":[{"name":"wp","href":"https:\/\/api.w.org\/{rel}","templated":true}]}}