{"id":15287,"date":"2025-05-19T13:28:20","date_gmt":"2025-05-19T11:28:20","guid":{"rendered":"https:\/\/hts-mct.com\/politica-di-qualita-salute-sicurezza-e-ambiente\/"},"modified":"2026-01-29T11:53:09","modified_gmt":"2026-01-29T10:53:09","slug":"politica-di-qualita-salute-sicurezza-e-ambiente","status":"publish","type":"page","link":"https:\/\/hts-mct.com\/it\/politica-di-qualita-salute-sicurezza-e-ambiente\/","title":{"rendered":"Politica di qualit\u00e0, salute, sicurezza e ambiente"},"content":{"rendered":"\t\t<div data-elementor-type=\"wp-page\" data-elementor-id=\"15287\" class=\"elementor elementor-15287 elementor-68\" data-elementor-post-type=\"page\">\n\t\t\t\t<div class=\"elementor-element elementor-element-9609565 e-flex e-con-boxed e-con e-parent\" data-id=\"9609565\" data-element_type=\"container\" data-e-type=\"container\">\n\t\t\t\t\t<div class=\"e-con-inner\">\n\t\t\t\t<div class=\"elementor-element elementor-element-ec110be elementor-widget elementor-widget-heading\" data-id=\"ec110be\" data-element_type=\"widget\" data-e-type=\"widget\" data-widget_type=\"heading.default\">\n\t\t\t\t<div class=\"elementor-widget-container\">\n\t\t\t\t\t<h2 class=\"elementor-heading-title elementor-size-default\">Politica di qualit\u00e0, salute, sicurezza e ambiente<\/h2>\t\t\t\t<\/div>\n\t\t\t\t<\/div>\n\t\t\t\t<div class=\"elementor-element elementor-element-18c8c76 elementor-widget elementor-widget-text-editor\" data-id=\"18c8c76\" data-element_type=\"widget\" data-e-type=\"widget\" data-widget_type=\"text-editor.default\">\n\t\t\t\t<div class=\"elementor-widget-container\">\n\t\t\t\t\t\t\t\t\t<p>HTS (Hawke Transit System), dedicata alla progettazione, produzione, distribuzione e ispezione di sistemi di sigillatura di cavi e tubi per i settori navale, industriale, oil &amp; gas, nucleare, telecomunicazioni, energia, &#8230; adattandosi alle esigenze di qualit\u00e0 richieste da un mercato ogni volta pi\u00f9 competitivo, impegnata nel miglioramento continuo e orientata alla totale soddisfazione del cliente, dispone di un Sistema di Gestione Integrato conforme alle norme UNE-EN ISO 9001: 2015, UNE-EN ISO 14001: 2015 e ISO 45001: 2018, alle direttive applicabili (Direttiva europea sulle attrezzature marittime MED 2014\/90\/UE, Direttiva sulle atmosfere esplosive 2014\/34\/UE, Norme IECEx) e a tutte le revisioni e gli allegati che queste comportano.<\/p><p>I principi della nostra Politica per la Qualit\u00e0, l&#8217;Ambiente e la Salute e Sicurezza sul Lavoro sono descritti di seguito:<\/p><ol><li>Impegno permanente di HTS e di tutte le persone che lavorano per lei nel miglioramento continuo, nella prevenzione dell&#8217;inquinamento ambientale e nello svolgimento delle attivit\u00e0 in condizioni di sicurezza come standard di condotta.<\/li><li>Conformit\u00e0 a tutti i requisiti legali e di altro tipo applicabili agli aspetti ambientali e alla salute e sicurezza sul lavoro.<\/li><li>Definizione di obiettivi per migliorare la qualit\u00e0, l&#8217;ambiente e la salute e sicurezza sul lavoro, misurabili, raggiungibili e rivisti a breve termine dalla Direzione, fornendo le risorse necessarie, sia finanziarie che umane, per raggiungerli.<\/li><li>Comunicazione della Politica per la Qualit\u00e0, l&#8217;Ambiente, la Salute e la Sicurezza agli stakeholder<\/li><li>Garantire una formazione continua di tutte le persone di HTS in base alla loro rispettiva attivit\u00e0, fornendo le conoscenze necessarie affinch\u00e9 possano sviluppare la loro attivit\u00e0 nelle massime condizioni di sicurezza, nel massimo rispetto dell&#8217;ambiente e concentrandosi sulla soddisfazione delle esigenze dei clienti e di tutte le aree.<\/li><li>Responsabilit\u00e0 di tutto il personale di HTS nel garantire il rispetto delle procedure stabilite e l&#8217;analisi delle deviazioni, stabilendo misure organizzative e tecnologiche per prevenire i guasti e ridurre al minimo i possibili impatti ambientali derivanti dall&#8217;attivit\u00e0.<\/li><li>Ricercare la piena soddisfazione dei nostri clienti per il servizio e la qualit\u00e0 forniti, in modo da meritare la loro fiducia e diventare cos\u00ec un&#8217;organizzazione altamente competitiva.<\/li><li>Periodicamente e in conformit\u00e0 con i requisiti applicabili e le loro revisioni, la presente politica sar\u00e0 rivista per il suo adeguamento dalla Direzione della Societ\u00e0.<\/li><\/ol><p><br>La Direzione si assicura che questi impegni siano sempre presenti negli obiettivi e nelle strategie seguite dall&#8217;Organizzazione, che siano compresi, applicati e costantemente aggiornati a tutti i livelli di HTS (Hawke Transit System).<\/p>\t\t\t\t\t\t\t\t<\/div>\n\t\t\t\t<\/div>\n\t\t\t\t\t<\/div>\n\t\t\t\t<\/div>\n\t\t\t\t<\/div>\n\t\t","protected":false},"excerpt":{"rendered":"<p>Politica di qualit\u00e0, salute, sicurezza e ambiente HTS (Hawke Transit System), dedicata alla progettazione, produzione, distribuzione e ispezione di sistemi di sigillatura di cavi e tubi per i settori navale, industriale, oil &amp; gas, nucleare, telecomunicazioni, energia, &#8230; adattandosi alle esigenze di qualit\u00e0 richieste da un mercato ogni volta pi\u00f9 competitivo, impegnata nel miglioramento continuo [&hellip;]<\/p>\n","protected":false},"author":1,"featured_media":0,"parent":0,"menu_order":0,"comment_status":"closed","ping_status":"closed","template":"elementor_header_footer","meta":{"footnotes":""},"class_list":["post-15287","page","type-page","status-publish","hentry"],"yoast_head":"<!-- This site is optimized with the Yoast SEO Premium plugin v25.5 (Yoast SEO v25.5) - https:\/\/yoast.com\/wordpress\/plugins\/seo\/ -->\n<title>Politica di qualit\u00e0, salute, sicurezza e ambiente - HTS MCT<\/title>\n<meta name=\"description\" content=\"Scopri l&#039;impegno di HTS per la qualit\u00e0, la salute, la sicurezza e la responsabilit\u00e0 ambientale attraverso la nostra politica e le nostre pratiche QHSE.\" \/>\n<meta name=\"robots\" content=\"index, follow, max-snippet:-1, max-image-preview:large, max-video-preview:-1\" \/>\n<link rel=\"canonical\" href=\"https:\/\/hts-mct.com\/it\/politica-di-qualita-salute-sicurezza-e-ambiente\/\" \/>\n<meta property=\"og:locale\" content=\"it_IT\" \/>\n<meta property=\"og:type\" content=\"article\" \/>\n<meta property=\"og:title\" content=\"Politica di qualit\u00e0, salute, sicurezza e ambiente\" \/>\n<meta property=\"og:description\" content=\"Scopri l&#039;impegno di HTS per la qualit\u00e0, la salute, la sicurezza e la responsabilit\u00e0 ambientale attraverso la nostra politica e le nostre pratiche QHSE.\" \/>\n<meta property=\"og:url\" content=\"https:\/\/hts-mct.com\/it\/politica-di-qualita-salute-sicurezza-e-ambiente\/\" \/>\n<meta property=\"og:site_name\" content=\"HTS MCT | Safety Sealing Solutions for Cables and Pipes\" \/>\n<meta property=\"article:modified_time\" content=\"2026-01-29T10:53:09+00:00\" \/>\n<meta property=\"og:image\" content=\"https:\/\/hts-mct.com\/wp-content\/uploads\/2025\/07\/HTS-MCT-logo-Social.png\" \/>\n\t<meta property=\"og:image:width\" content=\"348\" \/>\n\t<meta property=\"og:image:height\" content=\"89\" \/>\n\t<meta property=\"og:image:type\" content=\"image\/png\" \/>\n<meta name=\"twitter:card\" content=\"summary_large_image\" \/>\n<meta name=\"twitter:label1\" content=\"Tempo di lettura stimato\" \/>\n\t<meta name=\"twitter:data1\" content=\"2 minuti\" \/>\n<script type=\"application\/ld+json\" class=\"yoast-schema-graph\">{\"@context\":\"https:\/\/schema.org\",\"@graph\":[{\"@type\":\"WebPage\",\"@id\":\"https:\/\/hts-mct.com\/it\/politica-di-qualita-salute-sicurezza-e-ambiente\/\",\"url\":\"https:\/\/hts-mct.com\/it\/politica-di-qualita-salute-sicurezza-e-ambiente\/\",\"name\":\"Politica di qualit\u00e0, salute, sicurezza e ambiente - HTS MCT\",\"isPartOf\":{\"@id\":\"https:\/\/hts-mct.com\/it\/#website\"},\"datePublished\":\"2025-05-19T11:28:20+00:00\",\"dateModified\":\"2026-01-29T10:53:09+00:00\",\"description\":\"Scopri l'impegno di HTS per la qualit\u00e0, la salute, la sicurezza e la responsabilit\u00e0 ambientale attraverso la nostra politica e le nostre pratiche QHSE.\",\"breadcrumb\":{\"@id\":\"https:\/\/hts-mct.com\/it\/politica-di-qualita-salute-sicurezza-e-ambiente\/#breadcrumb\"},\"inLanguage\":\"it-IT\",\"potentialAction\":[{\"@type\":\"ReadAction\",\"target\":[\"https:\/\/hts-mct.com\/it\/politica-di-qualita-salute-sicurezza-e-ambiente\/\"]}]},{\"@type\":\"BreadcrumbList\",\"@id\":\"https:\/\/hts-mct.com\/it\/politica-di-qualita-salute-sicurezza-e-ambiente\/#breadcrumb\",\"itemListElement\":[{\"@type\":\"ListItem\",\"position\":1,\"name\":\"Home\",\"item\":\"https:\/\/hts-mct.com\/it\/hts-mct-soluzioni-di-sigillatura-di-sicurezza-per-cavi-e-tubi\/\"},{\"@type\":\"ListItem\",\"position\":2,\"name\":\"Politica di qualit\u00e0, salute, sicurezza e ambiente\"}]},{\"@type\":\"WebSite\",\"@id\":\"https:\/\/hts-mct.com\/it\/#website\",\"url\":\"https:\/\/hts-mct.com\/it\/\",\"name\":\"HTS MCT | Safety Sealing Solutions for Cables and Pipes\",\"description\":\"Discover HTS MCT sealing solutions, designed to ensure safety and efficiency for cable and pipe penetrations. Reliable protection for the most demanding environments.\",\"publisher\":{\"@id\":\"https:\/\/hts-mct.com\/it\/#organization\"},\"potentialAction\":[{\"@type\":\"SearchAction\",\"target\":{\"@type\":\"EntryPoint\",\"urlTemplate\":\"https:\/\/hts-mct.com\/it\/?s={search_term_string}\"},\"query-input\":{\"@type\":\"PropertyValueSpecification\",\"valueRequired\":true,\"valueName\":\"search_term_string\"}}],\"inLanguage\":\"it-IT\"},{\"@type\":\"Organization\",\"@id\":\"https:\/\/hts-mct.com\/it\/#organization\",\"name\":\"HTS MCT | Safety Sealing Solutions for Cables and Pipes\",\"url\":\"https:\/\/hts-mct.com\/it\/\",\"logo\":{\"@type\":\"ImageObject\",\"inLanguage\":\"it-IT\",\"@id\":\"https:\/\/hts-mct.com\/it\/#\/schema\/logo\/image\/\",\"url\":\"https:\/\/hts-mct.com\/wp-content\/uploads\/2025\/07\/HTS-MCT-logo-Social.png\",\"contentUrl\":\"https:\/\/hts-mct.com\/wp-content\/uploads\/2025\/07\/HTS-MCT-logo-Social.png\",\"width\":348,\"height\":89,\"caption\":\"HTS MCT | Safety Sealing Solutions for Cables and Pipes\"},\"image\":{\"@id\":\"https:\/\/hts-mct.com\/it\/#\/schema\/logo\/image\/\"}}]}<\/script>\n<!-- \/ Yoast SEO Premium plugin. -->","yoast_head_json":{"title":"Politica di qualit\u00e0, salute, sicurezza e ambiente - HTS MCT","description":"Scopri l'impegno di HTS per la qualit\u00e0, la salute, la sicurezza e la responsabilit\u00e0 ambientale attraverso la nostra politica e le nostre pratiche QHSE.","robots":{"index":"index","follow":"follow","max-snippet":"max-snippet:-1","max-image-preview":"max-image-preview:large","max-video-preview":"max-video-preview:-1"},"canonical":"https:\/\/hts-mct.com\/it\/politica-di-qualita-salute-sicurezza-e-ambiente\/","og_locale":"it_IT","og_type":"article","og_title":"Politica di qualit\u00e0, salute, sicurezza e ambiente","og_description":"Scopri l'impegno di HTS per la qualit\u00e0, la salute, la sicurezza e la responsabilit\u00e0 ambientale attraverso la nostra politica e le nostre pratiche QHSE.","og_url":"https:\/\/hts-mct.com\/it\/politica-di-qualita-salute-sicurezza-e-ambiente\/","og_site_name":"HTS MCT | Safety Sealing Solutions for Cables and Pipes","article_modified_time":"2026-01-29T10:53:09+00:00","og_image":[{"width":348,"height":89,"url":"https:\/\/hts-mct.com\/wp-content\/uploads\/2025\/07\/HTS-MCT-logo-Social.png","type":"image\/png"}],"twitter_card":"summary_large_image","twitter_misc":{"Tempo di lettura stimato":"2 minuti"},"schema":{"@context":"https:\/\/schema.org","@graph":[{"@type":"WebPage","@id":"https:\/\/hts-mct.com\/it\/politica-di-qualita-salute-sicurezza-e-ambiente\/","url":"https:\/\/hts-mct.com\/it\/politica-di-qualita-salute-sicurezza-e-ambiente\/","name":"Politica di qualit\u00e0, salute, sicurezza e ambiente - HTS MCT","isPartOf":{"@id":"https:\/\/hts-mct.com\/it\/#website"},"datePublished":"2025-05-19T11:28:20+00:00","dateModified":"2026-01-29T10:53:09+00:00","description":"Scopri l'impegno di HTS per la qualit\u00e0, la salute, la sicurezza e la responsabilit\u00e0 ambientale attraverso la nostra politica e le nostre pratiche QHSE.","breadcrumb":{"@id":"https:\/\/hts-mct.com\/it\/politica-di-qualita-salute-sicurezza-e-ambiente\/#breadcrumb"},"inLanguage":"it-IT","potentialAction":[{"@type":"ReadAction","target":["https:\/\/hts-mct.com\/it\/politica-di-qualita-salute-sicurezza-e-ambiente\/"]}]},{"@type":"BreadcrumbList","@id":"https:\/\/hts-mct.com\/it\/politica-di-qualita-salute-sicurezza-e-ambiente\/#breadcrumb","itemListElement":[{"@type":"ListItem","position":1,"name":"Home","item":"https:\/\/hts-mct.com\/it\/hts-mct-soluzioni-di-sigillatura-di-sicurezza-per-cavi-e-tubi\/"},{"@type":"ListItem","position":2,"name":"Politica di qualit\u00e0, salute, sicurezza e ambiente"}]},{"@type":"WebSite","@id":"https:\/\/hts-mct.com\/it\/#website","url":"https:\/\/hts-mct.com\/it\/","name":"HTS MCT | Safety Sealing Solutions for Cables and Pipes","description":"Discover HTS MCT sealing solutions, designed to ensure safety and efficiency for cable and pipe penetrations. Reliable protection for the most demanding environments.","publisher":{"@id":"https:\/\/hts-mct.com\/it\/#organization"},"potentialAction":[{"@type":"SearchAction","target":{"@type":"EntryPoint","urlTemplate":"https:\/\/hts-mct.com\/it\/?s={search_term_string}"},"query-input":{"@type":"PropertyValueSpecification","valueRequired":true,"valueName":"search_term_string"}}],"inLanguage":"it-IT"},{"@type":"Organization","@id":"https:\/\/hts-mct.com\/it\/#organization","name":"HTS MCT | Safety Sealing Solutions for Cables and Pipes","url":"https:\/\/hts-mct.com\/it\/","logo":{"@type":"ImageObject","inLanguage":"it-IT","@id":"https:\/\/hts-mct.com\/it\/#\/schema\/logo\/image\/","url":"https:\/\/hts-mct.com\/wp-content\/uploads\/2025\/07\/HTS-MCT-logo-Social.png","contentUrl":"https:\/\/hts-mct.com\/wp-content\/uploads\/2025\/07\/HTS-MCT-logo-Social.png","width":348,"height":89,"caption":"HTS MCT | Safety Sealing Solutions for Cables and Pipes"},"image":{"@id":"https:\/\/hts-mct.com\/it\/#\/schema\/logo\/image\/"}}]}},"_links":{"self":[{"href":"https:\/\/hts-mct.com\/it\/wp-json\/wp\/v2\/pages\/15287","targetHints":{"allow":["GET"]}}],"collection":[{"href":"https:\/\/hts-mct.com\/it\/wp-json\/wp\/v2\/pages"}],"about":[{"href":"https:\/\/hts-mct.com\/it\/wp-json\/wp\/v2\/types\/page"}],"author":[{"embeddable":true,"href":"https:\/\/hts-mct.com\/it\/wp-json\/wp\/v2\/users\/1"}],"replies":[{"embeddable":true,"href":"https:\/\/hts-mct.com\/it\/wp-json\/wp\/v2\/comments?post=15287"}],"version-history":[{"count":7,"href":"https:\/\/hts-mct.com\/it\/wp-json\/wp\/v2\/pages\/15287\/revisions"}],"predecessor-version":[{"id":25094,"href":"https:\/\/hts-mct.com\/it\/wp-json\/wp\/v2\/pages\/15287\/revisions\/25094"}],"wp:attachment":[{"href":"https:\/\/hts-mct.com\/it\/wp-json\/wp\/v2\/media?parent=15287"}],"curies":[{"name":"wp","href":"https:\/\/api.w.org\/{rel}","templated":true}]}}