{"id":15273,"date":"2025-05-19T13:26:39","date_gmt":"2025-05-19T11:26:39","guid":{"rendered":"https:\/\/hts-mct.com\/informativa-sulla-privacy\/"},"modified":"2025-08-08T10:16:53","modified_gmt":"2025-08-08T08:16:53","slug":"informativa-sulla-privacy","status":"publish","type":"page","link":"https:\/\/hts-mct.com\/it\/informativa-sulla-privacy\/","title":{"rendered":"Informativa sulla privacy"},"content":{"rendered":"\t\t<div data-elementor-type=\"wp-page\" data-elementor-id=\"15273\" class=\"elementor elementor-15273 elementor-65\" data-elementor-post-type=\"page\">\n\t\t\t\t<div class=\"elementor-element elementor-element-f2ca9be e-flex e-con-boxed e-con e-parent\" data-id=\"f2ca9be\" data-element_type=\"container\" data-e-type=\"container\">\n\t\t\t\t\t<div class=\"e-con-inner\">\n\t\t\t\t<div class=\"elementor-element elementor-element-07837b5 elementor-widget elementor-widget-heading\" data-id=\"07837b5\" data-element_type=\"widget\" data-e-type=\"widget\" data-widget_type=\"heading.default\">\n\t\t\t\t<div class=\"elementor-widget-container\">\n\t\t\t\t\t<h2 class=\"elementor-heading-title elementor-size-default\">Informativa sulla privacy<\/h2>\t\t\t\t<\/div>\n\t\t\t\t<\/div>\n\t\t\t\t<div class=\"elementor-element elementor-element-29f2cbf elementor-widget elementor-widget-text-editor\" data-id=\"29f2cbf\" data-element_type=\"widget\" data-e-type=\"widget\" data-widget_type=\"text-editor.default\">\n\t\t\t\t<div class=\"elementor-widget-container\">\n\t\t\t\t\t\t\t\t\t<p>In ottemperanza agli obblighi previsti dalla Legge Organica 3\/2018, del 5 dicembre, sulla protezione dei dati personali e la garanzia dei diritti digitali, le seguenti informazioni riguardano il trattamento dei tuoi dati personali:<\/p><p><strong>Chi \u00e8 responsabile del trattamento dei tuoi dati?<\/strong><br>SISTEMA DI TRANSITO HAWKE, S.L.. CIF: B39614813<br>Indirizzo: POLIGONO TANOS &#8211; VIERNOLES PARCELA C9 -C10 39300, TORRELAVEGA.<br>Telefono: 942892739<br>Mail: info@hts-mct.com<br>Web: www.hts-mct.com <\/p><p>Puoi comunicare con noi in qualsiasi modo.<\/p><p>Ci riserviamo il diritto di modificare o adattare la presente Informativa sulla privacy in qualsiasi momento. Ti consigliamo di prenderne visione e, se ti sei registrato e accedi al tuo account o profilo, sarai informato delle modifiche. <\/p><p>Se fai parte di uno dei seguenti gruppi, consulta le informazioni a discesa:<\/p><p><strong>CONTATTI WEB O EMAIL<\/strong><\/p><p><strong>Quali dati raccogliamo attraverso il web?<\/strong><\/p><p>Possiamo trattare il tuo IP, il sistema operativo o il browser che utilizzi e persino la durata della tua visita, in modo anonimo.<\/p><p>Se ci fornisci informazioni nel modulo di contatto, ti identificherai in modo da poterti contattare, se necessario.<\/p><p><strong>Per quali scopi tratteremo i tuoi dati personali?<\/strong><\/p><p>Rispondere alle tue domande, richieste o domande.<br>Gestire il servizio richiesto, rispondere alla tua richiesta o elaborare la tua domanda.<br>Informazioni per via elettronica, in merito alla tua richiesta.<br>Informazioni commerciali o eventi per via elettronica, in presenza di un&#8217;autorizzazione espressa.<br>Effettuare analisi e miglioramenti sul web, sui nostri prodotti e servizi. Migliorare la nostra strategia commerciale. <\/p><p><strong>Qual \u00e8 la legittimit\u00e0 del trattamento dei tuoi dati?<\/strong><\/p><p>L&#8217;accettazione e il consenso dell&#8217;interessato: Nei casi in cui per effettuare una richiesta sia necessario compilare un modulo e cliccare sul pulsante di invio, ci\u00f2 implica necessariamente che l&#8217;utente sia stato informato e abbia espressamente concesso il proprio consenso al contenuto della clausola allegata a tale modulo o all&#8217;accettazione dell&#8217;informativa sulla privacy.<\/p><p>Tutti i nostri moduli riportano il simbolo * tra i dati obbligatori. Se non fornisci questi campi o non segni la casella di accettazione dell&#8217;informativa sulla privacy, l&#8217;invio dei dati non sar\u00e0 consentito. Di solito la formula \u00e8 la seguente: &#8220;Ho pi\u00f9 di 14 anni, ho letto e accetto l&#8217;informativa sulla privacy&#8221;.  <\/p><p><strong>CLIENTI<\/strong><\/p><p><strong>Per quali scopi tratteremo i tuoi dati personali?<\/strong><\/p><p>Elaborazione del preventivo e follow-up dello stesso attraverso comunicazioni tra entrambe le parti.<br>Informazioni per via elettronica, in merito alla tua richiesta.<br>Informazioni commerciali o eventi per via elettronica, a condizione che vi sia un&#8217;autorizzazione espressa.<br>Gestire i servizi amministrativi, di comunicazione e logistici svolti dal Responsabile.<br>Fatturazione e dichiarazione delle tasse appropriate.<br>Eseguire le transazioni corrispondenti.<br>Gestione del controllo e del recupero.<\/p><p><strong>INDAGINI DI QUALIT\u00c0<\/strong><\/p><p><strong>Per quali scopi tratteremo i tuoi dati personali?<\/strong><\/p><p>Valutare il grado di qualit\u00e0 del servizio fornito.<br>Migliorare i servizi offerti, in virt\u00f9 della conformit\u00e0 ISO.<br>Qual \u00e8 la legittimit\u00e0 del trattamento dei tuoi dati?<\/p><p>La base giuridica \u00e8 il consenso esplicito dell&#8217;intervistato.<\/p><p><strong>FORNITORI<\/strong><\/p><p><strong>Per quali scopi tratteremo i tuoi dati personali?<\/strong><\/p><p>Informazioni per via elettronica, in relazione alla tua richiesta.<br>Informazioni commerciali o eventi per via elettronica, a condizione che vi sia un&#8217;autorizzazione espressa.<br>Gestire i servizi amministrativi, di comunicazione e logistici svolti dal Responsabile.<br>Fatturazione.<br>Effettuare le transazioni corrispondenti.<br>Fatturazione e dichiarazione delle tasse appropriate.<br>Gestione del controllo e del recupero.<\/p><p><strong>Qual \u00e8 la legittimit\u00e0 del trattamento dei tuoi dati?<\/strong><\/p><p>La base giuridica \u00e8 l&#8217;accettazione di un rapporto contrattuale o, in mancanza, il tuo consenso quando ci contatti o ci offri i tuoi prodotti in qualsiasi modo.<\/p><p><strong>CONTATTI SUI SOCIAL NETWORK<\/strong><\/p><p>Per quali scopi tratteremo i tuoi dati personali?<\/p><p>Rispondere alle tue domande, richieste o richieste.<br>Gestire il servizio richiesto, rispondere alla tua richiesta o elaborare la tua domanda.<br>Connettersi con te e creare una comunit\u00e0 di follower.<\/p><p><strong>Qual \u00e8 la legittimit\u00e0 del trattamento dei tuoi dati?<\/strong><\/p><p>L&#8217;accettazione di un rapporto contrattuale nell&#8217;ambiente del social network corrispondente e in conformit\u00e0 con le sue politiche sulla privacy:<\/p><p>Facebook http:\/\/www.facebook.com\/policy.php?ref=pf<br>Instagram https:\/\/help.instagram.com\/155833707900388<br>Twitter http:\/\/twitter.com\/privacy<br>Linkedin http:\/\/www.linkedin.com\/legal\/privacy-policy?trk=hb_ft_priv<br>Pinterest https:\/\/about.pinterest.com\/es\/privacy-policy<br>Youtube http:\/\/www.google.com\/intl\/es\/policies\/privacy\/<br>Per quanto tempo conserveremo i dati personali?<\/p><p>Possiamo consultare o cancellare i tuoi dati in modo limitato solo se hai un profilo specifico. Li tratteremo per tutto il tempo in cui ci lascerai seguendoci, diventando amici o cliccando sui pulsanti &#8220;mi piace&#8221;, &#8220;segui&#8221; o simili. <\/p><p>Qualsiasi rettifica dei tuoi dati o limitazione di informazioni o pubblicazioni deve essere effettuata attraverso la configurazione del tuo profilo o utente nel social network stesso.<\/p><p><strong>RICERCATORI DI LAVORO<\/strong><\/p><p><strong>Per quali scopi tratteremo i tuoi dati personali?<\/strong><\/p><p>Organizzazione di processi di selezione per l&#8217;assunzione di dipendenti.<br>Ti chiamiamo per i colloqui di lavoro e valutiamo la tua candidatura.<br>Se ci hai dato il tuo consenso, possiamo trasferirla a societ\u00e0 collaboratrici o collegate, con l&#8217;unico obiettivo di aiutarti a trovare un lavoro.<br>Se selezioni la casella di accettazione dell&#8217;informativa sulla privacy, ci dai il tuo consenso a trasferire la tua candidatura alle entit\u00e0 che compongono il gruppo di societ\u00e0 con l&#8217;obiettivo di includerti nei loro processi di selezione del personale.<br>Allo stesso modo, ti informiamo che un anno dopo aver ricevuto il tuo curriculum vitae, procederemo alla sua distruzione sicura.<\/p><p>Qual \u00e8 la legittimit\u00e0 del trattamento dei tuoi dati?<\/p><p>La base giuridica \u00e8 il tuo consenso inequivocabile, quando ci invii il tuo CV.<\/p><p><strong>VIDEOSORVEGLIANZA<\/strong><\/p><p><strong>Per quali scopi tratteremo i tuoi dati personali?<\/strong><\/p><p>Garantire la sicurezza e l&#8217;accesso alle strutture.<br>Controllare il lavoro dei dipendenti e di altro personale simile.<br>Valutare la qualit\u00e0 del Servizio.<br>Qual \u00e8 la legittimit\u00e0 del trattamento dei tuoi dati personali?<\/p><p>Proteggere l&#8217;interesse pubblico<br>A chi possiamo comunicare i tuoi dati personali?<\/p><p>Organi e forze di sicurezza dello Stato, e\/o giudici e tribunali:<\/p><p>In caso di commissione di atti criminali, accertamento di reati gravi e situazioni simili.<br>Per esercitare azioni legittime basate sul diritto alla nostra effettiva tutela giudiziaria.<br>Per quanto tempo conserveremo i tuoi dati personali?<\/p><p>Al massimo per un periodo di 30 giorni.<\/p><p>Includiamo dati personali di terzi?<\/p><p>No, di norma trattiamo solo i dati forniti dai proprietari. Se ci fornisci dati di terzi, devi preventivamente informare e richiedere il consenso di tali persone, altrimenti ci esoneri da qualsiasi responsabilit\u00e0 per il mancato rispetto di questo requisito. <\/p><p>E i dati dei minori?<\/p><p>Non trattiamo i dati di bambini di et\u00e0 inferiore ai 14 anni. Pertanto, astieniti dal fornirli se non hai tale et\u00e0 o, se del caso, dal fornire dati di terzi che non hanno tale et\u00e0. HAWKE TRANSIT SYSTEM, S.L. declina ogni responsabilit\u00e0 per la violazione di questa disposizione.  <\/p><p>Le comunicazioni avverranno per via elettronica?<\/p><p>Saranno effettuate solo per gestire la tua richiesta, se si tratta di uno dei mezzi di contatto che ci hai fornito.<br>Se effettuiamo comunicazioni commerciali, queste saranno state preventivamente ed espressamente autorizzate da te.<br>Quali misure di sicurezza applichiamo?<\/p><p>Puoi stare tranquillo: abbiamo adottato un livello ottimale di protezione dei Dati Personali che trattiamo e abbiamo installato tutti i mezzi e le misure tecniche a nostra disposizione in base allo stato della tecnologia per evitare la perdita, l&#8217;uso improprio, l&#8217;alterazione, l&#8217;accesso non autorizzato e il furto dei Dati Personali.<\/p><p>A quali destinatari saranno comunicati i tuoi dati?<\/p><p>I tuoi dati non saranno ceduti a terzi, salvo obblighi di legge. In particolare, saranno comunicati all&#8217;Agenzia delle Entrate e a banche ed enti finanziari per l&#8217;incasso del servizio fornito o del prodotto acquistato. Nonch\u00e9 agli incaricati del trattamento necessari per l&#8217;esecuzione del contratto.  <\/p><p>In caso di acquisto o pagamento, se scegli un&#8217;applicazione, un sito web, una piattaforma, una carta bancaria o qualsiasi altro servizio online, i tuoi dati saranno trasferiti a tale piattaforma o saranno elaborati nel suo ambiente, sempre nella massima sicurezza.<\/p><p>Quando lo ordiniamo, la societ\u00e0 di sviluppo e manutenzione web o la societ\u00e0 di hosting avranno accesso al nostro sito web. Avranno firmato un contratto per la fornitura di servizi che li obbliga a mantenere lo stesso livello di privacy che abbiamo noi. <\/p><p>Quali diritti hai?<\/p><p>Per sapere se stiamo trattando i tuoi dati o meno.<br>Per accedere ai tuoi dati personali.<br>Per richiedere la rettifica dei tuoi dati se sono inesatti.<br>Per richiedere la cancellazione dei tuoi dati se non sono pi\u00f9 necessari per le finalit\u00e0 per cui sono stati raccolti o se ritiri il consenso concesso.<br>Per richiedere la limitazione del trattamento dei tuoi dati, in alcuni casi, nel qual caso li conserveremo solo in conformit\u00e0 alle normative vigenti.<br>Fornire i tuoi dati, che ti saranno forniti in un formato strutturato, di uso comune o leggibile meccanicamente. Se preferisci, possiamo inviarli al nuovo responsabile da te indicato. \u00c8 valido solo in alcuni casi.<br>Presentare un reclamo all&#8217;Agenzia Spagnola per la Protezione dei Dati o all&#8217;autorit\u00e0 di controllo competente, se ritieni che non ti abbiamo assistito correttamente.<br>Revocare il consenso per qualsiasi trattamento per il quale hai acconsentito, in qualsiasi momento.<br>Se modifichi i tuoi dati, ti preghiamo di comunicarcelo in modo da poterli tenere aggiornati.  <\/p><p>Vuoi un modulo per l&#8217;esercizio dei diritti?<\/p><p>Disponiamo di moduli per l&#8217;esercizio dei tuoi diritti, richiedili via e-mail o, se preferisci, puoi utilizzare quelli preparati dall&#8217;Agenzia Spagnola per la Protezione dei Dati o da terzi.<br>Questi moduli devono essere firmati elettronicamente o accompagnati da una fotocopia della carta d&#8217;identit\u00e0<br>Se qualcuno ti rappresenta, devi allegare una copia del tuo documento d&#8217;identit\u00e0 o firmare con la tua firma elettronica.<br>I moduli possono essere presentati di persona, inviati per lettera o per posta all&#8217;indirizzo del responsabile riportato all&#8217;inizio di questo testo.<br>Quanto tempo impieghiamo per rispondere all&#8217;esercizio dei diritti?<\/p><p>Dipende dalla legge, ma il tempo massimo \u00e8 di un mese dalla richiesta e di due mesi se la questione \u00e8 molto complessa e se ti comunichiamo che abbiamo bisogno di pi\u00f9 tempo.<\/p><p><strong>Trattiamo i biscotti?<\/strong><\/p><p>Se utilizziamo altri tipi di cookie non necessari, puoi consultare l&#8217;informativa sui cookie nel link corrispondente all&#8217;inizio del nostro sito web.<\/p><p>Per quanto tempo conserveremo i tuoi dati personali?<\/p><p>I dati personali saranno conservati per tutto il tempo in cui resterai in contatto con noi.<br>Una volta acquisiti i diritti, i dati personali trattati per ciascuna finalit\u00e0 saranno conservati per i periodi stabiliti dalla legge, compreso il periodo in cui un giudice o un tribunale potrebbe richiederli, tenendo conto del periodo di prescrizione per le azioni legali.<br>I dati trattati saranno conservati per tutto il tempo in cui i suddetti termini legali non scadono, se esiste un obbligo legale di mantenimento, o se tale termine legale non esiste, fino a quando l&#8217;interessato non ne richieda la cancellazione o revochi il consenso concesso.<br>Conserveremo tutte le informazioni e le comunicazioni relative al tuo acquisto o alla fornitura del nostro servizio, fino a quando durer\u00e0 la garanzia dei prodotti o dei servizi, per far fronte a eventuali reclami.<\/p><p>In conformit\u00e0 a quanto disposto dall\u2019articolo 28.6 della Legge della Cantabria 1\/2018 del 21 marzo sulla Trasparenza dell\u2019Attivit\u00e0 Pubblica, si pubblica la seguente <a href=\"\/wp-content\/uploads\/2025\/07\/TRANSPARENCIA.pdf\">comunicazione delle retribuzioni<\/a>.<\/p><p> <\/p><p> <\/p>\t\t\t\t\t\t\t\t<\/div>\n\t\t\t\t<\/div>\n\t\t\t\t\t<\/div>\n\t\t\t\t<\/div>\n\t\t\t\t<\/div>\n\t\t","protected":false},"excerpt":{"rendered":"<p>Informativa sulla privacy In ottemperanza agli obblighi previsti dalla Legge Organica 3\/2018, del 5 dicembre, sulla protezione dei dati personali e la garanzia dei diritti digitali, le seguenti informazioni riguardano il trattamento dei tuoi dati personali: Chi \u00e8 responsabile del trattamento dei tuoi dati?SISTEMA DI TRANSITO HAWKE, S.L.. CIF: B39614813Indirizzo: POLIGONO TANOS &#8211; VIERNOLES PARCELA [&hellip;]<\/p>\n","protected":false},"author":1,"featured_media":0,"parent":0,"menu_order":0,"comment_status":"closed","ping_status":"closed","template":"elementor_header_footer","meta":{"footnotes":""},"class_list":["post-15273","page","type-page","status-publish","hentry"],"yoast_head":"<!-- This site is optimized with the Yoast SEO Premium plugin v25.5 (Yoast SEO v25.5) - https:\/\/yoast.com\/wordpress\/plugins\/seo\/ -->\n<title>Informativa sulla privacy - HTS MCT | Soluzioni di tenuta di sicurezza per cavi e tubi<\/title>\n<meta name=\"description\" content=\"Scopri come HTS MCT protegge i tuoi dati. Consulta la nostra informativa sulla privacy relativa alle informazioni personali, alla raccolta dei dati e alle pratiche di sicurezza.\" \/>\n<meta name=\"robots\" content=\"index, follow, max-snippet:-1, max-image-preview:large, max-video-preview:-1\" \/>\n<link rel=\"canonical\" href=\"https:\/\/hts-mct.com\/it\/informativa-sulla-privacy\/\" \/>\n<meta property=\"og:locale\" content=\"it_IT\" \/>\n<meta property=\"og:type\" content=\"article\" \/>\n<meta property=\"og:title\" content=\"Informativa sulla privacy\" \/>\n<meta property=\"og:description\" content=\"Scopri come HTS MCT protegge i tuoi dati. Consulta la nostra informativa sulla privacy relativa alle informazioni personali, alla raccolta dei dati e alle pratiche di sicurezza.\" \/>\n<meta property=\"og:url\" content=\"https:\/\/hts-mct.com\/it\/informativa-sulla-privacy\/\" \/>\n<meta property=\"og:site_name\" content=\"HTS MCT | Safety Sealing Solutions for Cables and Pipes\" \/>\n<meta property=\"article:modified_time\" content=\"2025-08-08T08:16:53+00:00\" \/>\n<meta property=\"og:image\" content=\"https:\/\/hts-mct.com\/wp-content\/uploads\/2025\/07\/HTS-MCT-logo-Social.png\" \/>\n\t<meta property=\"og:image:width\" content=\"348\" \/>\n\t<meta property=\"og:image:height\" content=\"89\" \/>\n\t<meta property=\"og:image:type\" content=\"image\/png\" \/>\n<meta name=\"twitter:card\" content=\"summary_large_image\" \/>\n<meta name=\"twitter:label1\" content=\"Tempo di lettura stimato\" \/>\n\t<meta name=\"twitter:data1\" content=\"9 minuti\" \/>\n<script type=\"application\/ld+json\" class=\"yoast-schema-graph\">{\"@context\":\"https:\/\/schema.org\",\"@graph\":[{\"@type\":\"WebPage\",\"@id\":\"https:\/\/hts-mct.com\/it\/informativa-sulla-privacy\/\",\"url\":\"https:\/\/hts-mct.com\/it\/informativa-sulla-privacy\/\",\"name\":\"Informativa sulla privacy - HTS MCT | Soluzioni di tenuta di sicurezza per cavi e tubi\",\"isPartOf\":{\"@id\":\"https:\/\/hts-mct.com\/it\/#website\"},\"datePublished\":\"2025-05-19T11:26:39+00:00\",\"dateModified\":\"2025-08-08T08:16:53+00:00\",\"description\":\"Scopri come HTS MCT protegge i tuoi dati. Consulta la nostra informativa sulla privacy relativa alle informazioni personali, alla raccolta dei dati e alle pratiche di sicurezza.\",\"breadcrumb\":{\"@id\":\"https:\/\/hts-mct.com\/it\/informativa-sulla-privacy\/#breadcrumb\"},\"inLanguage\":\"it-IT\",\"potentialAction\":[{\"@type\":\"ReadAction\",\"target\":[\"https:\/\/hts-mct.com\/it\/informativa-sulla-privacy\/\"]}]},{\"@type\":\"BreadcrumbList\",\"@id\":\"https:\/\/hts-mct.com\/it\/informativa-sulla-privacy\/#breadcrumb\",\"itemListElement\":[{\"@type\":\"ListItem\",\"position\":1,\"name\":\"Home\",\"item\":\"https:\/\/hts-mct.com\/it\/hts-mct-soluzioni-di-sigillatura-di-sicurezza-per-cavi-e-tubi\/\"},{\"@type\":\"ListItem\",\"position\":2,\"name\":\"Informativa sulla privacy\"}]},{\"@type\":\"WebSite\",\"@id\":\"https:\/\/hts-mct.com\/it\/#website\",\"url\":\"https:\/\/hts-mct.com\/it\/\",\"name\":\"HTS MCT | Safety Sealing Solutions for Cables and Pipes\",\"description\":\"Discover HTS MCT sealing solutions, designed to ensure safety and efficiency for cable and pipe penetrations. Reliable protection for the most demanding environments.\",\"publisher\":{\"@id\":\"https:\/\/hts-mct.com\/it\/#organization\"},\"potentialAction\":[{\"@type\":\"SearchAction\",\"target\":{\"@type\":\"EntryPoint\",\"urlTemplate\":\"https:\/\/hts-mct.com\/it\/?s={search_term_string}\"},\"query-input\":{\"@type\":\"PropertyValueSpecification\",\"valueRequired\":true,\"valueName\":\"search_term_string\"}}],\"inLanguage\":\"it-IT\"},{\"@type\":\"Organization\",\"@id\":\"https:\/\/hts-mct.com\/it\/#organization\",\"name\":\"HTS MCT | Safety Sealing Solutions for Cables and Pipes\",\"url\":\"https:\/\/hts-mct.com\/it\/\",\"logo\":{\"@type\":\"ImageObject\",\"inLanguage\":\"it-IT\",\"@id\":\"https:\/\/hts-mct.com\/it\/#\/schema\/logo\/image\/\",\"url\":\"https:\/\/hts-mct.com\/wp-content\/uploads\/2025\/07\/HTS-MCT-logo-Social.png\",\"contentUrl\":\"https:\/\/hts-mct.com\/wp-content\/uploads\/2025\/07\/HTS-MCT-logo-Social.png\",\"width\":348,\"height\":89,\"caption\":\"HTS MCT | Safety Sealing Solutions for Cables and Pipes\"},\"image\":{\"@id\":\"https:\/\/hts-mct.com\/it\/#\/schema\/logo\/image\/\"}}]}<\/script>\n<!-- \/ Yoast SEO Premium plugin. -->","yoast_head_json":{"title":"Informativa sulla privacy - HTS MCT | Soluzioni di tenuta di sicurezza per cavi e tubi","description":"Scopri come HTS MCT protegge i tuoi dati. Consulta la nostra informativa sulla privacy relativa alle informazioni personali, alla raccolta dei dati e alle pratiche di sicurezza.","robots":{"index":"index","follow":"follow","max-snippet":"max-snippet:-1","max-image-preview":"max-image-preview:large","max-video-preview":"max-video-preview:-1"},"canonical":"https:\/\/hts-mct.com\/it\/informativa-sulla-privacy\/","og_locale":"it_IT","og_type":"article","og_title":"Informativa sulla privacy","og_description":"Scopri come HTS MCT protegge i tuoi dati. Consulta la nostra informativa sulla privacy relativa alle informazioni personali, alla raccolta dei dati e alle pratiche di sicurezza.","og_url":"https:\/\/hts-mct.com\/it\/informativa-sulla-privacy\/","og_site_name":"HTS MCT | Safety Sealing Solutions for Cables and Pipes","article_modified_time":"2025-08-08T08:16:53+00:00","og_image":[{"width":348,"height":89,"url":"https:\/\/hts-mct.com\/wp-content\/uploads\/2025\/07\/HTS-MCT-logo-Social.png","type":"image\/png"}],"twitter_card":"summary_large_image","twitter_misc":{"Tempo di lettura stimato":"9 minuti"},"schema":{"@context":"https:\/\/schema.org","@graph":[{"@type":"WebPage","@id":"https:\/\/hts-mct.com\/it\/informativa-sulla-privacy\/","url":"https:\/\/hts-mct.com\/it\/informativa-sulla-privacy\/","name":"Informativa sulla privacy - HTS MCT | Soluzioni di tenuta di sicurezza per cavi e tubi","isPartOf":{"@id":"https:\/\/hts-mct.com\/it\/#website"},"datePublished":"2025-05-19T11:26:39+00:00","dateModified":"2025-08-08T08:16:53+00:00","description":"Scopri come HTS MCT protegge i tuoi dati. Consulta la nostra informativa sulla privacy relativa alle informazioni personali, alla raccolta dei dati e alle pratiche di sicurezza.","breadcrumb":{"@id":"https:\/\/hts-mct.com\/it\/informativa-sulla-privacy\/#breadcrumb"},"inLanguage":"it-IT","potentialAction":[{"@type":"ReadAction","target":["https:\/\/hts-mct.com\/it\/informativa-sulla-privacy\/"]}]},{"@type":"BreadcrumbList","@id":"https:\/\/hts-mct.com\/it\/informativa-sulla-privacy\/#breadcrumb","itemListElement":[{"@type":"ListItem","position":1,"name":"Home","item":"https:\/\/hts-mct.com\/it\/hts-mct-soluzioni-di-sigillatura-di-sicurezza-per-cavi-e-tubi\/"},{"@type":"ListItem","position":2,"name":"Informativa sulla privacy"}]},{"@type":"WebSite","@id":"https:\/\/hts-mct.com\/it\/#website","url":"https:\/\/hts-mct.com\/it\/","name":"HTS MCT | Safety Sealing Solutions for Cables and Pipes","description":"Discover HTS MCT sealing solutions, designed to ensure safety and efficiency for cable and pipe penetrations. Reliable protection for the most demanding environments.","publisher":{"@id":"https:\/\/hts-mct.com\/it\/#organization"},"potentialAction":[{"@type":"SearchAction","target":{"@type":"EntryPoint","urlTemplate":"https:\/\/hts-mct.com\/it\/?s={search_term_string}"},"query-input":{"@type":"PropertyValueSpecification","valueRequired":true,"valueName":"search_term_string"}}],"inLanguage":"it-IT"},{"@type":"Organization","@id":"https:\/\/hts-mct.com\/it\/#organization","name":"HTS MCT | Safety Sealing Solutions for Cables and Pipes","url":"https:\/\/hts-mct.com\/it\/","logo":{"@type":"ImageObject","inLanguage":"it-IT","@id":"https:\/\/hts-mct.com\/it\/#\/schema\/logo\/image\/","url":"https:\/\/hts-mct.com\/wp-content\/uploads\/2025\/07\/HTS-MCT-logo-Social.png","contentUrl":"https:\/\/hts-mct.com\/wp-content\/uploads\/2025\/07\/HTS-MCT-logo-Social.png","width":348,"height":89,"caption":"HTS MCT | Safety Sealing Solutions for Cables and Pipes"},"image":{"@id":"https:\/\/hts-mct.com\/it\/#\/schema\/logo\/image\/"}}]}},"_links":{"self":[{"href":"https:\/\/hts-mct.com\/it\/wp-json\/wp\/v2\/pages\/15273","targetHints":{"allow":["GET"]}}],"collection":[{"href":"https:\/\/hts-mct.com\/it\/wp-json\/wp\/v2\/pages"}],"about":[{"href":"https:\/\/hts-mct.com\/it\/wp-json\/wp\/v2\/types\/page"}],"author":[{"embeddable":true,"href":"https:\/\/hts-mct.com\/it\/wp-json\/wp\/v2\/users\/1"}],"replies":[{"embeddable":true,"href":"https:\/\/hts-mct.com\/it\/wp-json\/wp\/v2\/comments?post=15273"}],"version-history":[{"count":4,"href":"https:\/\/hts-mct.com\/it\/wp-json\/wp\/v2\/pages\/15273\/revisions"}],"predecessor-version":[{"id":17117,"href":"https:\/\/hts-mct.com\/it\/wp-json\/wp\/v2\/pages\/15273\/revisions\/17117"}],"wp:attachment":[{"href":"https:\/\/hts-mct.com\/it\/wp-json\/wp\/v2\/media?parent=15273"}],"curies":[{"name":"wp","href":"https:\/\/api.w.org\/{rel}","templated":true}]}}