{"id":15135,"date":"2025-07-16T13:50:28","date_gmt":"2025-07-16T11:50:28","guid":{"rendered":"https:\/\/hts-mct.com\/manicotto-cbo\/"},"modified":"2026-02-06T11:07:06","modified_gmt":"2026-02-06T10:07:06","slug":"manicotto-cbo","status":"publish","type":"page","link":"https:\/\/hts-mct.com\/it\/prodotti\/manicotto-cbo\/","title":{"rendered":"Manicotto CBO"},"content":{"rendered":"\t\t<div data-elementor-type=\"wp-page\" data-elementor-id=\"15135\" class=\"elementor elementor-15135 elementor-14337\" data-elementor-post-type=\"page\">\n\t\t\t\t<div class=\"elementor-element elementor-element-37bcf422 e-con-full e-flex e-con e-parent\" data-id=\"37bcf422\" data-element_type=\"container\" data-e-type=\"container\" data-settings=\"{&quot;background_background&quot;:&quot;classic&quot;}\">\n\t\t\t\t<div class=\"elementor-element elementor-element-206dc45e elementor-widget elementor-widget-heading\" data-id=\"206dc45e\" data-element_type=\"widget\" data-e-type=\"widget\" data-widget_type=\"heading.default\">\n\t\t\t\t<div class=\"elementor-widget-container\">\n\t\t\t\t\t<h1 class=\"elementor-heading-title elementor-size-default\">Manicotto CBO<\/h1>\t\t\t\t<\/div>\n\t\t\t\t<\/div>\n\t\t\t\t<div class=\"elementor-element elementor-element-1747165a elementor-align-center elementor-widget elementor-widget-breadcrumbs\" data-id=\"1747165a\" data-element_type=\"widget\" data-e-type=\"widget\" id=\"breadcrumbs\" data-widget_type=\"breadcrumbs.default\">\n\t\t\t\t<div class=\"elementor-widget-container\">\n\t\t\t\t\t<nav id=\"breadcrumbs\"><span><span><a href=\"https:\/\/hts-mct.com\/it\/hts-mct-soluzioni-di-sigillatura-di-sicurezza-per-cavi-e-tubi\/\">Home<\/a><\/span><\/span><\/nav>\t\t\t\t<\/div>\n\t\t\t\t<\/div>\n\t\t\t\t<\/div>\n\t\t<div class=\"elementor-element elementor-element-2535c2c e-flex e-con-boxed e-con e-parent\" data-id=\"2535c2c\" data-element_type=\"container\" data-e-type=\"container\">\n\t\t\t\t\t<div class=\"e-con-inner\">\n\t\t<div class=\"elementor-element elementor-element-7241d644 e-con-full e-flex e-con e-child\" data-id=\"7241d644\" data-element_type=\"container\" data-e-type=\"container\">\n\t\t\t\t<div class=\"elementor-element elementor-element-2f4684d0 elementor-widget elementor-widget-heading\" data-id=\"2f4684d0\" data-element_type=\"widget\" data-e-type=\"widget\" data-widget_type=\"heading.default\">\n\t\t\t\t<div class=\"elementor-widget-container\">\n\t\t\t\t\t<h2 class=\"elementor-heading-title elementor-size-default\">Manicotto CBO<\/h2>\t\t\t\t<\/div>\n\t\t\t\t<\/div>\n\t\t\t\t<div class=\"elementor-element elementor-element-475eb022 elementor-widget elementor-widget-text-editor\" data-id=\"475eb022\" data-element_type=\"widget\" data-e-type=\"widget\" data-widget_type=\"text-editor.default\">\n\t\t\t\t<div class=\"elementor-widget-container\">\n\t\t\t\t\t\t\t\t\t<div class=\"elementor-element elementor-element-e7ac8a0 e-con-full e-flex wpr-particle-no wpr-jarallax-no wpr-parallax-no wpr-sticky-section-no e-con e-child\" data-id=\"e7ac8a0\" data-element_type=\"container\"><div class=\"elementor-element elementor-element-dac97f8 elementor-widget elementor-widget-woocommerce-product-short-description\" data-id=\"dac97f8\" data-element_type=\"widget\" data-widget_type=\"woocommerce-product-short-description.default\"><div class=\"woocommerce-product-details__short-description\"><p>Manicotto circolare con flangia ed estremit\u00e0 removibile, progettato per l\u2019installazione attorno a cavi esistenti e compatibile con i sistemi MCT circolari HTS.<\/p><\/div><\/div><\/div>\t\t\t\t\t\t\t\t<\/div>\n\t\t\t\t<\/div>\n\t\t\t\t<\/div>\n\t\t<div class=\"elementor-element elementor-element-76e719b4 e-con-full e-flex e-con e-child\" data-id=\"76e719b4\" data-element_type=\"container\" data-e-type=\"container\">\n\t\t\t\t<div class=\"elementor-element elementor-element-18fdb006 elementor-widget elementor-widget-image\" data-id=\"18fdb006\" data-element_type=\"widget\" data-e-type=\"widget\" data-widget_type=\"image.default\">\n\t\t\t\t<div class=\"elementor-widget-container\">\n\t\t\t\t\t\t\t\t\t\t\t\t\t\t\t\t<a href=\"https:\/\/hts-mct.com\/wp-content\/uploads\/2025\/05\/CBO-Sleeve.jpg\" data-elementor-open-lightbox=\"yes\" data-elementor-lightbox-title=\"HTS Sealing Frames CBO Sleeve\" data-e-action-hash=\"#elementor-action%3Aaction%3Dlightbox%26settings%3DeyJpZCI6MTUyMzYsInVybCI6Imh0dHBzOlwvXC9odHMtbWN0LmNvbVwvd3AtY29udGVudFwvdXBsb2Fkc1wvMjAyNVwvMDVcL0NCTy1TbGVldmUuanBnIn0%3D\">\n\t\t\t\t\t\t\t<img fetchpriority=\"high\" decoding=\"async\" width=\"300\" height=\"300\" src=\"https:\/\/hts-mct.com\/wp-content\/uploads\/2025\/05\/CBO-Sleeve.jpg\" class=\"attachment-medium size-medium wp-image-15236\" alt=\"HTS Sealing Frames CBO Sleeve\" srcset=\"https:\/\/hts-mct.com\/wp-content\/uploads\/2025\/05\/CBO-Sleeve.jpg 300w, https:\/\/hts-mct.com\/wp-content\/uploads\/2025\/05\/CBO-Sleeve-150x150.jpg 150w\" sizes=\"(max-width: 300px) 100vw, 300px\" \/>\t\t\t\t\t\t\t\t<\/a>\n\t\t\t\t\t\t\t\t\t\t\t\t\t\t\t<\/div>\n\t\t\t\t<\/div>\n\t\t\t\t<\/div>\n\t\t\t\t\t<\/div>\n\t\t\t\t<\/div>\n\t\t<div class=\"elementor-element elementor-element-eb7d403 e-flex e-con-boxed e-con e-parent\" data-id=\"eb7d403\" data-element_type=\"container\" data-e-type=\"container\">\n\t\t\t\t\t<div class=\"e-con-inner\">\n\t\t\t\t<div class=\"elementor-element elementor-element-4d2a234e elementor-widget elementor-widget-heading\" data-id=\"4d2a234e\" data-element_type=\"widget\" data-e-type=\"widget\" data-widget_type=\"heading.default\">\n\t\t\t\t<div class=\"elementor-widget-container\">\n\t\t\t\t\t<h2 class=\"elementor-heading-title elementor-size-default\">Descrizione del manicotto CBO<\/h2>\t\t\t\t<\/div>\n\t\t\t\t<\/div>\n\t\t\t\t<div class=\"elementor-element elementor-element-7b8999fe elementor-widget elementor-widget-text-editor\" data-id=\"7b8999fe\" data-element_type=\"widget\" data-e-type=\"widget\" data-widget_type=\"text-editor.default\">\n\t\t\t\t<div class=\"elementor-widget-container\">\n\t\t\t\t\t\t\t\t\t<p data-start=\"747\" data-end=\"1040\">Il <strong>manicotto CBO<\/strong> di HTS \u00e8 un casquillo circolare dotato di flangia ed estremit\u00e0 removibile, che consente l\u2019installazione attorno a cavi gi\u00e0 esistenti senza la necessit\u00e0 di scollegarli. Questo lo rende particolarmente adatto per applicazioni di retrofit o situazioni in cui i cavi sono gi\u00e0 installati. <\/p><p data-start=\"1042\" data-end=\"1426\">Il manicotto pu\u00f2 essere installato mediante fissaggio bullonato alla struttura oppure annegato nel calcestruzzo, offrendo flessibilit\u00e0 in diversi contesti di installazione. Il manicotto non svolge autonomamente la funzione di sigillatura, ma funge da interfaccia strutturale per ospitare i sistemi di sigillatura MCT circolari HTS, garantendo il corretto posizionamento e le prestazioni nel lungo periodo del sistema di sigillatura. <\/p><p><strong>Caratteristiche principali:<\/strong><\/p><ul><li>Progettato per essere imbullonato o murato.<\/li><li>Disponibile in acciaio al carbonio, acciaio inox e alluminio.<\/li><li>Compatibile con le soluzioni di sigillatura HRST e HRTO standard.<\/li><li><span class=\"NormalTextRun SCXW140785641 BCX8\"><span class=\"NormalTextRun SpellingErrorV2Themed SCXW140785641 BCX8\">Prodotti Ex <span class=\"NormalTextRun SpellingErrorV2Themed SCXW140785641 BCX8\">disponibili<\/span> su richiesta.<\/span><\/span><\/li><\/ul>\t\t\t\t\t\t\t\t<\/div>\n\t\t\t\t<\/div>\n\t\t\t\t<div class=\"elementor-element elementor-element-197db botom-line-degree elementor-widget elementor-widget-heading\" data-id=\"197db\" data-element_type=\"widget\" data-e-type=\"widget\" data-widget_type=\"heading.default\">\n\t\t\t\t<div class=\"elementor-widget-container\">\n\t\t\t\t\t<h2 class=\"elementor-heading-title elementor-size-default\">Scarica<\/h2>\t\t\t\t<\/div>\n\t\t\t\t<\/div>\n\t\t\t\t<div class=\"elementor-element elementor-element-6307b8c4 icons-color-secondary elementor-list-item-link-inline elementor-icon-list--layout-traditional elementor-widget elementor-widget-icon-list\" data-id=\"6307b8c4\" data-element_type=\"widget\" data-e-type=\"widget\" data-widget_type=\"icon-list.default\">\n\t\t\t\t<div class=\"elementor-widget-container\">\n\t\t\t\t\t\t\t<ul class=\"elementor-icon-list-items\">\n\t\t\t\t\t\t\t<li class=\"elementor-icon-list-item\">\n\t\t\t\t\t\t\t\t\t\t\t<a href=\"https:\/\/hts-mct.com\/documentation\/datasheet\/CBO-data-sheet-it.pdf\">\n\n\t\t\t\t\t\t\t\t\t\t\t\t<span class=\"elementor-icon-list-icon\">\n\t\t\t\t\t\t\t<svg aria-hidden=\"true\" class=\"e-font-icon-svg e-far-arrow-alt-circle-right\" viewBox=\"0 0 512 512\" xmlns=\"http:\/\/www.w3.org\/2000\/svg\"><path d=\"M504 256C504 119 393 8 256 8S8 119 8 256s111 248 248 248 248-111 248-248zm-448 0c0-110.5 89.5-200 200-200s200 89.5 200 200-89.5 200-200 200S56 366.5 56 256zm72 20v-40c0-6.6 5.4-12 12-12h116v-67c0-10.7 12.9-16 20.5-8.5l99 99c4.7 4.7 4.7 12.3 0 17l-99 99c-7.6 7.6-20.5 2.2-20.5-8.5v-67H140c-6.6 0-12-5.4-12-12z\"><\/path><\/svg>\t\t\t\t\t\t<\/span>\n\t\t\t\t\t\t\t\t\t\t<span class=\"elementor-icon-list-text\">Scheda tecnica del manicotto CBO<\/span>\n\t\t\t\t\t\t\t\t\t\t\t<\/a>\n\t\t\t\t\t\t\t\t\t<\/li>\n\t\t\t\t\t\t\t\t<li class=\"elementor-icon-list-item\">\n\t\t\t\t\t\t\t\t\t\t\t<a href=\"\/documentation\/installation_guides\/civil-sleeves-installation-guide-it.pdf\">\n\n\t\t\t\t\t\t\t\t\t\t\t\t<span class=\"elementor-icon-list-icon\">\n\t\t\t\t\t\t\t<svg aria-hidden=\"true\" class=\"e-font-icon-svg e-far-arrow-alt-circle-right\" viewBox=\"0 0 512 512\" xmlns=\"http:\/\/www.w3.org\/2000\/svg\"><path d=\"M504 256C504 119 393 8 256 8S8 119 8 256s111 248 248 248 248-111 248-248zm-448 0c0-110.5 89.5-200 200-200s200 89.5 200 200-89.5 200-200 200S56 366.5 56 256zm72 20v-40c0-6.6 5.4-12 12-12h116v-67c0-10.7 12.9-16 20.5-8.5l99 99c4.7 4.7 4.7 12.3 0 17l-99 99c-7.6 7.6-20.5 2.2-20.5-8.5v-67H140c-6.6 0-12-5.4-12-12z\"><\/path><\/svg>\t\t\t\t\t\t<\/span>\n\t\t\t\t\t\t\t\t\t\t<span class=\"elementor-icon-list-text\">Guida all'installazione del manicotto CBO<\/span>\n\t\t\t\t\t\t\t\t\t\t\t<\/a>\n\t\t\t\t\t\t\t\t\t<\/li>\n\t\t\t\t\t\t<\/ul>\n\t\t\t\t\t\t<\/div>\n\t\t\t\t<\/div>\n\t\t\t\t\t<\/div>\n\t\t\t\t<\/div>\n\t\t<div class=\"elementor-element elementor-element-60ec70d3 e-con-full e-flex e-con e-parent\" data-id=\"60ec70d3\" data-element_type=\"container\" data-e-type=\"container\" data-settings=\"{&quot;background_background&quot;:&quot;classic&quot;}\">\n\t\t\t\t<div class=\"elementor-element elementor-element-2da11fbc elementor-widget__width-inherit elementor-widget elementor-widget-heading\" data-id=\"2da11fbc\" data-element_type=\"widget\" data-e-type=\"widget\" data-widget_type=\"heading.default\">\n\t\t\t\t<div class=\"elementor-widget-container\">\n\t\t\t\t\t<h2 class=\"elementor-heading-title elementor-size-default\">Video dell'installazione<\/h2>\t\t\t\t<\/div>\n\t\t\t\t<\/div>\n\t\t<div class=\"elementor-element elementor-element-559191d4 e-flex e-con-boxed e-con e-child\" data-id=\"559191d4\" data-element_type=\"container\" data-e-type=\"container\">\n\t\t\t\t\t<div class=\"e-con-inner\">\n\t\t\t\t<div class=\"elementor-element elementor-element-2086a4fa elementor-widget elementor-widget-video\" data-id=\"2086a4fa\" data-element_type=\"widget\" data-e-type=\"widget\" data-settings=\"{&quot;youtube_url&quot;:&quot;https:\\\/\\\/youtu.be\\\/mpGTkd93kKc&quot;,&quot;video_type&quot;:&quot;youtube&quot;,&quot;controls&quot;:&quot;yes&quot;}\" data-widget_type=\"video.default\">\n\t\t\t\t<div class=\"elementor-widget-container\">\n\t\t\t\t\t\t\t<div class=\"elementor-wrapper elementor-open-inline\">\n\t\t\t<div class=\"elementor-video\"><\/div>\t\t<\/div>\n\t\t\t\t\t\t<\/div>\n\t\t\t\t<\/div>\n\t\t\t\t<div class=\"elementor-element elementor-element-45065e5f elementor-widget elementor-widget-video\" data-id=\"45065e5f\" data-element_type=\"widget\" data-e-type=\"widget\" data-settings=\"{&quot;youtube_url&quot;:&quot;https:\\\/\\\/www.youtube.com\\\/watch?v=Xvfe91R-vuI&quot;,&quot;video_type&quot;:&quot;youtube&quot;,&quot;controls&quot;:&quot;yes&quot;}\" data-widget_type=\"video.default\">\n\t\t\t\t<div class=\"elementor-widget-container\">\n\t\t\t\t\t\t\t<div class=\"elementor-wrapper elementor-open-inline\">\n\t\t\t<div class=\"elementor-video\"><\/div>\t\t<\/div>\n\t\t\t\t\t\t<\/div>\n\t\t\t\t<\/div>\n\t\t\t\t<div class=\"elementor-element elementor-element-68208c97 elementor-widget elementor-widget-video\" data-id=\"68208c97\" data-element_type=\"widget\" data-e-type=\"widget\" data-settings=\"{&quot;youtube_url&quot;:&quot;https:\\\/\\\/youtu.be\\\/VYDlavPsZBA&quot;,&quot;video_type&quot;:&quot;youtube&quot;,&quot;controls&quot;:&quot;yes&quot;}\" data-widget_type=\"video.default\">\n\t\t\t\t<div class=\"elementor-widget-container\">\n\t\t\t\t\t\t\t<div class=\"elementor-wrapper elementor-open-inline\">\n\t\t\t<div class=\"elementor-video\"><\/div>\t\t<\/div>\n\t\t\t\t\t\t<\/div>\n\t\t\t\t<\/div>\n\t\t\t\t\t<\/div>\n\t\t\t\t<\/div>\n\t\t\t\t<\/div>\n\t\t\t\t<\/div>\n\t\t","protected":false},"excerpt":{"rendered":"<p>Manicotto CBO Manicotto CBO Manicotto circolare con flangia ed estremit\u00e0 removibile, progettato per l\u2019installazione attorno a cavi esistenti e compatibile con i sistemi MCT circolari HTS. Descrizione del manicotto CBO Il manicotto CBO di HTS \u00e8 un casquillo circolare dotato di flangia ed estremit\u00e0 removibile, che consente l\u2019installazione attorno a cavi gi\u00e0 esistenti senza la [&hellip;]<\/p>\n","protected":false},"author":1,"featured_media":0,"parent":15442,"menu_order":0,"comment_status":"closed","ping_status":"closed","template":"","meta":{"footnotes":""},"class_list":["post-15135","page","type-page","status-publish","hentry"],"yoast_head":"<!-- This site is optimized with the Yoast SEO Premium plugin v25.5 (Yoast SEO v25.5) - https:\/\/yoast.com\/wordpress\/plugins\/seo\/ -->\n<title>Manicotto CBO - HTS MCT | Safety Sealing Solutions for Cables and Pipes<\/title>\n<meta name=\"robots\" content=\"index, follow, max-snippet:-1, max-image-preview:large, max-video-preview:-1\" \/>\n<link rel=\"canonical\" href=\"https:\/\/hts-mct.com\/it\/prodotti\/manicotto-cbo\/\" \/>\n<meta property=\"og:locale\" content=\"it_IT\" \/>\n<meta property=\"og:type\" content=\"article\" \/>\n<meta property=\"og:title\" content=\"Manicotto CBO\" \/>\n<meta property=\"og:description\" content=\"Manicotto CBO Manicotto CBO Manicotto circolare con flangia ed estremit\u00e0 removibile, progettato per l\u2019installazione attorno a cavi esistenti e compatibile con i sistemi MCT circolari HTS. Descrizione del manicotto CBO Il manicotto CBO di HTS \u00e8 un casquillo circolare dotato di flangia ed estremit\u00e0 removibile, che consente l\u2019installazione attorno a cavi gi\u00e0 esistenti senza la [&hellip;]\" \/>\n<meta property=\"og:url\" content=\"https:\/\/hts-mct.com\/it\/prodotti\/manicotto-cbo\/\" \/>\n<meta property=\"og:site_name\" content=\"HTS MCT | Safety Sealing Solutions for Cables and Pipes\" \/>\n<meta property=\"article:modified_time\" content=\"2026-02-06T10:07:06+00:00\" \/>\n<meta property=\"og:image\" content=\"https:\/\/hts-mct.com\/wp-content\/uploads\/2025\/05\/CBO-Sleeve.jpg\" \/>\n\t<meta property=\"og:image:width\" content=\"300\" \/>\n\t<meta property=\"og:image:height\" content=\"300\" \/>\n\t<meta property=\"og:image:type\" content=\"image\/jpeg\" \/>\n<meta name=\"twitter:card\" content=\"summary_large_image\" \/>\n<meta name=\"twitter:label1\" content=\"Tempo di lettura stimato\" \/>\n\t<meta name=\"twitter:data1\" content=\"1 minuto\" \/>\n<script type=\"application\/ld+json\" class=\"yoast-schema-graph\">{\"@context\":\"https:\/\/schema.org\",\"@graph\":[{\"@type\":\"WebPage\",\"@id\":\"https:\/\/hts-mct.com\/it\/prodotti\/manicotto-cbo\/\",\"url\":\"https:\/\/hts-mct.com\/it\/prodotti\/manicotto-cbo\/\",\"name\":\"Manicotto CBO - HTS MCT | Safety Sealing Solutions for Cables and Pipes\",\"isPartOf\":{\"@id\":\"https:\/\/hts-mct.com\/it\/#website\"},\"primaryImageOfPage\":{\"@id\":\"https:\/\/hts-mct.com\/it\/prodotti\/manicotto-cbo\/#primaryimage\"},\"image\":{\"@id\":\"https:\/\/hts-mct.com\/it\/prodotti\/manicotto-cbo\/#primaryimage\"},\"thumbnailUrl\":\"https:\/\/hts-mct.com\/wp-content\/uploads\/2025\/05\/CBO-Sleeve.jpg\",\"datePublished\":\"2025-07-16T11:50:28+00:00\",\"dateModified\":\"2026-02-06T10:07:06+00:00\",\"breadcrumb\":{\"@id\":\"https:\/\/hts-mct.com\/it\/prodotti\/manicotto-cbo\/#breadcrumb\"},\"inLanguage\":\"it-IT\",\"potentialAction\":[{\"@type\":\"ReadAction\",\"target\":[\"https:\/\/hts-mct.com\/it\/prodotti\/manicotto-cbo\/\"]}]},{\"@type\":\"ImageObject\",\"inLanguage\":\"it-IT\",\"@id\":\"https:\/\/hts-mct.com\/it\/prodotti\/manicotto-cbo\/#primaryimage\",\"url\":\"https:\/\/hts-mct.com\/wp-content\/uploads\/2025\/05\/CBO-Sleeve.jpg\",\"contentUrl\":\"https:\/\/hts-mct.com\/wp-content\/uploads\/2025\/05\/CBO-Sleeve.jpg\"},{\"@type\":\"BreadcrumbList\",\"@id\":\"https:\/\/hts-mct.com\/it\/prodotti\/manicotto-cbo\/#breadcrumb\",\"itemListElement\":[{\"@type\":\"ListItem\",\"position\":1,\"name\":\"Home\",\"item\":\"https:\/\/hts-mct.com\/it\/hts-mct-soluzioni-di-sigillatura-di-sicurezza-per-cavi-e-tubi\/\"},{\"@type\":\"ListItem\",\"position\":2,\"name\":\"Prodotti\",\"item\":\"https:\/\/hts-mct.com\/it\/prodotti\/\"},{\"@type\":\"ListItem\",\"position\":3,\"name\":\"Manicotto CBO\"}]},{\"@type\":\"WebSite\",\"@id\":\"https:\/\/hts-mct.com\/it\/#website\",\"url\":\"https:\/\/hts-mct.com\/it\/\",\"name\":\"HTS MCT | Safety Sealing Solutions for Cables and Pipes\",\"description\":\"Discover HTS MCT sealing solutions, designed to ensure safety and efficiency for cable and pipe penetrations. Reliable protection for the most demanding environments.\",\"publisher\":{\"@id\":\"https:\/\/hts-mct.com\/it\/#organization\"},\"potentialAction\":[{\"@type\":\"SearchAction\",\"target\":{\"@type\":\"EntryPoint\",\"urlTemplate\":\"https:\/\/hts-mct.com\/it\/?s={search_term_string}\"},\"query-input\":{\"@type\":\"PropertyValueSpecification\",\"valueRequired\":true,\"valueName\":\"search_term_string\"}}],\"inLanguage\":\"it-IT\"},{\"@type\":\"Organization\",\"@id\":\"https:\/\/hts-mct.com\/it\/#organization\",\"name\":\"HTS MCT | Safety Sealing Solutions for Cables and Pipes\",\"url\":\"https:\/\/hts-mct.com\/it\/\",\"logo\":{\"@type\":\"ImageObject\",\"inLanguage\":\"it-IT\",\"@id\":\"https:\/\/hts-mct.com\/it\/#\/schema\/logo\/image\/\",\"url\":\"https:\/\/hts-mct.com\/wp-content\/uploads\/2025\/07\/HTS-MCT-logo-Social.png\",\"contentUrl\":\"https:\/\/hts-mct.com\/wp-content\/uploads\/2025\/07\/HTS-MCT-logo-Social.png\",\"width\":348,\"height\":89,\"caption\":\"HTS MCT | Safety Sealing Solutions for Cables and Pipes\"},\"image\":{\"@id\":\"https:\/\/hts-mct.com\/it\/#\/schema\/logo\/image\/\"}}]}<\/script>\n<!-- \/ Yoast SEO Premium plugin. -->","yoast_head_json":{"title":"Manicotto CBO - HTS MCT | Safety Sealing Solutions for Cables and Pipes","robots":{"index":"index","follow":"follow","max-snippet":"max-snippet:-1","max-image-preview":"max-image-preview:large","max-video-preview":"max-video-preview:-1"},"canonical":"https:\/\/hts-mct.com\/it\/prodotti\/manicotto-cbo\/","og_locale":"it_IT","og_type":"article","og_title":"Manicotto CBO","og_description":"Manicotto CBO Manicotto CBO Manicotto circolare con flangia ed estremit\u00e0 removibile, progettato per l\u2019installazione attorno a cavi esistenti e compatibile con i sistemi MCT circolari HTS. Descrizione del manicotto CBO Il manicotto CBO di HTS \u00e8 un casquillo circolare dotato di flangia ed estremit\u00e0 removibile, che consente l\u2019installazione attorno a cavi gi\u00e0 esistenti senza la [&hellip;]","og_url":"https:\/\/hts-mct.com\/it\/prodotti\/manicotto-cbo\/","og_site_name":"HTS MCT | Safety Sealing Solutions for Cables and Pipes","article_modified_time":"2026-02-06T10:07:06+00:00","og_image":[{"width":300,"height":300,"url":"https:\/\/hts-mct.com\/wp-content\/uploads\/2025\/05\/CBO-Sleeve.jpg","type":"image\/jpeg"}],"twitter_card":"summary_large_image","twitter_misc":{"Tempo di lettura stimato":"1 minuto"},"schema":{"@context":"https:\/\/schema.org","@graph":[{"@type":"WebPage","@id":"https:\/\/hts-mct.com\/it\/prodotti\/manicotto-cbo\/","url":"https:\/\/hts-mct.com\/it\/prodotti\/manicotto-cbo\/","name":"Manicotto CBO - HTS MCT | Safety Sealing Solutions for Cables and Pipes","isPartOf":{"@id":"https:\/\/hts-mct.com\/it\/#website"},"primaryImageOfPage":{"@id":"https:\/\/hts-mct.com\/it\/prodotti\/manicotto-cbo\/#primaryimage"},"image":{"@id":"https:\/\/hts-mct.com\/it\/prodotti\/manicotto-cbo\/#primaryimage"},"thumbnailUrl":"https:\/\/hts-mct.com\/wp-content\/uploads\/2025\/05\/CBO-Sleeve.jpg","datePublished":"2025-07-16T11:50:28+00:00","dateModified":"2026-02-06T10:07:06+00:00","breadcrumb":{"@id":"https:\/\/hts-mct.com\/it\/prodotti\/manicotto-cbo\/#breadcrumb"},"inLanguage":"it-IT","potentialAction":[{"@type":"ReadAction","target":["https:\/\/hts-mct.com\/it\/prodotti\/manicotto-cbo\/"]}]},{"@type":"ImageObject","inLanguage":"it-IT","@id":"https:\/\/hts-mct.com\/it\/prodotti\/manicotto-cbo\/#primaryimage","url":"https:\/\/hts-mct.com\/wp-content\/uploads\/2025\/05\/CBO-Sleeve.jpg","contentUrl":"https:\/\/hts-mct.com\/wp-content\/uploads\/2025\/05\/CBO-Sleeve.jpg"},{"@type":"BreadcrumbList","@id":"https:\/\/hts-mct.com\/it\/prodotti\/manicotto-cbo\/#breadcrumb","itemListElement":[{"@type":"ListItem","position":1,"name":"Home","item":"https:\/\/hts-mct.com\/it\/hts-mct-soluzioni-di-sigillatura-di-sicurezza-per-cavi-e-tubi\/"},{"@type":"ListItem","position":2,"name":"Prodotti","item":"https:\/\/hts-mct.com\/it\/prodotti\/"},{"@type":"ListItem","position":3,"name":"Manicotto CBO"}]},{"@type":"WebSite","@id":"https:\/\/hts-mct.com\/it\/#website","url":"https:\/\/hts-mct.com\/it\/","name":"HTS MCT | Safety Sealing Solutions for Cables and Pipes","description":"Discover HTS MCT sealing solutions, designed to ensure safety and efficiency for cable and pipe penetrations. Reliable protection for the most demanding environments.","publisher":{"@id":"https:\/\/hts-mct.com\/it\/#organization"},"potentialAction":[{"@type":"SearchAction","target":{"@type":"EntryPoint","urlTemplate":"https:\/\/hts-mct.com\/it\/?s={search_term_string}"},"query-input":{"@type":"PropertyValueSpecification","valueRequired":true,"valueName":"search_term_string"}}],"inLanguage":"it-IT"},{"@type":"Organization","@id":"https:\/\/hts-mct.com\/it\/#organization","name":"HTS MCT | Safety Sealing Solutions for Cables and Pipes","url":"https:\/\/hts-mct.com\/it\/","logo":{"@type":"ImageObject","inLanguage":"it-IT","@id":"https:\/\/hts-mct.com\/it\/#\/schema\/logo\/image\/","url":"https:\/\/hts-mct.com\/wp-content\/uploads\/2025\/07\/HTS-MCT-logo-Social.png","contentUrl":"https:\/\/hts-mct.com\/wp-content\/uploads\/2025\/07\/HTS-MCT-logo-Social.png","width":348,"height":89,"caption":"HTS MCT | Safety Sealing Solutions for Cables and Pipes"},"image":{"@id":"https:\/\/hts-mct.com\/it\/#\/schema\/logo\/image\/"}}]}},"_links":{"self":[{"href":"https:\/\/hts-mct.com\/it\/wp-json\/wp\/v2\/pages\/15135","targetHints":{"allow":["GET"]}}],"collection":[{"href":"https:\/\/hts-mct.com\/it\/wp-json\/wp\/v2\/pages"}],"about":[{"href":"https:\/\/hts-mct.com\/it\/wp-json\/wp\/v2\/types\/page"}],"author":[{"embeddable":true,"href":"https:\/\/hts-mct.com\/it\/wp-json\/wp\/v2\/users\/1"}],"replies":[{"embeddable":true,"href":"https:\/\/hts-mct.com\/it\/wp-json\/wp\/v2\/comments?post=15135"}],"version-history":[{"count":35,"href":"https:\/\/hts-mct.com\/it\/wp-json\/wp\/v2\/pages\/15135\/revisions"}],"predecessor-version":[{"id":25518,"href":"https:\/\/hts-mct.com\/it\/wp-json\/wp\/v2\/pages\/15135\/revisions\/25518"}],"up":[{"embeddable":true,"href":"https:\/\/hts-mct.com\/it\/wp-json\/wp\/v2\/pages\/15442"}],"wp:attachment":[{"href":"https:\/\/hts-mct.com\/it\/wp-json\/wp\/v2\/media?parent=15135"}],"curies":[{"name":"wp","href":"https:\/\/api.w.org\/{rel}","templated":true}]}}