{"id":15129,"date":"2025-07-16T13:38:06","date_gmt":"2025-07-16T11:38:06","guid":{"rendered":"https:\/\/hts-mct.com\/guide-donda\/"},"modified":"2026-02-09T12:09:42","modified_gmt":"2026-02-09T11:09:42","slug":"guide-donda","status":"publish","type":"page","link":"https:\/\/hts-mct.com\/it\/prodotti\/guide-donda\/","title":{"rendered":"Blocchetti per guide d&#8217;onda"},"content":{"rendered":"\t\t<div data-elementor-type=\"wp-page\" data-elementor-id=\"15129\" class=\"elementor elementor-15129 elementor-14270\" data-elementor-post-type=\"page\">\n\t\t\t\t<div class=\"elementor-element elementor-element-5c8ec88f e-con-full e-flex e-con e-parent\" data-id=\"5c8ec88f\" data-element_type=\"container\" data-e-type=\"container\" data-settings=\"{&quot;background_background&quot;:&quot;classic&quot;}\">\n\t\t\t\t<div class=\"elementor-element elementor-element-2ed1a61a elementor-widget elementor-widget-heading\" data-id=\"2ed1a61a\" data-element_type=\"widget\" data-e-type=\"widget\" data-widget_type=\"heading.default\">\n\t\t\t\t<div class=\"elementor-widget-container\">\n\t\t\t\t\t<h1 class=\"elementor-heading-title elementor-size-default\">Blocchetti per guide d'onda<\/h1>\t\t\t\t<\/div>\n\t\t\t\t<\/div>\n\t\t\t\t<div class=\"elementor-element elementor-element-351779f2 elementor-align-center elementor-widget elementor-widget-breadcrumbs\" data-id=\"351779f2\" data-element_type=\"widget\" data-e-type=\"widget\" id=\"breadcrumbs\" data-widget_type=\"breadcrumbs.default\">\n\t\t\t\t<div class=\"elementor-widget-container\">\n\t\t\t\t\t<nav id=\"breadcrumbs\"><span><span><a href=\"https:\/\/hts-mct.com\/it\/hts-mct-soluzioni-di-sigillatura-di-sicurezza-per-cavi-e-tubi\/\">Home<\/a><\/span><\/span><\/nav>\t\t\t\t<\/div>\n\t\t\t\t<\/div>\n\t\t\t\t<\/div>\n\t\t<div class=\"elementor-element elementor-element-2ea9d6b7 e-flex e-con-boxed e-con e-parent\" data-id=\"2ea9d6b7\" data-element_type=\"container\" data-e-type=\"container\">\n\t\t\t\t\t<div class=\"e-con-inner\">\n\t\t<div class=\"elementor-element elementor-element-2e3a4cfe e-con-full e-flex e-con e-child\" data-id=\"2e3a4cfe\" data-element_type=\"container\" data-e-type=\"container\">\n\t\t\t\t<div class=\"elementor-element elementor-element-1e3f716 elementor-widget elementor-widget-heading\" data-id=\"1e3f716\" data-element_type=\"widget\" data-e-type=\"widget\" data-widget_type=\"heading.default\">\n\t\t\t\t<div class=\"elementor-widget-container\">\n\t\t\t\t\t<h2 class=\"elementor-heading-title elementor-size-default\">Blocchetti per guide d'onda<\/h2>\t\t\t\t<\/div>\n\t\t\t\t<\/div>\n\t\t\t\t<div class=\"elementor-element elementor-element-67c89830 elementor-widget elementor-widget-text-editor\" data-id=\"67c89830\" data-element_type=\"widget\" data-e-type=\"widget\" data-widget_type=\"text-editor.default\">\n\t\t\t\t<div class=\"elementor-widget-container\">\n\t\t\t\t\t\t\t\t\t<p>Si tratta di blocchetti speciali realizzati per sigillare senza problemi guide d&#8217;onda di varie dimensioni. Inseriti nei blocchi HF standard, migliorano le prestazioni del sistema, garantendo un allineamento preciso dell&#8217;ingresso e dell&#8217;uscita dei cavi per una funzionalit\u00e0 ottimale. <\/p>\t\t\t\t\t\t\t\t<\/div>\n\t\t\t\t<\/div>\n\t\t\t\t<\/div>\n\t\t<div class=\"elementor-element elementor-element-4138293d e-con-full e-flex e-con e-child\" data-id=\"4138293d\" data-element_type=\"container\" data-e-type=\"container\">\n\t\t\t\t<div class=\"elementor-element elementor-element-745e2f0f elementor-widget elementor-widget-image\" data-id=\"745e2f0f\" data-element_type=\"widget\" data-e-type=\"widget\" data-widget_type=\"image.default\">\n\t\t\t\t<div class=\"elementor-widget-container\">\n\t\t\t\t\t\t\t\t\t\t\t\t\t\t\t\t<a href=\"https:\/\/hts-mct.com\/wp-content\/uploads\/2025\/05\/Wave-guides.jpg\" data-elementor-open-lightbox=\"yes\" data-elementor-lightbox-title=\"HTS Sealing Assembly Wave Guides blocks\" data-elementor-lightbox-description=\"Specialized blocks crafted to accommodate various waveguide sizes seamlessly. When inserted into standard HF Blocks, they enhance system performance, ensuring precise cable entry and exit alignment for optimal functionality.\" data-e-action-hash=\"#elementor-action%3Aaction%3Dlightbox%26settings%3DeyJpZCI6MTUyMDgsInVybCI6Imh0dHBzOlwvXC9odHMtbWN0LmNvbVwvd3AtY29udGVudFwvdXBsb2Fkc1wvMjAyNVwvMDVcL1dhdmUtZ3VpZGVzLmpwZyJ9\">\n\t\t\t\t\t\t\t<img fetchpriority=\"high\" decoding=\"async\" width=\"300\" height=\"300\" src=\"https:\/\/hts-mct.com\/wp-content\/uploads\/2025\/05\/Wave-guides.jpg\" class=\"attachment-medium size-medium wp-image-15208\" alt=\"HTS Sealing Assembly Wave Guides blocks\" srcset=\"https:\/\/hts-mct.com\/wp-content\/uploads\/2025\/05\/Wave-guides.jpg 300w, https:\/\/hts-mct.com\/wp-content\/uploads\/2025\/05\/Wave-guides-150x150.jpg 150w\" sizes=\"(max-width: 300px) 100vw, 300px\" \/>\t\t\t\t\t\t\t\t<\/a>\n\t\t\t\t\t\t\t\t\t\t\t\t\t\t\t<\/div>\n\t\t\t\t<\/div>\n\t\t\t\t<\/div>\n\t\t\t\t\t<\/div>\n\t\t\t\t<\/div>\n\t\t<div class=\"elementor-element elementor-element-48689330 e-flex e-con-boxed e-con e-parent\" data-id=\"48689330\" data-element_type=\"container\" data-e-type=\"container\">\n\t\t\t\t\t<div class=\"e-con-inner\">\n\t\t\t\t<div class=\"elementor-element elementor-element-110e97c5 elementor-widget elementor-widget-heading\" data-id=\"110e97c5\" data-element_type=\"widget\" data-e-type=\"widget\" data-widget_type=\"heading.default\">\n\t\t\t\t<div class=\"elementor-widget-container\">\n\t\t\t\t\t<h2 class=\"elementor-heading-title elementor-size-default\">Descrizione dei blocchetti per guide d'onda<\/h2>\t\t\t\t<\/div>\n\t\t\t\t<\/div>\n\t\t\t\t<div class=\"elementor-element elementor-element-1568fdbc elementor-widget elementor-widget-text-editor\" data-id=\"1568fdbc\" data-element_type=\"widget\" data-e-type=\"widget\" data-widget_type=\"text-editor.default\">\n\t\t\t\t<div class=\"elementor-widget-container\">\n\t\t\t\t\t\t\t\t\t<p>I<strong> Blocchetti HTS per guide d&#8217;onda <\/strong>sono in grado di adattarsi a le dimensioni delle guide d&#8217;onda pi\u00f9 diffuse, garantendone un&#8217;integrazione perfetta e prestazioni ottimali all&#8217;interno dei blocchetti HF standard.<\/p><p><strong>Caratteristiche principali:<\/strong><\/p><ul><li>Fatti a misura per adattarsi a guide d&#8217;onda di varie forme e dimensioni.<\/li><li>Progettato per essere inseriti senza problemi nei blocchi HF standard.<\/li><li>Le dimensioni personalizzate sono disponibili su richiesta per soddisfare le esigenze di progetti specifici.<\/li><li>\u00c8 essenziale per garantire che i cavi entrino ed escano dall&#8217;apertura perpendicolarmente al telaio, garantendo l&#8217;efficacia del sistema.<br><br><\/li><\/ul><p>I blocchetti HTS per guide d&#8217;onda offrono una soluzione versatile per le diverse esigenze di progetto, garantendone la funzionalit\u00e0 la affidabilit\u00e0 e la facilit\u00e0 di integrazione nei sistemi preesistenti.<\/p>\t\t\t\t\t\t\t\t<\/div>\n\t\t\t\t<\/div>\n\t\t\t\t<div class=\"elementor-element elementor-element-72f619eb botom-line-degree elementor-widget elementor-widget-heading\" data-id=\"72f619eb\" data-element_type=\"widget\" data-e-type=\"widget\" data-widget_type=\"heading.default\">\n\t\t\t\t<div class=\"elementor-widget-container\">\n\t\t\t\t\t<h2 class=\"elementor-heading-title elementor-size-default\">Scarica<\/h2>\t\t\t\t<\/div>\n\t\t\t\t<\/div>\n\t\t\t\t<div class=\"elementor-element elementor-element-30fbcff7 icons-color-secondary elementor-icon-list--layout-traditional elementor-list-item-link-full_width elementor-widget elementor-widget-icon-list\" data-id=\"30fbcff7\" data-element_type=\"widget\" data-e-type=\"widget\" data-widget_type=\"icon-list.default\">\n\t\t\t\t<div class=\"elementor-widget-container\">\n\t\t\t\t\t\t\t<ul class=\"elementor-icon-list-items\">\n\t\t\t\t\t\t\t<li class=\"elementor-icon-list-item\">\n\t\t\t\t\t\t\t\t\t\t\t<a href=\"\/documentation\/datasheet\/tolerant-blocks-data-sheet-it.pdf\">\n\n\t\t\t\t\t\t\t\t\t\t\t\t<span class=\"elementor-icon-list-icon\">\n\t\t\t\t\t\t\t<svg aria-hidden=\"true\" class=\"e-font-icon-svg e-far-arrow-alt-circle-right\" viewBox=\"0 0 512 512\" xmlns=\"http:\/\/www.w3.org\/2000\/svg\"><path d=\"M504 256C504 119 393 8 256 8S8 119 8 256s111 248 248 248 248-111 248-248zm-448 0c0-110.5 89.5-200 200-200s200 89.5 200 200-89.5 200-200 200S56 366.5 56 256zm72 20v-40c0-6.6 5.4-12 12-12h116v-67c0-10.7 12.9-16 20.5-8.5l99 99c4.7 4.7 4.7 12.3 0 17l-99 99c-7.6 7.6-20.5 2.2-20.5-8.5v-67H140c-6.6 0-12-5.4-12-12z\"><\/path><\/svg>\t\t\t\t\t\t<\/span>\n\t\t\t\t\t\t\t\t\t\t<span class=\"elementor-icon-list-text\">Scheda tecnica dei blocchetti per guide d'onda<\/span>\n\t\t\t\t\t\t\t\t\t\t\t<\/a>\n\t\t\t\t\t\t\t\t\t<\/li>\n\t\t\t\t\t\t<\/ul>\n\t\t\t\t\t\t<\/div>\n\t\t\t\t<\/div>\n\t\t\t\t\t<\/div>\n\t\t\t\t<\/div>\n\t\t<div class=\"elementor-element elementor-element-22337268 e-con-full e-flex e-con e-parent\" data-id=\"22337268\" data-element_type=\"container\" data-e-type=\"container\" data-settings=\"{&quot;background_background&quot;:&quot;classic&quot;}\">\n\t\t\t\t<div class=\"elementor-element elementor-element-2e36320e elementor-widget__width-inherit elementor-widget elementor-widget-heading\" data-id=\"2e36320e\" data-element_type=\"widget\" data-e-type=\"widget\" data-widget_type=\"heading.default\">\n\t\t\t\t<div class=\"elementor-widget-container\">\n\t\t\t\t\t<h2 class=\"elementor-heading-title elementor-size-default\">Video dell'installazione<\/h2>\t\t\t\t<\/div>\n\t\t\t\t<\/div>\n\t\t<div class=\"elementor-element elementor-element-372226ed e-flex e-con-boxed e-con e-child\" data-id=\"372226ed\" data-element_type=\"container\" data-e-type=\"container\">\n\t\t\t\t\t<div class=\"e-con-inner\">\n\t\t\t\t<div class=\"elementor-element elementor-element-102a3f57 elementor-widget elementor-widget-video\" data-id=\"102a3f57\" data-element_type=\"widget\" data-e-type=\"widget\" data-settings=\"{&quot;youtube_url&quot;:&quot;https:\\\/\\\/youtu.be\\\/mpGTkd93kKc&quot;,&quot;video_type&quot;:&quot;youtube&quot;,&quot;controls&quot;:&quot;yes&quot;}\" data-widget_type=\"video.default\">\n\t\t\t\t<div class=\"elementor-widget-container\">\n\t\t\t\t\t\t\t<div class=\"elementor-wrapper elementor-open-inline\">\n\t\t\t<div class=\"elementor-video\"><\/div>\t\t<\/div>\n\t\t\t\t\t\t<\/div>\n\t\t\t\t<\/div>\n\t\t\t\t<div class=\"elementor-element elementor-element-49f6859 elementor-widget elementor-widget-video\" data-id=\"49f6859\" data-element_type=\"widget\" data-e-type=\"widget\" data-settings=\"{&quot;youtube_url&quot;:&quot;https:\\\/\\\/www.youtube.com\\\/watch?v=Xvfe91R-vuI&quot;,&quot;video_type&quot;:&quot;youtube&quot;,&quot;controls&quot;:&quot;yes&quot;}\" data-widget_type=\"video.default\">\n\t\t\t\t<div class=\"elementor-widget-container\">\n\t\t\t\t\t\t\t<div class=\"elementor-wrapper elementor-open-inline\">\n\t\t\t<div class=\"elementor-video\"><\/div>\t\t<\/div>\n\t\t\t\t\t\t<\/div>\n\t\t\t\t<\/div>\n\t\t\t\t<div class=\"elementor-element elementor-element-7a9ee063 elementor-widget elementor-widget-video\" data-id=\"7a9ee063\" data-element_type=\"widget\" data-e-type=\"widget\" data-settings=\"{&quot;youtube_url&quot;:&quot;https:\\\/\\\/youtu.be\\\/VYDlavPsZBA&quot;,&quot;video_type&quot;:&quot;youtube&quot;,&quot;controls&quot;:&quot;yes&quot;}\" data-widget_type=\"video.default\">\n\t\t\t\t<div class=\"elementor-widget-container\">\n\t\t\t\t\t\t\t<div class=\"elementor-wrapper elementor-open-inline\">\n\t\t\t<div class=\"elementor-video\"><\/div>\t\t<\/div>\n\t\t\t\t\t\t<\/div>\n\t\t\t\t<\/div>\n\t\t\t\t\t<\/div>\n\t\t\t\t<\/div>\n\t\t\t\t<\/div>\n\t\t\t\t<\/div>\n\t\t","protected":false},"excerpt":{"rendered":"<p>Blocchetti per guide d&#8217;onda Blocchetti per guide d&#8217;onda Si tratta di blocchetti speciali realizzati per sigillare senza problemi guide d&#8217;onda di varie dimensioni. Inseriti nei blocchi HF standard, migliorano le prestazioni del sistema, garantendo un allineamento preciso dell&#8217;ingresso e dell&#8217;uscita dei cavi per una funzionalit\u00e0 ottimale. Descrizione dei blocchetti per guide d&#8217;onda I Blocchetti HTS [&hellip;]<\/p>\n","protected":false},"author":1,"featured_media":0,"parent":15442,"menu_order":0,"comment_status":"closed","ping_status":"closed","template":"","meta":{"footnotes":""},"class_list":["post-15129","page","type-page","status-publish","hentry"],"yoast_head":"<!-- This site is optimized with the Yoast SEO Premium plugin v25.5 (Yoast SEO v25.5) - https:\/\/yoast.com\/wordpress\/plugins\/seo\/ -->\n<title>Guide d&#039;onda - HTS MCT | Soluzioni di tenuta di sicurezza per cavi e tubi<\/title>\n<meta name=\"description\" content=\"I blocchi per guide d&#039;onda HTS consentono di sigillare le guide d&#039;onda in modo sicuro e conforme alle norme EMC. Perfetti per la gestione dei cavi ad alta frequenza nelle installazioni industriali.\" \/>\n<meta name=\"robots\" content=\"index, follow, max-snippet:-1, max-image-preview:large, max-video-preview:-1\" \/>\n<link rel=\"canonical\" href=\"https:\/\/hts-mct.com\/it\/prodotti\/guide-donda\/\" \/>\n<meta property=\"og:locale\" content=\"it_IT\" \/>\n<meta property=\"og:type\" content=\"article\" \/>\n<meta property=\"og:title\" content=\"Blocchetti per guide d&#039;onda\" \/>\n<meta property=\"og:description\" content=\"I blocchi per guide d&#039;onda HTS consentono di sigillare le guide d&#039;onda in modo sicuro e conforme alle norme EMC. Perfetti per la gestione dei cavi ad alta frequenza nelle installazioni industriali.\" \/>\n<meta property=\"og:url\" content=\"https:\/\/hts-mct.com\/it\/prodotti\/guide-donda\/\" \/>\n<meta property=\"og:site_name\" content=\"HTS MCT | Safety Sealing Solutions for Cables and Pipes\" \/>\n<meta property=\"article:modified_time\" content=\"2026-02-09T11:09:42+00:00\" \/>\n<meta property=\"og:image\" content=\"https:\/\/hts-mct.com\/wp-content\/uploads\/2025\/05\/Wave-guides.jpg\" \/>\n\t<meta property=\"og:image:width\" content=\"300\" \/>\n\t<meta property=\"og:image:height\" content=\"300\" \/>\n\t<meta property=\"og:image:type\" content=\"image\/jpeg\" \/>\n<meta name=\"twitter:card\" content=\"summary_large_image\" \/>\n<meta name=\"twitter:label1\" content=\"Tempo di lettura stimato\" \/>\n\t<meta name=\"twitter:data1\" content=\"2 minuti\" \/>\n<script type=\"application\/ld+json\" class=\"yoast-schema-graph\">{\"@context\":\"https:\/\/schema.org\",\"@graph\":[{\"@type\":\"WebPage\",\"@id\":\"https:\/\/hts-mct.com\/it\/prodotti\/guide-donda\/\",\"url\":\"https:\/\/hts-mct.com\/it\/prodotti\/guide-donda\/\",\"name\":\"Guide d'onda - HTS MCT | Soluzioni di tenuta di sicurezza per cavi e tubi\",\"isPartOf\":{\"@id\":\"https:\/\/hts-mct.com\/it\/#website\"},\"primaryImageOfPage\":{\"@id\":\"https:\/\/hts-mct.com\/it\/prodotti\/guide-donda\/#primaryimage\"},\"image\":{\"@id\":\"https:\/\/hts-mct.com\/it\/prodotti\/guide-donda\/#primaryimage\"},\"thumbnailUrl\":\"https:\/\/hts-mct.com\/wp-content\/uploads\/2025\/05\/Wave-guides.jpg\",\"datePublished\":\"2025-07-16T11:38:06+00:00\",\"dateModified\":\"2026-02-09T11:09:42+00:00\",\"description\":\"I blocchi per guide d'onda HTS consentono di sigillare le guide d'onda in modo sicuro e conforme alle norme EMC. Perfetti per la gestione dei cavi ad alta frequenza nelle installazioni industriali.\",\"breadcrumb\":{\"@id\":\"https:\/\/hts-mct.com\/it\/prodotti\/guide-donda\/#breadcrumb\"},\"inLanguage\":\"it-IT\",\"potentialAction\":[{\"@type\":\"ReadAction\",\"target\":[\"https:\/\/hts-mct.com\/it\/prodotti\/guide-donda\/\"]}]},{\"@type\":\"ImageObject\",\"inLanguage\":\"it-IT\",\"@id\":\"https:\/\/hts-mct.com\/it\/prodotti\/guide-donda\/#primaryimage\",\"url\":\"https:\/\/hts-mct.com\/wp-content\/uploads\/2025\/05\/Wave-guides.jpg\",\"contentUrl\":\"https:\/\/hts-mct.com\/wp-content\/uploads\/2025\/05\/Wave-guides.jpg\"},{\"@type\":\"BreadcrumbList\",\"@id\":\"https:\/\/hts-mct.com\/it\/prodotti\/guide-donda\/#breadcrumb\",\"itemListElement\":[{\"@type\":\"ListItem\",\"position\":1,\"name\":\"Home\",\"item\":\"https:\/\/hts-mct.com\/it\/hts-mct-soluzioni-di-sigillatura-di-sicurezza-per-cavi-e-tubi\/\"},{\"@type\":\"ListItem\",\"position\":2,\"name\":\"Prodotti\",\"item\":\"https:\/\/hts-mct.com\/it\/prodotti\/\"},{\"@type\":\"ListItem\",\"position\":3,\"name\":\"Blocchetti per guide d&#8217;onda\"}]},{\"@type\":\"WebSite\",\"@id\":\"https:\/\/hts-mct.com\/it\/#website\",\"url\":\"https:\/\/hts-mct.com\/it\/\",\"name\":\"HTS MCT | Safety Sealing Solutions for Cables and Pipes\",\"description\":\"Discover HTS MCT sealing solutions, designed to ensure safety and efficiency for cable and pipe penetrations. Reliable protection for the most demanding environments.\",\"publisher\":{\"@id\":\"https:\/\/hts-mct.com\/it\/#organization\"},\"potentialAction\":[{\"@type\":\"SearchAction\",\"target\":{\"@type\":\"EntryPoint\",\"urlTemplate\":\"https:\/\/hts-mct.com\/it\/?s={search_term_string}\"},\"query-input\":{\"@type\":\"PropertyValueSpecification\",\"valueRequired\":true,\"valueName\":\"search_term_string\"}}],\"inLanguage\":\"it-IT\"},{\"@type\":\"Organization\",\"@id\":\"https:\/\/hts-mct.com\/it\/#organization\",\"name\":\"HTS MCT | Safety Sealing Solutions for Cables and Pipes\",\"url\":\"https:\/\/hts-mct.com\/it\/\",\"logo\":{\"@type\":\"ImageObject\",\"inLanguage\":\"it-IT\",\"@id\":\"https:\/\/hts-mct.com\/it\/#\/schema\/logo\/image\/\",\"url\":\"https:\/\/hts-mct.com\/wp-content\/uploads\/2025\/07\/HTS-MCT-logo-Social.png\",\"contentUrl\":\"https:\/\/hts-mct.com\/wp-content\/uploads\/2025\/07\/HTS-MCT-logo-Social.png\",\"width\":348,\"height\":89,\"caption\":\"HTS MCT | Safety Sealing Solutions for Cables and Pipes\"},\"image\":{\"@id\":\"https:\/\/hts-mct.com\/it\/#\/schema\/logo\/image\/\"}}]}<\/script>\n<!-- \/ Yoast SEO Premium plugin. -->","yoast_head_json":{"title":"Guide d'onda - HTS MCT | Soluzioni di tenuta di sicurezza per cavi e tubi","description":"I blocchi per guide d'onda HTS consentono di sigillare le guide d'onda in modo sicuro e conforme alle norme EMC. Perfetti per la gestione dei cavi ad alta frequenza nelle installazioni industriali.","robots":{"index":"index","follow":"follow","max-snippet":"max-snippet:-1","max-image-preview":"max-image-preview:large","max-video-preview":"max-video-preview:-1"},"canonical":"https:\/\/hts-mct.com\/it\/prodotti\/guide-donda\/","og_locale":"it_IT","og_type":"article","og_title":"Blocchetti per guide d'onda","og_description":"I blocchi per guide d'onda HTS consentono di sigillare le guide d'onda in modo sicuro e conforme alle norme EMC. Perfetti per la gestione dei cavi ad alta frequenza nelle installazioni industriali.","og_url":"https:\/\/hts-mct.com\/it\/prodotti\/guide-donda\/","og_site_name":"HTS MCT | Safety Sealing Solutions for Cables and Pipes","article_modified_time":"2026-02-09T11:09:42+00:00","og_image":[{"width":300,"height":300,"url":"https:\/\/hts-mct.com\/wp-content\/uploads\/2025\/05\/Wave-guides.jpg","type":"image\/jpeg"}],"twitter_card":"summary_large_image","twitter_misc":{"Tempo di lettura stimato":"2 minuti"},"schema":{"@context":"https:\/\/schema.org","@graph":[{"@type":"WebPage","@id":"https:\/\/hts-mct.com\/it\/prodotti\/guide-donda\/","url":"https:\/\/hts-mct.com\/it\/prodotti\/guide-donda\/","name":"Guide d'onda - HTS MCT | Soluzioni di tenuta di sicurezza per cavi e tubi","isPartOf":{"@id":"https:\/\/hts-mct.com\/it\/#website"},"primaryImageOfPage":{"@id":"https:\/\/hts-mct.com\/it\/prodotti\/guide-donda\/#primaryimage"},"image":{"@id":"https:\/\/hts-mct.com\/it\/prodotti\/guide-donda\/#primaryimage"},"thumbnailUrl":"https:\/\/hts-mct.com\/wp-content\/uploads\/2025\/05\/Wave-guides.jpg","datePublished":"2025-07-16T11:38:06+00:00","dateModified":"2026-02-09T11:09:42+00:00","description":"I blocchi per guide d'onda HTS consentono di sigillare le guide d'onda in modo sicuro e conforme alle norme EMC. Perfetti per la gestione dei cavi ad alta frequenza nelle installazioni industriali.","breadcrumb":{"@id":"https:\/\/hts-mct.com\/it\/prodotti\/guide-donda\/#breadcrumb"},"inLanguage":"it-IT","potentialAction":[{"@type":"ReadAction","target":["https:\/\/hts-mct.com\/it\/prodotti\/guide-donda\/"]}]},{"@type":"ImageObject","inLanguage":"it-IT","@id":"https:\/\/hts-mct.com\/it\/prodotti\/guide-donda\/#primaryimage","url":"https:\/\/hts-mct.com\/wp-content\/uploads\/2025\/05\/Wave-guides.jpg","contentUrl":"https:\/\/hts-mct.com\/wp-content\/uploads\/2025\/05\/Wave-guides.jpg"},{"@type":"BreadcrumbList","@id":"https:\/\/hts-mct.com\/it\/prodotti\/guide-donda\/#breadcrumb","itemListElement":[{"@type":"ListItem","position":1,"name":"Home","item":"https:\/\/hts-mct.com\/it\/hts-mct-soluzioni-di-sigillatura-di-sicurezza-per-cavi-e-tubi\/"},{"@type":"ListItem","position":2,"name":"Prodotti","item":"https:\/\/hts-mct.com\/it\/prodotti\/"},{"@type":"ListItem","position":3,"name":"Blocchetti per guide d&#8217;onda"}]},{"@type":"WebSite","@id":"https:\/\/hts-mct.com\/it\/#website","url":"https:\/\/hts-mct.com\/it\/","name":"HTS MCT | Safety Sealing Solutions for Cables and Pipes","description":"Discover HTS MCT sealing solutions, designed to ensure safety and efficiency for cable and pipe penetrations. Reliable protection for the most demanding environments.","publisher":{"@id":"https:\/\/hts-mct.com\/it\/#organization"},"potentialAction":[{"@type":"SearchAction","target":{"@type":"EntryPoint","urlTemplate":"https:\/\/hts-mct.com\/it\/?s={search_term_string}"},"query-input":{"@type":"PropertyValueSpecification","valueRequired":true,"valueName":"search_term_string"}}],"inLanguage":"it-IT"},{"@type":"Organization","@id":"https:\/\/hts-mct.com\/it\/#organization","name":"HTS MCT | Safety Sealing Solutions for Cables and Pipes","url":"https:\/\/hts-mct.com\/it\/","logo":{"@type":"ImageObject","inLanguage":"it-IT","@id":"https:\/\/hts-mct.com\/it\/#\/schema\/logo\/image\/","url":"https:\/\/hts-mct.com\/wp-content\/uploads\/2025\/07\/HTS-MCT-logo-Social.png","contentUrl":"https:\/\/hts-mct.com\/wp-content\/uploads\/2025\/07\/HTS-MCT-logo-Social.png","width":348,"height":89,"caption":"HTS MCT | Safety Sealing Solutions for Cables and Pipes"},"image":{"@id":"https:\/\/hts-mct.com\/it\/#\/schema\/logo\/image\/"}}]}},"_links":{"self":[{"href":"https:\/\/hts-mct.com\/it\/wp-json\/wp\/v2\/pages\/15129","targetHints":{"allow":["GET"]}}],"collection":[{"href":"https:\/\/hts-mct.com\/it\/wp-json\/wp\/v2\/pages"}],"about":[{"href":"https:\/\/hts-mct.com\/it\/wp-json\/wp\/v2\/types\/page"}],"author":[{"embeddable":true,"href":"https:\/\/hts-mct.com\/it\/wp-json\/wp\/v2\/users\/1"}],"replies":[{"embeddable":true,"href":"https:\/\/hts-mct.com\/it\/wp-json\/wp\/v2\/comments?post=15129"}],"version-history":[{"count":17,"href":"https:\/\/hts-mct.com\/it\/wp-json\/wp\/v2\/pages\/15129\/revisions"}],"predecessor-version":[{"id":25807,"href":"https:\/\/hts-mct.com\/it\/wp-json\/wp\/v2\/pages\/15129\/revisions\/25807"}],"up":[{"embeddable":true,"href":"https:\/\/hts-mct.com\/it\/wp-json\/wp\/v2\/pages\/15442"}],"wp:attachment":[{"href":"https:\/\/hts-mct.com\/it\/wp-json\/wp\/v2\/media?parent=15129"}],"curies":[{"name":"wp","href":"https:\/\/api.w.org\/{rel}","templated":true}]}}