{"id":18675,"date":"2025-10-14T11:36:27","date_gmt":"2025-10-14T09:36:27","guid":{"rendered":"https:\/\/hts-mct.com\/productos\/herramienta-pelacable-emc\/"},"modified":"2026-02-09T17:16:41","modified_gmt":"2026-02-09T16:16:41","slug":"herramienta-pelacable-emc","status":"publish","type":"page","link":"https:\/\/hts-mct.com\/es\/productos\/herramienta-pelacable-emc\/","title":{"rendered":"Herramienta pelacable EMC"},"content":{"rendered":"\t\t<div data-elementor-type=\"wp-page\" data-elementor-id=\"18675\" class=\"elementor elementor-18675 elementor-18658\" data-elementor-post-type=\"page\">\n\t\t\t\t<div class=\"elementor-element elementor-element-175dd347 e-con-full e-flex e-con e-parent\" data-id=\"175dd347\" data-element_type=\"container\" data-e-type=\"container\" data-settings=\"{&quot;background_background&quot;:&quot;classic&quot;}\">\n\t\t\t\t<div class=\"elementor-element elementor-element-311578c3 elementor-widget elementor-widget-heading\" data-id=\"311578c3\" data-element_type=\"widget\" data-e-type=\"widget\" data-widget_type=\"heading.default\">\n\t\t\t\t<div class=\"elementor-widget-container\">\n\t\t\t\t\t<h1 class=\"elementor-heading-title elementor-size-default\">Herramienta pelacable EMC<\/h1>\t\t\t\t<\/div>\n\t\t\t\t<\/div>\n\t\t\t\t<div class=\"elementor-element elementor-element-49a11549 elementor-align-center elementor-widget elementor-widget-breadcrumbs\" data-id=\"49a11549\" data-element_type=\"widget\" data-e-type=\"widget\" id=\"breadcrumbs\" data-widget_type=\"breadcrumbs.default\">\n\t\t\t\t<div class=\"elementor-widget-container\">\n\t\t\t\t\t<nav id=\"breadcrumbs\"><span><span><a href=\"https:\/\/hts-mct.com\/es\/hts-mct-soluciones-de-sellado-seguras-para-cables-y-tuberias\/\">Home<\/a><\/span><\/span><\/nav>\t\t\t\t<\/div>\n\t\t\t\t<\/div>\n\t\t\t\t<\/div>\n\t\t<div class=\"elementor-element elementor-element-616f2d21 e-flex e-con-boxed e-con e-parent\" data-id=\"616f2d21\" data-element_type=\"container\" data-e-type=\"container\">\n\t\t\t\t\t<div class=\"e-con-inner\">\n\t\t<div class=\"elementor-element elementor-element-1b9962af e-con-full e-flex e-con e-child\" data-id=\"1b9962af\" data-element_type=\"container\" data-e-type=\"container\">\n\t\t\t\t<div class=\"elementor-element elementor-element-7e446af4 elementor-widget elementor-widget-heading\" data-id=\"7e446af4\" data-element_type=\"widget\" data-e-type=\"widget\" data-widget_type=\"heading.default\">\n\t\t\t\t<div class=\"elementor-widget-container\">\n\t\t\t\t\t<h2 class=\"elementor-heading-title elementor-size-default\">Herramienta pelacable EMC<\/h2>\t\t\t\t<\/div>\n\t\t\t\t<\/div>\n\t\t\t\t<div class=\"elementor-element elementor-element-18cc2171 elementor-widget elementor-widget-text-editor\" data-id=\"18cc2171\" data-element_type=\"widget\" data-e-type=\"widget\" data-widget_type=\"text-editor.default\">\n\t\t\t\t<div class=\"elementor-widget-container\">\n\t\t\t\t\t\t\t\t\t<p>Esta herramienta reutilizable est\u00e1 dise\u00f1ada para retirar la funda del cable con precisi\u00f3n y sin da\u00f1ar la pantalla del cable.<\/p>\t\t\t\t\t\t\t\t<\/div>\n\t\t\t\t<\/div>\n\t\t\t\t<\/div>\n\t\t<div class=\"elementor-element elementor-element-6ffc0d36 e-con-full e-flex e-con e-child\" data-id=\"6ffc0d36\" data-element_type=\"container\" data-e-type=\"container\">\n\t\t\t\t<div class=\"elementor-element elementor-element-1ac2a107 elementor-widget elementor-widget-image\" data-id=\"1ac2a107\" data-element_type=\"widget\" data-e-type=\"widget\" data-widget_type=\"image.default\">\n\t\t\t\t<div class=\"elementor-widget-container\">\n\t\t\t\t\t\t\t\t\t\t\t\t\t\t\t\t<a href=\"https:\/\/hts-mct.com\/wp-content\/uploads\/2025\/10\/EMC-Cable-Sheath-remove-Tool-e1766394324703.jpg\" data-elementor-open-lightbox=\"yes\" data-elementor-lightbox-title=\"EMC Cable Sheath remove Tool\" data-e-action-hash=\"#elementor-action%3Aaction%3Dlightbox%26settings%3DeyJpZCI6MTg2NjQsInVybCI6Imh0dHBzOlwvXC9odHMtbWN0LmNvbVwvd3AtY29udGVudFwvdXBsb2Fkc1wvMjAyNVwvMTBcL0VNQy1DYWJsZS1TaGVhdGgtcmVtb3ZlLVRvb2wtZTE3NjYzOTQzMjQ3MDMuanBnIn0%3D\">\n\t\t\t\t\t\t\t<img fetchpriority=\"high\" decoding=\"async\" width=\"300\" height=\"300\" src=\"https:\/\/hts-mct.com\/wp-content\/uploads\/2025\/10\/EMC-Cable-Sheath-remove-Tool-300x300.jpg\" class=\"attachment-medium size-medium wp-image-18664\" alt=\"EMC Cable Sheath remove Tool\" srcset=\"https:\/\/hts-mct.com\/wp-content\/uploads\/2025\/10\/EMC-Cable-Sheath-remove-Tool-300x300.jpg 300w, https:\/\/hts-mct.com\/wp-content\/uploads\/2025\/10\/EMC-Cable-Sheath-remove-Tool-150x150.jpg 150w, https:\/\/hts-mct.com\/wp-content\/uploads\/2025\/10\/EMC-Cable-Sheath-remove-Tool-768x768.jpg 768w, https:\/\/hts-mct.com\/wp-content\/uploads\/2025\/10\/EMC-Cable-Sheath-remove-Tool.jpg 900w\" sizes=\"(max-width: 300px) 100vw, 300px\" \/>\t\t\t\t\t\t\t\t<\/a>\n\t\t\t\t\t\t\t\t\t\t\t\t\t\t\t<\/div>\n\t\t\t\t<\/div>\n\t\t\t\t<\/div>\n\t\t\t\t\t<\/div>\n\t\t\t\t<\/div>\n\t\t<div class=\"elementor-element elementor-element-6bfc4b4b e-flex e-con-boxed e-con e-parent\" data-id=\"6bfc4b4b\" data-element_type=\"container\" data-e-type=\"container\">\n\t\t\t\t\t<div class=\"e-con-inner\">\n\t\t\t\t<div class=\"elementor-element elementor-element-cd7ee46 elementor-widget elementor-widget-heading\" data-id=\"cd7ee46\" data-element_type=\"widget\" data-e-type=\"widget\" data-widget_type=\"heading.default\">\n\t\t\t\t<div class=\"elementor-widget-container\">\n\t\t\t\t\t<h2 class=\"elementor-heading-title elementor-size-default\">Descripci\u00f3n de la herramienta pelacable EMC<\/h2>\t\t\t\t<\/div>\n\t\t\t\t<\/div>\n\t\t\t\t<div class=\"elementor-element elementor-element-2d4c68c5 elementor-widget elementor-widget-text-editor\" data-id=\"2d4c68c5\" data-element_type=\"widget\" data-e-type=\"widget\" data-widget_type=\"text-editor.default\">\n\t\t\t\t<div class=\"elementor-widget-container\">\n\t\t\t\t\t\t\t\t\t<div style=\"overflow-x: auto; width: 100%;\">\n  <table border=\"1\" cellspacing=\"0\" cellpadding=\"6\" style=\"border-collapse: collapse; text-align: center; min-width: 400px; width: 100%;\">\n    <thead>\n      <tr>\n        <th rowspan=\"2\">Descripci\u00f3n<\/th>\n        <th colspan=\"2\">Di\u00e1metro del cable<\/th>\n      <\/tr>\n      <tr>\n        <th>M\u00ednimo (mm)<\/th>\n<th>M\u00e1ximo (mm)<\/th>\n      <\/tr>\n    <\/thead>\n    <tbody>\n      <tr>\n        <td style=\"text-align: left;\">Herramienta pelacable EMC 972\/A<\/td>\n<td>4<\/td>\n<td>22<\/td>\n      <\/tr>\n      <tr>\n        <td style=\"text-align: left;\">Herramienta pelacable EMC 972\/B<\/td>\n<td>6<\/td>\n<td>32<\/td>\n      <\/tr>\n      <tr>\n        <td style=\"text-align: left;\">Herramienta pelacable EMC 972\/C<\/td>\n<td>10<\/td>\n<td>64<\/td>\n      <\/tr>\n    <\/tbody>\n  <\/table>\n<\/div>\n\n<style>\n  @media (max-width: 600px) {\n    table {\n      font-size: 14px;\n    }\n    th, td {\n      padding: 8px 6px;\n    }\n  }\n<\/style>\n\t\t\t\t\t\t\t\t<\/div>\n\t\t\t\t<\/div>\n\t\t\t\t<div class=\"elementor-element elementor-element-2b3ac94a botom-line-degree elementor-widget elementor-widget-heading\" data-id=\"2b3ac94a\" data-element_type=\"widget\" data-e-type=\"widget\" data-widget_type=\"heading.default\">\n\t\t\t\t<div class=\"elementor-widget-container\">\n\t\t\t\t\t<h2 class=\"elementor-heading-title elementor-size-default\">Descargas<\/h2>\t\t\t\t<\/div>\n\t\t\t\t<\/div>\n\t\t\t\t<div class=\"elementor-element elementor-element-659ff3c0 icons-color-secondary elementor-icon-list--layout-traditional elementor-list-item-link-full_width elementor-widget elementor-widget-icon-list\" data-id=\"659ff3c0\" data-element_type=\"widget\" data-e-type=\"widget\" data-widget_type=\"icon-list.default\">\n\t\t\t\t<div class=\"elementor-widget-container\">\n\t\t\t\t\t\t\t<ul class=\"elementor-icon-list-items\">\n\t\t\t\t\t\t\t<li class=\"elementor-icon-list-item\">\n\t\t\t\t\t\t\t\t\t\t\t<a href=\"https:\/\/hts-mct.com\/documentation\/datasheet\/cable-sheath-and-copper-tape-EMC-data-sheet-es.pdf\">\n\n\t\t\t\t\t\t\t\t\t\t\t\t<span class=\"elementor-icon-list-icon\">\n\t\t\t\t\t\t\t<svg aria-hidden=\"true\" class=\"e-font-icon-svg e-far-arrow-alt-circle-right\" viewBox=\"0 0 512 512\" xmlns=\"http:\/\/www.w3.org\/2000\/svg\"><path d=\"M504 256C504 119 393 8 256 8S8 119 8 256s111 248 248 248 248-111 248-248zm-448 0c0-110.5 89.5-200 200-200s200 89.5 200 200-89.5 200-200 200S56 366.5 56 256zm72 20v-40c0-6.6 5.4-12 12-12h116v-67c0-10.7 12.9-16 20.5-8.5l99 99c4.7 4.7 4.7 12.3 0 17l-99 99c-7.6 7.6-20.5 2.2-20.5-8.5v-67H140c-6.6 0-12-5.4-12-12z\"><\/path><\/svg>\t\t\t\t\t\t<\/span>\n\t\t\t\t\t\t\t\t\t\t<span class=\"elementor-icon-list-text\">Hoja de datos de herramienta pelacable EMC<\/span>\n\t\t\t\t\t\t\t\t\t\t\t<\/a>\n\t\t\t\t\t\t\t\t\t<\/li>\n\t\t\t\t\t\t<\/ul>\n\t\t\t\t\t\t<\/div>\n\t\t\t\t<\/div>\n\t\t\t\t\t<\/div>\n\t\t\t\t<\/div>\n\t\t<div class=\"elementor-element elementor-element-72c8a2f5 e-con-full e-flex e-con e-parent\" data-id=\"72c8a2f5\" data-element_type=\"container\" data-e-type=\"container\" data-settings=\"{&quot;background_background&quot;:&quot;classic&quot;}\">\n\t\t\t\t<div class=\"elementor-element elementor-element-58ffa83e elementor-widget__width-inherit elementor-widget elementor-widget-heading\" data-id=\"58ffa83e\" data-element_type=\"widget\" data-e-type=\"widget\" data-widget_type=\"heading.default\">\n\t\t\t\t<div class=\"elementor-widget-container\">\n\t\t\t\t\t<h2 class=\"elementor-heading-title elementor-size-default\">V\u00eddeos de instalaci\u00f3n<\/h2>\t\t\t\t<\/div>\n\t\t\t\t<\/div>\n\t\t<div class=\"elementor-element elementor-element-75b1f682 e-flex e-con-boxed e-con e-child\" data-id=\"75b1f682\" data-element_type=\"container\" data-e-type=\"container\">\n\t\t\t\t\t<div class=\"e-con-inner\">\n\t\t\t\t<div class=\"elementor-element elementor-element-78dba2a5 elementor-widget elementor-widget-video\" data-id=\"78dba2a5\" data-element_type=\"widget\" data-e-type=\"widget\" data-settings=\"{&quot;youtube_url&quot;:&quot;https:\\\/\\\/youtu.be\\\/mpGTkd93kKc&quot;,&quot;video_type&quot;:&quot;youtube&quot;,&quot;controls&quot;:&quot;yes&quot;}\" data-widget_type=\"video.default\">\n\t\t\t\t<div class=\"elementor-widget-container\">\n\t\t\t\t\t\t\t<div class=\"elementor-wrapper elementor-open-inline\">\n\t\t\t<div class=\"elementor-video\"><\/div>\t\t<\/div>\n\t\t\t\t\t\t<\/div>\n\t\t\t\t<\/div>\n\t\t\t\t<div class=\"elementor-element elementor-element-7c7cd0ec elementor-widget elementor-widget-video\" data-id=\"7c7cd0ec\" data-element_type=\"widget\" data-e-type=\"widget\" data-settings=\"{&quot;youtube_url&quot;:&quot;https:\\\/\\\/www.youtube.com\\\/watch?v=Xvfe91R-vuI&quot;,&quot;video_type&quot;:&quot;youtube&quot;,&quot;controls&quot;:&quot;yes&quot;}\" data-widget_type=\"video.default\">\n\t\t\t\t<div class=\"elementor-widget-container\">\n\t\t\t\t\t\t\t<div class=\"elementor-wrapper elementor-open-inline\">\n\t\t\t<div class=\"elementor-video\"><\/div>\t\t<\/div>\n\t\t\t\t\t\t<\/div>\n\t\t\t\t<\/div>\n\t\t\t\t<div class=\"elementor-element elementor-element-37b5047f elementor-widget elementor-widget-video\" data-id=\"37b5047f\" data-element_type=\"widget\" data-e-type=\"widget\" data-settings=\"{&quot;youtube_url&quot;:&quot;https:\\\/\\\/youtu.be\\\/VYDlavPsZBA&quot;,&quot;video_type&quot;:&quot;youtube&quot;,&quot;controls&quot;:&quot;yes&quot;}\" data-widget_type=\"video.default\">\n\t\t\t\t<div class=\"elementor-widget-container\">\n\t\t\t\t\t\t\t<div class=\"elementor-wrapper elementor-open-inline\">\n\t\t\t<div class=\"elementor-video\"><\/div>\t\t<\/div>\n\t\t\t\t\t\t<\/div>\n\t\t\t\t<\/div>\n\t\t\t\t\t<\/div>\n\t\t\t\t<\/div>\n\t\t\t\t<\/div>\n\t\t\t\t<\/div>\n\t\t","protected":false},"excerpt":{"rendered":"<p>Herramienta pelacable EMC Herramienta pelacable EMC Esta herramienta reutilizable est\u00e1 dise\u00f1ada para retirar la funda del cable con precisi\u00f3n y sin da\u00f1ar la pantalla del cable. Descripci\u00f3n de la herramienta pelacable EMC Descripci\u00f3n Di\u00e1metro del cable M\u00ednimo (mm) M\u00e1ximo (mm) Herramienta pelacable EMC 972\/A 4 22 Herramienta pelacable EMC 972\/B 6 32 Herramienta pelacable EMC [&hellip;]<\/p>\n","protected":false},"author":1,"featured_media":0,"parent":14850,"menu_order":0,"comment_status":"closed","ping_status":"closed","template":"elementor_header_footer","meta":{"footnotes":""},"class_list":["post-18675","page","type-page","status-publish","hentry"],"yoast_head":"<!-- This site is optimized with the Yoast SEO Premium plugin v25.5 (Yoast SEO v25.5) - https:\/\/yoast.com\/wordpress\/plugins\/seo\/ -->\n<title>Herramienta pelacable EMC - HTS MCT | Safety Sealing Solutions for Cables and Pipes<\/title>\n<meta name=\"robots\" content=\"index, follow, max-snippet:-1, max-image-preview:large, max-video-preview:-1\" \/>\n<link rel=\"canonical\" href=\"https:\/\/hts-mct.com\/es\/productos\/herramienta-pelacable-emc\/\" \/>\n<meta property=\"og:locale\" content=\"es_ES\" \/>\n<meta property=\"og:type\" content=\"article\" \/>\n<meta property=\"og:title\" content=\"Herramienta pelacable EMC\" \/>\n<meta property=\"og:description\" content=\"Herramienta pelacable EMC Herramienta pelacable EMC Esta herramienta reutilizable est\u00e1 dise\u00f1ada para retirar la funda del cable con precisi\u00f3n y sin da\u00f1ar la pantalla del cable. Descripci\u00f3n de la herramienta pelacable EMC Descripci\u00f3n Di\u00e1metro del cable M\u00ednimo (mm) M\u00e1ximo (mm) Herramienta pelacable EMC 972\/A 4 22 Herramienta pelacable EMC 972\/B 6 32 Herramienta pelacable EMC [&hellip;]\" \/>\n<meta property=\"og:url\" content=\"https:\/\/hts-mct.com\/es\/productos\/herramienta-pelacable-emc\/\" \/>\n<meta property=\"og:site_name\" content=\"HTS MCT | Safety Sealing Solutions for Cables and Pipes\" \/>\n<meta property=\"article:modified_time\" content=\"2026-02-09T16:16:41+00:00\" \/>\n<meta property=\"og:image\" content=\"https:\/\/hts-mct.com\/wp-content\/uploads\/2025\/10\/EMC-Cable-Sheath-remove-Tool-e1766394324703.jpg\" \/>\n\t<meta property=\"og:image:width\" content=\"300\" \/>\n\t<meta property=\"og:image:height\" content=\"300\" \/>\n\t<meta property=\"og:image:type\" content=\"image\/jpeg\" \/>\n<meta name=\"twitter:card\" content=\"summary_large_image\" \/>\n<meta name=\"twitter:label1\" content=\"Tiempo de lectura\" \/>\n\t<meta name=\"twitter:data1\" content=\"1 minuto\" \/>\n<script type=\"application\/ld+json\" class=\"yoast-schema-graph\">{\"@context\":\"https:\/\/schema.org\",\"@graph\":[{\"@type\":\"WebPage\",\"@id\":\"https:\/\/hts-mct.com\/es\/productos\/herramienta-pelacable-emc\/\",\"url\":\"https:\/\/hts-mct.com\/es\/productos\/herramienta-pelacable-emc\/\",\"name\":\"Herramienta pelacable EMC - HTS MCT | Safety Sealing Solutions for Cables and Pipes\",\"isPartOf\":{\"@id\":\"https:\/\/hts-mct.com\/es\/#website\"},\"primaryImageOfPage\":{\"@id\":\"https:\/\/hts-mct.com\/es\/productos\/herramienta-pelacable-emc\/#primaryimage\"},\"image\":{\"@id\":\"https:\/\/hts-mct.com\/es\/productos\/herramienta-pelacable-emc\/#primaryimage\"},\"thumbnailUrl\":\"https:\/\/hts-mct.com\/wp-content\/uploads\/2025\/10\/EMC-Cable-Sheath-remove-Tool-e1766394225959-300x300.jpg\",\"datePublished\":\"2025-10-14T09:36:27+00:00\",\"dateModified\":\"2026-02-09T16:16:41+00:00\",\"breadcrumb\":{\"@id\":\"https:\/\/hts-mct.com\/es\/productos\/herramienta-pelacable-emc\/#breadcrumb\"},\"inLanguage\":\"es\",\"potentialAction\":[{\"@type\":\"ReadAction\",\"target\":[\"https:\/\/hts-mct.com\/es\/productos\/herramienta-pelacable-emc\/\"]}]},{\"@type\":\"ImageObject\",\"inLanguage\":\"es\",\"@id\":\"https:\/\/hts-mct.com\/es\/productos\/herramienta-pelacable-emc\/#primaryimage\",\"url\":\"https:\/\/hts-mct.com\/wp-content\/uploads\/2025\/10\/EMC-Cable-Sheath-remove-Tool-e1766394225959-300x300.jpg\",\"contentUrl\":\"https:\/\/hts-mct.com\/wp-content\/uploads\/2025\/10\/EMC-Cable-Sheath-remove-Tool-e1766394225959-300x300.jpg\"},{\"@type\":\"BreadcrumbList\",\"@id\":\"https:\/\/hts-mct.com\/es\/productos\/herramienta-pelacable-emc\/#breadcrumb\",\"itemListElement\":[{\"@type\":\"ListItem\",\"position\":1,\"name\":\"Home\",\"item\":\"https:\/\/hts-mct.com\/es\/hts-mct-soluciones-de-sellado-seguras-para-cables-y-tuberias\/\"},{\"@type\":\"ListItem\",\"position\":2,\"name\":\"Productos\",\"item\":\"https:\/\/hts-mct.com\/es\/productos\/\"},{\"@type\":\"ListItem\",\"position\":3,\"name\":\"Herramienta pelacable EMC\"}]},{\"@type\":\"WebSite\",\"@id\":\"https:\/\/hts-mct.com\/es\/#website\",\"url\":\"https:\/\/hts-mct.com\/es\/\",\"name\":\"HTS MCT | Safety Sealing Solutions for Cables and Pipes\",\"description\":\"Discover HTS MCT sealing solutions, designed to ensure safety and efficiency for cable and pipe penetrations. Reliable protection for the most demanding environments.\",\"publisher\":{\"@id\":\"https:\/\/hts-mct.com\/es\/#organization\"},\"potentialAction\":[{\"@type\":\"SearchAction\",\"target\":{\"@type\":\"EntryPoint\",\"urlTemplate\":\"https:\/\/hts-mct.com\/es\/?s={search_term_string}\"},\"query-input\":{\"@type\":\"PropertyValueSpecification\",\"valueRequired\":true,\"valueName\":\"search_term_string\"}}],\"inLanguage\":\"es\"},{\"@type\":\"Organization\",\"@id\":\"https:\/\/hts-mct.com\/es\/#organization\",\"name\":\"HTS MCT | Safety Sealing Solutions for Cables and Pipes\",\"url\":\"https:\/\/hts-mct.com\/es\/\",\"logo\":{\"@type\":\"ImageObject\",\"inLanguage\":\"es\",\"@id\":\"https:\/\/hts-mct.com\/es\/#\/schema\/logo\/image\/\",\"url\":\"https:\/\/hts-mct.com\/wp-content\/uploads\/2025\/07\/HTS-MCT-logo-Social.png\",\"contentUrl\":\"https:\/\/hts-mct.com\/wp-content\/uploads\/2025\/07\/HTS-MCT-logo-Social.png\",\"width\":348,\"height\":89,\"caption\":\"HTS MCT | Safety Sealing Solutions for Cables and Pipes\"},\"image\":{\"@id\":\"https:\/\/hts-mct.com\/es\/#\/schema\/logo\/image\/\"}}]}<\/script>\n<!-- \/ Yoast SEO Premium plugin. -->","yoast_head_json":{"title":"Herramienta pelacable EMC - HTS MCT | Safety Sealing Solutions for Cables and Pipes","robots":{"index":"index","follow":"follow","max-snippet":"max-snippet:-1","max-image-preview":"max-image-preview:large","max-video-preview":"max-video-preview:-1"},"canonical":"https:\/\/hts-mct.com\/es\/productos\/herramienta-pelacable-emc\/","og_locale":"es_ES","og_type":"article","og_title":"Herramienta pelacable EMC","og_description":"Herramienta pelacable EMC Herramienta pelacable EMC Esta herramienta reutilizable est\u00e1 dise\u00f1ada para retirar la funda del cable con precisi\u00f3n y sin da\u00f1ar la pantalla del cable. Descripci\u00f3n de la herramienta pelacable EMC Descripci\u00f3n Di\u00e1metro del cable M\u00ednimo (mm) M\u00e1ximo (mm) Herramienta pelacable EMC 972\/A 4 22 Herramienta pelacable EMC 972\/B 6 32 Herramienta pelacable EMC [&hellip;]","og_url":"https:\/\/hts-mct.com\/es\/productos\/herramienta-pelacable-emc\/","og_site_name":"HTS MCT | Safety Sealing Solutions for Cables and Pipes","article_modified_time":"2026-02-09T16:16:41+00:00","og_image":[{"width":300,"height":300,"url":"https:\/\/hts-mct.com\/wp-content\/uploads\/2025\/10\/EMC-Cable-Sheath-remove-Tool-e1766394324703.jpg","type":"image\/jpeg"}],"twitter_card":"summary_large_image","twitter_misc":{"Tiempo de lectura":"1 minuto"},"schema":{"@context":"https:\/\/schema.org","@graph":[{"@type":"WebPage","@id":"https:\/\/hts-mct.com\/es\/productos\/herramienta-pelacable-emc\/","url":"https:\/\/hts-mct.com\/es\/productos\/herramienta-pelacable-emc\/","name":"Herramienta pelacable EMC - HTS MCT | Safety Sealing Solutions for Cables and Pipes","isPartOf":{"@id":"https:\/\/hts-mct.com\/es\/#website"},"primaryImageOfPage":{"@id":"https:\/\/hts-mct.com\/es\/productos\/herramienta-pelacable-emc\/#primaryimage"},"image":{"@id":"https:\/\/hts-mct.com\/es\/productos\/herramienta-pelacable-emc\/#primaryimage"},"thumbnailUrl":"https:\/\/hts-mct.com\/wp-content\/uploads\/2025\/10\/EMC-Cable-Sheath-remove-Tool-e1766394225959-300x300.jpg","datePublished":"2025-10-14T09:36:27+00:00","dateModified":"2026-02-09T16:16:41+00:00","breadcrumb":{"@id":"https:\/\/hts-mct.com\/es\/productos\/herramienta-pelacable-emc\/#breadcrumb"},"inLanguage":"es","potentialAction":[{"@type":"ReadAction","target":["https:\/\/hts-mct.com\/es\/productos\/herramienta-pelacable-emc\/"]}]},{"@type":"ImageObject","inLanguage":"es","@id":"https:\/\/hts-mct.com\/es\/productos\/herramienta-pelacable-emc\/#primaryimage","url":"https:\/\/hts-mct.com\/wp-content\/uploads\/2025\/10\/EMC-Cable-Sheath-remove-Tool-e1766394225959-300x300.jpg","contentUrl":"https:\/\/hts-mct.com\/wp-content\/uploads\/2025\/10\/EMC-Cable-Sheath-remove-Tool-e1766394225959-300x300.jpg"},{"@type":"BreadcrumbList","@id":"https:\/\/hts-mct.com\/es\/productos\/herramienta-pelacable-emc\/#breadcrumb","itemListElement":[{"@type":"ListItem","position":1,"name":"Home","item":"https:\/\/hts-mct.com\/es\/hts-mct-soluciones-de-sellado-seguras-para-cables-y-tuberias\/"},{"@type":"ListItem","position":2,"name":"Productos","item":"https:\/\/hts-mct.com\/es\/productos\/"},{"@type":"ListItem","position":3,"name":"Herramienta pelacable EMC"}]},{"@type":"WebSite","@id":"https:\/\/hts-mct.com\/es\/#website","url":"https:\/\/hts-mct.com\/es\/","name":"HTS MCT | Safety Sealing Solutions for Cables and Pipes","description":"Discover HTS MCT sealing solutions, designed to ensure safety and efficiency for cable and pipe penetrations. Reliable protection for the most demanding environments.","publisher":{"@id":"https:\/\/hts-mct.com\/es\/#organization"},"potentialAction":[{"@type":"SearchAction","target":{"@type":"EntryPoint","urlTemplate":"https:\/\/hts-mct.com\/es\/?s={search_term_string}"},"query-input":{"@type":"PropertyValueSpecification","valueRequired":true,"valueName":"search_term_string"}}],"inLanguage":"es"},{"@type":"Organization","@id":"https:\/\/hts-mct.com\/es\/#organization","name":"HTS MCT | Safety Sealing Solutions for Cables and Pipes","url":"https:\/\/hts-mct.com\/es\/","logo":{"@type":"ImageObject","inLanguage":"es","@id":"https:\/\/hts-mct.com\/es\/#\/schema\/logo\/image\/","url":"https:\/\/hts-mct.com\/wp-content\/uploads\/2025\/07\/HTS-MCT-logo-Social.png","contentUrl":"https:\/\/hts-mct.com\/wp-content\/uploads\/2025\/07\/HTS-MCT-logo-Social.png","width":348,"height":89,"caption":"HTS MCT | Safety Sealing Solutions for Cables and Pipes"},"image":{"@id":"https:\/\/hts-mct.com\/es\/#\/schema\/logo\/image\/"}}]}},"_links":{"self":[{"href":"https:\/\/hts-mct.com\/es\/wp-json\/wp\/v2\/pages\/18675","targetHints":{"allow":["GET"]}}],"collection":[{"href":"https:\/\/hts-mct.com\/es\/wp-json\/wp\/v2\/pages"}],"about":[{"href":"https:\/\/hts-mct.com\/es\/wp-json\/wp\/v2\/types\/page"}],"author":[{"embeddable":true,"href":"https:\/\/hts-mct.com\/es\/wp-json\/wp\/v2\/users\/1"}],"replies":[{"embeddable":true,"href":"https:\/\/hts-mct.com\/es\/wp-json\/wp\/v2\/comments?post=18675"}],"version-history":[{"count":11,"href":"https:\/\/hts-mct.com\/es\/wp-json\/wp\/v2\/pages\/18675\/revisions"}],"predecessor-version":[{"id":26022,"href":"https:\/\/hts-mct.com\/es\/wp-json\/wp\/v2\/pages\/18675\/revisions\/26022"}],"up":[{"embeddable":true,"href":"https:\/\/hts-mct.com\/es\/wp-json\/wp\/v2\/pages\/14850"}],"wp:attachment":[{"href":"https:\/\/hts-mct.com\/es\/wp-json\/wp\/v2\/media?parent=18675"}],"curies":[{"name":"wp","href":"https:\/\/api.w.org\/{rel}","templated":true}]}}