{"id":18491,"date":"2025-10-07T13:48:04","date_gmt":"2025-10-07T11:48:04","guid":{"rendered":"https:\/\/hts-mct.com\/productos\/familia-hbrst\/"},"modified":"2026-02-06T16:47:18","modified_gmt":"2026-02-06T15:47:18","slug":"hbrt","status":"publish","type":"page","link":"https:\/\/hts-mct.com\/es\/productos\/hbrt\/","title":{"rendered":"HBRT"},"content":{"rendered":"\t\t<div data-elementor-type=\"wp-page\" data-elementor-id=\"18491\" class=\"elementor elementor-18491 elementor-18459\" data-elementor-post-type=\"page\">\n\t\t\t\t<div class=\"elementor-element elementor-element-1e5c4bf9 e-con-full e-flex e-con e-parent\" data-id=\"1e5c4bf9\" data-element_type=\"container\" data-e-type=\"container\" data-settings=\"{&quot;background_background&quot;:&quot;classic&quot;}\">\n\t\t\t\t<div class=\"elementor-element elementor-element-4fd9c8be elementor-widget elementor-widget-heading\" data-id=\"4fd9c8be\" data-element_type=\"widget\" data-e-type=\"widget\" data-widget_type=\"heading.default\">\n\t\t\t\t<div class=\"elementor-widget-container\">\n\t\t\t\t\t<h1 class=\"elementor-heading-title elementor-size-default\">HBRT<\/h1>\t\t\t\t<\/div>\n\t\t\t\t<\/div>\n\t\t\t\t<div class=\"elementor-element elementor-element-65a3b102 elementor-align-center elementor-widget elementor-widget-breadcrumbs\" data-id=\"65a3b102\" data-element_type=\"widget\" data-e-type=\"widget\" id=\"breadcrumbs\" data-widget_type=\"breadcrumbs.default\">\n\t\t\t\t<div class=\"elementor-widget-container\">\n\t\t\t\t\t<nav id=\"breadcrumbs\"><span><span><a href=\"https:\/\/hts-mct.com\/es\/hts-mct-soluciones-de-sellado-seguras-para-cables-y-tuberias\/\">Home<\/a><\/span><\/span><\/nav>\t\t\t\t<\/div>\n\t\t\t\t<\/div>\n\t\t\t\t<\/div>\n\t\t<div class=\"elementor-element elementor-element-5a2fd798 e-flex e-con-boxed e-con e-parent\" data-id=\"5a2fd798\" data-element_type=\"container\" data-e-type=\"container\">\n\t\t\t\t\t<div class=\"e-con-inner\">\n\t\t<div class=\"elementor-element elementor-element-858ea26 e-con-full e-flex e-con e-child\" data-id=\"858ea26\" data-element_type=\"container\" data-e-type=\"container\">\n\t\t\t\t<div class=\"elementor-element elementor-element-4ebeeba elementor-widget elementor-widget-heading\" data-id=\"4ebeeba\" data-element_type=\"widget\" data-e-type=\"widget\" data-widget_type=\"heading.default\">\n\t\t\t\t<div class=\"elementor-widget-container\">\n\t\t\t\t\t<h2 class=\"elementor-heading-title elementor-size-default\">HBRT<\/h2>\t\t\t\t<\/div>\n\t\t\t\t<\/div>\n\t\t\t\t<div class=\"elementor-element elementor-element-37b03a02 elementor-widget elementor-widget-text-editor\" data-id=\"37b03a02\" data-element_type=\"widget\" data-e-type=\"widget\" data-widget_type=\"text-editor.default\">\n\t\t\t\t<div class=\"elementor-widget-container\">\n\t\t\t\t\t\t\t\t\t<p>HTS HBRT es una soluci\u00f3n de sellado circular para cables m\u00faltiples que pasan por tubos corrugados o conductos encastrados en hormig\u00f3n maholes\/pits<\/p>\t\t\t\t\t\t\t\t<\/div>\n\t\t\t\t<\/div>\n\t\t\t\t<\/div>\n\t\t<div class=\"elementor-element elementor-element-290d036c e-con-full e-flex e-con e-child\" data-id=\"290d036c\" data-element_type=\"container\" data-e-type=\"container\">\n\t\t\t\t<div class=\"elementor-element elementor-element-3cccfc86 elementor-widget elementor-widget-image\" data-id=\"3cccfc86\" data-element_type=\"widget\" data-e-type=\"widget\" data-widget_type=\"image.default\">\n\t\t\t\t<div class=\"elementor-widget-container\">\n\t\t\t\t\t\t\t\t\t\t\t\t\t\t\t\t<a href=\"https:\/\/hts-mct.com\/wp-content\/uploads\/2025\/10\/hts-sealing-tools-hbrst-family.jpg\" data-elementor-open-lightbox=\"yes\" data-elementor-lightbox-title=\"hts sealing tools hbrst family\" data-e-action-hash=\"#elementor-action%3Aaction%3Dlightbox%26settings%3DeyJpZCI6MTg0MzAsInVybCI6Imh0dHBzOlwvXC9odHMtbWN0LmNvbVwvd3AtY29udGVudFwvdXBsb2Fkc1wvMjAyNVwvMTBcL2h0cy1zZWFsaW5nLXRvb2xzLWhicnN0LWZhbWlseS5qcGcifQ%3D%3D\">\n\t\t\t\t\t\t\t<img fetchpriority=\"high\" decoding=\"async\" width=\"300\" height=\"300\" src=\"https:\/\/hts-mct.com\/wp-content\/uploads\/2025\/10\/hts-sealing-tools-hbrst-family.jpg\" class=\"attachment-medium size-medium wp-image-18430\" alt=\"hts seal hbrst family\" srcset=\"https:\/\/hts-mct.com\/wp-content\/uploads\/2025\/10\/hts-sealing-tools-hbrst-family.jpg 300w, https:\/\/hts-mct.com\/wp-content\/uploads\/2025\/10\/hts-sealing-tools-hbrst-family-150x150.jpg 150w\" sizes=\"(max-width: 300px) 100vw, 300px\" \/>\t\t\t\t\t\t\t\t<\/a>\n\t\t\t\t\t\t\t\t\t\t\t\t\t\t\t<\/div>\n\t\t\t\t<\/div>\n\t\t\t\t<\/div>\n\t\t\t\t\t<\/div>\n\t\t\t\t<\/div>\n\t\t<div class=\"elementor-element elementor-element-3e624a60 e-flex e-con-boxed e-con e-parent\" data-id=\"3e624a60\" data-element_type=\"container\" data-e-type=\"container\">\n\t\t\t\t\t<div class=\"e-con-inner\">\n\t\t\t\t<div class=\"elementor-element elementor-element-7840c916 elementor-widget elementor-widget-heading\" data-id=\"7840c916\" data-element_type=\"widget\" data-e-type=\"widget\" data-widget_type=\"heading.default\">\n\t\t\t\t<div class=\"elementor-widget-container\">\n\t\t\t\t\t<h2 class=\"elementor-heading-title elementor-size-default\">Descripci\u00f3n del HBRT<\/h2>\t\t\t\t<\/div>\n\t\t\t\t<\/div>\n\t\t\t\t<div class=\"elementor-element elementor-element-4b5d2862 elementor-widget elementor-widget-text-editor\" data-id=\"4b5d2862\" data-element_type=\"widget\" data-e-type=\"widget\" data-widget_type=\"text-editor.default\">\n\t\t\t\t<div class=\"elementor-widget-container\">\n\t\t\t\t\t\t\t\t\t<p>El sellado se forma apretando los pernos de compresi\u00f3n, que expanden el sistema radialmente sin necesidad de un sistema de compresi\u00f3n.<\/p><p><strong>Caracter\u00edsticas principales:<\/strong><\/p><ul><li>Dise\u00f1ados para instalarse con la serie DM de HTS: M\u00f3dulos de sellado tolerantes a DM y en blanco<\/li><li>Fabricado en pol\u00edmero elast\u00f3mero con placas frontal y trasera de acero inoxidable.<\/li><li>El HBRT se suministra siempre como sistema abierto. Permite ser instalado despu\u00e9s de la instalaci\u00f3n de cables\/tuber\u00edas. <\/li><li>Protecci\u00f3n estanca.<\/li><li>No se necesitan herramientas adicionales para su instalaci\u00f3n.<\/li><li>Temperatura de trabajo -35 \u00baC a +120 \u00baC<\/li><li>Vida \u00fatil estimada a 20 \u00baC = 15 a\u00f1os.<\/li><li>Nota: Para garantizar un sellado adecuado del sistema, el cliente debe definir el di\u00e1metro interno del tubo corrugado en funci\u00f3n de las dimensiones reales del conducto en obra.<\/li><\/ul>\t\t\t\t\t\t\t\t<\/div>\n\t\t\t\t<\/div>\n\t\t\t\t<div class=\"elementor-element elementor-element-185ce205 botom-line-degree elementor-widget elementor-widget-heading\" data-id=\"185ce205\" data-element_type=\"widget\" data-e-type=\"widget\" data-widget_type=\"heading.default\">\n\t\t\t\t<div class=\"elementor-widget-container\">\n\t\t\t\t\t<h2 class=\"elementor-heading-title elementor-size-default\">Descargas<\/h2>\t\t\t\t<\/div>\n\t\t\t\t<\/div>\n\t\t\t\t<div class=\"elementor-element elementor-element-755540fd icons-color-secondary elementor-icon-list--layout-traditional elementor-list-item-link-full_width elementor-widget elementor-widget-icon-list\" data-id=\"755540fd\" data-element_type=\"widget\" data-e-type=\"widget\" data-widget_type=\"icon-list.default\">\n\t\t\t\t<div class=\"elementor-widget-container\">\n\t\t\t\t\t\t\t<ul class=\"elementor-icon-list-items\">\n\t\t\t\t\t\t\t<li class=\"elementor-icon-list-item\">\n\t\t\t\t\t\t\t\t\t\t\t<a href=\"https:\/\/hts-mct.com\/documentation\/datasheet\/HBRT-data-sheet-en.pdf\">\n\n\t\t\t\t\t\t\t\t\t\t\t\t<span class=\"elementor-icon-list-icon\">\n\t\t\t\t\t\t\t<svg aria-hidden=\"true\" class=\"e-font-icon-svg e-far-arrow-alt-circle-right\" viewBox=\"0 0 512 512\" xmlns=\"http:\/\/www.w3.org\/2000\/svg\"><path d=\"M504 256C504 119 393 8 256 8S8 119 8 256s111 248 248 248 248-111 248-248zm-448 0c0-110.5 89.5-200 200-200s200 89.5 200 200-89.5 200-200 200S56 366.5 56 256zm72 20v-40c0-6.6 5.4-12 12-12h116v-67c0-10.7 12.9-16 20.5-8.5l99 99c4.7 4.7 4.7 12.3 0 17l-99 99c-7.6 7.6-20.5 2.2-20.5-8.5v-67H140c-6.6 0-12-5.4-12-12z\"><\/path><\/svg>\t\t\t\t\t\t<\/span>\n\t\t\t\t\t\t\t\t\t\t<span class=\"elementor-icon-list-text\">Ficha tecnica del HBRT<\/span>\n\t\t\t\t\t\t\t\t\t\t\t<\/a>\n\t\t\t\t\t\t\t\t\t<\/li>\n\t\t\t\t\t\t\t\t<li class=\"elementor-icon-list-item\">\n\t\t\t\t\t\t\t\t\t\t\t<a href=\"https:\/\/hts-mct.com\/documentation\/block-selection-card\/block-selection-card.pdf\">\n\n\t\t\t\t\t\t\t\t\t\t\t\t<span class=\"elementor-icon-list-icon\">\n\t\t\t\t\t\t\t<svg aria-hidden=\"true\" class=\"e-font-icon-svg e-far-arrow-alt-circle-right\" viewBox=\"0 0 512 512\" xmlns=\"http:\/\/www.w3.org\/2000\/svg\"><path d=\"M504 256C504 119 393 8 256 8S8 119 8 256s111 248 248 248 248-111 248-248zm-448 0c0-110.5 89.5-200 200-200s200 89.5 200 200-89.5 200-200 200S56 366.5 56 256zm72 20v-40c0-6.6 5.4-12 12-12h116v-67c0-10.7 12.9-16 20.5-8.5l99 99c4.7 4.7 4.7 12.3 0 17l-99 99c-7.6 7.6-20.5 2.2-20.5-8.5v-67H140c-6.6 0-12-5.4-12-12z\"><\/path><\/svg>\t\t\t\t\t\t<\/span>\n\t\t\t\t\t\t\t\t\t\t<span class=\"elementor-icon-list-text\">Tarjeta de selecci\u00f3n de tacos<\/span>\n\t\t\t\t\t\t\t\t\t\t\t<\/a>\n\t\t\t\t\t\t\t\t\t<\/li>\n\t\t\t\t\t\t<\/ul>\n\t\t\t\t\t\t<\/div>\n\t\t\t\t<\/div>\n\t\t\t\t\t<\/div>\n\t\t\t\t<\/div>\n\t\t<div class=\"elementor-element elementor-element-39cc915f e-con-full e-flex e-con e-parent\" data-id=\"39cc915f\" data-element_type=\"container\" data-e-type=\"container\" data-settings=\"{&quot;background_background&quot;:&quot;classic&quot;}\">\n\t\t\t\t<div class=\"elementor-element elementor-element-286e0e51 elementor-widget__width-inherit elementor-widget elementor-widget-heading\" data-id=\"286e0e51\" data-element_type=\"widget\" data-e-type=\"widget\" data-widget_type=\"heading.default\">\n\t\t\t\t<div class=\"elementor-widget-container\">\n\t\t\t\t\t<h2 class=\"elementor-heading-title elementor-size-default\">V\u00eddeos de instalaci\u00f3n<\/h2>\t\t\t\t<\/div>\n\t\t\t\t<\/div>\n\t\t<div class=\"elementor-element elementor-element-a0ec233 e-flex e-con-boxed e-con e-child\" data-id=\"a0ec233\" data-element_type=\"container\" data-e-type=\"container\">\n\t\t\t\t\t<div class=\"e-con-inner\">\n\t\t\t\t<div class=\"elementor-element elementor-element-6d8a2d5f elementor-widget elementor-widget-video\" data-id=\"6d8a2d5f\" data-element_type=\"widget\" data-e-type=\"widget\" data-settings=\"{&quot;youtube_url&quot;:&quot;https:\\\/\\\/youtu.be\\\/mpGTkd93kKc&quot;,&quot;video_type&quot;:&quot;youtube&quot;,&quot;controls&quot;:&quot;yes&quot;}\" data-widget_type=\"video.default\">\n\t\t\t\t<div class=\"elementor-widget-container\">\n\t\t\t\t\t\t\t<div class=\"elementor-wrapper elementor-open-inline\">\n\t\t\t<div class=\"elementor-video\"><\/div>\t\t<\/div>\n\t\t\t\t\t\t<\/div>\n\t\t\t\t<\/div>\n\t\t\t\t<div class=\"elementor-element elementor-element-3670e1f7 elementor-widget elementor-widget-video\" data-id=\"3670e1f7\" data-element_type=\"widget\" data-e-type=\"widget\" data-settings=\"{&quot;youtube_url&quot;:&quot;https:\\\/\\\/www.youtube.com\\\/watch?v=Xvfe91R-vuI&quot;,&quot;video_type&quot;:&quot;youtube&quot;,&quot;controls&quot;:&quot;yes&quot;}\" data-widget_type=\"video.default\">\n\t\t\t\t<div class=\"elementor-widget-container\">\n\t\t\t\t\t\t\t<div class=\"elementor-wrapper elementor-open-inline\">\n\t\t\t<div class=\"elementor-video\"><\/div>\t\t<\/div>\n\t\t\t\t\t\t<\/div>\n\t\t\t\t<\/div>\n\t\t\t\t<div class=\"elementor-element elementor-element-2c389feb elementor-widget elementor-widget-video\" data-id=\"2c389feb\" data-element_type=\"widget\" data-e-type=\"widget\" data-settings=\"{&quot;youtube_url&quot;:&quot;https:\\\/\\\/youtu.be\\\/VYDlavPsZBA&quot;,&quot;video_type&quot;:&quot;youtube&quot;,&quot;controls&quot;:&quot;yes&quot;}\" data-widget_type=\"video.default\">\n\t\t\t\t<div class=\"elementor-widget-container\">\n\t\t\t\t\t\t\t<div class=\"elementor-wrapper elementor-open-inline\">\n\t\t\t<div class=\"elementor-video\"><\/div>\t\t<\/div>\n\t\t\t\t\t\t<\/div>\n\t\t\t\t<\/div>\n\t\t\t\t\t<\/div>\n\t\t\t\t<\/div>\n\t\t\t\t<\/div>\n\t\t\t\t<\/div>\n\t\t","protected":false},"excerpt":{"rendered":"<p>HBRT HBRT HTS HBRT es una soluci\u00f3n de sellado circular para cables m\u00faltiples que pasan por tubos corrugados o conductos encastrados en hormig\u00f3n maholes\/pits Descripci\u00f3n del HBRT El sellado se forma apretando los pernos de compresi\u00f3n, que expanden el sistema radialmente sin necesidad de un sistema de compresi\u00f3n. Caracter\u00edsticas principales: Dise\u00f1ados para instalarse con la [&hellip;]<\/p>\n","protected":false},"author":1,"featured_media":18430,"parent":14850,"menu_order":0,"comment_status":"closed","ping_status":"closed","template":"","meta":{"footnotes":""},"class_list":["post-18491","page","type-page","status-publish","has-post-thumbnail","hentry"],"yoast_head":"<!-- This site is optimized with the Yoast SEO Premium plugin v25.5 (Yoast SEO v25.5) - https:\/\/yoast.com\/wordpress\/plugins\/seo\/ -->\n<title>HBRT - HTS MCT | Safety Sealing Solutions for Cables and Pipes<\/title>\n<meta name=\"robots\" content=\"index, follow, max-snippet:-1, max-image-preview:large, max-video-preview:-1\" \/>\n<link rel=\"canonical\" href=\"https:\/\/hts-mct.com\/es\/productos\/hbrt\/\" \/>\n<meta property=\"og:locale\" content=\"es_ES\" \/>\n<meta property=\"og:type\" content=\"article\" \/>\n<meta property=\"og:title\" content=\"HBRT\" \/>\n<meta property=\"og:description\" content=\"HBRT HBRT HTS HBRT es una soluci\u00f3n de sellado circular para cables m\u00faltiples que pasan por tubos corrugados o conductos encastrados en hormig\u00f3n maholes\/pits Descripci\u00f3n del HBRT El sellado se forma apretando los pernos de compresi\u00f3n, que expanden el sistema radialmente sin necesidad de un sistema de compresi\u00f3n. Caracter\u00edsticas principales: Dise\u00f1ados para instalarse con la [&hellip;]\" \/>\n<meta property=\"og:url\" content=\"https:\/\/hts-mct.com\/es\/productos\/hbrt\/\" \/>\n<meta property=\"og:site_name\" content=\"HTS MCT | Safety Sealing Solutions for Cables and Pipes\" \/>\n<meta property=\"article:modified_time\" content=\"2026-02-06T15:47:18+00:00\" \/>\n<meta property=\"og:image\" content=\"https:\/\/hts-mct.com\/wp-content\/uploads\/2025\/10\/hts-sealing-tools-hbrst-family.jpg\" \/>\n\t<meta property=\"og:image:width\" content=\"300\" \/>\n\t<meta property=\"og:image:height\" content=\"300\" \/>\n\t<meta property=\"og:image:type\" content=\"image\/jpeg\" \/>\n<meta name=\"twitter:card\" content=\"summary_large_image\" \/>\n<meta name=\"twitter:label1\" content=\"Tiempo de lectura\" \/>\n\t<meta name=\"twitter:data1\" content=\"1 minuto\" \/>\n<script type=\"application\/ld+json\" class=\"yoast-schema-graph\">{\"@context\":\"https:\/\/schema.org\",\"@graph\":[{\"@type\":\"WebPage\",\"@id\":\"https:\/\/hts-mct.com\/es\/productos\/hbrt\/\",\"url\":\"https:\/\/hts-mct.com\/es\/productos\/hbrt\/\",\"name\":\"HBRT - HTS MCT | Safety Sealing Solutions for Cables and Pipes\",\"isPartOf\":{\"@id\":\"https:\/\/hts-mct.com\/es\/#website\"},\"primaryImageOfPage\":{\"@id\":\"https:\/\/hts-mct.com\/es\/productos\/hbrt\/#primaryimage\"},\"image\":{\"@id\":\"https:\/\/hts-mct.com\/es\/productos\/hbrt\/#primaryimage\"},\"thumbnailUrl\":\"https:\/\/hts-mct.com\/wp-content\/uploads\/2025\/10\/hts-sealing-tools-hbrst-family.jpg\",\"datePublished\":\"2025-10-07T11:48:04+00:00\",\"dateModified\":\"2026-02-06T15:47:18+00:00\",\"breadcrumb\":{\"@id\":\"https:\/\/hts-mct.com\/es\/productos\/hbrt\/#breadcrumb\"},\"inLanguage\":\"es\",\"potentialAction\":[{\"@type\":\"ReadAction\",\"target\":[\"https:\/\/hts-mct.com\/es\/productos\/hbrt\/\"]}]},{\"@type\":\"ImageObject\",\"inLanguage\":\"es\",\"@id\":\"https:\/\/hts-mct.com\/es\/productos\/hbrt\/#primaryimage\",\"url\":\"https:\/\/hts-mct.com\/wp-content\/uploads\/2025\/10\/hts-sealing-tools-hbrst-family.jpg\",\"contentUrl\":\"https:\/\/hts-mct.com\/wp-content\/uploads\/2025\/10\/hts-sealing-tools-hbrst-family.jpg\",\"width\":300,\"height\":300,\"caption\":\"hts seal hbrst family\"},{\"@type\":\"BreadcrumbList\",\"@id\":\"https:\/\/hts-mct.com\/es\/productos\/hbrt\/#breadcrumb\",\"itemListElement\":[{\"@type\":\"ListItem\",\"position\":1,\"name\":\"Home\",\"item\":\"https:\/\/hts-mct.com\/es\/hts-mct-soluciones-de-sellado-seguras-para-cables-y-tuberias\/\"},{\"@type\":\"ListItem\",\"position\":2,\"name\":\"Productos\",\"item\":\"https:\/\/hts-mct.com\/es\/productos\/\"},{\"@type\":\"ListItem\",\"position\":3,\"name\":\"HBRT\"}]},{\"@type\":\"WebSite\",\"@id\":\"https:\/\/hts-mct.com\/es\/#website\",\"url\":\"https:\/\/hts-mct.com\/es\/\",\"name\":\"HTS MCT | Safety Sealing Solutions for Cables and Pipes\",\"description\":\"Discover HTS MCT sealing solutions, designed to ensure safety and efficiency for cable and pipe penetrations. Reliable protection for the most demanding environments.\",\"publisher\":{\"@id\":\"https:\/\/hts-mct.com\/es\/#organization\"},\"potentialAction\":[{\"@type\":\"SearchAction\",\"target\":{\"@type\":\"EntryPoint\",\"urlTemplate\":\"https:\/\/hts-mct.com\/es\/?s={search_term_string}\"},\"query-input\":{\"@type\":\"PropertyValueSpecification\",\"valueRequired\":true,\"valueName\":\"search_term_string\"}}],\"inLanguage\":\"es\"},{\"@type\":\"Organization\",\"@id\":\"https:\/\/hts-mct.com\/es\/#organization\",\"name\":\"HTS MCT | Safety Sealing Solutions for Cables and Pipes\",\"url\":\"https:\/\/hts-mct.com\/es\/\",\"logo\":{\"@type\":\"ImageObject\",\"inLanguage\":\"es\",\"@id\":\"https:\/\/hts-mct.com\/es\/#\/schema\/logo\/image\/\",\"url\":\"https:\/\/hts-mct.com\/wp-content\/uploads\/2025\/07\/HTS-MCT-logo-Social.png\",\"contentUrl\":\"https:\/\/hts-mct.com\/wp-content\/uploads\/2025\/07\/HTS-MCT-logo-Social.png\",\"width\":348,\"height\":89,\"caption\":\"HTS MCT | Safety Sealing Solutions for Cables and Pipes\"},\"image\":{\"@id\":\"https:\/\/hts-mct.com\/es\/#\/schema\/logo\/image\/\"}}]}<\/script>\n<!-- \/ Yoast SEO Premium plugin. -->","yoast_head_json":{"title":"HBRT - HTS MCT | Safety Sealing Solutions for Cables and Pipes","robots":{"index":"index","follow":"follow","max-snippet":"max-snippet:-1","max-image-preview":"max-image-preview:large","max-video-preview":"max-video-preview:-1"},"canonical":"https:\/\/hts-mct.com\/es\/productos\/hbrt\/","og_locale":"es_ES","og_type":"article","og_title":"HBRT","og_description":"HBRT HBRT HTS HBRT es una soluci\u00f3n de sellado circular para cables m\u00faltiples que pasan por tubos corrugados o conductos encastrados en hormig\u00f3n maholes\/pits Descripci\u00f3n del HBRT El sellado se forma apretando los pernos de compresi\u00f3n, que expanden el sistema radialmente sin necesidad de un sistema de compresi\u00f3n. Caracter\u00edsticas principales: Dise\u00f1ados para instalarse con la [&hellip;]","og_url":"https:\/\/hts-mct.com\/es\/productos\/hbrt\/","og_site_name":"HTS MCT | Safety Sealing Solutions for Cables and Pipes","article_modified_time":"2026-02-06T15:47:18+00:00","og_image":[{"width":300,"height":300,"url":"https:\/\/hts-mct.com\/wp-content\/uploads\/2025\/10\/hts-sealing-tools-hbrst-family.jpg","type":"image\/jpeg"}],"twitter_card":"summary_large_image","twitter_misc":{"Tiempo de lectura":"1 minuto"},"schema":{"@context":"https:\/\/schema.org","@graph":[{"@type":"WebPage","@id":"https:\/\/hts-mct.com\/es\/productos\/hbrt\/","url":"https:\/\/hts-mct.com\/es\/productos\/hbrt\/","name":"HBRT - HTS MCT | Safety Sealing Solutions for Cables and Pipes","isPartOf":{"@id":"https:\/\/hts-mct.com\/es\/#website"},"primaryImageOfPage":{"@id":"https:\/\/hts-mct.com\/es\/productos\/hbrt\/#primaryimage"},"image":{"@id":"https:\/\/hts-mct.com\/es\/productos\/hbrt\/#primaryimage"},"thumbnailUrl":"https:\/\/hts-mct.com\/wp-content\/uploads\/2025\/10\/hts-sealing-tools-hbrst-family.jpg","datePublished":"2025-10-07T11:48:04+00:00","dateModified":"2026-02-06T15:47:18+00:00","breadcrumb":{"@id":"https:\/\/hts-mct.com\/es\/productos\/hbrt\/#breadcrumb"},"inLanguage":"es","potentialAction":[{"@type":"ReadAction","target":["https:\/\/hts-mct.com\/es\/productos\/hbrt\/"]}]},{"@type":"ImageObject","inLanguage":"es","@id":"https:\/\/hts-mct.com\/es\/productos\/hbrt\/#primaryimage","url":"https:\/\/hts-mct.com\/wp-content\/uploads\/2025\/10\/hts-sealing-tools-hbrst-family.jpg","contentUrl":"https:\/\/hts-mct.com\/wp-content\/uploads\/2025\/10\/hts-sealing-tools-hbrst-family.jpg","width":300,"height":300,"caption":"hts seal hbrst family"},{"@type":"BreadcrumbList","@id":"https:\/\/hts-mct.com\/es\/productos\/hbrt\/#breadcrumb","itemListElement":[{"@type":"ListItem","position":1,"name":"Home","item":"https:\/\/hts-mct.com\/es\/hts-mct-soluciones-de-sellado-seguras-para-cables-y-tuberias\/"},{"@type":"ListItem","position":2,"name":"Productos","item":"https:\/\/hts-mct.com\/es\/productos\/"},{"@type":"ListItem","position":3,"name":"HBRT"}]},{"@type":"WebSite","@id":"https:\/\/hts-mct.com\/es\/#website","url":"https:\/\/hts-mct.com\/es\/","name":"HTS MCT | Safety Sealing Solutions for Cables and Pipes","description":"Discover HTS MCT sealing solutions, designed to ensure safety and efficiency for cable and pipe penetrations. Reliable protection for the most demanding environments.","publisher":{"@id":"https:\/\/hts-mct.com\/es\/#organization"},"potentialAction":[{"@type":"SearchAction","target":{"@type":"EntryPoint","urlTemplate":"https:\/\/hts-mct.com\/es\/?s={search_term_string}"},"query-input":{"@type":"PropertyValueSpecification","valueRequired":true,"valueName":"search_term_string"}}],"inLanguage":"es"},{"@type":"Organization","@id":"https:\/\/hts-mct.com\/es\/#organization","name":"HTS MCT | Safety Sealing Solutions for Cables and Pipes","url":"https:\/\/hts-mct.com\/es\/","logo":{"@type":"ImageObject","inLanguage":"es","@id":"https:\/\/hts-mct.com\/es\/#\/schema\/logo\/image\/","url":"https:\/\/hts-mct.com\/wp-content\/uploads\/2025\/07\/HTS-MCT-logo-Social.png","contentUrl":"https:\/\/hts-mct.com\/wp-content\/uploads\/2025\/07\/HTS-MCT-logo-Social.png","width":348,"height":89,"caption":"HTS MCT | Safety Sealing Solutions for Cables and Pipes"},"image":{"@id":"https:\/\/hts-mct.com\/es\/#\/schema\/logo\/image\/"}}]}},"_links":{"self":[{"href":"https:\/\/hts-mct.com\/es\/wp-json\/wp\/v2\/pages\/18491","targetHints":{"allow":["GET"]}}],"collection":[{"href":"https:\/\/hts-mct.com\/es\/wp-json\/wp\/v2\/pages"}],"about":[{"href":"https:\/\/hts-mct.com\/es\/wp-json\/wp\/v2\/types\/page"}],"author":[{"embeddable":true,"href":"https:\/\/hts-mct.com\/es\/wp-json\/wp\/v2\/users\/1"}],"replies":[{"embeddable":true,"href":"https:\/\/hts-mct.com\/es\/wp-json\/wp\/v2\/comments?post=18491"}],"version-history":[{"count":31,"href":"https:\/\/hts-mct.com\/es\/wp-json\/wp\/v2\/pages\/18491\/revisions"}],"predecessor-version":[{"id":25613,"href":"https:\/\/hts-mct.com\/es\/wp-json\/wp\/v2\/pages\/18491\/revisions\/25613"}],"up":[{"embeddable":true,"href":"https:\/\/hts-mct.com\/es\/wp-json\/wp\/v2\/pages\/14850"}],"wp:featuredmedia":[{"embeddable":true,"href":"https:\/\/hts-mct.com\/es\/wp-json\/wp\/v2\/media\/18430"}],"wp:attachment":[{"href":"https:\/\/hts-mct.com\/es\/wp-json\/wp\/v2\/media?parent=18491"}],"curies":[{"name":"wp","href":"https:\/\/api.w.org\/{rel}","templated":true}]}}