{"id":15518,"date":"2025-05-19T13:26:39","date_gmt":"2025-05-19T11:26:39","guid":{"rendered":"https:\/\/hts-mct.com\/politica-de-privacidad\/"},"modified":"2025-08-08T10:15:49","modified_gmt":"2025-08-08T08:15:49","slug":"politica-de-privacidad","status":"publish","type":"page","link":"https:\/\/hts-mct.com\/es\/politica-de-privacidad\/","title":{"rendered":"Pol\u00edtica de privacidad"},"content":{"rendered":"\t\t<div data-elementor-type=\"wp-page\" data-elementor-id=\"15518\" class=\"elementor elementor-15518 elementor-65\" data-elementor-post-type=\"page\">\n\t\t\t\t<div class=\"elementor-element elementor-element-f2ca9be e-flex e-con-boxed e-con e-parent\" data-id=\"f2ca9be\" data-element_type=\"container\" data-e-type=\"container\">\n\t\t\t\t\t<div class=\"e-con-inner\">\n\t\t\t\t<div class=\"elementor-element elementor-element-07837b5 elementor-widget elementor-widget-heading\" data-id=\"07837b5\" data-element_type=\"widget\" data-e-type=\"widget\" data-widget_type=\"heading.default\">\n\t\t\t\t<div class=\"elementor-widget-container\">\n\t\t\t\t\t<h2 class=\"elementor-heading-title elementor-size-default\">Pol\u00edtica de privacidad<\/h2>\t\t\t\t<\/div>\n\t\t\t\t<\/div>\n\t\t\t\t<div class=\"elementor-element elementor-element-29f2cbf elementor-widget elementor-widget-text-editor\" data-id=\"29f2cbf\" data-element_type=\"widget\" data-e-type=\"widget\" data-widget_type=\"text-editor.default\">\n\t\t\t\t<div class=\"elementor-widget-container\">\n\t\t\t\t\t\t\t\t\t<p>En cumplimiento de las obligaciones establecidas en la Ley Org\u00e1nica 3\/2018, de 5 de diciembre, de Protecci\u00f3n de Datos Personales y Garant\u00eda de los Derechos Digitales, a continuaci\u00f3n te informamos sobre el tratamiento de tus datos personales:<\/p><p><strong>\u00bfQui\u00e9n es responsable del tratamiento de tus datos?<\/strong><br>HAWKE TRANSIT SYSTEM, S.L.. CIF: B39614813<br>Direcci\u00f3n: POLIGONO TANOS &#8211; VIERNOLES PARCELA C9 -C10 39300, TORRELAVEGA.<br>Tel\u00e9fono: 942892739<br>Correo: info@hts-mct.com<br>Web: www.hts-mct.com <\/p><p>Puedes utilizar cualquier medio para comunicarte con nosotros.<\/p><p>Nos reservamos el derecho a modificar o adaptar esta Pol\u00edtica de Privacidad en cualquier momento. Te recomendamos que la revises, y si te has registrado y accedes a tu cuenta o perfil, se te informar\u00e1 de los cambios. <\/p><p>Si perteneces a uno de los siguientes grupos, consulta la informaci\u00f3n desplegable:<\/p><p><strong>CONTACTOS WEB O CORREO ELECTR\u00d3NICO<\/strong><\/p><p><strong>\u00bfQu\u00e9 datos recogemos a trav\u00e9s de la Web?<\/strong><\/p><p>Podemos tratar tu IP, qu\u00e9 sistema operativo o navegador utilizas, e incluso la duraci\u00f3n de tu visita, de forma an\u00f3nima.<\/p><p>Si nos proporcionas informaci\u00f3n en el formulario de contacto, te identificar\u00e1s para que podamos ponernos en contacto contigo, si es necesario.<\/p><p><strong>\u00bfCon qu\u00e9 fines trataremos tus datos personales?<\/strong><\/p><p>Responder a tus preguntas, solicitudes o demandas.<br>Gestionar el servicio solicitado, responder a tu solicitud o tramitar tu demanda.<br>Informaci\u00f3n por medios electr\u00f3nicos, sobre tu solicitud.<br>Informaci\u00f3n comercial o de eventos por medios electr\u00f3nicos, siempre que exista autorizaci\u00f3n expresa.<br>Realizar an\u00e1lisis y mejoras en la Web, sobre nuestros productos y servicios. Mejorar nuestra estrategia comercial. <\/p><p><strong>\u00bfCu\u00e1l es la legitimaci\u00f3n para el tratamiento de tus datos?<\/strong><\/p><p>La aceptaci\u00f3n y consentimiento del interesado: En aquellos casos en los que para realizar una solicitud sea necesario cumplimentar un formulario y pulsar el bot\u00f3n de enviar, el hacerlo implicar\u00e1 necesariamente que has sido informado y has otorgado expresamente tu consentimiento al contenido de la cl\u00e1usula anexa a dicho formulario o aceptaci\u00f3n de la pol\u00edtica de privacidad.<\/p><p>Todos nuestros formularios tienen el s\u00edmbolo * en los datos obligatorios. Si no facilitas estos campos, o no marcas la casilla de aceptaci\u00f3n de la pol\u00edtica de privacidad, no se permitir\u00e1 el env\u00edo de la informaci\u00f3n. Suele tener la siguiente f\u00f3rmula \u00abSoy mayor de 14 a\u00f1os, he le\u00eddo y acepto la Pol\u00edtica de Privacidad\u00bb.  <\/p><p><strong>CLIENTES<\/strong><\/p><p><strong>\u00bfCon qu\u00e9 fines trataremos tus datos personales?<\/strong><\/p><p>Elaboraci\u00f3n del presupuesto y seguimiento del mismo a trav\u00e9s de comunicaciones entre ambas partes.<br>Informaci\u00f3n por medios electr\u00f3nicos, relativa a tu solicitud.<br>Informaci\u00f3n comercial o de eventos por medios electr\u00f3nicos, siempre que exista autorizaci\u00f3n expresa.<br>Gestionar los servicios administrativos, de comunicaciones y log\u00edsticos realizados por el Responsable.<br>Facturaci\u00f3n y declaraci\u00f3n de los impuestos que procedan.<br>Realizar las gestiones correspondientes.<br>Gesti\u00f3n de control y cobro.<\/p><p><strong>ENCUESTAS DE CALIDAD<\/strong><\/p><p><strong>\u00bfCon qu\u00e9 fines trataremos tus datos personales?<\/strong><\/p><p>Evaluar el grado de calidad del servicio prestado.<br>Mejorar los servicios ofrecidos, en virtud del cumplimiento de la ISO.<br>\u00bfCu\u00e1l es la legitimaci\u00f3n para el tratamiento de tus datos?<\/p><p>La base jur\u00eddica es el consentimiento expreso del encuestado.<\/p><p><strong>PROVEEDORES<\/strong><\/p><p><strong>\u00bfCon qu\u00e9 fines trataremos tus datos personales?<\/strong><\/p><p>Informaci\u00f3n por medios electr\u00f3nicos, relativa a tu solicitud.<br>Informaci\u00f3n comercial o de eventos por medios electr\u00f3nicos, siempre que exista autorizaci\u00f3n expresa.<br>Gestionar los servicios administrativos, de comunicaciones y log\u00edsticos realizados por el Responsable.<br>Facturar.<br>Realizar las gestiones correspondientes.<br>Facturaci\u00f3n y declaraci\u00f3n de los impuestos que procedan.<br>Gesti\u00f3n de control y cobro.<\/p><p><strong>\u00bfCu\u00e1l es la legitimaci\u00f3n para el tratamiento de tus datos?<\/strong><\/p><p>La base jur\u00eddica es la aceptaci\u00f3n de una relaci\u00f3n contractual o, en su defecto, tu consentimiento al ponerte en contacto con nosotros u ofrecernos tus productos de cualquier forma.<\/p><p><strong>CONTACTOS EN REDES SOCIALES<\/strong><\/p><p>\u00bfCon qu\u00e9 fines trataremos tus datos personales?<\/p><p>Responder a tus preguntas, peticiones o demandas.<br>Gestionar el servicio solicitado, responder a tu petici\u00f3n o tramitar tu demanda.<br>Conectar contigo y crear una comunidad de seguidores.<\/p><p><strong>\u00bfCu\u00e1l es la legitimaci\u00f3n para el tratamiento de tus datos?<\/strong><\/p><p>La aceptaci\u00f3n de una relaci\u00f3n contractual en el entorno de la red social correspondiente, y de acuerdo con sus pol\u00edticas de Privacidad:<\/p><p>Facebook http:\/\/www.facebook.com\/policy.php?ref=pf<br>Instagram https:\/\/help.instagram.com\/155833707900388<br>Twitter http:\/\/twitter.com\/privacy<br>Linkedin http:\/\/www.linkedin.com\/legal\/privacy-policy?trk=hb_ft_priv<br>Pinterest https:\/\/about.pinterest.com\/es\/privacy-policy<br>Youtube http:\/\/www.google.com\/intl\/es\/policies\/privacy\/<br>\u00bfCu\u00e1nto tiempo conservaremos los datos personales?<\/p><p>S\u00f3lo podemos consultar o cancelar tus datos de forma restringida al tener un perfil espec\u00edfico. Los trataremos mientras nos dejes sigui\u00e9ndonos, siendo amigos o pulsando botones de \u00abme gusta\u00bb, \u00abseguir\u00bb o similares. <\/p><p>Cualquier rectificaci\u00f3n de tus datos o restricci\u00f3n de informaci\u00f3n o publicaciones debe realizarse a trav\u00e9s de la configuraci\u00f3n de tu perfil o usuario en la propia red social.<\/p><p><strong>JOBSEEKERS<\/strong><\/p><p><strong>\u00bfCon qu\u00e9 fines trataremos tus datos personales?<\/strong><\/p><p>Organizaci\u00f3n de procesos de selecci\u00f3n para la contrataci\u00f3n de trabajadores.<br>Convocarte a entrevistas de trabajo y evaluar tu candidatura.<br>Si nos has dado tu consentimiento, podemos cederla a empresas colaboradoras o vinculadas, con el \u00fanico objetivo de ayudarte a encontrar un empleo.<br>Si marcas la casilla de aceptaci\u00f3n de la pol\u00edtica de privacidad, nos das tu consentimiento para ceder tu candidatura a las entidades que conforman el grupo de empresas con el objetivo de incluirte en sus procesos de selecci\u00f3n de personal.<br>Asimismo, te informamos que transcurrido un a\u00f1o desde la recepci\u00f3n de tu curr\u00edculum vitae, procederemos a su destrucci\u00f3n segura.<\/p><p>\u00bfCu\u00e1l es la legitimaci\u00f3n para el tratamiento de tus datos?<\/p><p>La base legal es tu consentimiento inequ\u00edvoco, al enviarnos tu CV.<\/p><p><strong>VIDEOVIGILANCIA<\/strong><\/p><p><strong>\u00bfCon qu\u00e9 fines trataremos tus datos personales?<\/strong><\/p><p>Garantizar la seguridad y el acceso a las instalaciones.<br>Control del trabajo de los empleados y otro personal similar.<br>Evaluar la calidad del Servicio.<br>\u00bfCu\u00e1l es la legitimaci\u00f3n para tratar tus datos personales?<\/p><p>Proteger el inter\u00e9s p\u00fablico<br>\u00bfA qui\u00e9n podemos comunicar tus datos personales?<\/p><p>Cuerpos y fuerzas de seguridad del Estado, y\/o jueces y tribunales:<\/p><p>En casos de comisi\u00f3n de actos delictivos, comprobaci\u00f3n de delitos graves y situaciones similares.<br>Para ejercer acciones leg\u00edtimas basadas en el derecho a nuestra tutela judicial efectiva.<br>\u00bfDurante cu\u00e1nto tiempo almacenaremos tus datos personales?<\/p><p>Como m\u00e1ximo, durante un periodo de 30 d\u00edas.<\/p><p>\u00bfIncluimos datos personales de terceros?<\/p><p>No, como norma general s\u00f3lo tratamos los datos facilitados por los titulares. Si nos facilitas datos de terceros, deber\u00e1s informar previamente y solicitar su consentimiento a dichas personas, o de lo contrario nos eximes de cualquier responsabilidad por el incumplimiento de este requisito. <\/p><p>\u00bfY datos de menores?<\/p><p>No tratamos datos de menores de 14 a\u00f1os. Por tanto, abstente de facilitarlos si no tienes esa edad o, en su caso, de facilitar datos de terceros que no tengan esa edad. HAWKE TRANSIT SYSTEM, S.L. declina cualquier responsabilidad por el incumplimiento de esta disposici\u00f3n.  <\/p><p>\u00bfHaremos las comunicaciones por medios electr\u00f3nicos?<\/p><p>S\u00f3lo se llevar\u00e1n a cabo para gestionar tu solicitud, si es uno de los medios de contacto que nos has facilitado.<br>Si realizamos comunicaciones comerciales, \u00e9stas habr\u00e1n sido previa y expresamente autorizadas por ti.<br>\u00bfQu\u00e9 medidas de seguridad aplicamos?<\/p><p>Puedes estar tranquilo: hemos adoptado un nivel \u00f3ptimo de protecci\u00f3n de los Datos Personales que tratamos, y hemos instalado todos los medios y medidas t\u00e9cnicas a nuestro alcance seg\u00fan el estado de la tecnolog\u00eda para evitar la p\u00e9rdida, mal uso, alteraci\u00f3n, acceso no autorizado y robo de los Datos Personales.<\/p><p>\u00bfA qu\u00e9 destinatarios se comunicar\u00e1n tus datos?<\/p><p>Tus datos no ser\u00e1n cedidos a terceros, salvo obligaci\u00f3n legal. En concreto, ser\u00e1n comunicados a la Agencia Estatal de Administraci\u00f3n Tributaria y a entidades bancarias y financieras para el cobro del servicio prestado o producto adquirido. As\u00ed como a los encargados del tratamiento necesarios para la ejecuci\u00f3n del contrato.  <\/p><p>En caso de compra o pago, si eliges una aplicaci\u00f3n, sitio web, plataforma, tarjeta bancaria, o cualquier otro servicio online, tus datos ser\u00e1n transferidos a esa plataforma o ser\u00e1n procesados en su entorno, siempre con la m\u00e1xima seguridad.<\/p><p>Cuando lo encarguemos, la empresa de desarrollo y mantenimiento web, o la empresa de alojamiento, tendr\u00e1n acceso a nuestro sitio web. Habr\u00e1n firmado un contrato de prestaci\u00f3n de servicios que les obliga a mantener el mismo nivel de privacidad que nosotros. <\/p><p>\u00bfQu\u00e9 derechos tienes?<\/p><p>A saber si estamos tratando tus datos o no.<br>A acceder a tus datos personales.<br>A solicitar la rectificaci\u00f3n de tus datos si son inexactos.<br>A solicitar la supresi\u00f3n de tus datos si ya no son necesarios para los fines que fueron recogidos o si retiras el consentimiento otorgado.<br>A solicitar la limitaci\u00f3n del tratamiento de tus datos, en algunos supuestos, en cuyo caso s\u00f3lo los conservaremos de acuerdo con la normativa vigente.<br>Facilitarnos tus datos, que te ser\u00e1n proporcionados en un formato estructurado, de uso com\u00fan o lectura mec\u00e1nica. Si lo prefieres, podemos enviarlos al nuevo responsable que designes. S\u00f3lo es v\u00e1lido en determinados casos.<br>Presentar una reclamaci\u00f3n ante la Agencia Espa\u00f1ola de Protecci\u00f3n de Datos o autoridad de control competente, si consideras que no te hemos atendido correctamente.<br>Revocar el consentimiento para cualquier tratamiento para el que hayas consentido, en cualquier momento.<br>Si modificas alg\u00fan dato, te agradecemos que nos lo comuniques para mantenerlo actualizado.  <\/p><p>\u00bfQuieres un formulario para el ejercicio de los Derechos?<\/p><p>Disponemos de formularios para el ejercicio de tus derechos, solic\u00edtanoslos por correo electr\u00f3nico o si lo prefieres, puedes utilizar los elaborados por la Agencia Espa\u00f1ola de Protecci\u00f3n de Datos o por terceros.<br>Estos formularios deben firmarse electr\u00f3nicamente o ir acompa\u00f1ados de una fotocopia del DNI<br>Si alguien te representa, debes adjuntar una copia de tu DNI o firmarlo con tu firma electr\u00f3nica.<br>Los formularios pueden presentarse en persona, enviarse por carta o por correo a la direcci\u00f3n del responsable que figura al principio de este texto.<br>\u00bfCu\u00e1nto tardamos en responder al Ejercicio de Derechos?<\/p><p>Depende de la ley, pero como m\u00e1ximo un mes desde tu solicitud, y dos meses si el asunto es muy complejo y te notificamos que necesitamos m\u00e1s tiempo.<\/p><p><strong>\u00bfTratamos las galletas?<\/strong><\/p><p>Si utilizamos otros tipos de cookies que no son necesarias, puedes consultar la pol\u00edtica de cookies en el enlace correspondiente desde el principio de nuestro sitio web.<\/p><p>\u00bfDurante cu\u00e1nto tiempo conservaremos tus datos personales?<\/p><p>Los datos personales se conservar\u00e1n mientras sigas conectado con nosotros.<br>Una vez que te hayas legitimado, los datos personales tratados para cada finalidad se conservar\u00e1n durante los plazos legalmente establecidos, incluido el plazo en que un juez o tribunal pueda requerirlos, teniendo en cuenta el plazo de prescripci\u00f3n de las acciones legales.<br>Los datos tratados se conservar\u00e1n mientras no prescriban los plazos legales mencionados, si existe obligaci\u00f3n legal de mantenimiento, o si dicho plazo legal no existe, hasta que el interesado solicite su supresi\u00f3n o revoque el consentimiento otorgado.<br>Conservaremos toda la informaci\u00f3n y comunicaciones relacionadas con tu compra o la prestaci\u00f3n de nuestro servicio, mientras duren las garant\u00edas de los productos o servicios, para atender posibles reclamaciones.<\/p><p>De acuerdo con lo dispuesto en el art\u00edculo 28.6 la Ley de Cantabria 1\/2018, de 21 de marzo, de Transparencia de la Actividad P\u00fablica, se publica la siguiente <a href=\"\/wp-content\/uploads\/2025\/07\/TRANSPARENCIA.pdf\">comunicaci\u00f3n de retribuciones<\/a>.<\/p><p> <\/p><p> <\/p>\t\t\t\t\t\t\t\t<\/div>\n\t\t\t\t<\/div>\n\t\t\t\t\t<\/div>\n\t\t\t\t<\/div>\n\t\t\t\t<\/div>\n\t\t","protected":false},"excerpt":{"rendered":"<p>Pol\u00edtica de privacidad En cumplimiento de las obligaciones establecidas en la Ley Org\u00e1nica 3\/2018, de 5 de diciembre, de Protecci\u00f3n de Datos Personales y Garant\u00eda de los Derechos Digitales, a continuaci\u00f3n te informamos sobre el tratamiento de tus datos personales: \u00bfQui\u00e9n es responsable del tratamiento de tus datos?HAWKE TRANSIT SYSTEM, S.L.. CIF: B39614813Direcci\u00f3n: POLIGONO TANOS [&hellip;]<\/p>\n","protected":false},"author":1,"featured_media":0,"parent":0,"menu_order":0,"comment_status":"closed","ping_status":"closed","template":"elementor_header_footer","meta":{"footnotes":""},"class_list":["post-15518","page","type-page","status-publish","hentry"],"yoast_head":"<!-- This site is optimized with the Yoast SEO Premium plugin v25.5 (Yoast SEO v25.5) - https:\/\/yoast.com\/wordpress\/plugins\/seo\/ -->\n<title>Pol\u00edtica de Privacidad - HTS MCT | Soluciones de Sellado de Seguridad para Cables y Tuber\u00edas<\/title>\n<meta name=\"description\" content=\"Descubre c\u00f3mo HTS MCT protege tus datos. Consulta nuestra pol\u00edtica de privacidad sobre la informaci\u00f3n personal, la recopilaci\u00f3n de datos y las pr\u00e1cticas de seguridad.\" \/>\n<meta name=\"robots\" content=\"index, follow, max-snippet:-1, max-image-preview:large, max-video-preview:-1\" \/>\n<link rel=\"canonical\" href=\"https:\/\/hts-mct.com\/es\/politica-de-privacidad\/\" \/>\n<meta property=\"og:locale\" content=\"es_ES\" \/>\n<meta property=\"og:type\" content=\"article\" \/>\n<meta property=\"og:title\" content=\"Pol\u00edtica de privacidad\" \/>\n<meta property=\"og:description\" content=\"Descubre c\u00f3mo HTS MCT protege tus datos. Consulta nuestra pol\u00edtica de privacidad sobre la informaci\u00f3n personal, la recopilaci\u00f3n de datos y las pr\u00e1cticas de seguridad.\" \/>\n<meta property=\"og:url\" content=\"https:\/\/hts-mct.com\/es\/politica-de-privacidad\/\" \/>\n<meta property=\"og:site_name\" content=\"HTS MCT | Safety Sealing Solutions for Cables and Pipes\" \/>\n<meta property=\"article:modified_time\" content=\"2025-08-08T08:15:49+00:00\" \/>\n<meta property=\"og:image\" content=\"https:\/\/hts-mct.com\/wp-content\/uploads\/2025\/07\/HTS-MCT-logo-Social.png\" \/>\n\t<meta property=\"og:image:width\" content=\"348\" \/>\n\t<meta property=\"og:image:height\" content=\"89\" \/>\n\t<meta property=\"og:image:type\" content=\"image\/png\" \/>\n<meta name=\"twitter:card\" content=\"summary_large_image\" \/>\n<meta name=\"twitter:label1\" content=\"Tiempo de lectura\" \/>\n\t<meta name=\"twitter:data1\" content=\"10 minutos\" \/>\n<script type=\"application\/ld+json\" class=\"yoast-schema-graph\">{\"@context\":\"https:\/\/schema.org\",\"@graph\":[{\"@type\":\"WebPage\",\"@id\":\"https:\/\/hts-mct.com\/es\/politica-de-privacidad\/\",\"url\":\"https:\/\/hts-mct.com\/es\/politica-de-privacidad\/\",\"name\":\"Pol\u00edtica de Privacidad - HTS MCT | Soluciones de Sellado de Seguridad para Cables y Tuber\u00edas\",\"isPartOf\":{\"@id\":\"https:\/\/hts-mct.com\/es\/#website\"},\"datePublished\":\"2025-05-19T11:26:39+00:00\",\"dateModified\":\"2025-08-08T08:15:49+00:00\",\"description\":\"Descubre c\u00f3mo HTS MCT protege tus datos. Consulta nuestra pol\u00edtica de privacidad sobre la informaci\u00f3n personal, la recopilaci\u00f3n de datos y las pr\u00e1cticas de seguridad.\",\"breadcrumb\":{\"@id\":\"https:\/\/hts-mct.com\/es\/politica-de-privacidad\/#breadcrumb\"},\"inLanguage\":\"es\",\"potentialAction\":[{\"@type\":\"ReadAction\",\"target\":[\"https:\/\/hts-mct.com\/es\/politica-de-privacidad\/\"]}]},{\"@type\":\"BreadcrumbList\",\"@id\":\"https:\/\/hts-mct.com\/es\/politica-de-privacidad\/#breadcrumb\",\"itemListElement\":[{\"@type\":\"ListItem\",\"position\":1,\"name\":\"Home\",\"item\":\"https:\/\/hts-mct.com\/es\/hts-mct-soluciones-de-sellado-seguras-para-cables-y-tuberias\/\"},{\"@type\":\"ListItem\",\"position\":2,\"name\":\"Pol\u00edtica de privacidad\"}]},{\"@type\":\"WebSite\",\"@id\":\"https:\/\/hts-mct.com\/es\/#website\",\"url\":\"https:\/\/hts-mct.com\/es\/\",\"name\":\"HTS MCT | Safety Sealing Solutions for Cables and Pipes\",\"description\":\"Discover HTS MCT sealing solutions, designed to ensure safety and efficiency for cable and pipe penetrations. Reliable protection for the most demanding environments.\",\"publisher\":{\"@id\":\"https:\/\/hts-mct.com\/es\/#organization\"},\"potentialAction\":[{\"@type\":\"SearchAction\",\"target\":{\"@type\":\"EntryPoint\",\"urlTemplate\":\"https:\/\/hts-mct.com\/es\/?s={search_term_string}\"},\"query-input\":{\"@type\":\"PropertyValueSpecification\",\"valueRequired\":true,\"valueName\":\"search_term_string\"}}],\"inLanguage\":\"es\"},{\"@type\":\"Organization\",\"@id\":\"https:\/\/hts-mct.com\/es\/#organization\",\"name\":\"HTS MCT | Safety Sealing Solutions for Cables and Pipes\",\"url\":\"https:\/\/hts-mct.com\/es\/\",\"logo\":{\"@type\":\"ImageObject\",\"inLanguage\":\"es\",\"@id\":\"https:\/\/hts-mct.com\/es\/#\/schema\/logo\/image\/\",\"url\":\"https:\/\/hts-mct.com\/wp-content\/uploads\/2025\/07\/HTS-MCT-logo-Social.png\",\"contentUrl\":\"https:\/\/hts-mct.com\/wp-content\/uploads\/2025\/07\/HTS-MCT-logo-Social.png\",\"width\":348,\"height\":89,\"caption\":\"HTS MCT | Safety Sealing Solutions for Cables and Pipes\"},\"image\":{\"@id\":\"https:\/\/hts-mct.com\/es\/#\/schema\/logo\/image\/\"}}]}<\/script>\n<!-- \/ Yoast SEO Premium plugin. -->","yoast_head_json":{"title":"Pol\u00edtica de Privacidad - HTS MCT | Soluciones de Sellado de Seguridad para Cables y Tuber\u00edas","description":"Descubre c\u00f3mo HTS MCT protege tus datos. Consulta nuestra pol\u00edtica de privacidad sobre la informaci\u00f3n personal, la recopilaci\u00f3n de datos y las pr\u00e1cticas de seguridad.","robots":{"index":"index","follow":"follow","max-snippet":"max-snippet:-1","max-image-preview":"max-image-preview:large","max-video-preview":"max-video-preview:-1"},"canonical":"https:\/\/hts-mct.com\/es\/politica-de-privacidad\/","og_locale":"es_ES","og_type":"article","og_title":"Pol\u00edtica de privacidad","og_description":"Descubre c\u00f3mo HTS MCT protege tus datos. Consulta nuestra pol\u00edtica de privacidad sobre la informaci\u00f3n personal, la recopilaci\u00f3n de datos y las pr\u00e1cticas de seguridad.","og_url":"https:\/\/hts-mct.com\/es\/politica-de-privacidad\/","og_site_name":"HTS MCT | Safety Sealing Solutions for Cables and Pipes","article_modified_time":"2025-08-08T08:15:49+00:00","og_image":[{"width":348,"height":89,"url":"https:\/\/hts-mct.com\/wp-content\/uploads\/2025\/07\/HTS-MCT-logo-Social.png","type":"image\/png"}],"twitter_card":"summary_large_image","twitter_misc":{"Tiempo de lectura":"10 minutos"},"schema":{"@context":"https:\/\/schema.org","@graph":[{"@type":"WebPage","@id":"https:\/\/hts-mct.com\/es\/politica-de-privacidad\/","url":"https:\/\/hts-mct.com\/es\/politica-de-privacidad\/","name":"Pol\u00edtica de Privacidad - HTS MCT | Soluciones de Sellado de Seguridad para Cables y Tuber\u00edas","isPartOf":{"@id":"https:\/\/hts-mct.com\/es\/#website"},"datePublished":"2025-05-19T11:26:39+00:00","dateModified":"2025-08-08T08:15:49+00:00","description":"Descubre c\u00f3mo HTS MCT protege tus datos. Consulta nuestra pol\u00edtica de privacidad sobre la informaci\u00f3n personal, la recopilaci\u00f3n de datos y las pr\u00e1cticas de seguridad.","breadcrumb":{"@id":"https:\/\/hts-mct.com\/es\/politica-de-privacidad\/#breadcrumb"},"inLanguage":"es","potentialAction":[{"@type":"ReadAction","target":["https:\/\/hts-mct.com\/es\/politica-de-privacidad\/"]}]},{"@type":"BreadcrumbList","@id":"https:\/\/hts-mct.com\/es\/politica-de-privacidad\/#breadcrumb","itemListElement":[{"@type":"ListItem","position":1,"name":"Home","item":"https:\/\/hts-mct.com\/es\/hts-mct-soluciones-de-sellado-seguras-para-cables-y-tuberias\/"},{"@type":"ListItem","position":2,"name":"Pol\u00edtica de privacidad"}]},{"@type":"WebSite","@id":"https:\/\/hts-mct.com\/es\/#website","url":"https:\/\/hts-mct.com\/es\/","name":"HTS MCT | Safety Sealing Solutions for Cables and Pipes","description":"Discover HTS MCT sealing solutions, designed to ensure safety and efficiency for cable and pipe penetrations. Reliable protection for the most demanding environments.","publisher":{"@id":"https:\/\/hts-mct.com\/es\/#organization"},"potentialAction":[{"@type":"SearchAction","target":{"@type":"EntryPoint","urlTemplate":"https:\/\/hts-mct.com\/es\/?s={search_term_string}"},"query-input":{"@type":"PropertyValueSpecification","valueRequired":true,"valueName":"search_term_string"}}],"inLanguage":"es"},{"@type":"Organization","@id":"https:\/\/hts-mct.com\/es\/#organization","name":"HTS MCT | Safety Sealing Solutions for Cables and Pipes","url":"https:\/\/hts-mct.com\/es\/","logo":{"@type":"ImageObject","inLanguage":"es","@id":"https:\/\/hts-mct.com\/es\/#\/schema\/logo\/image\/","url":"https:\/\/hts-mct.com\/wp-content\/uploads\/2025\/07\/HTS-MCT-logo-Social.png","contentUrl":"https:\/\/hts-mct.com\/wp-content\/uploads\/2025\/07\/HTS-MCT-logo-Social.png","width":348,"height":89,"caption":"HTS MCT | Safety Sealing Solutions for Cables and Pipes"},"image":{"@id":"https:\/\/hts-mct.com\/es\/#\/schema\/logo\/image\/"}}]}},"_links":{"self":[{"href":"https:\/\/hts-mct.com\/es\/wp-json\/wp\/v2\/pages\/15518","targetHints":{"allow":["GET"]}}],"collection":[{"href":"https:\/\/hts-mct.com\/es\/wp-json\/wp\/v2\/pages"}],"about":[{"href":"https:\/\/hts-mct.com\/es\/wp-json\/wp\/v2\/types\/page"}],"author":[{"embeddable":true,"href":"https:\/\/hts-mct.com\/es\/wp-json\/wp\/v2\/users\/1"}],"replies":[{"embeddable":true,"href":"https:\/\/hts-mct.com\/es\/wp-json\/wp\/v2\/comments?post=15518"}],"version-history":[{"count":2,"href":"https:\/\/hts-mct.com\/es\/wp-json\/wp\/v2\/pages\/15518\/revisions"}],"predecessor-version":[{"id":17116,"href":"https:\/\/hts-mct.com\/es\/wp-json\/wp\/v2\/pages\/15518\/revisions\/17116"}],"wp:attachment":[{"href":"https:\/\/hts-mct.com\/es\/wp-json\/wp\/v2\/media?parent=15518"}],"curies":[{"name":"wp","href":"https:\/\/api.w.org\/{rel}","templated":true}]}}