{"id":15005,"date":"2025-05-19T13:28:20","date_gmt":"2025-05-19T11:28:20","guid":{"rendered":"https:\/\/hts-mct.com\/politica-de-calidad-salud-seguridad-y-medio-ambiente\/"},"modified":"2026-01-29T11:50:57","modified_gmt":"2026-01-29T10:50:57","slug":"politica-de-calidad-salud-seguridad-y-medio-ambiente","status":"publish","type":"page","link":"https:\/\/hts-mct.com\/es\/politica-de-calidad-salud-seguridad-y-medio-ambiente\/","title":{"rendered":"Pol\u00edtica de calidad, salud, seguridad y medio ambiente"},"content":{"rendered":"\t\t<div data-elementor-type=\"wp-page\" data-elementor-id=\"15005\" class=\"elementor elementor-15005 elementor-68\" data-elementor-post-type=\"page\">\n\t\t\t\t<div class=\"elementor-element elementor-element-9609565 e-flex e-con-boxed e-con e-parent\" data-id=\"9609565\" data-element_type=\"container\" data-e-type=\"container\">\n\t\t\t\t\t<div class=\"e-con-inner\">\n\t\t\t\t<div class=\"elementor-element elementor-element-ec110be elementor-widget elementor-widget-heading\" data-id=\"ec110be\" data-element_type=\"widget\" data-e-type=\"widget\" data-widget_type=\"heading.default\">\n\t\t\t\t<div class=\"elementor-widget-container\">\n\t\t\t\t\t<h2 class=\"elementor-heading-title elementor-size-default\">Pol\u00edtica de calidad, salud, seguridad y medio ambiente<\/h2>\t\t\t\t<\/div>\n\t\t\t\t<\/div>\n\t\t\t\t<div class=\"elementor-element elementor-element-18c8c76 elementor-widget elementor-widget-text-editor\" data-id=\"18c8c76\" data-element_type=\"widget\" data-e-type=\"widget\" data-widget_type=\"text-editor.default\">\n\t\t\t\t<div class=\"elementor-widget-container\">\n\t\t\t\t\t\t\t\t\t<p>HTS (Hawke Transit System), dedicada al dise\u00f1o, fabricaci\u00f3n, distribuci\u00f3n e inspecci\u00f3n de sistemas de sellado de cables y tuber\u00edas para los sectores naval, industrial, oil &amp; gas, nuclear, telecomunicaciones, energ\u00eda, &#8230; adapt\u00e1ndose a las necesidades de calidad exigidas por un mercado cada vez m\u00e1s competitivo, comprometida con la mejora continua y orientada a la satisfacci\u00f3n total del cliente, dispone de un Sistema Integrado de Gesti\u00f3n conforme a las Normas UNE-EN ISO 9001: 2015, UNE-EN ISO 14001: 2015 e ISO 45001: 2018, las Directivas aplicables (Directiva Europea de Equipos Mar\u00edtimos MED 2014\/90\/UE, Directiva de Atm\u00f3sferas Explosivas 2014\/34 \/ UE, Normas IECEx) as\u00ed como todas las revisiones y anexos que \u00e9stas conllevan.<\/p><p>A continuaci\u00f3n se describen los principios de nuestra Pol\u00edtica de Calidad, Medio Ambiente y Salud y Seguridad en el Trabajo:<\/p><ol><li>Compromiso permanente de HTS y de todas las personas que trabajan en su nombre en la mejora continua, la prevenci\u00f3n de la contaminaci\u00f3n ambiental y la realizaci\u00f3n de sus actividades en condiciones seguras como norma de conducta.<\/li><li>Cumplimiento de todos los requisitos legales y otros requisitos aplicables relacionados con sus Aspectos Medioambientales y de Salud y Seguridad en el Trabajo.<\/li><li>Establecimiento de Objetivos de mejora de la Calidad, el Medio Ambiente y la Seguridad y Salud en el Trabajo, medibles, alcanzables y revisables a corto plazo por la Direcci\u00f3n, proporcionando los recursos necesarios, tanto econ\u00f3micos como humanos, para alcanzarlos.<\/li><li>Comunicaci\u00f3n de la Pol\u00edtica de Calidad, Medio Ambiente y Seguridad y Salud a las partes interesadas<\/li><li>Garantizar una formaci\u00f3n continua de todas las personas de HTS de acuerdo con su respectiva actividad, proporcionando los conocimientos necesarios para que puedan desarrollar su actividad en las m\u00e1ximas condiciones de seguridad, con el m\u00e1ximo respeto al medio ambiente y enfocada a la satisfacci\u00f3n de las necesidades de los clientes y de todas las \u00e1reas.<\/li><li>Responsabilidad de todas las personas de HTS para asegurar el seguimiento de los procedimientos establecidos as\u00ed como el an\u00e1lisis de las desviaciones, estableciendo medidas organizativas y tecnol\u00f3gicas para prevenir fallos y minimizar los posibles impactos ambientales derivados de la actividad.<\/li><li>Buscar la plena satisfacci\u00f3n de nuestro cliente con el servicio y la calidad prestados, de forma que merezcamos su confianza y convertirnos as\u00ed en una Organizaci\u00f3n altamente competitiva.<\/li><li>Peri\u00f3dicamente y de acuerdo con los requisitos aplicables y sus revisiones, esta pol\u00edtica ser\u00e1 revisada para su adaptaci\u00f3n por la Direcci\u00f3n de la Empresa.<\/li><\/ol><p><br>La Direcci\u00f3n se asegura de que estos compromisos se mantengan presentes en los objetivos y estrategias seguidos en la Organizaci\u00f3n, siendo comprendidos, aplicados y mantenidos constantemente actualizados en todos los niveles de HTS (Hawke Transit System).<\/p>\t\t\t\t\t\t\t\t<\/div>\n\t\t\t\t<\/div>\n\t\t\t\t\t<\/div>\n\t\t\t\t<\/div>\n\t\t\t\t<\/div>\n\t\t","protected":false},"excerpt":{"rendered":"<p>Pol\u00edtica de calidad, salud, seguridad y medio ambiente HTS (Hawke Transit System), dedicada al dise\u00f1o, fabricaci\u00f3n, distribuci\u00f3n e inspecci\u00f3n de sistemas de sellado de cables y tuber\u00edas para los sectores naval, industrial, oil &amp; gas, nuclear, telecomunicaciones, energ\u00eda, &#8230; adapt\u00e1ndose a las necesidades de calidad exigidas por un mercado cada vez m\u00e1s competitivo, comprometida con [&hellip;]<\/p>\n","protected":false},"author":1,"featured_media":0,"parent":0,"menu_order":0,"comment_status":"closed","ping_status":"closed","template":"elementor_header_footer","meta":{"footnotes":""},"class_list":["post-15005","page","type-page","status-publish","hentry"],"yoast_head":"<!-- This site is optimized with the Yoast SEO Premium plugin v25.5 (Yoast SEO v25.5) - https:\/\/yoast.com\/wordpress\/plugins\/seo\/ -->\n<title>Pol\u00edtica de calidad, salud, seguridad y medio ambiente - HTS MCT<\/title>\n<meta name=\"description\" content=\"Conoce el compromiso de HTS con la calidad, la salud, la seguridad y la responsabilidad medioambiental a trav\u00e9s de nuestra pol\u00edtica y pr\u00e1cticas QHSE.\" \/>\n<meta name=\"robots\" content=\"index, follow, max-snippet:-1, max-image-preview:large, max-video-preview:-1\" \/>\n<link rel=\"canonical\" href=\"https:\/\/hts-mct.com\/es\/politica-de-calidad-salud-seguridad-y-medio-ambiente\/\" \/>\n<meta property=\"og:locale\" content=\"es_ES\" \/>\n<meta property=\"og:type\" content=\"article\" \/>\n<meta property=\"og:title\" content=\"Pol\u00edtica de calidad, salud, seguridad y medio ambiente\" \/>\n<meta property=\"og:description\" content=\"Conoce el compromiso de HTS con la calidad, la salud, la seguridad y la responsabilidad medioambiental a trav\u00e9s de nuestra pol\u00edtica y pr\u00e1cticas QHSE.\" \/>\n<meta property=\"og:url\" content=\"https:\/\/hts-mct.com\/es\/politica-de-calidad-salud-seguridad-y-medio-ambiente\/\" \/>\n<meta property=\"og:site_name\" content=\"HTS MCT | Safety Sealing Solutions for Cables and Pipes\" \/>\n<meta property=\"article:modified_time\" content=\"2026-01-29T10:50:57+00:00\" \/>\n<meta property=\"og:image\" content=\"https:\/\/hts-mct.com\/wp-content\/uploads\/2025\/07\/HTS-MCT-logo-Social.png\" \/>\n\t<meta property=\"og:image:width\" content=\"348\" \/>\n\t<meta property=\"og:image:height\" content=\"89\" \/>\n\t<meta property=\"og:image:type\" content=\"image\/png\" \/>\n<meta name=\"twitter:card\" content=\"summary_large_image\" \/>\n<meta name=\"twitter:label1\" content=\"Tiempo de lectura\" \/>\n\t<meta name=\"twitter:data1\" content=\"2 minutos\" \/>\n<script type=\"application\/ld+json\" class=\"yoast-schema-graph\">{\"@context\":\"https:\/\/schema.org\",\"@graph\":[{\"@type\":\"WebPage\",\"@id\":\"https:\/\/hts-mct.com\/es\/politica-de-calidad-salud-seguridad-y-medio-ambiente\/\",\"url\":\"https:\/\/hts-mct.com\/es\/politica-de-calidad-salud-seguridad-y-medio-ambiente\/\",\"name\":\"Pol\u00edtica de calidad, salud, seguridad y medio ambiente - HTS MCT\",\"isPartOf\":{\"@id\":\"https:\/\/hts-mct.com\/es\/#website\"},\"datePublished\":\"2025-05-19T11:28:20+00:00\",\"dateModified\":\"2026-01-29T10:50:57+00:00\",\"description\":\"Conoce el compromiso de HTS con la calidad, la salud, la seguridad y la responsabilidad medioambiental a trav\u00e9s de nuestra pol\u00edtica y pr\u00e1cticas QHSE.\",\"breadcrumb\":{\"@id\":\"https:\/\/hts-mct.com\/es\/politica-de-calidad-salud-seguridad-y-medio-ambiente\/#breadcrumb\"},\"inLanguage\":\"es\",\"potentialAction\":[{\"@type\":\"ReadAction\",\"target\":[\"https:\/\/hts-mct.com\/es\/politica-de-calidad-salud-seguridad-y-medio-ambiente\/\"]}]},{\"@type\":\"BreadcrumbList\",\"@id\":\"https:\/\/hts-mct.com\/es\/politica-de-calidad-salud-seguridad-y-medio-ambiente\/#breadcrumb\",\"itemListElement\":[{\"@type\":\"ListItem\",\"position\":1,\"name\":\"Home\",\"item\":\"https:\/\/hts-mct.com\/es\/hts-mct-soluciones-de-sellado-seguras-para-cables-y-tuberias\/\"},{\"@type\":\"ListItem\",\"position\":2,\"name\":\"Pol\u00edtica de calidad, salud, seguridad y medio ambiente\"}]},{\"@type\":\"WebSite\",\"@id\":\"https:\/\/hts-mct.com\/es\/#website\",\"url\":\"https:\/\/hts-mct.com\/es\/\",\"name\":\"HTS MCT | Safety Sealing Solutions for Cables and Pipes\",\"description\":\"Discover HTS MCT sealing solutions, designed to ensure safety and efficiency for cable and pipe penetrations. Reliable protection for the most demanding environments.\",\"publisher\":{\"@id\":\"https:\/\/hts-mct.com\/es\/#organization\"},\"potentialAction\":[{\"@type\":\"SearchAction\",\"target\":{\"@type\":\"EntryPoint\",\"urlTemplate\":\"https:\/\/hts-mct.com\/es\/?s={search_term_string}\"},\"query-input\":{\"@type\":\"PropertyValueSpecification\",\"valueRequired\":true,\"valueName\":\"search_term_string\"}}],\"inLanguage\":\"es\"},{\"@type\":\"Organization\",\"@id\":\"https:\/\/hts-mct.com\/es\/#organization\",\"name\":\"HTS MCT | Safety Sealing Solutions for Cables and Pipes\",\"url\":\"https:\/\/hts-mct.com\/es\/\",\"logo\":{\"@type\":\"ImageObject\",\"inLanguage\":\"es\",\"@id\":\"https:\/\/hts-mct.com\/es\/#\/schema\/logo\/image\/\",\"url\":\"https:\/\/hts-mct.com\/wp-content\/uploads\/2025\/07\/HTS-MCT-logo-Social.png\",\"contentUrl\":\"https:\/\/hts-mct.com\/wp-content\/uploads\/2025\/07\/HTS-MCT-logo-Social.png\",\"width\":348,\"height\":89,\"caption\":\"HTS MCT | Safety Sealing Solutions for Cables and Pipes\"},\"image\":{\"@id\":\"https:\/\/hts-mct.com\/es\/#\/schema\/logo\/image\/\"}}]}<\/script>\n<!-- \/ Yoast SEO Premium plugin. -->","yoast_head_json":{"title":"Pol\u00edtica de calidad, salud, seguridad y medio ambiente - HTS MCT","description":"Conoce el compromiso de HTS con la calidad, la salud, la seguridad y la responsabilidad medioambiental a trav\u00e9s de nuestra pol\u00edtica y pr\u00e1cticas QHSE.","robots":{"index":"index","follow":"follow","max-snippet":"max-snippet:-1","max-image-preview":"max-image-preview:large","max-video-preview":"max-video-preview:-1"},"canonical":"https:\/\/hts-mct.com\/es\/politica-de-calidad-salud-seguridad-y-medio-ambiente\/","og_locale":"es_ES","og_type":"article","og_title":"Pol\u00edtica de calidad, salud, seguridad y medio ambiente","og_description":"Conoce el compromiso de HTS con la calidad, la salud, la seguridad y la responsabilidad medioambiental a trav\u00e9s de nuestra pol\u00edtica y pr\u00e1cticas QHSE.","og_url":"https:\/\/hts-mct.com\/es\/politica-de-calidad-salud-seguridad-y-medio-ambiente\/","og_site_name":"HTS MCT | Safety Sealing Solutions for Cables and Pipes","article_modified_time":"2026-01-29T10:50:57+00:00","og_image":[{"width":348,"height":89,"url":"https:\/\/hts-mct.com\/wp-content\/uploads\/2025\/07\/HTS-MCT-logo-Social.png","type":"image\/png"}],"twitter_card":"summary_large_image","twitter_misc":{"Tiempo de lectura":"2 minutos"},"schema":{"@context":"https:\/\/schema.org","@graph":[{"@type":"WebPage","@id":"https:\/\/hts-mct.com\/es\/politica-de-calidad-salud-seguridad-y-medio-ambiente\/","url":"https:\/\/hts-mct.com\/es\/politica-de-calidad-salud-seguridad-y-medio-ambiente\/","name":"Pol\u00edtica de calidad, salud, seguridad y medio ambiente - HTS MCT","isPartOf":{"@id":"https:\/\/hts-mct.com\/es\/#website"},"datePublished":"2025-05-19T11:28:20+00:00","dateModified":"2026-01-29T10:50:57+00:00","description":"Conoce el compromiso de HTS con la calidad, la salud, la seguridad y la responsabilidad medioambiental a trav\u00e9s de nuestra pol\u00edtica y pr\u00e1cticas QHSE.","breadcrumb":{"@id":"https:\/\/hts-mct.com\/es\/politica-de-calidad-salud-seguridad-y-medio-ambiente\/#breadcrumb"},"inLanguage":"es","potentialAction":[{"@type":"ReadAction","target":["https:\/\/hts-mct.com\/es\/politica-de-calidad-salud-seguridad-y-medio-ambiente\/"]}]},{"@type":"BreadcrumbList","@id":"https:\/\/hts-mct.com\/es\/politica-de-calidad-salud-seguridad-y-medio-ambiente\/#breadcrumb","itemListElement":[{"@type":"ListItem","position":1,"name":"Home","item":"https:\/\/hts-mct.com\/es\/hts-mct-soluciones-de-sellado-seguras-para-cables-y-tuberias\/"},{"@type":"ListItem","position":2,"name":"Pol\u00edtica de calidad, salud, seguridad y medio ambiente"}]},{"@type":"WebSite","@id":"https:\/\/hts-mct.com\/es\/#website","url":"https:\/\/hts-mct.com\/es\/","name":"HTS MCT | Safety Sealing Solutions for Cables and Pipes","description":"Discover HTS MCT sealing solutions, designed to ensure safety and efficiency for cable and pipe penetrations. Reliable protection for the most demanding environments.","publisher":{"@id":"https:\/\/hts-mct.com\/es\/#organization"},"potentialAction":[{"@type":"SearchAction","target":{"@type":"EntryPoint","urlTemplate":"https:\/\/hts-mct.com\/es\/?s={search_term_string}"},"query-input":{"@type":"PropertyValueSpecification","valueRequired":true,"valueName":"search_term_string"}}],"inLanguage":"es"},{"@type":"Organization","@id":"https:\/\/hts-mct.com\/es\/#organization","name":"HTS MCT | Safety Sealing Solutions for Cables and Pipes","url":"https:\/\/hts-mct.com\/es\/","logo":{"@type":"ImageObject","inLanguage":"es","@id":"https:\/\/hts-mct.com\/es\/#\/schema\/logo\/image\/","url":"https:\/\/hts-mct.com\/wp-content\/uploads\/2025\/07\/HTS-MCT-logo-Social.png","contentUrl":"https:\/\/hts-mct.com\/wp-content\/uploads\/2025\/07\/HTS-MCT-logo-Social.png","width":348,"height":89,"caption":"HTS MCT | Safety Sealing Solutions for Cables and Pipes"},"image":{"@id":"https:\/\/hts-mct.com\/es\/#\/schema\/logo\/image\/"}}]}},"_links":{"self":[{"href":"https:\/\/hts-mct.com\/es\/wp-json\/wp\/v2\/pages\/15005","targetHints":{"allow":["GET"]}}],"collection":[{"href":"https:\/\/hts-mct.com\/es\/wp-json\/wp\/v2\/pages"}],"about":[{"href":"https:\/\/hts-mct.com\/es\/wp-json\/wp\/v2\/types\/page"}],"author":[{"embeddable":true,"href":"https:\/\/hts-mct.com\/es\/wp-json\/wp\/v2\/users\/1"}],"replies":[{"embeddable":true,"href":"https:\/\/hts-mct.com\/es\/wp-json\/wp\/v2\/comments?post=15005"}],"version-history":[{"count":2,"href":"https:\/\/hts-mct.com\/es\/wp-json\/wp\/v2\/pages\/15005\/revisions"}],"predecessor-version":[{"id":25091,"href":"https:\/\/hts-mct.com\/es\/wp-json\/wp\/v2\/pages\/15005\/revisions\/25091"}],"wp:attachment":[{"href":"https:\/\/hts-mct.com\/es\/wp-json\/wp\/v2\/media?parent=15005"}],"curies":[{"name":"wp","href":"https:\/\/api.w.org\/{rel}","templated":true}]}}