{"id":15000,"date":"2025-07-16T11:48:42","date_gmt":"2025-07-16T09:48:42","guid":{"rendered":"https:\/\/hts-mct.com\/productos\/fijacion-para-soldadura\/"},"modified":"2026-02-09T17:24:54","modified_gmt":"2026-02-09T16:24:54","slug":"fijacion-para-soldadura","status":"publish","type":"page","link":"https:\/\/hts-mct.com\/es\/productos\/fijacion-para-soldadura\/","title":{"rendered":"Fijaci\u00f3n para Soldadura"},"content":{"rendered":"\t\t<div data-elementor-type=\"wp-page\" data-elementor-id=\"15000\" class=\"elementor elementor-15000 elementor-13937\" data-elementor-post-type=\"page\">\n\t\t\t\t<div class=\"elementor-element elementor-element-723dc980 e-con-full e-flex e-con e-parent\" data-id=\"723dc980\" data-element_type=\"container\" data-e-type=\"container\" data-settings=\"{&quot;background_background&quot;:&quot;classic&quot;}\">\n\t\t\t\t<div class=\"elementor-element elementor-element-5c5d125 elementor-widget elementor-widget-heading\" data-id=\"5c5d125\" data-element_type=\"widget\" data-e-type=\"widget\" data-widget_type=\"heading.default\">\n\t\t\t\t<div class=\"elementor-widget-container\">\n\t\t\t\t\t<h1 class=\"elementor-heading-title elementor-size-default\">Fijaci\u00f3n para Soldadura<\/h1>\t\t\t\t<\/div>\n\t\t\t\t<\/div>\n\t\t\t\t<div class=\"elementor-element elementor-element-661dd795 elementor-align-center elementor-widget elementor-widget-breadcrumbs\" data-id=\"661dd795\" data-element_type=\"widget\" data-e-type=\"widget\" id=\"breadcrumbs\" data-widget_type=\"breadcrumbs.default\">\n\t\t\t\t<div class=\"elementor-widget-container\">\n\t\t\t\t\t<nav id=\"breadcrumbs\"><span><span><a href=\"https:\/\/hts-mct.com\/es\/hts-mct-soluciones-de-sellado-seguras-para-cables-y-tuberias\/\">Home<\/a><\/span><\/span><\/nav>\t\t\t\t<\/div>\n\t\t\t\t<\/div>\n\t\t\t\t<\/div>\n\t\t<div class=\"elementor-element elementor-element-246fe5db e-flex e-con-boxed e-con e-parent\" data-id=\"246fe5db\" data-element_type=\"container\" data-e-type=\"container\">\n\t\t\t\t\t<div class=\"e-con-inner\">\n\t\t<div class=\"elementor-element elementor-element-3f9ed6b0 e-con-full e-flex e-con e-child\" data-id=\"3f9ed6b0\" data-element_type=\"container\" data-e-type=\"container\">\n\t\t\t\t<div class=\"elementor-element elementor-element-43384f8a elementor-widget elementor-widget-heading\" data-id=\"43384f8a\" data-element_type=\"widget\" data-e-type=\"widget\" data-widget_type=\"heading.default\">\n\t\t\t\t<div class=\"elementor-widget-container\">\n\t\t\t\t\t<h2 class=\"elementor-heading-title elementor-size-default\">Herramienta de fijaci\u00f3n para Soldadura<\/h2>\t\t\t\t<\/div>\n\t\t\t\t<\/div>\n\t\t\t\t<div class=\"elementor-element elementor-element-2ee1fedc elementor-widget elementor-widget-text-editor\" data-id=\"2ee1fedc\" data-element_type=\"widget\" data-e-type=\"widget\" data-widget_type=\"text-editor.default\">\n\t\t\t\t<div class=\"elementor-widget-container\">\n\t\t\t\t\t\t\t\t\t<p>La Herramienta de Fijaci\u00f3n para Soldadura es un dispositivo reutilizable que garantiza que losn marcos marinos permanezcan en su posici\u00f3n durante la soldadura, evitando deformaciones y manteniendo la tolerancia a altas temperaturas.<\/p>\t\t\t\t\t\t\t\t<\/div>\n\t\t\t\t<\/div>\n\t\t\t\t<\/div>\n\t\t<div class=\"elementor-element elementor-element-2aeb1f50 e-con-full e-flex e-con e-child\" data-id=\"2aeb1f50\" data-element_type=\"container\" data-e-type=\"container\">\n\t\t\t\t<div class=\"elementor-element elementor-element-4df8d65f elementor-widget elementor-widget-image\" data-id=\"4df8d65f\" data-element_type=\"widget\" data-e-type=\"widget\" data-widget_type=\"image.default\">\n\t\t\t\t<div class=\"elementor-widget-container\">\n\t\t\t\t\t\t\t\t\t\t\t\t\t\t\t\t<a href=\"https:\/\/hts-mct.com\/wp-content\/uploads\/2025\/07\/hawke-welding-tool-help-marine-frames-installation.png\" data-elementor-open-lightbox=\"yes\" data-elementor-lightbox-title=\"hawke-welding-tool-help-marine-frames-installation\" data-elementor-lightbox-description=\"Welding Fixing Tool is a reusable device that ensures marine frames stay in position during welding, preventing deformation and maintaining tolerance under high temperatures.\" data-e-action-hash=\"#elementor-action%3Aaction%3Dlightbox%26settings%3DeyJpZCI6MTM5OTEsInVybCI6Imh0dHBzOlwvXC9odHMtbWN0LmNvbVwvd3AtY29udGVudFwvdXBsb2Fkc1wvMjAyNVwvMDdcL2hhd2tlLXdlbGRpbmctdG9vbC1oZWxwLW1hcmluZS1mcmFtZXMtaW5zdGFsbGF0aW9uLnBuZyJ9\">\n\t\t\t\t\t\t\t<img fetchpriority=\"high\" decoding=\"async\" width=\"300\" height=\"225\" src=\"https:\/\/hts-mct.com\/wp-content\/uploads\/2025\/07\/hawke-welding-tool-help-marine-frames-installation-300x225.png\" class=\"attachment-medium size-medium wp-image-13991\" alt=\"Welding Fixing Tool\" srcset=\"https:\/\/hts-mct.com\/wp-content\/uploads\/2025\/07\/hawke-welding-tool-help-marine-frames-installation-300x225.png 300w, https:\/\/hts-mct.com\/wp-content\/uploads\/2025\/07\/hawke-welding-tool-help-marine-frames-installation.png 400w\" sizes=\"(max-width: 300px) 100vw, 300px\" \/>\t\t\t\t\t\t\t\t<\/a>\n\t\t\t\t\t\t\t\t\t\t\t\t\t\t\t<\/div>\n\t\t\t\t<\/div>\n\t\t\t\t<\/div>\n\t\t\t\t\t<\/div>\n\t\t\t\t<\/div>\n\t\t<div class=\"elementor-element elementor-element-62400406 e-flex e-con-boxed e-con e-parent\" data-id=\"62400406\" data-element_type=\"container\" data-e-type=\"container\">\n\t\t\t\t\t<div class=\"e-con-inner\">\n\t\t\t\t<div class=\"elementor-element elementor-element-491037d8 elementor-widget elementor-widget-heading\" data-id=\"491037d8\" data-element_type=\"widget\" data-e-type=\"widget\" data-widget_type=\"heading.default\">\n\t\t\t\t<div class=\"elementor-widget-container\">\n\t\t\t\t\t<h2 class=\"elementor-heading-title elementor-size-default\">Soldadura Descripci\u00f3n de la herramienta de fijaci\u00f3n<\/h2>\t\t\t\t<\/div>\n\t\t\t\t<\/div>\n\t\t\t\t<div class=\"elementor-element elementor-element-a732cd8 elementor-widget elementor-widget-text-editor\" data-id=\"a732cd8\" data-element_type=\"widget\" data-e-type=\"widget\" data-widget_type=\"text-editor.default\">\n\t\t\t\t<div class=\"elementor-widget-container\">\n\t\t\t\t\t\t\t\t\t<p>La <strong>Herramienta de Fijaci\u00f3n para Soldadura HTS <\/strong>(Ref. 974) est\u00e1 dise\u00f1ada para facilitar el proceso de soldadura en los marcos marinos. Esta herramienta reutilizable garantiza que el marco permanezca en su posici\u00f3n durante la soldadura, evitando las deformaciones causadas por las altas temperaturas. Al sujetar los tabiques del marco al principio del proceso de soldadura, gestiona eficazmente la entrada de calor de la soldadura, manteniendo el marco dentro de la tolerancia.  <\/p><p><strong>Caracter\u00edsticas principales:<\/strong><\/p><ul><li>Evita que los marcos se dilaten fuera de tolerancia durante la soldadura.<\/li><li>Mantiene el marco en su posici\u00f3n para evitar deformaciones debidas a las altas temperaturas.<\/li><li>Dise\u00f1ado para su uso en marcos rectangulares.<\/li><li>Herramienta reutilizable, que garantiza la rentabilidad.<\/li><\/ul><p><br>La Herramienta de Fijaci\u00f3n de Soldadura HTS garantiza una soldadura precisa y estable de los marcos marinos, manteniendo la integridad del marco y reduciendo el riesgo de deformaci\u00f3n. Esta herramienta es esencial para conseguir resultados de soldadura de alta calidad en entornos marinos exigentes. <\/p>\t\t\t\t\t\t\t\t<\/div>\n\t\t\t\t<\/div>\n\t\t\t\t<div class=\"elementor-element elementor-element-7ee5b95d botom-line-degree elementor-widget elementor-widget-heading\" data-id=\"7ee5b95d\" data-element_type=\"widget\" data-e-type=\"widget\" data-widget_type=\"heading.default\">\n\t\t\t\t<div class=\"elementor-widget-container\">\n\t\t\t\t\t<h2 class=\"elementor-heading-title elementor-size-default\">Descargas<\/h2>\t\t\t\t<\/div>\n\t\t\t\t<\/div>\n\t\t\t\t<div class=\"elementor-element elementor-element-2b8808c icons-color-secondary elementor-icon-list--layout-traditional elementor-list-item-link-full_width elementor-widget elementor-widget-icon-list\" data-id=\"2b8808c\" data-element_type=\"widget\" data-e-type=\"widget\" data-widget_type=\"icon-list.default\">\n\t\t\t\t<div class=\"elementor-widget-container\">\n\t\t\t\t\t\t\t<ul class=\"elementor-icon-list-items\">\n\t\t\t\t\t\t\t<li class=\"elementor-icon-list-item\">\n\t\t\t\t\t\t\t\t\t\t\t<a href=\"https:\/\/hts-mct.com\/documentation\/datasheet\/welding-fixing-tool-and-clam-tool-data-sheet-es.pdf\">\n\n\t\t\t\t\t\t\t\t\t\t\t\t<span class=\"elementor-icon-list-icon\">\n\t\t\t\t\t\t\t<svg aria-hidden=\"true\" class=\"e-font-icon-svg e-far-arrow-alt-circle-right\" viewBox=\"0 0 512 512\" xmlns=\"http:\/\/www.w3.org\/2000\/svg\"><path d=\"M504 256C504 119 393 8 256 8S8 119 8 256s111 248 248 248 248-111 248-248zm-448 0c0-110.5 89.5-200 200-200s200 89.5 200 200-89.5 200-200 200S56 366.5 56 256zm72 20v-40c0-6.6 5.4-12 12-12h116v-67c0-10.7 12.9-16 20.5-8.5l99 99c4.7 4.7 4.7 12.3 0 17l-99 99c-7.6 7.6-20.5 2.2-20.5-8.5v-67H140c-6.6 0-12-5.4-12-12z\"><\/path><\/svg>\t\t\t\t\t\t<\/span>\n\t\t\t\t\t\t\t\t\t\t<span class=\"elementor-icon-list-text\">Ficha t\u00e9cnica de la herramienta de fijaci\u00f3n para soldadura<\/span>\n\t\t\t\t\t\t\t\t\t\t\t<\/a>\n\t\t\t\t\t\t\t\t\t<\/li>\n\t\t\t\t\t\t<\/ul>\n\t\t\t\t\t\t<\/div>\n\t\t\t\t<\/div>\n\t\t\t\t\t<\/div>\n\t\t\t\t<\/div>\n\t\t<div class=\"elementor-element elementor-element-22f87d41 e-con-full e-flex e-con e-parent\" data-id=\"22f87d41\" data-element_type=\"container\" data-e-type=\"container\" data-settings=\"{&quot;background_background&quot;:&quot;classic&quot;}\">\n\t\t\t\t<div class=\"elementor-element elementor-element-6f7ac3a7 elementor-widget__width-inherit elementor-widget elementor-widget-heading\" data-id=\"6f7ac3a7\" data-element_type=\"widget\" data-e-type=\"widget\" data-widget_type=\"heading.default\">\n\t\t\t\t<div class=\"elementor-widget-container\">\n\t\t\t\t\t<h2 class=\"elementor-heading-title elementor-size-default\">V\u00eddeos de instalaci\u00f3n<\/h2>\t\t\t\t<\/div>\n\t\t\t\t<\/div>\n\t\t<div class=\"elementor-element elementor-element-604d9a04 e-flex e-con-boxed e-con e-child\" data-id=\"604d9a04\" data-element_type=\"container\" data-e-type=\"container\">\n\t\t\t\t\t<div class=\"e-con-inner\">\n\t\t\t\t<div class=\"elementor-element elementor-element-3ff0ee05 elementor-widget elementor-widget-video\" data-id=\"3ff0ee05\" data-element_type=\"widget\" data-e-type=\"widget\" data-settings=\"{&quot;youtube_url&quot;:&quot;https:\\\/\\\/youtu.be\\\/mpGTkd93kKc&quot;,&quot;video_type&quot;:&quot;youtube&quot;,&quot;controls&quot;:&quot;yes&quot;}\" data-widget_type=\"video.default\">\n\t\t\t\t<div class=\"elementor-widget-container\">\n\t\t\t\t\t\t\t<div class=\"elementor-wrapper elementor-open-inline\">\n\t\t\t<div class=\"elementor-video\"><\/div>\t\t<\/div>\n\t\t\t\t\t\t<\/div>\n\t\t\t\t<\/div>\n\t\t\t\t<div class=\"elementor-element elementor-element-55c1bed6 elementor-widget elementor-widget-video\" data-id=\"55c1bed6\" data-element_type=\"widget\" data-e-type=\"widget\" data-settings=\"{&quot;youtube_url&quot;:&quot;https:\\\/\\\/www.youtube.com\\\/watch?v=Xvfe91R-vuI&quot;,&quot;video_type&quot;:&quot;youtube&quot;,&quot;controls&quot;:&quot;yes&quot;}\" data-widget_type=\"video.default\">\n\t\t\t\t<div class=\"elementor-widget-container\">\n\t\t\t\t\t\t\t<div class=\"elementor-wrapper elementor-open-inline\">\n\t\t\t<div class=\"elementor-video\"><\/div>\t\t<\/div>\n\t\t\t\t\t\t<\/div>\n\t\t\t\t<\/div>\n\t\t\t\t<div class=\"elementor-element elementor-element-27045b6b elementor-widget elementor-widget-video\" data-id=\"27045b6b\" data-element_type=\"widget\" data-e-type=\"widget\" data-settings=\"{&quot;youtube_url&quot;:&quot;https:\\\/\\\/youtu.be\\\/VYDlavPsZBA&quot;,&quot;video_type&quot;:&quot;youtube&quot;,&quot;controls&quot;:&quot;yes&quot;}\" data-widget_type=\"video.default\">\n\t\t\t\t<div class=\"elementor-widget-container\">\n\t\t\t\t\t\t\t<div class=\"elementor-wrapper elementor-open-inline\">\n\t\t\t<div class=\"elementor-video\"><\/div>\t\t<\/div>\n\t\t\t\t\t\t<\/div>\n\t\t\t\t<\/div>\n\t\t\t\t\t<\/div>\n\t\t\t\t<\/div>\n\t\t\t\t<\/div>\n\t\t\t\t<\/div>\n\t\t","protected":false},"excerpt":{"rendered":"<p>Fijaci\u00f3n para Soldadura Herramienta de fijaci\u00f3n para Soldadura La Herramienta de Fijaci\u00f3n para Soldadura es un dispositivo reutilizable que garantiza que losn marcos marinos permanezcan en su posici\u00f3n durante la soldadura, evitando deformaciones y manteniendo la tolerancia a altas temperaturas. Soldadura Descripci\u00f3n de la herramienta de fijaci\u00f3n La Herramienta de Fijaci\u00f3n para Soldadura HTS (Ref. [&hellip;]<\/p>\n","protected":false},"author":1,"featured_media":0,"parent":14850,"menu_order":0,"comment_status":"closed","ping_status":"closed","template":"","meta":{"footnotes":""},"class_list":["post-15000","page","type-page","status-publish","hentry"],"yoast_head":"<!-- This site is optimized with the Yoast SEO Premium plugin v25.5 (Yoast SEO v25.5) - https:\/\/yoast.com\/wordpress\/plugins\/seo\/ -->\n<title>Herramienta de fijaci\u00f3n para Soldadura - HTS MCT | Soluciones de Sellado Seguras para Cables y Tuber\u00edas<\/title>\n<meta name=\"description\" content=\"La herramienta de fijaci\u00f3n de soldadura HTS garantiza un posicionamiento estable y preciso durante la soldadura. Dise\u00f1ada para uso industrial con una construcci\u00f3n f\u00e1cil de usar.\" \/>\n<meta name=\"robots\" content=\"index, follow, max-snippet:-1, max-image-preview:large, max-video-preview:-1\" \/>\n<link rel=\"canonical\" href=\"https:\/\/hts-mct.com\/es\/productos\/fijacion-para-soldadura\/\" \/>\n<meta property=\"og:locale\" content=\"es_ES\" \/>\n<meta property=\"og:type\" content=\"article\" \/>\n<meta property=\"og:title\" content=\"Fijaci\u00f3n para Soldadura\" \/>\n<meta property=\"og:description\" content=\"La herramienta de fijaci\u00f3n de soldadura HTS garantiza un posicionamiento estable y preciso durante la soldadura. Dise\u00f1ada para uso industrial con una construcci\u00f3n f\u00e1cil de usar.\" \/>\n<meta property=\"og:url\" content=\"https:\/\/hts-mct.com\/es\/productos\/fijacion-para-soldadura\/\" \/>\n<meta property=\"og:site_name\" content=\"HTS MCT | Safety Sealing Solutions for Cables and Pipes\" \/>\n<meta property=\"article:modified_time\" content=\"2026-02-09T16:24:54+00:00\" \/>\n<meta property=\"og:image\" content=\"https:\/\/hts-mct.com\/wp-content\/uploads\/2025\/07\/hawke-welding-tool-help-marine-frames-installation.png\" \/>\n\t<meta property=\"og:image:width\" content=\"400\" \/>\n\t<meta property=\"og:image:height\" content=\"300\" \/>\n\t<meta property=\"og:image:type\" content=\"image\/png\" \/>\n<meta name=\"twitter:card\" content=\"summary_large_image\" \/>\n<meta name=\"twitter:label1\" content=\"Tiempo de lectura\" \/>\n\t<meta name=\"twitter:data1\" content=\"2 minutos\" \/>\n<script type=\"application\/ld+json\" class=\"yoast-schema-graph\">{\"@context\":\"https:\/\/schema.org\",\"@graph\":[{\"@type\":\"WebPage\",\"@id\":\"https:\/\/hts-mct.com\/es\/productos\/fijacion-para-soldadura\/\",\"url\":\"https:\/\/hts-mct.com\/es\/productos\/fijacion-para-soldadura\/\",\"name\":\"Herramienta de fijaci\u00f3n para Soldadura - HTS MCT | Soluciones de Sellado Seguras para Cables y Tuber\u00edas\",\"isPartOf\":{\"@id\":\"https:\/\/hts-mct.com\/es\/#website\"},\"primaryImageOfPage\":{\"@id\":\"https:\/\/hts-mct.com\/es\/productos\/fijacion-para-soldadura\/#primaryimage\"},\"image\":{\"@id\":\"https:\/\/hts-mct.com\/es\/productos\/fijacion-para-soldadura\/#primaryimage\"},\"thumbnailUrl\":\"https:\/\/hts-mct.com\/wp-content\/uploads\/2025\/07\/hawke-welding-tool-help-marine-frames-installation-300x225.png\",\"datePublished\":\"2025-07-16T09:48:42+00:00\",\"dateModified\":\"2026-02-09T16:24:54+00:00\",\"description\":\"La herramienta de fijaci\u00f3n de soldadura HTS garantiza un posicionamiento estable y preciso durante la soldadura. Dise\u00f1ada para uso industrial con una construcci\u00f3n f\u00e1cil de usar.\",\"breadcrumb\":{\"@id\":\"https:\/\/hts-mct.com\/es\/productos\/fijacion-para-soldadura\/#breadcrumb\"},\"inLanguage\":\"es\",\"potentialAction\":[{\"@type\":\"ReadAction\",\"target\":[\"https:\/\/hts-mct.com\/es\/productos\/fijacion-para-soldadura\/\"]}]},{\"@type\":\"ImageObject\",\"inLanguage\":\"es\",\"@id\":\"https:\/\/hts-mct.com\/es\/productos\/fijacion-para-soldadura\/#primaryimage\",\"url\":\"https:\/\/hts-mct.com\/wp-content\/uploads\/2025\/07\/hawke-welding-tool-help-marine-frames-installation-300x225.png\",\"contentUrl\":\"https:\/\/hts-mct.com\/wp-content\/uploads\/2025\/07\/hawke-welding-tool-help-marine-frames-installation-300x225.png\"},{\"@type\":\"BreadcrumbList\",\"@id\":\"https:\/\/hts-mct.com\/es\/productos\/fijacion-para-soldadura\/#breadcrumb\",\"itemListElement\":[{\"@type\":\"ListItem\",\"position\":1,\"name\":\"Home\",\"item\":\"https:\/\/hts-mct.com\/es\/hts-mct-soluciones-de-sellado-seguras-para-cables-y-tuberias\/\"},{\"@type\":\"ListItem\",\"position\":2,\"name\":\"Productos\",\"item\":\"https:\/\/hts-mct.com\/es\/productos\/\"},{\"@type\":\"ListItem\",\"position\":3,\"name\":\"Fijaci\u00f3n para Soldadura\"}]},{\"@type\":\"WebSite\",\"@id\":\"https:\/\/hts-mct.com\/es\/#website\",\"url\":\"https:\/\/hts-mct.com\/es\/\",\"name\":\"HTS MCT | Safety Sealing Solutions for Cables and Pipes\",\"description\":\"Discover HTS MCT sealing solutions, designed to ensure safety and efficiency for cable and pipe penetrations. Reliable protection for the most demanding environments.\",\"publisher\":{\"@id\":\"https:\/\/hts-mct.com\/es\/#organization\"},\"potentialAction\":[{\"@type\":\"SearchAction\",\"target\":{\"@type\":\"EntryPoint\",\"urlTemplate\":\"https:\/\/hts-mct.com\/es\/?s={search_term_string}\"},\"query-input\":{\"@type\":\"PropertyValueSpecification\",\"valueRequired\":true,\"valueName\":\"search_term_string\"}}],\"inLanguage\":\"es\"},{\"@type\":\"Organization\",\"@id\":\"https:\/\/hts-mct.com\/es\/#organization\",\"name\":\"HTS MCT | Safety Sealing Solutions for Cables and Pipes\",\"url\":\"https:\/\/hts-mct.com\/es\/\",\"logo\":{\"@type\":\"ImageObject\",\"inLanguage\":\"es\",\"@id\":\"https:\/\/hts-mct.com\/es\/#\/schema\/logo\/image\/\",\"url\":\"https:\/\/hts-mct.com\/wp-content\/uploads\/2025\/07\/HTS-MCT-logo-Social.png\",\"contentUrl\":\"https:\/\/hts-mct.com\/wp-content\/uploads\/2025\/07\/HTS-MCT-logo-Social.png\",\"width\":348,\"height\":89,\"caption\":\"HTS MCT | Safety Sealing Solutions for Cables and Pipes\"},\"image\":{\"@id\":\"https:\/\/hts-mct.com\/es\/#\/schema\/logo\/image\/\"}}]}<\/script>\n<!-- \/ Yoast SEO Premium plugin. -->","yoast_head_json":{"title":"Herramienta de fijaci\u00f3n para Soldadura - HTS MCT | Soluciones de Sellado Seguras para Cables y Tuber\u00edas","description":"La herramienta de fijaci\u00f3n de soldadura HTS garantiza un posicionamiento estable y preciso durante la soldadura. Dise\u00f1ada para uso industrial con una construcci\u00f3n f\u00e1cil de usar.","robots":{"index":"index","follow":"follow","max-snippet":"max-snippet:-1","max-image-preview":"max-image-preview:large","max-video-preview":"max-video-preview:-1"},"canonical":"https:\/\/hts-mct.com\/es\/productos\/fijacion-para-soldadura\/","og_locale":"es_ES","og_type":"article","og_title":"Fijaci\u00f3n para Soldadura","og_description":"La herramienta de fijaci\u00f3n de soldadura HTS garantiza un posicionamiento estable y preciso durante la soldadura. Dise\u00f1ada para uso industrial con una construcci\u00f3n f\u00e1cil de usar.","og_url":"https:\/\/hts-mct.com\/es\/productos\/fijacion-para-soldadura\/","og_site_name":"HTS MCT | Safety Sealing Solutions for Cables and Pipes","article_modified_time":"2026-02-09T16:24:54+00:00","og_image":[{"width":400,"height":300,"url":"https:\/\/hts-mct.com\/wp-content\/uploads\/2025\/07\/hawke-welding-tool-help-marine-frames-installation.png","type":"image\/png"}],"twitter_card":"summary_large_image","twitter_misc":{"Tiempo de lectura":"2 minutos"},"schema":{"@context":"https:\/\/schema.org","@graph":[{"@type":"WebPage","@id":"https:\/\/hts-mct.com\/es\/productos\/fijacion-para-soldadura\/","url":"https:\/\/hts-mct.com\/es\/productos\/fijacion-para-soldadura\/","name":"Herramienta de fijaci\u00f3n para Soldadura - HTS MCT | Soluciones de Sellado Seguras para Cables y Tuber\u00edas","isPartOf":{"@id":"https:\/\/hts-mct.com\/es\/#website"},"primaryImageOfPage":{"@id":"https:\/\/hts-mct.com\/es\/productos\/fijacion-para-soldadura\/#primaryimage"},"image":{"@id":"https:\/\/hts-mct.com\/es\/productos\/fijacion-para-soldadura\/#primaryimage"},"thumbnailUrl":"https:\/\/hts-mct.com\/wp-content\/uploads\/2025\/07\/hawke-welding-tool-help-marine-frames-installation-300x225.png","datePublished":"2025-07-16T09:48:42+00:00","dateModified":"2026-02-09T16:24:54+00:00","description":"La herramienta de fijaci\u00f3n de soldadura HTS garantiza un posicionamiento estable y preciso durante la soldadura. Dise\u00f1ada para uso industrial con una construcci\u00f3n f\u00e1cil de usar.","breadcrumb":{"@id":"https:\/\/hts-mct.com\/es\/productos\/fijacion-para-soldadura\/#breadcrumb"},"inLanguage":"es","potentialAction":[{"@type":"ReadAction","target":["https:\/\/hts-mct.com\/es\/productos\/fijacion-para-soldadura\/"]}]},{"@type":"ImageObject","inLanguage":"es","@id":"https:\/\/hts-mct.com\/es\/productos\/fijacion-para-soldadura\/#primaryimage","url":"https:\/\/hts-mct.com\/wp-content\/uploads\/2025\/07\/hawke-welding-tool-help-marine-frames-installation-300x225.png","contentUrl":"https:\/\/hts-mct.com\/wp-content\/uploads\/2025\/07\/hawke-welding-tool-help-marine-frames-installation-300x225.png"},{"@type":"BreadcrumbList","@id":"https:\/\/hts-mct.com\/es\/productos\/fijacion-para-soldadura\/#breadcrumb","itemListElement":[{"@type":"ListItem","position":1,"name":"Home","item":"https:\/\/hts-mct.com\/es\/hts-mct-soluciones-de-sellado-seguras-para-cables-y-tuberias\/"},{"@type":"ListItem","position":2,"name":"Productos","item":"https:\/\/hts-mct.com\/es\/productos\/"},{"@type":"ListItem","position":3,"name":"Fijaci\u00f3n para Soldadura"}]},{"@type":"WebSite","@id":"https:\/\/hts-mct.com\/es\/#website","url":"https:\/\/hts-mct.com\/es\/","name":"HTS MCT | Safety Sealing Solutions for Cables and Pipes","description":"Discover HTS MCT sealing solutions, designed to ensure safety and efficiency for cable and pipe penetrations. Reliable protection for the most demanding environments.","publisher":{"@id":"https:\/\/hts-mct.com\/es\/#organization"},"potentialAction":[{"@type":"SearchAction","target":{"@type":"EntryPoint","urlTemplate":"https:\/\/hts-mct.com\/es\/?s={search_term_string}"},"query-input":{"@type":"PropertyValueSpecification","valueRequired":true,"valueName":"search_term_string"}}],"inLanguage":"es"},{"@type":"Organization","@id":"https:\/\/hts-mct.com\/es\/#organization","name":"HTS MCT | Safety Sealing Solutions for Cables and Pipes","url":"https:\/\/hts-mct.com\/es\/","logo":{"@type":"ImageObject","inLanguage":"es","@id":"https:\/\/hts-mct.com\/es\/#\/schema\/logo\/image\/","url":"https:\/\/hts-mct.com\/wp-content\/uploads\/2025\/07\/HTS-MCT-logo-Social.png","contentUrl":"https:\/\/hts-mct.com\/wp-content\/uploads\/2025\/07\/HTS-MCT-logo-Social.png","width":348,"height":89,"caption":"HTS MCT | Safety Sealing Solutions for Cables and Pipes"},"image":{"@id":"https:\/\/hts-mct.com\/es\/#\/schema\/logo\/image\/"}}]}},"_links":{"self":[{"href":"https:\/\/hts-mct.com\/es\/wp-json\/wp\/v2\/pages\/15000","targetHints":{"allow":["GET"]}}],"collection":[{"href":"https:\/\/hts-mct.com\/es\/wp-json\/wp\/v2\/pages"}],"about":[{"href":"https:\/\/hts-mct.com\/es\/wp-json\/wp\/v2\/types\/page"}],"author":[{"embeddable":true,"href":"https:\/\/hts-mct.com\/es\/wp-json\/wp\/v2\/users\/1"}],"replies":[{"embeddable":true,"href":"https:\/\/hts-mct.com\/es\/wp-json\/wp\/v2\/comments?post=15000"}],"version-history":[{"count":14,"href":"https:\/\/hts-mct.com\/es\/wp-json\/wp\/v2\/pages\/15000\/revisions"}],"predecessor-version":[{"id":26035,"href":"https:\/\/hts-mct.com\/es\/wp-json\/wp\/v2\/pages\/15000\/revisions\/26035"}],"up":[{"embeddable":true,"href":"https:\/\/hts-mct.com\/es\/wp-json\/wp\/v2\/pages\/14850"}],"wp:attachment":[{"href":"https:\/\/hts-mct.com\/es\/wp-json\/wp\/v2\/media?parent=15000"}],"curies":[{"name":"wp","href":"https:\/\/api.w.org\/{rel}","templated":true}]}}