{"id":14994,"date":"2025-07-16T14:32:34","date_gmt":"2025-07-16T12:32:34","guid":{"rendered":"https:\/\/hts-mct.com\/productos\/bloques-tolerantes-emc\/"},"modified":"2026-02-09T11:09:32","modified_gmt":"2026-02-09T10:09:32","slug":"bloques-tolerantes-emc","status":"publish","type":"page","link":"https:\/\/hts-mct.com\/es\/productos\/bloques-tolerantes-emc\/","title":{"rendered":"Tacos pasacable EMC"},"content":{"rendered":"\t\t<div data-elementor-type=\"wp-page\" data-elementor-id=\"14994\" class=\"elementor elementor-14994 elementor-14504\" data-elementor-post-type=\"page\">\n\t\t\t\t<div class=\"elementor-element elementor-element-4d9c3d88 e-con-full e-flex e-con e-parent\" data-id=\"4d9c3d88\" data-element_type=\"container\" data-e-type=\"container\" data-settings=\"{&quot;background_background&quot;:&quot;classic&quot;}\">\n\t\t\t\t<div class=\"elementor-element elementor-element-d0b3e4c elementor-widget elementor-widget-heading\" data-id=\"d0b3e4c\" data-element_type=\"widget\" data-e-type=\"widget\" data-widget_type=\"heading.default\">\n\t\t\t\t<div class=\"elementor-widget-container\">\n\t\t\t\t\t<h1 class=\"elementor-heading-title elementor-size-default\">Tacos pasacable EMC\n<\/h1>\t\t\t\t<\/div>\n\t\t\t\t<\/div>\n\t\t\t\t<div class=\"elementor-element elementor-element-cee10af elementor-align-center elementor-widget elementor-widget-breadcrumbs\" data-id=\"cee10af\" data-element_type=\"widget\" data-e-type=\"widget\" id=\"breadcrumbs\" data-widget_type=\"breadcrumbs.default\">\n\t\t\t\t<div class=\"elementor-widget-container\">\n\t\t\t\t\t<nav id=\"breadcrumbs\"><span><span><a href=\"https:\/\/hts-mct.com\/es\/hts-mct-soluciones-de-sellado-seguras-para-cables-y-tuberias\/\">Home<\/a><\/span><\/span><\/nav>\t\t\t\t<\/div>\n\t\t\t\t<\/div>\n\t\t\t\t<\/div>\n\t\t<div class=\"elementor-element elementor-element-1a7a4e13 e-flex e-con-boxed e-con e-parent\" data-id=\"1a7a4e13\" data-element_type=\"container\" data-e-type=\"container\">\n\t\t\t\t\t<div class=\"e-con-inner\">\n\t\t<div class=\"elementor-element elementor-element-7d72b332 e-con-full e-flex e-con e-child\" data-id=\"7d72b332\" data-element_type=\"container\" data-e-type=\"container\">\n\t\t\t\t<div class=\"elementor-element elementor-element-3ca651b1 elementor-widget elementor-widget-heading\" data-id=\"3ca651b1\" data-element_type=\"widget\" data-e-type=\"widget\" data-widget_type=\"heading.default\">\n\t\t\t\t<div class=\"elementor-widget-container\">\n\t\t\t\t\t<h2 class=\"elementor-heading-title elementor-size-default\">Tacos pasacable EMC<\/h2>\t\t\t\t<\/div>\n\t\t\t\t<\/div>\n\t\t\t\t<div class=\"elementor-element elementor-element-5d90237 elementor-widget elementor-widget-text-editor\" data-id=\"5d90237\" data-element_type=\"widget\" data-e-type=\"widget\" data-widget_type=\"text-editor.default\">\n\t\t\t\t<div class=\"elementor-widget-container\">\n\t\t\t\t\t\t\t\t\t<div class=\"elementor-element elementor-element-e7ac8a0 e-con-full e-flex wpr-particle-no wpr-jarallax-no wpr-parallax-no wpr-sticky-section-no e-con e-child\" data-id=\"e7ac8a0\" data-element_type=\"container\"><div class=\"elementor-element elementor-element-dac97f8 elementor-widget elementor-widget-woocommerce-product-short-description\" data-id=\"dac97f8\" data-element_type=\"widget\" data-widget_type=\"woocommerce-product-short-description.default\"><div class=\"woocommerce-product-details__short-description\"><p><strong>Los Tacos Pasacable EMC<\/strong> de HTS est\u00e1n meticulosamente fabricados para sellar los distintos cables que pasan por el marco, gracias a su dise\u00f1o especial con cinco puntos de contacto.<\/p><\/div><\/div><\/div>\t\t\t\t\t\t\t\t<\/div>\n\t\t\t\t<\/div>\n\t\t\t\t<\/div>\n\t\t<div class=\"elementor-element elementor-element-78a50a81 e-con-full e-flex e-con e-child\" data-id=\"78a50a81\" data-element_type=\"container\" data-e-type=\"container\">\n\t\t\t\t<div class=\"elementor-element elementor-element-6820e79a elementor-widget elementor-widget-image\" data-id=\"6820e79a\" data-element_type=\"widget\" data-e-type=\"widget\" data-widget_type=\"image.default\">\n\t\t\t\t<div class=\"elementor-widget-container\">\n\t\t\t\t\t\t\t\t\t\t\t\t\t\t\t\t<a href=\"https:\/\/hts-mct.com\/wp-content\/uploads\/2025\/05\/EMC-Tolerant-blocks.jpg\" data-elementor-open-lightbox=\"yes\" data-elementor-lightbox-title=\"EMC-Tolerant-blocks\" data-e-action-hash=\"#elementor-action%3Aaction%3Dlightbox%26settings%3DeyJpZCI6MTIyNTMsInVybCI6Imh0dHBzOlwvXC9odHMtbWN0LmNvbVwvd3AtY29udGVudFwvdXBsb2Fkc1wvMjAyNVwvMDVcL0VNQy1Ub2xlcmFudC1ibG9ja3MuanBnIn0%3D\">\n\t\t\t\t\t\t\t<img fetchpriority=\"high\" decoding=\"async\" width=\"300\" height=\"300\" src=\"https:\/\/hts-mct.com\/wp-content\/uploads\/2025\/05\/EMC-Tolerant-blocks.jpg\" class=\"attachment-medium size-medium wp-image-12253\" alt=\"HTS Sealing Assembly Tolerant EMC blocks\" srcset=\"https:\/\/hts-mct.com\/wp-content\/uploads\/2025\/05\/EMC-Tolerant-blocks.jpg 300w, https:\/\/hts-mct.com\/wp-content\/uploads\/2025\/05\/EMC-Tolerant-blocks-150x150.jpg 150w\" sizes=\"(max-width: 300px) 100vw, 300px\" \/>\t\t\t\t\t\t\t\t<\/a>\n\t\t\t\t\t\t\t\t\t\t\t\t\t\t\t<\/div>\n\t\t\t\t<\/div>\n\t\t\t\t<\/div>\n\t\t\t\t\t<\/div>\n\t\t\t\t<\/div>\n\t\t<div class=\"elementor-element elementor-element-7bfc085d e-flex e-con-boxed e-con e-parent\" data-id=\"7bfc085d\" data-element_type=\"container\" data-e-type=\"container\">\n\t\t\t\t\t<div class=\"e-con-inner\">\n\t\t\t\t<div class=\"elementor-element elementor-element-30553f9c elementor-widget elementor-widget-heading\" data-id=\"30553f9c\" data-element_type=\"widget\" data-e-type=\"widget\" data-widget_type=\"heading.default\">\n\t\t\t\t<div class=\"elementor-widget-container\">\n\t\t\t\t\t<h2 class=\"elementor-heading-title elementor-size-default\">Descripci\u00f3n de los Tacos pasacable EMC<\/h2>\t\t\t\t<\/div>\n\t\t\t\t<\/div>\n\t\t\t\t<div class=\"elementor-element elementor-element-67700134 elementor-widget elementor-widget-text-editor\" data-id=\"67700134\" data-element_type=\"widget\" data-e-type=\"widget\" data-widget_type=\"text-editor.default\">\n\t\t\t\t<div class=\"elementor-widget-container\">\n\t\t\t\t\t\t\t\t\t<p>El dise\u00f1o de los Tacos Pasacable EMC permite que los tacos se adapten a varios di\u00e1metros dentro del mismo taco, garantizando la compatibilidad con diferentes tama\u00f1os de cables\/tuber\u00edas sin modificaciones in situ. Mejorados con pintura cargada de plata y envoltura de cobre, estos tacos proporcionan un apantallamiento fiable contra las interferencias electromagn\u00e9ticas, al tiempo que cumplen los requisitos est\u00e1ndar de resistencia al agua y al fuego. <\/p><p><strong>Caracter\u00edsticas principales:<\/strong><\/p><ul><li><strong>Adaptaci\u00f3n vers\u00e1til:<\/strong> Se adapta a una gama de di\u00e1metros de cable\/tubo sin modificaciones.<\/li><li><strong>Material:<\/strong> De pol\u00edmero elastom\u00e9rico intumescente sin hal\u00f3genos. La pintura con carga de plata y la envoltura de tiras de cobre garantizan un apantallamiento correcto. <\/li><li><strong>Dise\u00f1o eficiente:<\/strong> No requiere modificaciones in situ, lo que minimiza los residuos.<\/li><li><strong>Ranuras de sellado:<\/strong> Cuatro ranuras de sellado garantizan un contacto correcto a lo largo de todo el cable\/tubo.<\/li><li>Versi\u00f3n Ex disponible bajo pedido.<\/li><\/ul><p><br>Los Tacos pasacable EMC de HTS ofrecen una soluci\u00f3n de estanquidad fiable para diversos tama\u00f1os de cables, garantizando un ajuste perfecto y un rendimiento fiable. Su dise\u00f1o innovador y su eficaz proceso de instalaci\u00f3n los convierten en la opci\u00f3n ideal para tus necesidades de estanquidad. <\/p>\t\t\t\t\t\t\t\t<\/div>\n\t\t\t\t<\/div>\n\t\t\t\t\t<\/div>\n\t\t\t\t<\/div>\n\t\t<div class=\"elementor-element elementor-element-462601e e-flex e-con-boxed e-con e-parent\" data-id=\"462601e\" data-element_type=\"container\" data-e-type=\"container\">\n\t\t\t\t\t<div class=\"e-con-inner\">\n\t\t\t\t<div class=\"elementor-element elementor-element-711eb9c botom-line-degree elementor-widget elementor-widget-heading\" data-id=\"711eb9c\" data-element_type=\"widget\" data-e-type=\"widget\" data-widget_type=\"heading.default\">\n\t\t\t\t<div class=\"elementor-widget-container\">\n\t\t\t\t\t<h2 class=\"elementor-heading-title elementor-size-default\">Descargas<\/h2>\t\t\t\t<\/div>\n\t\t\t\t<\/div>\n\t\t\t\t<div class=\"elementor-element elementor-element-9b7ed97 elementor-list-item-link-inline elementor-icon-list--layout-traditional elementor-widget elementor-widget-icon-list\" data-id=\"9b7ed97\" data-element_type=\"widget\" data-e-type=\"widget\" data-widget_type=\"icon-list.default\">\n\t\t\t\t<div class=\"elementor-widget-container\">\n\t\t\t\t\t\t\t<ul class=\"elementor-icon-list-items\">\n\t\t\t\t\t\t\t<li class=\"elementor-icon-list-item\">\n\t\t\t\t\t\t\t\t\t\t\t<a href=\"https:\/\/hts-mct.com\/documentation\/datasheet\/tolerant-blocks-EMC-data-sheet-es.pdf\">\n\n\t\t\t\t\t\t\t\t\t\t\t\t<span class=\"elementor-icon-list-icon\">\n\t\t\t\t\t\t\t<svg aria-hidden=\"true\" class=\"e-font-icon-svg e-far-arrow-alt-circle-right\" viewBox=\"0 0 512 512\" xmlns=\"http:\/\/www.w3.org\/2000\/svg\"><path d=\"M504 256C504 119 393 8 256 8S8 119 8 256s111 248 248 248 248-111 248-248zm-448 0c0-110.5 89.5-200 200-200s200 89.5 200 200-89.5 200-200 200S56 366.5 56 256zm72 20v-40c0-6.6 5.4-12 12-12h116v-67c0-10.7 12.9-16 20.5-8.5l99 99c4.7 4.7 4.7 12.3 0 17l-99 99c-7.6 7.6-20.5 2.2-20.5-8.5v-67H140c-6.6 0-12-5.4-12-12z\"><\/path><\/svg>\t\t\t\t\t\t<\/span>\n\t\t\t\t\t\t\t\t\t\t<span class=\"elementor-icon-list-text\">Ficha t\u00e9cnica de los Tacos pasacable EMC<\/span>\n\t\t\t\t\t\t\t\t\t\t\t<\/a>\n\t\t\t\t\t\t\t\t\t<\/li>\n\t\t\t\t\t\t<\/ul>\n\t\t\t\t\t\t<\/div>\n\t\t\t\t<\/div>\n\t\t\t\t\t<\/div>\n\t\t\t\t<\/div>\n\t\t<div class=\"elementor-element elementor-element-35abc4ff e-con-full e-flex e-con e-parent\" data-id=\"35abc4ff\" data-element_type=\"container\" data-e-type=\"container\" data-settings=\"{&quot;background_background&quot;:&quot;classic&quot;}\">\n\t\t\t\t<div class=\"elementor-element elementor-element-34728b6c elementor-widget__width-inherit elementor-widget elementor-widget-heading\" data-id=\"34728b6c\" data-element_type=\"widget\" data-e-type=\"widget\" data-widget_type=\"heading.default\">\n\t\t\t\t<div class=\"elementor-widget-container\">\n\t\t\t\t\t<h2 class=\"elementor-heading-title elementor-size-default\">V\u00eddeos de instalaci\u00f3n<\/h2>\t\t\t\t<\/div>\n\t\t\t\t<\/div>\n\t\t<div class=\"elementor-element elementor-element-5e4fda80 e-flex e-con-boxed e-con e-child\" data-id=\"5e4fda80\" data-element_type=\"container\" data-e-type=\"container\">\n\t\t\t\t\t<div class=\"e-con-inner\">\n\t\t\t\t<div class=\"elementor-element elementor-element-5c4e0db7 elementor-widget elementor-widget-video\" data-id=\"5c4e0db7\" data-element_type=\"widget\" data-e-type=\"widget\" data-settings=\"{&quot;youtube_url&quot;:&quot;https:\\\/\\\/youtu.be\\\/mpGTkd93kKc&quot;,&quot;video_type&quot;:&quot;youtube&quot;,&quot;controls&quot;:&quot;yes&quot;}\" data-widget_type=\"video.default\">\n\t\t\t\t<div class=\"elementor-widget-container\">\n\t\t\t\t\t\t\t<div class=\"elementor-wrapper elementor-open-inline\">\n\t\t\t<div class=\"elementor-video\"><\/div>\t\t<\/div>\n\t\t\t\t\t\t<\/div>\n\t\t\t\t<\/div>\n\t\t\t\t<div class=\"elementor-element elementor-element-47b1fa4e elementor-widget elementor-widget-video\" data-id=\"47b1fa4e\" data-element_type=\"widget\" data-e-type=\"widget\" data-settings=\"{&quot;youtube_url&quot;:&quot;https:\\\/\\\/www.youtube.com\\\/watch?v=Xvfe91R-vuI&quot;,&quot;video_type&quot;:&quot;youtube&quot;,&quot;controls&quot;:&quot;yes&quot;}\" data-widget_type=\"video.default\">\n\t\t\t\t<div class=\"elementor-widget-container\">\n\t\t\t\t\t\t\t<div class=\"elementor-wrapper elementor-open-inline\">\n\t\t\t<div class=\"elementor-video\"><\/div>\t\t<\/div>\n\t\t\t\t\t\t<\/div>\n\t\t\t\t<\/div>\n\t\t\t\t<div class=\"elementor-element elementor-element-11e961a elementor-widget elementor-widget-video\" data-id=\"11e961a\" data-element_type=\"widget\" data-e-type=\"widget\" data-settings=\"{&quot;youtube_url&quot;:&quot;https:\\\/\\\/youtu.be\\\/VYDlavPsZBA&quot;,&quot;video_type&quot;:&quot;youtube&quot;,&quot;controls&quot;:&quot;yes&quot;}\" data-widget_type=\"video.default\">\n\t\t\t\t<div class=\"elementor-widget-container\">\n\t\t\t\t\t\t\t<div class=\"elementor-wrapper elementor-open-inline\">\n\t\t\t<div class=\"elementor-video\"><\/div>\t\t<\/div>\n\t\t\t\t\t\t<\/div>\n\t\t\t\t<\/div>\n\t\t\t\t\t<\/div>\n\t\t\t\t<\/div>\n\t\t\t\t<\/div>\n\t\t\t\t<\/div>\n\t\t","protected":false},"excerpt":{"rendered":"<p>Tacos pasacable EMC Tacos pasacable EMC Los Tacos Pasacable EMC de HTS est\u00e1n meticulosamente fabricados para sellar los distintos cables que pasan por el marco, gracias a su dise\u00f1o especial con cinco puntos de contacto. Descripci\u00f3n de los Tacos pasacable EMC El dise\u00f1o de los Tacos Pasacable EMC permite que los tacos se adapten a [&hellip;]<\/p>\n","protected":false},"author":1,"featured_media":0,"parent":14850,"menu_order":0,"comment_status":"closed","ping_status":"closed","template":"","meta":{"footnotes":""},"class_list":["post-14994","page","type-page","status-publish","hentry"],"yoast_head":"<!-- This site is optimized with the Yoast SEO Premium plugin v25.5 (Yoast SEO v25.5) - https:\/\/yoast.com\/wordpress\/plugins\/seo\/ -->\n<title>Tacos Pasacable EMC - HTS MCT | Soluciones de sellado seguras para cables y tuber\u00edas<\/title>\n<meta name=\"description\" content=\"Mejorado con una pintura con carga de plata y una envoltura de cinta de cobre. Proporcionan un apantallamiento electromagn\u00e9tico eficaz a la vez que cumplen los requisitos normativos.\" \/>\n<meta name=\"robots\" content=\"index, follow, max-snippet:-1, max-image-preview:large, max-video-preview:-1\" \/>\n<link rel=\"canonical\" href=\"https:\/\/hts-mct.com\/es\/productos\/bloques-tolerantes-emc\/\" \/>\n<meta property=\"og:locale\" content=\"es_ES\" \/>\n<meta property=\"og:type\" content=\"article\" \/>\n<meta property=\"og:title\" content=\"Tacos pasacable EMC\" \/>\n<meta property=\"og:description\" content=\"Mejorado con una pintura con carga de plata y una envoltura de cinta de cobre. Proporcionan un apantallamiento electromagn\u00e9tico eficaz a la vez que cumplen los requisitos normativos.\" \/>\n<meta property=\"og:url\" content=\"https:\/\/hts-mct.com\/es\/productos\/bloques-tolerantes-emc\/\" \/>\n<meta property=\"og:site_name\" content=\"HTS MCT | Safety Sealing Solutions for Cables and Pipes\" \/>\n<meta property=\"article:modified_time\" content=\"2026-02-09T10:09:32+00:00\" \/>\n<meta property=\"og:image\" content=\"https:\/\/hts-mct.com\/wp-content\/uploads\/2025\/05\/EMC-Tolerant-blocks.jpg\" \/>\n\t<meta property=\"og:image:width\" content=\"300\" \/>\n\t<meta property=\"og:image:height\" content=\"300\" \/>\n\t<meta property=\"og:image:type\" content=\"image\/jpeg\" \/>\n<meta name=\"twitter:card\" content=\"summary_large_image\" \/>\n<meta name=\"twitter:label1\" content=\"Tiempo de lectura\" \/>\n\t<meta name=\"twitter:data1\" content=\"2 minutos\" \/>\n<script type=\"application\/ld+json\" class=\"yoast-schema-graph\">{\"@context\":\"https:\/\/schema.org\",\"@graph\":[{\"@type\":\"WebPage\",\"@id\":\"https:\/\/hts-mct.com\/es\/productos\/bloques-tolerantes-emc\/\",\"url\":\"https:\/\/hts-mct.com\/es\/productos\/bloques-tolerantes-emc\/\",\"name\":\"Tacos Pasacable EMC - HTS MCT | Soluciones de sellado seguras para cables y tuber\u00edas\",\"isPartOf\":{\"@id\":\"https:\/\/hts-mct.com\/es\/#website\"},\"primaryImageOfPage\":{\"@id\":\"https:\/\/hts-mct.com\/es\/productos\/bloques-tolerantes-emc\/#primaryimage\"},\"image\":{\"@id\":\"https:\/\/hts-mct.com\/es\/productos\/bloques-tolerantes-emc\/#primaryimage\"},\"thumbnailUrl\":\"https:\/\/hts-mct.com\/wp-content\/uploads\/2025\/05\/EMC-Tolerant-blocks.jpg\",\"datePublished\":\"2025-07-16T12:32:34+00:00\",\"dateModified\":\"2026-02-09T10:09:32+00:00\",\"description\":\"Mejorado con una pintura con carga de plata y una envoltura de cinta de cobre. Proporcionan un apantallamiento electromagn\u00e9tico eficaz a la vez que cumplen los requisitos normativos.\",\"breadcrumb\":{\"@id\":\"https:\/\/hts-mct.com\/es\/productos\/bloques-tolerantes-emc\/#breadcrumb\"},\"inLanguage\":\"es\",\"potentialAction\":[{\"@type\":\"ReadAction\",\"target\":[\"https:\/\/hts-mct.com\/es\/productos\/bloques-tolerantes-emc\/\"]}]},{\"@type\":\"ImageObject\",\"inLanguage\":\"es\",\"@id\":\"https:\/\/hts-mct.com\/es\/productos\/bloques-tolerantes-emc\/#primaryimage\",\"url\":\"https:\/\/hts-mct.com\/wp-content\/uploads\/2025\/05\/EMC-Tolerant-blocks.jpg\",\"contentUrl\":\"https:\/\/hts-mct.com\/wp-content\/uploads\/2025\/05\/EMC-Tolerant-blocks.jpg\"},{\"@type\":\"BreadcrumbList\",\"@id\":\"https:\/\/hts-mct.com\/es\/productos\/bloques-tolerantes-emc\/#breadcrumb\",\"itemListElement\":[{\"@type\":\"ListItem\",\"position\":1,\"name\":\"Home\",\"item\":\"https:\/\/hts-mct.com\/es\/hts-mct-soluciones-de-sellado-seguras-para-cables-y-tuberias\/\"},{\"@type\":\"ListItem\",\"position\":2,\"name\":\"Productos\",\"item\":\"https:\/\/hts-mct.com\/es\/productos\/\"},{\"@type\":\"ListItem\",\"position\":3,\"name\":\"Tacos pasacable EMC\"}]},{\"@type\":\"WebSite\",\"@id\":\"https:\/\/hts-mct.com\/es\/#website\",\"url\":\"https:\/\/hts-mct.com\/es\/\",\"name\":\"HTS MCT | Safety Sealing Solutions for Cables and Pipes\",\"description\":\"Discover HTS MCT sealing solutions, designed to ensure safety and efficiency for cable and pipe penetrations. Reliable protection for the most demanding environments.\",\"publisher\":{\"@id\":\"https:\/\/hts-mct.com\/es\/#organization\"},\"potentialAction\":[{\"@type\":\"SearchAction\",\"target\":{\"@type\":\"EntryPoint\",\"urlTemplate\":\"https:\/\/hts-mct.com\/es\/?s={search_term_string}\"},\"query-input\":{\"@type\":\"PropertyValueSpecification\",\"valueRequired\":true,\"valueName\":\"search_term_string\"}}],\"inLanguage\":\"es\"},{\"@type\":\"Organization\",\"@id\":\"https:\/\/hts-mct.com\/es\/#organization\",\"name\":\"HTS MCT | Safety Sealing Solutions for Cables and Pipes\",\"url\":\"https:\/\/hts-mct.com\/es\/\",\"logo\":{\"@type\":\"ImageObject\",\"inLanguage\":\"es\",\"@id\":\"https:\/\/hts-mct.com\/es\/#\/schema\/logo\/image\/\",\"url\":\"https:\/\/hts-mct.com\/wp-content\/uploads\/2025\/07\/HTS-MCT-logo-Social.png\",\"contentUrl\":\"https:\/\/hts-mct.com\/wp-content\/uploads\/2025\/07\/HTS-MCT-logo-Social.png\",\"width\":348,\"height\":89,\"caption\":\"HTS MCT | Safety Sealing Solutions for Cables and Pipes\"},\"image\":{\"@id\":\"https:\/\/hts-mct.com\/es\/#\/schema\/logo\/image\/\"}}]}<\/script>\n<!-- \/ Yoast SEO Premium plugin. -->","yoast_head_json":{"title":"Tacos Pasacable EMC - HTS MCT | Soluciones de sellado seguras para cables y tuber\u00edas","description":"Mejorado con una pintura con carga de plata y una envoltura de cinta de cobre. Proporcionan un apantallamiento electromagn\u00e9tico eficaz a la vez que cumplen los requisitos normativos.","robots":{"index":"index","follow":"follow","max-snippet":"max-snippet:-1","max-image-preview":"max-image-preview:large","max-video-preview":"max-video-preview:-1"},"canonical":"https:\/\/hts-mct.com\/es\/productos\/bloques-tolerantes-emc\/","og_locale":"es_ES","og_type":"article","og_title":"Tacos pasacable EMC","og_description":"Mejorado con una pintura con carga de plata y una envoltura de cinta de cobre. Proporcionan un apantallamiento electromagn\u00e9tico eficaz a la vez que cumplen los requisitos normativos.","og_url":"https:\/\/hts-mct.com\/es\/productos\/bloques-tolerantes-emc\/","og_site_name":"HTS MCT | Safety Sealing Solutions for Cables and Pipes","article_modified_time":"2026-02-09T10:09:32+00:00","og_image":[{"width":300,"height":300,"url":"https:\/\/hts-mct.com\/wp-content\/uploads\/2025\/05\/EMC-Tolerant-blocks.jpg","type":"image\/jpeg"}],"twitter_card":"summary_large_image","twitter_misc":{"Tiempo de lectura":"2 minutos"},"schema":{"@context":"https:\/\/schema.org","@graph":[{"@type":"WebPage","@id":"https:\/\/hts-mct.com\/es\/productos\/bloques-tolerantes-emc\/","url":"https:\/\/hts-mct.com\/es\/productos\/bloques-tolerantes-emc\/","name":"Tacos Pasacable EMC - HTS MCT | Soluciones de sellado seguras para cables y tuber\u00edas","isPartOf":{"@id":"https:\/\/hts-mct.com\/es\/#website"},"primaryImageOfPage":{"@id":"https:\/\/hts-mct.com\/es\/productos\/bloques-tolerantes-emc\/#primaryimage"},"image":{"@id":"https:\/\/hts-mct.com\/es\/productos\/bloques-tolerantes-emc\/#primaryimage"},"thumbnailUrl":"https:\/\/hts-mct.com\/wp-content\/uploads\/2025\/05\/EMC-Tolerant-blocks.jpg","datePublished":"2025-07-16T12:32:34+00:00","dateModified":"2026-02-09T10:09:32+00:00","description":"Mejorado con una pintura con carga de plata y una envoltura de cinta de cobre. Proporcionan un apantallamiento electromagn\u00e9tico eficaz a la vez que cumplen los requisitos normativos.","breadcrumb":{"@id":"https:\/\/hts-mct.com\/es\/productos\/bloques-tolerantes-emc\/#breadcrumb"},"inLanguage":"es","potentialAction":[{"@type":"ReadAction","target":["https:\/\/hts-mct.com\/es\/productos\/bloques-tolerantes-emc\/"]}]},{"@type":"ImageObject","inLanguage":"es","@id":"https:\/\/hts-mct.com\/es\/productos\/bloques-tolerantes-emc\/#primaryimage","url":"https:\/\/hts-mct.com\/wp-content\/uploads\/2025\/05\/EMC-Tolerant-blocks.jpg","contentUrl":"https:\/\/hts-mct.com\/wp-content\/uploads\/2025\/05\/EMC-Tolerant-blocks.jpg"},{"@type":"BreadcrumbList","@id":"https:\/\/hts-mct.com\/es\/productos\/bloques-tolerantes-emc\/#breadcrumb","itemListElement":[{"@type":"ListItem","position":1,"name":"Home","item":"https:\/\/hts-mct.com\/es\/hts-mct-soluciones-de-sellado-seguras-para-cables-y-tuberias\/"},{"@type":"ListItem","position":2,"name":"Productos","item":"https:\/\/hts-mct.com\/es\/productos\/"},{"@type":"ListItem","position":3,"name":"Tacos pasacable EMC"}]},{"@type":"WebSite","@id":"https:\/\/hts-mct.com\/es\/#website","url":"https:\/\/hts-mct.com\/es\/","name":"HTS MCT | Safety Sealing Solutions for Cables and Pipes","description":"Discover HTS MCT sealing solutions, designed to ensure safety and efficiency for cable and pipe penetrations. Reliable protection for the most demanding environments.","publisher":{"@id":"https:\/\/hts-mct.com\/es\/#organization"},"potentialAction":[{"@type":"SearchAction","target":{"@type":"EntryPoint","urlTemplate":"https:\/\/hts-mct.com\/es\/?s={search_term_string}"},"query-input":{"@type":"PropertyValueSpecification","valueRequired":true,"valueName":"search_term_string"}}],"inLanguage":"es"},{"@type":"Organization","@id":"https:\/\/hts-mct.com\/es\/#organization","name":"HTS MCT | Safety Sealing Solutions for Cables and Pipes","url":"https:\/\/hts-mct.com\/es\/","logo":{"@type":"ImageObject","inLanguage":"es","@id":"https:\/\/hts-mct.com\/es\/#\/schema\/logo\/image\/","url":"https:\/\/hts-mct.com\/wp-content\/uploads\/2025\/07\/HTS-MCT-logo-Social.png","contentUrl":"https:\/\/hts-mct.com\/wp-content\/uploads\/2025\/07\/HTS-MCT-logo-Social.png","width":348,"height":89,"caption":"HTS MCT | Safety Sealing Solutions for Cables and Pipes"},"image":{"@id":"https:\/\/hts-mct.com\/es\/#\/schema\/logo\/image\/"}}]}},"_links":{"self":[{"href":"https:\/\/hts-mct.com\/es\/wp-json\/wp\/v2\/pages\/14994","targetHints":{"allow":["GET"]}}],"collection":[{"href":"https:\/\/hts-mct.com\/es\/wp-json\/wp\/v2\/pages"}],"about":[{"href":"https:\/\/hts-mct.com\/es\/wp-json\/wp\/v2\/types\/page"}],"author":[{"embeddable":true,"href":"https:\/\/hts-mct.com\/es\/wp-json\/wp\/v2\/users\/1"}],"replies":[{"embeddable":true,"href":"https:\/\/hts-mct.com\/es\/wp-json\/wp\/v2\/comments?post=14994"}],"version-history":[{"count":20,"href":"https:\/\/hts-mct.com\/es\/wp-json\/wp\/v2\/pages\/14994\/revisions"}],"predecessor-version":[{"id":25769,"href":"https:\/\/hts-mct.com\/es\/wp-json\/wp\/v2\/pages\/14994\/revisions\/25769"}],"up":[{"embeddable":true,"href":"https:\/\/hts-mct.com\/es\/wp-json\/wp\/v2\/pages\/14850"}],"wp:attachment":[{"href":"https:\/\/hts-mct.com\/es\/wp-json\/wp\/v2\/media?parent=14994"}],"curies":[{"name":"wp","href":"https:\/\/api.w.org\/{rel}","templated":true}]}}