{"id":14983,"date":"2025-07-16T12:27:07","date_gmt":"2025-07-16T10:27:07","guid":{"rendered":"https:\/\/hts-mct.com\/productos\/sellante-de-silicona-ignifuga\/"},"modified":"2026-02-09T17:42:23","modified_gmt":"2026-02-09T16:42:23","slug":"sellante-de-silicona-ignifuga","status":"publish","type":"page","link":"https:\/\/hts-mct.com\/es\/productos\/sellante-de-silicona-ignifuga\/","title":{"rendered":"Silicona ign\u00edfuga"},"content":{"rendered":"\t\t<div data-elementor-type=\"wp-page\" data-elementor-id=\"14983\" class=\"elementor elementor-14983 elementor-14055\" data-elementor-post-type=\"page\">\n\t\t\t\t<div class=\"elementor-element elementor-element-4007ec94 e-con-full e-flex e-con e-parent\" data-id=\"4007ec94\" data-element_type=\"container\" data-e-type=\"container\" data-settings=\"{&quot;background_background&quot;:&quot;classic&quot;}\">\n\t\t\t\t<div class=\"elementor-element elementor-element-1f7c2d83 elementor-widget elementor-widget-heading\" data-id=\"1f7c2d83\" data-element_type=\"widget\" data-e-type=\"widget\" data-widget_type=\"heading.default\">\n\t\t\t\t<div class=\"elementor-widget-container\">\n\t\t\t\t\t<h1 class=\"elementor-heading-title elementor-size-default\">Silicona ign\u00edfuga<\/h1>\t\t\t\t<\/div>\n\t\t\t\t<\/div>\n\t\t\t\t<div class=\"elementor-element elementor-element-7950ea06 elementor-align-center elementor-widget elementor-widget-breadcrumbs\" data-id=\"7950ea06\" data-element_type=\"widget\" data-e-type=\"widget\" id=\"breadcrumbs\" data-widget_type=\"breadcrumbs.default\">\n\t\t\t\t<div class=\"elementor-widget-container\">\n\t\t\t\t\t<nav id=\"breadcrumbs\"><span><span><a href=\"https:\/\/hts-mct.com\/es\/hts-mct-soluciones-de-sellado-seguras-para-cables-y-tuberias\/\">Home<\/a><\/span><\/span><\/nav>\t\t\t\t<\/div>\n\t\t\t\t<\/div>\n\t\t\t\t<\/div>\n\t\t<div class=\"elementor-element elementor-element-5da46b39 e-flex e-con-boxed e-con e-parent\" data-id=\"5da46b39\" data-element_type=\"container\" data-e-type=\"container\">\n\t\t\t\t\t<div class=\"e-con-inner\">\n\t\t<div class=\"elementor-element elementor-element-44abbae4 e-con-full e-flex e-con e-child\" data-id=\"44abbae4\" data-element_type=\"container\" data-e-type=\"container\">\n\t\t\t\t<div class=\"elementor-element elementor-element-563b8223 elementor-widget elementor-widget-heading\" data-id=\"563b8223\" data-element_type=\"widget\" data-e-type=\"widget\" data-widget_type=\"heading.default\">\n\t\t\t\t<div class=\"elementor-widget-container\">\n\t\t\t\t\t<h2 class=\"elementor-heading-title elementor-size-default\">Silicona ign\u00edfuga<\/h2>\t\t\t\t<\/div>\n\t\t\t\t<\/div>\n\t\t\t\t<div class=\"elementor-element elementor-element-4698e727 elementor-widget elementor-widget-text-editor\" data-id=\"4698e727\" data-element_type=\"widget\" data-e-type=\"widget\" data-widget_type=\"text-editor.default\">\n\t\t\t\t<div class=\"elementor-widget-container\">\n\t\t\t\t\t\t\t\t\t<p>La silicona ign\u00edfuga de HTS mejora la seguridad contra incendios en las instalaciones de tr\u00e1nsito sellando los marcos y casquillos atornillados. Sus propiedades resistentes al humo y al fuego garantizan un sellado herm\u00e9tico, evitando huecos que comprometen la seguridad. Con un rendimiento fiable, ofrece tranquilidad y una mayor protecci\u00f3n contra incendios.  <\/p>\t\t\t\t\t\t\t\t<\/div>\n\t\t\t\t<\/div>\n\t\t\t\t<\/div>\n\t\t<div class=\"elementor-element elementor-element-4b2f34b0 e-con-full e-flex e-con e-child\" data-id=\"4b2f34b0\" data-element_type=\"container\" data-e-type=\"container\">\n\t\t\t\t<div class=\"elementor-element elementor-element-781eea15 elementor-widget elementor-widget-image\" data-id=\"781eea15\" data-element_type=\"widget\" data-e-type=\"widget\" data-widget_type=\"image.default\">\n\t\t\t\t<div class=\"elementor-widget-container\">\n\t\t\t\t\t\t\t\t\t\t\t\t\t\t\t\t<a href=\"https:\/\/hts-mct.com\/wp-content\/uploads\/2025\/07\/Silicone-Fireproof-Sealant.png\" data-elementor-open-lightbox=\"yes\" data-elementor-lightbox-title=\"Silicone-Fireproof-Sealant\" data-e-action-hash=\"#elementor-action%3Aaction%3Dlightbox%26settings%3DeyJpZCI6MTQwNjQsInVybCI6Imh0dHBzOlwvXC9odHMtbWN0LmNvbVwvd3AtY29udGVudFwvdXBsb2Fkc1wvMjAyNVwvMDdcL1NpbGljb25lLUZpcmVwcm9vZi1TZWFsYW50LnBuZyJ9\">\n\t\t\t\t\t\t\t<img fetchpriority=\"high\" decoding=\"async\" width=\"300\" height=\"225\" src=\"https:\/\/hts-mct.com\/wp-content\/uploads\/2025\/07\/Silicone-Fireproof-Sealant-300x225.png\" class=\"attachment-medium size-medium wp-image-14064\" alt=\"silicone fireproof sealant tube for safe sealing of cables and pipes in industrial fire-resistant installations\" srcset=\"https:\/\/hts-mct.com\/wp-content\/uploads\/2025\/07\/Silicone-Fireproof-Sealant-300x225.png 300w, https:\/\/hts-mct.com\/wp-content\/uploads\/2025\/07\/Silicone-Fireproof-Sealant.png 400w\" sizes=\"(max-width: 300px) 100vw, 300px\" \/>\t\t\t\t\t\t\t\t<\/a>\n\t\t\t\t\t\t\t\t\t\t\t\t\t\t\t<\/div>\n\t\t\t\t<\/div>\n\t\t\t\t<\/div>\n\t\t\t\t\t<\/div>\n\t\t\t\t<\/div>\n\t\t<div class=\"elementor-element elementor-element-1e36af53 e-flex e-con-boxed e-con e-parent\" data-id=\"1e36af53\" data-element_type=\"container\" data-e-type=\"container\">\n\t\t\t\t\t<div class=\"e-con-inner\">\n\t\t\t\t<div class=\"elementor-element elementor-element-5c73555f elementor-widget elementor-widget-heading\" data-id=\"5c73555f\" data-element_type=\"widget\" data-e-type=\"widget\" data-widget_type=\"heading.default\">\n\t\t\t\t<div class=\"elementor-widget-container\">\n\t\t\t\t\t<h2 class=\"elementor-heading-title elementor-size-default\">Descripci\u00f3n de la Silicona Ign\u00edfuga<\/h2>\t\t\t\t<\/div>\n\t\t\t\t<\/div>\n\t\t\t\t<div class=\"elementor-element elementor-element-5f9912fa elementor-widget elementor-widget-text-editor\" data-id=\"5f9912fa\" data-element_type=\"widget\" data-e-type=\"widget\" data-widget_type=\"text-editor.default\">\n\t\t\t\t<div class=\"elementor-widget-container\">\n\t\t\t\t\t\t\t\t\t<p><strong>La silicona Ignifuga <\/strong>(Ref. 962) es un componente esencial para el sellado de instalaciones en marcos y casquillos atornillados marinos y civiles. Este sellador acr\u00edlico ign\u00edfugo y resistente al humo suplementario garantiza un sellado herm\u00e9tico entre los marcos\/casquillos de HTS y diversas estructuras, mejorando las medidas de seguridad contra incendios. Aplicado entre la brida del bastidor y la estructura, el sellador ign\u00edfugo evita los huecos y garantiza la m\u00e1xima protecci\u00f3n contra el humo y los riesgos de incendio.  <\/p><p><strong>Caracter\u00edsticas principales:<\/strong><\/p><ul><li>Dise\u00f1ado para sellar instalaciones en marcos y manguitos atornillados.<\/li><li>Sellador acr\u00edlico suplementario resistente al humo y al fuego.<\/li><li>Garantiza un sellado herm\u00e9tico entre los marcos\/casquillos HTS y las estructuras.<\/li><li>Evita lagunas y mejora las medidas de seguridad contra incendios.<\/li><\/ul><p>La Silicona Ign\u00edfuga HTS proporciona una protecci\u00f3n fiable contra el humo y los riesgos de incendio, garantizando la integridad de las instalaciones de tr\u00e1nsito en aplicaciones mar\u00edtimas y civiles.<\/p>\t\t\t\t\t\t\t\t<\/div>\n\t\t\t\t<\/div>\n\t\t\t\t<div class=\"elementor-element elementor-element-1466716f botom-line-degree elementor-widget elementor-widget-heading\" data-id=\"1466716f\" data-element_type=\"widget\" data-e-type=\"widget\" data-widget_type=\"heading.default\">\n\t\t\t\t<div class=\"elementor-widget-container\">\n\t\t\t\t\t<h2 class=\"elementor-heading-title elementor-size-default\">Descargas<\/h2>\t\t\t\t<\/div>\n\t\t\t\t<\/div>\n\t\t\t\t<div class=\"elementor-element elementor-element-2dd9c47 icons-color-secondary elementor-icon-list--layout-traditional elementor-list-item-link-full_width elementor-widget elementor-widget-icon-list\" data-id=\"2dd9c47\" data-element_type=\"widget\" data-e-type=\"widget\" data-widget_type=\"icon-list.default\">\n\t\t\t\t<div class=\"elementor-widget-container\">\n\t\t\t\t\t\t\t<ul class=\"elementor-icon-list-items\">\n\t\t\t\t\t\t\t<li class=\"elementor-icon-list-item\">\n\t\t\t\t\t\t\t\t\t\t\t<a href=\"https:\/\/hts-mct.com\/documentation\/datasheet\/silicone-fireproof-sealant-and-mastic-data-sheet-es.pdf\">\n\n\t\t\t\t\t\t\t\t\t\t\t\t<span class=\"elementor-icon-list-icon\">\n\t\t\t\t\t\t\t<svg aria-hidden=\"true\" class=\"e-font-icon-svg e-far-arrow-alt-circle-right\" viewBox=\"0 0 512 512\" xmlns=\"http:\/\/www.w3.org\/2000\/svg\"><path d=\"M504 256C504 119 393 8 256 8S8 119 8 256s111 248 248 248 248-111 248-248zm-448 0c0-110.5 89.5-200 200-200s200 89.5 200 200-89.5 200-200 200S56 366.5 56 256zm72 20v-40c0-6.6 5.4-12 12-12h116v-67c0-10.7 12.9-16 20.5-8.5l99 99c4.7 4.7 4.7 12.3 0 17l-99 99c-7.6 7.6-20.5 2.2-20.5-8.5v-67H140c-6.6 0-12-5.4-12-12z\"><\/path><\/svg>\t\t\t\t\t\t<\/span>\n\t\t\t\t\t\t\t\t\t\t<span class=\"elementor-icon-list-text\">Ficha t\u00e9cnica de la silicona ign\u00edfuga<\/span>\n\t\t\t\t\t\t\t\t\t\t\t<\/a>\n\t\t\t\t\t\t\t\t\t<\/li>\n\t\t\t\t\t\t<\/ul>\n\t\t\t\t\t\t<\/div>\n\t\t\t\t<\/div>\n\t\t\t\t\t<\/div>\n\t\t\t\t<\/div>\n\t\t<div class=\"elementor-element elementor-element-6d5dc630 e-con-full e-flex e-con e-parent\" data-id=\"6d5dc630\" data-element_type=\"container\" data-e-type=\"container\" data-settings=\"{&quot;background_background&quot;:&quot;classic&quot;}\">\n\t\t\t\t<div class=\"elementor-element elementor-element-7f062371 elementor-widget__width-inherit elementor-widget elementor-widget-heading\" data-id=\"7f062371\" data-element_type=\"widget\" data-e-type=\"widget\" data-widget_type=\"heading.default\">\n\t\t\t\t<div class=\"elementor-widget-container\">\n\t\t\t\t\t<h2 class=\"elementor-heading-title elementor-size-default\">V\u00eddeos de instalaci\u00f3n<\/h2>\t\t\t\t<\/div>\n\t\t\t\t<\/div>\n\t\t<div class=\"elementor-element elementor-element-467cc183 e-flex e-con-boxed e-con e-child\" data-id=\"467cc183\" data-element_type=\"container\" data-e-type=\"container\">\n\t\t\t\t\t<div class=\"e-con-inner\">\n\t\t\t\t<div class=\"elementor-element elementor-element-5747ae3e elementor-widget elementor-widget-video\" data-id=\"5747ae3e\" data-element_type=\"widget\" data-e-type=\"widget\" data-settings=\"{&quot;youtube_url&quot;:&quot;https:\\\/\\\/youtu.be\\\/mpGTkd93kKc&quot;,&quot;video_type&quot;:&quot;youtube&quot;,&quot;controls&quot;:&quot;yes&quot;}\" data-widget_type=\"video.default\">\n\t\t\t\t<div class=\"elementor-widget-container\">\n\t\t\t\t\t\t\t<div class=\"elementor-wrapper elementor-open-inline\">\n\t\t\t<div class=\"elementor-video\"><\/div>\t\t<\/div>\n\t\t\t\t\t\t<\/div>\n\t\t\t\t<\/div>\n\t\t\t\t<div class=\"elementor-element elementor-element-55b552e3 elementor-widget elementor-widget-video\" data-id=\"55b552e3\" data-element_type=\"widget\" data-e-type=\"widget\" data-settings=\"{&quot;youtube_url&quot;:&quot;https:\\\/\\\/www.youtube.com\\\/watch?v=Xvfe91R-vuI&quot;,&quot;video_type&quot;:&quot;youtube&quot;,&quot;controls&quot;:&quot;yes&quot;}\" data-widget_type=\"video.default\">\n\t\t\t\t<div class=\"elementor-widget-container\">\n\t\t\t\t\t\t\t<div class=\"elementor-wrapper elementor-open-inline\">\n\t\t\t<div class=\"elementor-video\"><\/div>\t\t<\/div>\n\t\t\t\t\t\t<\/div>\n\t\t\t\t<\/div>\n\t\t\t\t<div class=\"elementor-element elementor-element-3a1638c0 elementor-widget elementor-widget-video\" data-id=\"3a1638c0\" data-element_type=\"widget\" data-e-type=\"widget\" data-settings=\"{&quot;youtube_url&quot;:&quot;https:\\\/\\\/youtu.be\\\/VYDlavPsZBA&quot;,&quot;video_type&quot;:&quot;youtube&quot;,&quot;controls&quot;:&quot;yes&quot;}\" data-widget_type=\"video.default\">\n\t\t\t\t<div class=\"elementor-widget-container\">\n\t\t\t\t\t\t\t<div class=\"elementor-wrapper elementor-open-inline\">\n\t\t\t<div class=\"elementor-video\"><\/div>\t\t<\/div>\n\t\t\t\t\t\t<\/div>\n\t\t\t\t<\/div>\n\t\t\t\t\t<\/div>\n\t\t\t\t<\/div>\n\t\t\t\t<\/div>\n\t\t\t\t<\/div>\n\t\t","protected":false},"excerpt":{"rendered":"<p>Silicona ign\u00edfuga Silicona ign\u00edfuga La silicona ign\u00edfuga de HTS mejora la seguridad contra incendios en las instalaciones de tr\u00e1nsito sellando los marcos y casquillos atornillados. Sus propiedades resistentes al humo y al fuego garantizan un sellado herm\u00e9tico, evitando huecos que comprometen la seguridad. Con un rendimiento fiable, ofrece tranquilidad y una mayor protecci\u00f3n contra incendios. [&hellip;]<\/p>\n","protected":false},"author":1,"featured_media":0,"parent":14850,"menu_order":0,"comment_status":"closed","ping_status":"closed","template":"","meta":{"footnotes":""},"class_list":["post-14983","page","type-page","status-publish","hentry"],"yoast_head":"<!-- This site is optimized with the Yoast SEO Premium plugin v25.5 (Yoast SEO v25.5) - https:\/\/yoast.com\/wordpress\/plugins\/seo\/ -->\n<title>Silicona Ign\u00edfuga - HTS MCT | Soluciones de Sellado Seguraspara Cables y Tuber\u00edas<\/title>\n<meta name=\"description\" content=\"Descubre laa Silicona Ign\u00edfuga de HTS MCT: una soluci\u00f3n de alto rendimiento dise\u00f1ada para resistir temperaturas extremas y garantizar la seguridad de cables y tuber\u00edas.\" \/>\n<meta name=\"robots\" content=\"index, follow, max-snippet:-1, max-image-preview:large, max-video-preview:-1\" \/>\n<link rel=\"canonical\" href=\"https:\/\/hts-mct.com\/es\/productos\/sellante-de-silicona-ignifuga\/\" \/>\n<meta property=\"og:locale\" content=\"es_ES\" \/>\n<meta property=\"og:type\" content=\"article\" \/>\n<meta property=\"og:title\" content=\"Silicona ign\u00edfuga\" \/>\n<meta property=\"og:description\" content=\"Descubre laa Silicona Ign\u00edfuga de HTS MCT: una soluci\u00f3n de alto rendimiento dise\u00f1ada para resistir temperaturas extremas y garantizar la seguridad de cables y tuber\u00edas.\" \/>\n<meta property=\"og:url\" content=\"https:\/\/hts-mct.com\/es\/productos\/sellante-de-silicona-ignifuga\/\" \/>\n<meta property=\"og:site_name\" content=\"HTS MCT | Safety Sealing Solutions for Cables and Pipes\" \/>\n<meta property=\"article:modified_time\" content=\"2026-02-09T16:42:23+00:00\" \/>\n<meta property=\"og:image\" content=\"https:\/\/hts-mct.com\/wp-content\/uploads\/2025\/07\/Silicone-Fireproof-Sealant.png\" \/>\n\t<meta property=\"og:image:width\" content=\"400\" \/>\n\t<meta property=\"og:image:height\" content=\"300\" \/>\n\t<meta property=\"og:image:type\" content=\"image\/png\" \/>\n<meta name=\"twitter:card\" content=\"summary_large_image\" \/>\n<meta name=\"twitter:label1\" content=\"Tiempo de lectura\" \/>\n\t<meta name=\"twitter:data1\" content=\"2 minutos\" \/>\n<script type=\"application\/ld+json\" class=\"yoast-schema-graph\">{\"@context\":\"https:\/\/schema.org\",\"@graph\":[{\"@type\":\"WebPage\",\"@id\":\"https:\/\/hts-mct.com\/es\/productos\/sellante-de-silicona-ignifuga\/\",\"url\":\"https:\/\/hts-mct.com\/es\/productos\/sellante-de-silicona-ignifuga\/\",\"name\":\"Silicona Ign\u00edfuga - HTS MCT | Soluciones de Sellado Seguraspara Cables y Tuber\u00edas\",\"isPartOf\":{\"@id\":\"https:\/\/hts-mct.com\/es\/#website\"},\"primaryImageOfPage\":{\"@id\":\"https:\/\/hts-mct.com\/es\/productos\/sellante-de-silicona-ignifuga\/#primaryimage\"},\"image\":{\"@id\":\"https:\/\/hts-mct.com\/es\/productos\/sellante-de-silicona-ignifuga\/#primaryimage\"},\"thumbnailUrl\":\"https:\/\/hts-mct.com\/wp-content\/uploads\/2025\/07\/Silicone-Fireproof-Sealant-300x225.png\",\"datePublished\":\"2025-07-16T10:27:07+00:00\",\"dateModified\":\"2026-02-09T16:42:23+00:00\",\"description\":\"Descubre laa Silicona Ign\u00edfuga de HTS MCT: una soluci\u00f3n de alto rendimiento dise\u00f1ada para resistir temperaturas extremas y garantizar la seguridad de cables y tuber\u00edas.\",\"breadcrumb\":{\"@id\":\"https:\/\/hts-mct.com\/es\/productos\/sellante-de-silicona-ignifuga\/#breadcrumb\"},\"inLanguage\":\"es\",\"potentialAction\":[{\"@type\":\"ReadAction\",\"target\":[\"https:\/\/hts-mct.com\/es\/productos\/sellante-de-silicona-ignifuga\/\"]}]},{\"@type\":\"ImageObject\",\"inLanguage\":\"es\",\"@id\":\"https:\/\/hts-mct.com\/es\/productos\/sellante-de-silicona-ignifuga\/#primaryimage\",\"url\":\"https:\/\/hts-mct.com\/wp-content\/uploads\/2025\/07\/Silicone-Fireproof-Sealant-300x225.png\",\"contentUrl\":\"https:\/\/hts-mct.com\/wp-content\/uploads\/2025\/07\/Silicone-Fireproof-Sealant-300x225.png\"},{\"@type\":\"BreadcrumbList\",\"@id\":\"https:\/\/hts-mct.com\/es\/productos\/sellante-de-silicona-ignifuga\/#breadcrumb\",\"itemListElement\":[{\"@type\":\"ListItem\",\"position\":1,\"name\":\"Home\",\"item\":\"https:\/\/hts-mct.com\/es\/hts-mct-soluciones-de-sellado-seguras-para-cables-y-tuberias\/\"},{\"@type\":\"ListItem\",\"position\":2,\"name\":\"Productos\",\"item\":\"https:\/\/hts-mct.com\/es\/productos\/\"},{\"@type\":\"ListItem\",\"position\":3,\"name\":\"Silicona ign\u00edfuga\"}]},{\"@type\":\"WebSite\",\"@id\":\"https:\/\/hts-mct.com\/es\/#website\",\"url\":\"https:\/\/hts-mct.com\/es\/\",\"name\":\"HTS MCT | Safety Sealing Solutions for Cables and Pipes\",\"description\":\"Discover HTS MCT sealing solutions, designed to ensure safety and efficiency for cable and pipe penetrations. Reliable protection for the most demanding environments.\",\"publisher\":{\"@id\":\"https:\/\/hts-mct.com\/es\/#organization\"},\"potentialAction\":[{\"@type\":\"SearchAction\",\"target\":{\"@type\":\"EntryPoint\",\"urlTemplate\":\"https:\/\/hts-mct.com\/es\/?s={search_term_string}\"},\"query-input\":{\"@type\":\"PropertyValueSpecification\",\"valueRequired\":true,\"valueName\":\"search_term_string\"}}],\"inLanguage\":\"es\"},{\"@type\":\"Organization\",\"@id\":\"https:\/\/hts-mct.com\/es\/#organization\",\"name\":\"HTS MCT | Safety Sealing Solutions for Cables and Pipes\",\"url\":\"https:\/\/hts-mct.com\/es\/\",\"logo\":{\"@type\":\"ImageObject\",\"inLanguage\":\"es\",\"@id\":\"https:\/\/hts-mct.com\/es\/#\/schema\/logo\/image\/\",\"url\":\"https:\/\/hts-mct.com\/wp-content\/uploads\/2025\/07\/HTS-MCT-logo-Social.png\",\"contentUrl\":\"https:\/\/hts-mct.com\/wp-content\/uploads\/2025\/07\/HTS-MCT-logo-Social.png\",\"width\":348,\"height\":89,\"caption\":\"HTS MCT | Safety Sealing Solutions for Cables and Pipes\"},\"image\":{\"@id\":\"https:\/\/hts-mct.com\/es\/#\/schema\/logo\/image\/\"}}]}<\/script>\n<!-- \/ Yoast SEO Premium plugin. -->","yoast_head_json":{"title":"Silicona Ign\u00edfuga - HTS MCT | Soluciones de Sellado Seguraspara Cables y Tuber\u00edas","description":"Descubre laa Silicona Ign\u00edfuga de HTS MCT: una soluci\u00f3n de alto rendimiento dise\u00f1ada para resistir temperaturas extremas y garantizar la seguridad de cables y tuber\u00edas.","robots":{"index":"index","follow":"follow","max-snippet":"max-snippet:-1","max-image-preview":"max-image-preview:large","max-video-preview":"max-video-preview:-1"},"canonical":"https:\/\/hts-mct.com\/es\/productos\/sellante-de-silicona-ignifuga\/","og_locale":"es_ES","og_type":"article","og_title":"Silicona ign\u00edfuga","og_description":"Descubre laa Silicona Ign\u00edfuga de HTS MCT: una soluci\u00f3n de alto rendimiento dise\u00f1ada para resistir temperaturas extremas y garantizar la seguridad de cables y tuber\u00edas.","og_url":"https:\/\/hts-mct.com\/es\/productos\/sellante-de-silicona-ignifuga\/","og_site_name":"HTS MCT | Safety Sealing Solutions for Cables and Pipes","article_modified_time":"2026-02-09T16:42:23+00:00","og_image":[{"width":400,"height":300,"url":"https:\/\/hts-mct.com\/wp-content\/uploads\/2025\/07\/Silicone-Fireproof-Sealant.png","type":"image\/png"}],"twitter_card":"summary_large_image","twitter_misc":{"Tiempo de lectura":"2 minutos"},"schema":{"@context":"https:\/\/schema.org","@graph":[{"@type":"WebPage","@id":"https:\/\/hts-mct.com\/es\/productos\/sellante-de-silicona-ignifuga\/","url":"https:\/\/hts-mct.com\/es\/productos\/sellante-de-silicona-ignifuga\/","name":"Silicona Ign\u00edfuga - HTS MCT | Soluciones de Sellado Seguraspara Cables y Tuber\u00edas","isPartOf":{"@id":"https:\/\/hts-mct.com\/es\/#website"},"primaryImageOfPage":{"@id":"https:\/\/hts-mct.com\/es\/productos\/sellante-de-silicona-ignifuga\/#primaryimage"},"image":{"@id":"https:\/\/hts-mct.com\/es\/productos\/sellante-de-silicona-ignifuga\/#primaryimage"},"thumbnailUrl":"https:\/\/hts-mct.com\/wp-content\/uploads\/2025\/07\/Silicone-Fireproof-Sealant-300x225.png","datePublished":"2025-07-16T10:27:07+00:00","dateModified":"2026-02-09T16:42:23+00:00","description":"Descubre laa Silicona Ign\u00edfuga de HTS MCT: una soluci\u00f3n de alto rendimiento dise\u00f1ada para resistir temperaturas extremas y garantizar la seguridad de cables y tuber\u00edas.","breadcrumb":{"@id":"https:\/\/hts-mct.com\/es\/productos\/sellante-de-silicona-ignifuga\/#breadcrumb"},"inLanguage":"es","potentialAction":[{"@type":"ReadAction","target":["https:\/\/hts-mct.com\/es\/productos\/sellante-de-silicona-ignifuga\/"]}]},{"@type":"ImageObject","inLanguage":"es","@id":"https:\/\/hts-mct.com\/es\/productos\/sellante-de-silicona-ignifuga\/#primaryimage","url":"https:\/\/hts-mct.com\/wp-content\/uploads\/2025\/07\/Silicone-Fireproof-Sealant-300x225.png","contentUrl":"https:\/\/hts-mct.com\/wp-content\/uploads\/2025\/07\/Silicone-Fireproof-Sealant-300x225.png"},{"@type":"BreadcrumbList","@id":"https:\/\/hts-mct.com\/es\/productos\/sellante-de-silicona-ignifuga\/#breadcrumb","itemListElement":[{"@type":"ListItem","position":1,"name":"Home","item":"https:\/\/hts-mct.com\/es\/hts-mct-soluciones-de-sellado-seguras-para-cables-y-tuberias\/"},{"@type":"ListItem","position":2,"name":"Productos","item":"https:\/\/hts-mct.com\/es\/productos\/"},{"@type":"ListItem","position":3,"name":"Silicona ign\u00edfuga"}]},{"@type":"WebSite","@id":"https:\/\/hts-mct.com\/es\/#website","url":"https:\/\/hts-mct.com\/es\/","name":"HTS MCT | Safety Sealing Solutions for Cables and Pipes","description":"Discover HTS MCT sealing solutions, designed to ensure safety and efficiency for cable and pipe penetrations. Reliable protection for the most demanding environments.","publisher":{"@id":"https:\/\/hts-mct.com\/es\/#organization"},"potentialAction":[{"@type":"SearchAction","target":{"@type":"EntryPoint","urlTemplate":"https:\/\/hts-mct.com\/es\/?s={search_term_string}"},"query-input":{"@type":"PropertyValueSpecification","valueRequired":true,"valueName":"search_term_string"}}],"inLanguage":"es"},{"@type":"Organization","@id":"https:\/\/hts-mct.com\/es\/#organization","name":"HTS MCT | Safety Sealing Solutions for Cables and Pipes","url":"https:\/\/hts-mct.com\/es\/","logo":{"@type":"ImageObject","inLanguage":"es","@id":"https:\/\/hts-mct.com\/es\/#\/schema\/logo\/image\/","url":"https:\/\/hts-mct.com\/wp-content\/uploads\/2025\/07\/HTS-MCT-logo-Social.png","contentUrl":"https:\/\/hts-mct.com\/wp-content\/uploads\/2025\/07\/HTS-MCT-logo-Social.png","width":348,"height":89,"caption":"HTS MCT | Safety Sealing Solutions for Cables and Pipes"},"image":{"@id":"https:\/\/hts-mct.com\/es\/#\/schema\/logo\/image\/"}}]}},"_links":{"self":[{"href":"https:\/\/hts-mct.com\/es\/wp-json\/wp\/v2\/pages\/14983","targetHints":{"allow":["GET"]}}],"collection":[{"href":"https:\/\/hts-mct.com\/es\/wp-json\/wp\/v2\/pages"}],"about":[{"href":"https:\/\/hts-mct.com\/es\/wp-json\/wp\/v2\/types\/page"}],"author":[{"embeddable":true,"href":"https:\/\/hts-mct.com\/es\/wp-json\/wp\/v2\/users\/1"}],"replies":[{"embeddable":true,"href":"https:\/\/hts-mct.com\/es\/wp-json\/wp\/v2\/comments?post=14983"}],"version-history":[{"count":13,"href":"https:\/\/hts-mct.com\/es\/wp-json\/wp\/v2\/pages\/14983\/revisions"}],"predecessor-version":[{"id":26098,"href":"https:\/\/hts-mct.com\/es\/wp-json\/wp\/v2\/pages\/14983\/revisions\/26098"}],"up":[{"embeddable":true,"href":"https:\/\/hts-mct.com\/es\/wp-json\/wp\/v2\/pages\/14850"}],"wp:attachment":[{"href":"https:\/\/hts-mct.com\/es\/wp-json\/wp\/v2\/media?parent=14983"}],"curies":[{"name":"wp","href":"https:\/\/api.w.org\/{rel}","templated":true}]}}