{"id":14971,"date":"2025-07-16T16:25:32","date_gmt":"2025-07-16T14:25:32","guid":{"rendered":"https:\/\/hts-mct.com\/productos\/sistema-de-compresion-de-esquinas-redondeadas\/"},"modified":"2026-02-09T13:26:26","modified_gmt":"2026-02-09T12:26:26","slug":"sistema-de-compresion-de-esquinas-redondeadas","status":"publish","type":"page","link":"https:\/\/hts-mct.com\/es\/productos\/sistema-de-compresion-de-esquinas-redondeadas\/","title":{"rendered":"Sistema de compresi\u00f3n redondeado"},"content":{"rendered":"\t\t<div data-elementor-type=\"wp-page\" data-elementor-id=\"14971\" class=\"elementor elementor-14971 elementor-14624\" data-elementor-post-type=\"page\">\n\t\t\t\t<div class=\"elementor-element elementor-element-14903fd5 e-con-full e-flex e-con e-parent\" data-id=\"14903fd5\" data-element_type=\"container\" data-e-type=\"container\" data-settings=\"{&quot;background_background&quot;:&quot;classic&quot;}\">\n\t\t\t\t<div class=\"elementor-element elementor-element-e0f5623 elementor-widget elementor-widget-heading\" data-id=\"e0f5623\" data-element_type=\"widget\" data-e-type=\"widget\" data-widget_type=\"heading.default\">\n\t\t\t\t<div class=\"elementor-widget-container\">\n\t\t\t\t\t<h1 class=\"elementor-heading-title elementor-size-default\">Sistema de compresi\u00f3n redondeado<\/h1>\t\t\t\t<\/div>\n\t\t\t\t<\/div>\n\t\t\t\t<div class=\"elementor-element elementor-element-770ccc0f elementor-align-center elementor-widget elementor-widget-breadcrumbs\" data-id=\"770ccc0f\" data-element_type=\"widget\" data-e-type=\"widget\" id=\"breadcrumbs\" data-widget_type=\"breadcrumbs.default\">\n\t\t\t\t<div class=\"elementor-widget-container\">\n\t\t\t\t\t<nav id=\"breadcrumbs\"><span><span><a href=\"https:\/\/hts-mct.com\/es\/hts-mct-soluciones-de-sellado-seguras-para-cables-y-tuberias\/\">Home<\/a><\/span><\/span><\/nav>\t\t\t\t<\/div>\n\t\t\t\t<\/div>\n\t\t\t\t<\/div>\n\t\t<div class=\"elementor-element elementor-element-32425676 e-flex e-con-boxed e-con e-parent\" data-id=\"32425676\" data-element_type=\"container\" data-e-type=\"container\">\n\t\t\t\t\t<div class=\"e-con-inner\">\n\t\t<div class=\"elementor-element elementor-element-5daa5e49 e-con-full e-flex e-con e-child\" data-id=\"5daa5e49\" data-element_type=\"container\" data-e-type=\"container\">\n\t\t\t\t<div class=\"elementor-element elementor-element-2a6b2b86 elementor-widget elementor-widget-heading\" data-id=\"2a6b2b86\" data-element_type=\"widget\" data-e-type=\"widget\" data-widget_type=\"heading.default\">\n\t\t\t\t<div class=\"elementor-widget-container\">\n\t\t\t\t\t<h2 class=\"elementor-heading-title elementor-size-default\">Sistema de compresi\u00f3n redondeado<\/h2>\t\t\t\t<\/div>\n\t\t\t\t<\/div>\n\t\t\t\t<div class=\"elementor-element elementor-element-75f5c329 elementor-widget elementor-widget-text-editor\" data-id=\"75f5c329\" data-element_type=\"widget\" data-e-type=\"widget\" data-widget_type=\"text-editor.default\">\n\t\t\t\t<div class=\"elementor-widget-container\">\n\t\t\t\t\t\t\t\t\t<p>El sistema de compresi\u00f3n de esquinas redondeadas es una soluci\u00f3n robusta para marcos con bordes redondeados, dise\u00f1ada para soportar una mayor presi\u00f3n y garantizar un sellado seguro para las instalaciones de cables y tuber\u00edas.<\/p>\t\t\t\t\t\t\t\t<\/div>\n\t\t\t\t<\/div>\n\t\t\t\t<\/div>\n\t\t<div class=\"elementor-element elementor-element-1d9aebf8 e-con-full e-flex e-con e-child\" data-id=\"1d9aebf8\" data-element_type=\"container\" data-e-type=\"container\">\n\t\t\t\t<div class=\"elementor-element elementor-element-6ae89d18 elementor-widget elementor-widget-image\" data-id=\"6ae89d18\" data-element_type=\"widget\" data-e-type=\"widget\" data-widget_type=\"image.default\">\n\t\t\t\t<div class=\"elementor-widget-container\">\n\t\t\t\t\t\t\t\t\t\t\t\t\t\t\t\t<a href=\"https:\/\/hts-mct.com\/wp-content\/uploads\/2025\/05\/Round-corners-compressiopn-system.jpg\" data-elementor-open-lightbox=\"yes\" data-elementor-lightbox-title=\"Round-corners-compressiopn-system\" data-e-action-hash=\"#elementor-action%3Aaction%3Dlightbox%26settings%3DeyJpZCI6MTIzNTksInVybCI6Imh0dHBzOlwvXC9odHMtbWN0LmNvbVwvd3AtY29udGVudFwvdXBsb2Fkc1wvMjAyNVwvMDVcL1JvdW5kLWNvcm5lcnMtY29tcHJlc3Npb3BuLXN5c3RlbS5qcGcifQ%3D%3D\">\n\t\t\t\t\t\t\t<img fetchpriority=\"high\" decoding=\"async\" width=\"300\" height=\"300\" src=\"https:\/\/hts-mct.com\/wp-content\/uploads\/2025\/05\/Round-corners-compressiopn-system.jpg\" class=\"attachment-medium size-medium wp-image-12359\" alt=\"HTS Sealing Assembly Round Compression System\" srcset=\"https:\/\/hts-mct.com\/wp-content\/uploads\/2025\/05\/Round-corners-compressiopn-system.jpg 300w, https:\/\/hts-mct.com\/wp-content\/uploads\/2025\/05\/Round-corners-compressiopn-system-150x150.jpg 150w\" sizes=\"(max-width: 300px) 100vw, 300px\" \/>\t\t\t\t\t\t\t\t<\/a>\n\t\t\t\t\t\t\t\t\t\t\t\t\t\t\t<\/div>\n\t\t\t\t<\/div>\n\t\t\t\t<\/div>\n\t\t\t\t\t<\/div>\n\t\t\t\t<\/div>\n\t\t<div class=\"elementor-element elementor-element-39afe732 e-flex e-con-boxed e-con e-parent\" data-id=\"39afe732\" data-element_type=\"container\" data-e-type=\"container\">\n\t\t\t\t\t<div class=\"e-con-inner\">\n\t\t\t\t<div class=\"elementor-element elementor-element-2cda8c9b elementor-widget elementor-widget-heading\" data-id=\"2cda8c9b\" data-element_type=\"widget\" data-e-type=\"widget\" data-widget_type=\"heading.default\">\n\t\t\t\t<div class=\"elementor-widget-container\">\n\t\t\t\t\t<h2 class=\"elementor-heading-title elementor-size-default\">Descripci\u00f3n del sistema de compresi\u00f3n de esquinas redondeadas<\/h2>\t\t\t\t<\/div>\n\t\t\t\t<\/div>\n\t\t\t\t<div class=\"elementor-element elementor-element-1fd81d77 elementor-widget elementor-widget-text-editor\" data-id=\"1fd81d77\" data-element_type=\"widget\" data-e-type=\"widget\" data-widget_type=\"text-editor.default\">\n\t\t\t\t<div class=\"elementor-widget-container\">\n\t\t\t\t\t\t\t\t\t<p>El <strong>sistema de compresi\u00f3n de esquinas redondas HTS<\/strong> se utiliza en los marcos rectangulares HMCX para comprimir y sellar la instalaci\u00f3n de cables\/tuber\u00edas y tacos HF.<\/p><p><strong>Caracter\u00edsticas principales:<\/strong><\/p><ul><li><strong>Empaquetadura:<\/strong> Elemento final de la instalaci\u00f3n del marco, insertado encima de la placa de compresi\u00f3n. El apriete de los pernos y los pasadores de inserci\u00f3n de acero proporciona presi\u00f3n y garantiza una estanqueidad correcta. <\/li><li><strong>Placa de compresi\u00f3n:<\/strong> Colocada encima de la \u00faltima fila de tacos, distribuye la presi\u00f3n de la empaquetadora final para garantizar una compresi\u00f3n adecuada.<\/li><li><strong>Variantes:<\/strong> Disponible como RR (Esquina redondeada derecha), LR (Esquina redondeada izquierda) y DR (Doble redondeada) para diferentes aperturas de marco HMCX.<\/li><li><strong>Materiales:<\/strong> De acero o acero inoxidable.<\/li><li><span class=\"NormalTextRun SCXW140785641 BCX8\">Ex <\/span><span class=\"NormalTextRun SpellingErrorV2Themed SCXW140785641 BCX8\">disponible<\/span> <span class=\"NormalTextRun SpellingErrorV2Themed SCXW140785641 BCX8\">en<\/span> <span class=\"NormalTextRun SpellingErrorV2Themed SCXW140785641 BCX8\">solicitud.<br><\/span><\/li><\/ul><p><br>El sistema de compresi\u00f3n de esquinas redondas HTS est\u00e1 dise\u00f1ado para instalarse dentro de las aberturas HMCX, garantizando un sellado y una compresi\u00f3n fiables para diversas necesidades de instalaci\u00f3n.<\/p>\t\t\t\t\t\t\t\t<\/div>\n\t\t\t\t<\/div>\n\t\t\t\t<div class=\"elementor-element elementor-element-3e6cf50d botom-line-degree elementor-widget elementor-widget-heading\" data-id=\"3e6cf50d\" data-element_type=\"widget\" data-e-type=\"widget\" data-widget_type=\"heading.default\">\n\t\t\t\t<div class=\"elementor-widget-container\">\n\t\t\t\t\t<h2 class=\"elementor-heading-title elementor-size-default\">Descargas<\/h2>\t\t\t\t<\/div>\n\t\t\t\t<\/div>\n\t\t\t\t<div class=\"elementor-element elementor-element-43b64357 icons-color-secondary elementor-icon-list--layout-traditional elementor-list-item-link-full_width elementor-widget elementor-widget-icon-list\" data-id=\"43b64357\" data-element_type=\"widget\" data-e-type=\"widget\" data-widget_type=\"icon-list.default\">\n\t\t\t\t<div class=\"elementor-widget-container\">\n\t\t\t\t\t\t\t<ul class=\"elementor-icon-list-items\">\n\t\t\t\t\t\t\t<li class=\"elementor-icon-list-item\">\n\t\t\t\t\t\t\t\t\t\t\t<a href=\"https:\/\/hts-mct.com\/documentation\/datasheet\/round-corner-compression-system-data-sheet-en.pdf\">\n\n\t\t\t\t\t\t\t\t\t\t\t\t<span class=\"elementor-icon-list-icon\">\n\t\t\t\t\t\t\t<svg aria-hidden=\"true\" class=\"e-font-icon-svg e-far-arrow-alt-circle-right\" viewBox=\"0 0 512 512\" xmlns=\"http:\/\/www.w3.org\/2000\/svg\"><path d=\"M504 256C504 119 393 8 256 8S8 119 8 256s111 248 248 248 248-111 248-248zm-448 0c0-110.5 89.5-200 200-200s200 89.5 200 200-89.5 200-200 200S56 366.5 56 256zm72 20v-40c0-6.6 5.4-12 12-12h116v-67c0-10.7 12.9-16 20.5-8.5l99 99c4.7 4.7 4.7 12.3 0 17l-99 99c-7.6 7.6-20.5 2.2-20.5-8.5v-67H140c-6.6 0-12-5.4-12-12z\"><\/path><\/svg>\t\t\t\t\t\t<\/span>\n\t\t\t\t\t\t\t\t\t\t<span class=\"elementor-icon-list-text\">Ficha t\u00e9cnica del sistema de compresi\u00f3n redondeado<\/span>\n\t\t\t\t\t\t\t\t\t\t\t<\/a>\n\t\t\t\t\t\t\t\t\t<\/li>\n\t\t\t\t\t\t<\/ul>\n\t\t\t\t\t\t<\/div>\n\t\t\t\t<\/div>\n\t\t\t\t\t<\/div>\n\t\t\t\t<\/div>\n\t\t<div class=\"elementor-element elementor-element-7c461dfa e-con-full e-flex e-con e-parent\" data-id=\"7c461dfa\" data-element_type=\"container\" data-e-type=\"container\" data-settings=\"{&quot;background_background&quot;:&quot;classic&quot;}\">\n\t\t\t\t<div class=\"elementor-element elementor-element-1fb67f90 elementor-widget__width-inherit elementor-widget elementor-widget-heading\" data-id=\"1fb67f90\" data-element_type=\"widget\" data-e-type=\"widget\" data-widget_type=\"heading.default\">\n\t\t\t\t<div class=\"elementor-widget-container\">\n\t\t\t\t\t<h2 class=\"elementor-heading-title elementor-size-default\">V\u00eddeos de instalaci\u00f3n<\/h2>\t\t\t\t<\/div>\n\t\t\t\t<\/div>\n\t\t<div class=\"elementor-element elementor-element-3c7ca32 e-flex e-con-boxed e-con e-child\" data-id=\"3c7ca32\" data-element_type=\"container\" data-e-type=\"container\">\n\t\t\t\t\t<div class=\"e-con-inner\">\n\t\t\t\t<div class=\"elementor-element elementor-element-26e27426 elementor-widget elementor-widget-video\" data-id=\"26e27426\" data-element_type=\"widget\" data-e-type=\"widget\" data-settings=\"{&quot;youtube_url&quot;:&quot;https:\\\/\\\/youtu.be\\\/mpGTkd93kKc&quot;,&quot;video_type&quot;:&quot;youtube&quot;,&quot;controls&quot;:&quot;yes&quot;}\" data-widget_type=\"video.default\">\n\t\t\t\t<div class=\"elementor-widget-container\">\n\t\t\t\t\t\t\t<div class=\"elementor-wrapper elementor-open-inline\">\n\t\t\t<div class=\"elementor-video\"><\/div>\t\t<\/div>\n\t\t\t\t\t\t<\/div>\n\t\t\t\t<\/div>\n\t\t\t\t<div class=\"elementor-element elementor-element-3d70a79c elementor-widget elementor-widget-video\" data-id=\"3d70a79c\" data-element_type=\"widget\" data-e-type=\"widget\" data-settings=\"{&quot;youtube_url&quot;:&quot;https:\\\/\\\/www.youtube.com\\\/watch?v=Xvfe91R-vuI&quot;,&quot;video_type&quot;:&quot;youtube&quot;,&quot;controls&quot;:&quot;yes&quot;}\" data-widget_type=\"video.default\">\n\t\t\t\t<div class=\"elementor-widget-container\">\n\t\t\t\t\t\t\t<div class=\"elementor-wrapper elementor-open-inline\">\n\t\t\t<div class=\"elementor-video\"><\/div>\t\t<\/div>\n\t\t\t\t\t\t<\/div>\n\t\t\t\t<\/div>\n\t\t\t\t<div class=\"elementor-element elementor-element-57c87ebb elementor-widget elementor-widget-video\" data-id=\"57c87ebb\" data-element_type=\"widget\" data-e-type=\"widget\" data-settings=\"{&quot;youtube_url&quot;:&quot;https:\\\/\\\/youtu.be\\\/VYDlavPsZBA&quot;,&quot;video_type&quot;:&quot;youtube&quot;,&quot;controls&quot;:&quot;yes&quot;}\" data-widget_type=\"video.default\">\n\t\t\t\t<div class=\"elementor-widget-container\">\n\t\t\t\t\t\t\t<div class=\"elementor-wrapper elementor-open-inline\">\n\t\t\t<div class=\"elementor-video\"><\/div>\t\t<\/div>\n\t\t\t\t\t\t<\/div>\n\t\t\t\t<\/div>\n\t\t\t\t\t<\/div>\n\t\t\t\t<\/div>\n\t\t\t\t<\/div>\n\t\t\t\t<\/div>\n\t\t","protected":false},"excerpt":{"rendered":"<p>Sistema de compresi\u00f3n redondeado Sistema de compresi\u00f3n redondeado El sistema de compresi\u00f3n de esquinas redondeadas es una soluci\u00f3n robusta para marcos con bordes redondeados, dise\u00f1ada para soportar una mayor presi\u00f3n y garantizar un sellado seguro para las instalaciones de cables y tuber\u00edas. Descripci\u00f3n del sistema de compresi\u00f3n de esquinas redondeadas El sistema de compresi\u00f3n de [&hellip;]<\/p>\n","protected":false},"author":1,"featured_media":0,"parent":14850,"menu_order":0,"comment_status":"closed","ping_status":"closed","template":"","meta":{"footnotes":""},"class_list":["post-14971","page","type-page","status-publish","hentry"],"yoast_head":"<!-- This site is optimized with the Yoast SEO Premium plugin v25.5 (Yoast SEO v25.5) - https:\/\/yoast.com\/wordpress\/plugins\/seo\/ -->\n<title>Sistema de Compresi\u00f3n redondeado - HTS MCT | Soluciones de Sellado Seguras para Cables y Tuber\u00edas<\/title>\n<meta name=\"description\" content=\"Explora el Sistema de Compresi\u00f3n de Esquinas Redondas, dise\u00f1ado para un sellado eficaz en espacios curvos, garantizando la seguridad y el rendimiento en instalaciones cr\u00edticas\" \/>\n<meta name=\"robots\" content=\"index, follow, max-snippet:-1, max-image-preview:large, max-video-preview:-1\" \/>\n<link rel=\"canonical\" href=\"https:\/\/hts-mct.com\/es\/productos\/sistema-de-compresion-de-esquinas-redondeadas\/\" \/>\n<meta property=\"og:locale\" content=\"es_ES\" \/>\n<meta property=\"og:type\" content=\"article\" \/>\n<meta property=\"og:title\" content=\"Sistema de compresi\u00f3n redondeado\" \/>\n<meta property=\"og:description\" content=\"Explora el Sistema de Compresi\u00f3n de Esquinas Redondas, dise\u00f1ado para un sellado eficaz en espacios curvos, garantizando la seguridad y el rendimiento en instalaciones cr\u00edticas\" \/>\n<meta property=\"og:url\" content=\"https:\/\/hts-mct.com\/es\/productos\/sistema-de-compresion-de-esquinas-redondeadas\/\" \/>\n<meta property=\"og:site_name\" content=\"HTS MCT | Safety Sealing Solutions for Cables and Pipes\" \/>\n<meta property=\"article:modified_time\" content=\"2026-02-09T12:26:26+00:00\" \/>\n<meta property=\"og:image\" content=\"https:\/\/hts-mct.com\/wp-content\/uploads\/2025\/05\/Round-corners-compressiopn-system.jpg\" \/>\n\t<meta property=\"og:image:width\" content=\"300\" \/>\n\t<meta property=\"og:image:height\" content=\"300\" \/>\n\t<meta property=\"og:image:type\" content=\"image\/jpeg\" \/>\n<meta name=\"twitter:card\" content=\"summary_large_image\" \/>\n<meta name=\"twitter:label1\" content=\"Tiempo de lectura\" \/>\n\t<meta name=\"twitter:data1\" content=\"2 minutos\" \/>\n<script type=\"application\/ld+json\" class=\"yoast-schema-graph\">{\"@context\":\"https:\/\/schema.org\",\"@graph\":[{\"@type\":\"WebPage\",\"@id\":\"https:\/\/hts-mct.com\/es\/productos\/sistema-de-compresion-de-esquinas-redondeadas\/\",\"url\":\"https:\/\/hts-mct.com\/es\/productos\/sistema-de-compresion-de-esquinas-redondeadas\/\",\"name\":\"Sistema de Compresi\u00f3n redondeado - HTS MCT | Soluciones de Sellado Seguras para Cables y Tuber\u00edas\",\"isPartOf\":{\"@id\":\"https:\/\/hts-mct.com\/es\/#website\"},\"primaryImageOfPage\":{\"@id\":\"https:\/\/hts-mct.com\/es\/productos\/sistema-de-compresion-de-esquinas-redondeadas\/#primaryimage\"},\"image\":{\"@id\":\"https:\/\/hts-mct.com\/es\/productos\/sistema-de-compresion-de-esquinas-redondeadas\/#primaryimage\"},\"thumbnailUrl\":\"https:\/\/hts-mct.com\/wp-content\/uploads\/2025\/05\/Round-corners-compressiopn-system.jpg\",\"datePublished\":\"2025-07-16T14:25:32+00:00\",\"dateModified\":\"2026-02-09T12:26:26+00:00\",\"description\":\"Explora el Sistema de Compresi\u00f3n de Esquinas Redondas, dise\u00f1ado para un sellado eficaz en espacios curvos, garantizando la seguridad y el rendimiento en instalaciones cr\u00edticas\",\"breadcrumb\":{\"@id\":\"https:\/\/hts-mct.com\/es\/productos\/sistema-de-compresion-de-esquinas-redondeadas\/#breadcrumb\"},\"inLanguage\":\"es\",\"potentialAction\":[{\"@type\":\"ReadAction\",\"target\":[\"https:\/\/hts-mct.com\/es\/productos\/sistema-de-compresion-de-esquinas-redondeadas\/\"]}]},{\"@type\":\"ImageObject\",\"inLanguage\":\"es\",\"@id\":\"https:\/\/hts-mct.com\/es\/productos\/sistema-de-compresion-de-esquinas-redondeadas\/#primaryimage\",\"url\":\"https:\/\/hts-mct.com\/wp-content\/uploads\/2025\/05\/Round-corners-compressiopn-system.jpg\",\"contentUrl\":\"https:\/\/hts-mct.com\/wp-content\/uploads\/2025\/05\/Round-corners-compressiopn-system.jpg\"},{\"@type\":\"BreadcrumbList\",\"@id\":\"https:\/\/hts-mct.com\/es\/productos\/sistema-de-compresion-de-esquinas-redondeadas\/#breadcrumb\",\"itemListElement\":[{\"@type\":\"ListItem\",\"position\":1,\"name\":\"Home\",\"item\":\"https:\/\/hts-mct.com\/es\/hts-mct-soluciones-de-sellado-seguras-para-cables-y-tuberias\/\"},{\"@type\":\"ListItem\",\"position\":2,\"name\":\"Productos\",\"item\":\"https:\/\/hts-mct.com\/es\/productos\/\"},{\"@type\":\"ListItem\",\"position\":3,\"name\":\"Sistema de compresi\u00f3n redondeado\"}]},{\"@type\":\"WebSite\",\"@id\":\"https:\/\/hts-mct.com\/es\/#website\",\"url\":\"https:\/\/hts-mct.com\/es\/\",\"name\":\"HTS MCT | Safety Sealing Solutions for Cables and Pipes\",\"description\":\"Discover HTS MCT sealing solutions, designed to ensure safety and efficiency for cable and pipe penetrations. Reliable protection for the most demanding environments.\",\"publisher\":{\"@id\":\"https:\/\/hts-mct.com\/es\/#organization\"},\"potentialAction\":[{\"@type\":\"SearchAction\",\"target\":{\"@type\":\"EntryPoint\",\"urlTemplate\":\"https:\/\/hts-mct.com\/es\/?s={search_term_string}\"},\"query-input\":{\"@type\":\"PropertyValueSpecification\",\"valueRequired\":true,\"valueName\":\"search_term_string\"}}],\"inLanguage\":\"es\"},{\"@type\":\"Organization\",\"@id\":\"https:\/\/hts-mct.com\/es\/#organization\",\"name\":\"HTS MCT | Safety Sealing Solutions for Cables and Pipes\",\"url\":\"https:\/\/hts-mct.com\/es\/\",\"logo\":{\"@type\":\"ImageObject\",\"inLanguage\":\"es\",\"@id\":\"https:\/\/hts-mct.com\/es\/#\/schema\/logo\/image\/\",\"url\":\"https:\/\/hts-mct.com\/wp-content\/uploads\/2025\/07\/HTS-MCT-logo-Social.png\",\"contentUrl\":\"https:\/\/hts-mct.com\/wp-content\/uploads\/2025\/07\/HTS-MCT-logo-Social.png\",\"width\":348,\"height\":89,\"caption\":\"HTS MCT | Safety Sealing Solutions for Cables and Pipes\"},\"image\":{\"@id\":\"https:\/\/hts-mct.com\/es\/#\/schema\/logo\/image\/\"}}]}<\/script>\n<!-- \/ Yoast SEO Premium plugin. -->","yoast_head_json":{"title":"Sistema de Compresi\u00f3n redondeado - HTS MCT | Soluciones de Sellado Seguras para Cables y Tuber\u00edas","description":"Explora el Sistema de Compresi\u00f3n de Esquinas Redondas, dise\u00f1ado para un sellado eficaz en espacios curvos, garantizando la seguridad y el rendimiento en instalaciones cr\u00edticas","robots":{"index":"index","follow":"follow","max-snippet":"max-snippet:-1","max-image-preview":"max-image-preview:large","max-video-preview":"max-video-preview:-1"},"canonical":"https:\/\/hts-mct.com\/es\/productos\/sistema-de-compresion-de-esquinas-redondeadas\/","og_locale":"es_ES","og_type":"article","og_title":"Sistema de compresi\u00f3n redondeado","og_description":"Explora el Sistema de Compresi\u00f3n de Esquinas Redondas, dise\u00f1ado para un sellado eficaz en espacios curvos, garantizando la seguridad y el rendimiento en instalaciones cr\u00edticas","og_url":"https:\/\/hts-mct.com\/es\/productos\/sistema-de-compresion-de-esquinas-redondeadas\/","og_site_name":"HTS MCT | Safety Sealing Solutions for Cables and Pipes","article_modified_time":"2026-02-09T12:26:26+00:00","og_image":[{"width":300,"height":300,"url":"https:\/\/hts-mct.com\/wp-content\/uploads\/2025\/05\/Round-corners-compressiopn-system.jpg","type":"image\/jpeg"}],"twitter_card":"summary_large_image","twitter_misc":{"Tiempo de lectura":"2 minutos"},"schema":{"@context":"https:\/\/schema.org","@graph":[{"@type":"WebPage","@id":"https:\/\/hts-mct.com\/es\/productos\/sistema-de-compresion-de-esquinas-redondeadas\/","url":"https:\/\/hts-mct.com\/es\/productos\/sistema-de-compresion-de-esquinas-redondeadas\/","name":"Sistema de Compresi\u00f3n redondeado - HTS MCT | Soluciones de Sellado Seguras para Cables y Tuber\u00edas","isPartOf":{"@id":"https:\/\/hts-mct.com\/es\/#website"},"primaryImageOfPage":{"@id":"https:\/\/hts-mct.com\/es\/productos\/sistema-de-compresion-de-esquinas-redondeadas\/#primaryimage"},"image":{"@id":"https:\/\/hts-mct.com\/es\/productos\/sistema-de-compresion-de-esquinas-redondeadas\/#primaryimage"},"thumbnailUrl":"https:\/\/hts-mct.com\/wp-content\/uploads\/2025\/05\/Round-corners-compressiopn-system.jpg","datePublished":"2025-07-16T14:25:32+00:00","dateModified":"2026-02-09T12:26:26+00:00","description":"Explora el Sistema de Compresi\u00f3n de Esquinas Redondas, dise\u00f1ado para un sellado eficaz en espacios curvos, garantizando la seguridad y el rendimiento en instalaciones cr\u00edticas","breadcrumb":{"@id":"https:\/\/hts-mct.com\/es\/productos\/sistema-de-compresion-de-esquinas-redondeadas\/#breadcrumb"},"inLanguage":"es","potentialAction":[{"@type":"ReadAction","target":["https:\/\/hts-mct.com\/es\/productos\/sistema-de-compresion-de-esquinas-redondeadas\/"]}]},{"@type":"ImageObject","inLanguage":"es","@id":"https:\/\/hts-mct.com\/es\/productos\/sistema-de-compresion-de-esquinas-redondeadas\/#primaryimage","url":"https:\/\/hts-mct.com\/wp-content\/uploads\/2025\/05\/Round-corners-compressiopn-system.jpg","contentUrl":"https:\/\/hts-mct.com\/wp-content\/uploads\/2025\/05\/Round-corners-compressiopn-system.jpg"},{"@type":"BreadcrumbList","@id":"https:\/\/hts-mct.com\/es\/productos\/sistema-de-compresion-de-esquinas-redondeadas\/#breadcrumb","itemListElement":[{"@type":"ListItem","position":1,"name":"Home","item":"https:\/\/hts-mct.com\/es\/hts-mct-soluciones-de-sellado-seguras-para-cables-y-tuberias\/"},{"@type":"ListItem","position":2,"name":"Productos","item":"https:\/\/hts-mct.com\/es\/productos\/"},{"@type":"ListItem","position":3,"name":"Sistema de compresi\u00f3n redondeado"}]},{"@type":"WebSite","@id":"https:\/\/hts-mct.com\/es\/#website","url":"https:\/\/hts-mct.com\/es\/","name":"HTS MCT | Safety Sealing Solutions for Cables and Pipes","description":"Discover HTS MCT sealing solutions, designed to ensure safety and efficiency for cable and pipe penetrations. Reliable protection for the most demanding environments.","publisher":{"@id":"https:\/\/hts-mct.com\/es\/#organization"},"potentialAction":[{"@type":"SearchAction","target":{"@type":"EntryPoint","urlTemplate":"https:\/\/hts-mct.com\/es\/?s={search_term_string}"},"query-input":{"@type":"PropertyValueSpecification","valueRequired":true,"valueName":"search_term_string"}}],"inLanguage":"es"},{"@type":"Organization","@id":"https:\/\/hts-mct.com\/es\/#organization","name":"HTS MCT | Safety Sealing Solutions for Cables and Pipes","url":"https:\/\/hts-mct.com\/es\/","logo":{"@type":"ImageObject","inLanguage":"es","@id":"https:\/\/hts-mct.com\/es\/#\/schema\/logo\/image\/","url":"https:\/\/hts-mct.com\/wp-content\/uploads\/2025\/07\/HTS-MCT-logo-Social.png","contentUrl":"https:\/\/hts-mct.com\/wp-content\/uploads\/2025\/07\/HTS-MCT-logo-Social.png","width":348,"height":89,"caption":"HTS MCT | Safety Sealing Solutions for Cables and Pipes"},"image":{"@id":"https:\/\/hts-mct.com\/es\/#\/schema\/logo\/image\/"}}]}},"_links":{"self":[{"href":"https:\/\/hts-mct.com\/es\/wp-json\/wp\/v2\/pages\/14971","targetHints":{"allow":["GET"]}}],"collection":[{"href":"https:\/\/hts-mct.com\/es\/wp-json\/wp\/v2\/pages"}],"about":[{"href":"https:\/\/hts-mct.com\/es\/wp-json\/wp\/v2\/types\/page"}],"author":[{"embeddable":true,"href":"https:\/\/hts-mct.com\/es\/wp-json\/wp\/v2\/users\/1"}],"replies":[{"embeddable":true,"href":"https:\/\/hts-mct.com\/es\/wp-json\/wp\/v2\/comments?post=14971"}],"version-history":[{"count":13,"href":"https:\/\/hts-mct.com\/es\/wp-json\/wp\/v2\/pages\/14971\/revisions"}],"predecessor-version":[{"id":25857,"href":"https:\/\/hts-mct.com\/es\/wp-json\/wp\/v2\/pages\/14971\/revisions\/25857"}],"up":[{"embeddable":true,"href":"https:\/\/hts-mct.com\/es\/wp-json\/wp\/v2\/pages\/14850"}],"wp:attachment":[{"href":"https:\/\/hts-mct.com\/es\/wp-json\/wp\/v2\/media?parent=14971"}],"curies":[{"name":"wp","href":"https:\/\/api.w.org\/{rel}","templated":true}]}}