{"id":14916,"date":"2025-07-16T13:00:24","date_gmt":"2025-07-16T11:00:24","guid":{"rendered":"https:\/\/hts-mct.com\/productos\/marco-hcx\/"},"modified":"2026-01-30T13:30:44","modified_gmt":"2026-01-30T12:30:44","slug":"marco-hcx","status":"publish","type":"page","link":"https:\/\/hts-mct.com\/es\/productos\/marco-hcx\/","title":{"rendered":"Marco HCX"},"content":{"rendered":"\t\t<div data-elementor-type=\"wp-page\" data-elementor-id=\"14916\" class=\"elementor elementor-14916 elementor-14109\" data-elementor-post-type=\"page\">\n\t\t\t\t<div class=\"elementor-element elementor-element-1f746b57 e-con-full e-flex e-con e-parent\" data-id=\"1f746b57\" data-element_type=\"container\" data-e-type=\"container\" data-settings=\"{&quot;background_background&quot;:&quot;classic&quot;}\">\n\t\t\t\t<div class=\"elementor-element elementor-element-30fee880 elementor-widget elementor-widget-heading\" data-id=\"30fee880\" data-element_type=\"widget\" data-e-type=\"widget\" data-widget_type=\"heading.default\">\n\t\t\t\t<div class=\"elementor-widget-container\">\n\t\t\t\t\t<h1 class=\"elementor-heading-title elementor-size-default\">Marco HCX<\/h1>\t\t\t\t<\/div>\n\t\t\t\t<\/div>\n\t\t\t\t<div class=\"elementor-element elementor-element-4b1e502e elementor-align-center elementor-widget elementor-widget-breadcrumbs\" data-id=\"4b1e502e\" data-element_type=\"widget\" data-e-type=\"widget\" id=\"breadcrumbs\" data-widget_type=\"breadcrumbs.default\">\n\t\t\t\t<div class=\"elementor-widget-container\">\n\t\t\t\t\t<nav id=\"breadcrumbs\"><span><span><a href=\"https:\/\/hts-mct.com\/es\/hts-mct-soluciones-de-sellado-seguras-para-cables-y-tuberias\/\">Home<\/a><\/span><\/span><\/nav>\t\t\t\t<\/div>\n\t\t\t\t<\/div>\n\t\t\t\t<\/div>\n\t\t<div class=\"elementor-element elementor-element-1c47c083 e-flex e-con-boxed e-con e-parent\" data-id=\"1c47c083\" data-element_type=\"container\" data-e-type=\"container\">\n\t\t\t\t\t<div class=\"e-con-inner\">\n\t\t<div class=\"elementor-element elementor-element-2e6a0613 e-con-full e-flex e-con e-child\" data-id=\"2e6a0613\" data-element_type=\"container\" data-e-type=\"container\">\n\t\t\t\t<div class=\"elementor-element elementor-element-2e3af1f1 elementor-widget elementor-widget-heading\" data-id=\"2e3af1f1\" data-element_type=\"widget\" data-e-type=\"widget\" data-widget_type=\"heading.default\">\n\t\t\t\t<div class=\"elementor-widget-container\">\n\t\t\t\t\t<h2 class=\"elementor-heading-title elementor-size-default\">Marco HCX<\/h2>\t\t\t\t<\/div>\n\t\t\t\t<\/div>\n\t\t\t\t<div class=\"elementor-element elementor-element-3f0ae80e elementor-widget elementor-widget-text-editor\" data-id=\"3f0ae80e\" data-element_type=\"widget\" data-e-type=\"widget\" data-widget_type=\"text-editor.default\">\n\t\t\t\t<div class=\"elementor-widget-container\">\n\t\t\t\t\t\t\t\t\t<p>Marco met\u00e1lico con brida, dise\u00f1ado para aplicaciones vers\u00e1tiles. Disponible con aberturas simples o m\u00faltiples en varias anchuras y alturas, es perfecto para atornillar o fundir a paredes y suelos, garantizando una soluci\u00f3n de instalaci\u00f3n fiable y adaptable. <\/p>\t\t\t\t\t\t\t\t<\/div>\n\t\t\t\t<\/div>\n\t\t\t\t<\/div>\n\t\t<div class=\"elementor-element elementor-element-389b0014 e-con-full e-flex e-con e-child\" data-id=\"389b0014\" data-element_type=\"container\" data-e-type=\"container\">\n\t\t\t\t<div class=\"elementor-element elementor-element-16766e2b elementor-widget elementor-widget-image\" data-id=\"16766e2b\" data-element_type=\"widget\" data-e-type=\"widget\" data-widget_type=\"image.default\">\n\t\t\t\t<div class=\"elementor-widget-container\">\n\t\t\t\t\t\t\t\t\t\t\t\t\t\t\t\t<a href=\"https:\/\/hts-mct.com\/wp-content\/uploads\/2025\/05\/hts-sealing-frames-civil-HCX.jpg\" data-elementor-open-lightbox=\"yes\" data-elementor-lightbox-title=\"hts-sealing-frames-civil-HCX\" data-e-action-hash=\"#elementor-action%3Aaction%3Dlightbox%26settings%3DeyJpZCI6MTIyMTQsInVybCI6Imh0dHBzOlwvXC9odHMtbWN0LmNvbVwvd3AtY29udGVudFwvdXBsb2Fkc1wvMjAyNVwvMDVcL2h0cy1zZWFsaW5nLWZyYW1lcy1jaXZpbC1IQ1guanBnIn0%3D\">\n\t\t\t\t\t\t\t<img fetchpriority=\"high\" decoding=\"async\" width=\"300\" height=\"300\" src=\"https:\/\/hts-mct.com\/wp-content\/uploads\/2025\/05\/hts-sealing-frames-civil-HCX.jpg\" class=\"attachment-medium size-medium wp-image-12214\" alt=\"HTS Sealing Frames Civil HCX\" srcset=\"https:\/\/hts-mct.com\/wp-content\/uploads\/2025\/05\/hts-sealing-frames-civil-HCX.jpg 300w, https:\/\/hts-mct.com\/wp-content\/uploads\/2025\/05\/hts-sealing-frames-civil-HCX-150x150.jpg 150w\" sizes=\"(max-width: 300px) 100vw, 300px\" \/>\t\t\t\t\t\t\t\t<\/a>\n\t\t\t\t\t\t\t\t\t\t\t\t\t\t\t<\/div>\n\t\t\t\t<\/div>\n\t\t\t\t<\/div>\n\t\t\t\t\t<\/div>\n\t\t\t\t<\/div>\n\t\t<div class=\"elementor-element elementor-element-730ef741 e-flex e-con-boxed e-con e-parent\" data-id=\"730ef741\" data-element_type=\"container\" data-e-type=\"container\">\n\t\t\t\t\t<div class=\"e-con-inner\">\n\t\t\t\t<div class=\"elementor-element elementor-element-41c0eb0b elementor-widget elementor-widget-heading\" data-id=\"41c0eb0b\" data-element_type=\"widget\" data-e-type=\"widget\" data-widget_type=\"heading.default\">\n\t\t\t\t<div class=\"elementor-widget-container\">\n\t\t\t\t\t<h2 class=\"elementor-heading-title elementor-size-default\">Descripci\u00f3n del marco HCX<\/h2>\t\t\t\t<\/div>\n\t\t\t\t<\/div>\n\t\t\t\t<div class=\"elementor-element elementor-element-588a23fb elementor-widget elementor-widget-text-editor\" data-id=\"588a23fb\" data-element_type=\"widget\" data-e-type=\"widget\" data-widget_type=\"text-editor.default\">\n\t\t\t\t<div class=\"elementor-widget-container\">\n\t\t\t\t\t\t\t\t\t<p>Presentamos nuestro <strong>marco con brida civil est\u00e1ndar HCX<\/strong>, una soluci\u00f3n vers\u00e1til dise\u00f1ada para instalarse sin problemas en diversos entornos. Fabricado con acero duradero de 6 mm de grosor y una brida de 60 mm, este marco rectangular garantiza robustez y longevidad. Disponible en varios tama\u00f1os, como 120 mm y 60 mm de ancho, se adapta a diversos requisitos de apertura, proporcionando flexibilidad para distintas aplicaciones. Ya sea atornillado o encastrado, este marco ofrece una fijaci\u00f3n segura a paredes o suelos, garantizando estabilidad y fiabilidad.     <\/p><p><strong>Caracter\u00edsticas principales:<\/strong><\/p><ul><li>Construcci\u00f3n robusta con acero de 6 mm de grosor.<\/li><li>Opciones de tama\u00f1o vers\u00e1tiles para adaptarse a diversas necesidades de apertura.<\/li><li>Fijaci\u00f3n segura con brida de 60 mm para instalaci\u00f3n atornillado o encastrado.<\/li><li>Elecci\u00f3n de materiales: acero al carbono o acero inoxidable.<\/li><li>Dise\u00f1ado para sellarse utilizando tacos HF estandar o EMC, sistemas de compresi\u00f3n y accesorios.<\/li><li>Versi\u00f3n Ex disponible bajo pedido.<\/li><\/ul><p><br>Nuestro <strong>marco con bridas civil est\u00e1ndar<\/strong> ofrece una soluci\u00f3n fiable y adaptable a tus necesidades de instalaci\u00f3n. Gracias a su construcci\u00f3n robusta, tama\u00f1o vers\u00e1til y compatibilidad con distintos materiales y opciones de sellado, proporciona una soluci\u00f3n completa para garantizar la integridad y longevidad de tu infraestructura. <\/p>\t\t\t\t\t\t\t\t<\/div>\n\t\t\t\t<\/div>\n\t\t\t\t<div class=\"elementor-element elementor-element-de978cd botom-line-degree elementor-widget elementor-widget-heading\" data-id=\"de978cd\" data-element_type=\"widget\" data-e-type=\"widget\" data-widget_type=\"heading.default\">\n\t\t\t\t<div class=\"elementor-widget-container\">\n\t\t\t\t\t<h2 class=\"elementor-heading-title elementor-size-default\">Descargas<\/h2>\t\t\t\t<\/div>\n\t\t\t\t<\/div>\n\t\t\t\t<div class=\"elementor-element elementor-element-16ff1608 icons-color-secondary elementor-list-item-link-inline elementor-icon-list--layout-traditional elementor-widget elementor-widget-icon-list\" data-id=\"16ff1608\" data-element_type=\"widget\" data-e-type=\"widget\" data-widget_type=\"icon-list.default\">\n\t\t\t\t<div class=\"elementor-widget-container\">\n\t\t\t\t\t\t\t<ul class=\"elementor-icon-list-items\">\n\t\t\t\t\t\t\t<li class=\"elementor-icon-list-item\">\n\t\t\t\t\t\t\t\t\t\t\t<a href=\"https:\/\/hts-mct.com\/documentation\/datasheet\/HCX-data-sheet-es.pdf\">\n\n\t\t\t\t\t\t\t\t\t\t\t\t<span class=\"elementor-icon-list-icon\">\n\t\t\t\t\t\t\t<svg aria-hidden=\"true\" class=\"e-font-icon-svg e-far-arrow-alt-circle-right\" viewBox=\"0 0 512 512\" xmlns=\"http:\/\/www.w3.org\/2000\/svg\"><path d=\"M504 256C504 119 393 8 256 8S8 119 8 256s111 248 248 248 248-111 248-248zm-448 0c0-110.5 89.5-200 200-200s200 89.5 200 200-89.5 200-200 200S56 366.5 56 256zm72 20v-40c0-6.6 5.4-12 12-12h116v-67c0-10.7 12.9-16 20.5-8.5l99 99c4.7 4.7 4.7 12.3 0 17l-99 99c-7.6 7.6-20.5 2.2-20.5-8.5v-67H140c-6.6 0-12-5.4-12-12z\"><\/path><\/svg>\t\t\t\t\t\t<\/span>\n\t\t\t\t\t\t\t\t\t\t<span class=\"elementor-icon-list-text\">Ficha t\u00e9cnica del marco HCX<\/span>\n\t\t\t\t\t\t\t\t\t\t\t<\/a>\n\t\t\t\t\t\t\t\t\t<\/li>\n\t\t\t\t\t\t\t\t<li class=\"elementor-icon-list-item\">\n\t\t\t\t\t\t\t\t\t\t\t<a href=\"https:\/\/hts-mct.com\/documentation\/installation_guides\/rectangular-civil-frames-installation-guides-es.pdf\">\n\n\t\t\t\t\t\t\t\t\t\t\t\t<span class=\"elementor-icon-list-icon\">\n\t\t\t\t\t\t\t<svg aria-hidden=\"true\" class=\"e-font-icon-svg e-far-arrow-alt-circle-right\" viewBox=\"0 0 512 512\" xmlns=\"http:\/\/www.w3.org\/2000\/svg\"><path d=\"M504 256C504 119 393 8 256 8S8 119 8 256s111 248 248 248 248-111 248-248zm-448 0c0-110.5 89.5-200 200-200s200 89.5 200 200-89.5 200-200 200S56 366.5 56 256zm72 20v-40c0-6.6 5.4-12 12-12h116v-67c0-10.7 12.9-16 20.5-8.5l99 99c4.7 4.7 4.7 12.3 0 17l-99 99c-7.6 7.6-20.5 2.2-20.5-8.5v-67H140c-6.6 0-12-5.4-12-12z\"><\/path><\/svg>\t\t\t\t\t\t<\/span>\n\t\t\t\t\t\t\t\t\t\t<span class=\"elementor-icon-list-text\">Gu\u00eda de instalaci\u00f3n del marco HCX<\/span>\n\t\t\t\t\t\t\t\t\t\t\t<\/a>\n\t\t\t\t\t\t\t\t\t<\/li>\n\t\t\t\t\t\t\t\t<li class=\"elementor-icon-list-item\">\n\t\t\t\t\t\t\t\t\t\t\t<a href=\"https:\/\/hts-mct.com\/documentation\/inspection-checks-guidelines\/rectangular-installation-and-inspection-checks-guidelines-es.pdf\">\n\n\t\t\t\t\t\t\t\t\t\t\t\t<span class=\"elementor-icon-list-icon\">\n\t\t\t\t\t\t\t<svg aria-hidden=\"true\" class=\"e-font-icon-svg e-far-arrow-alt-circle-right\" viewBox=\"0 0 512 512\" xmlns=\"http:\/\/www.w3.org\/2000\/svg\"><path d=\"M504 256C504 119 393 8 256 8S8 119 8 256s111 248 248 248 248-111 248-248zm-448 0c0-110.5 89.5-200 200-200s200 89.5 200 200-89.5 200-200 200S56 366.5 56 256zm72 20v-40c0-6.6 5.4-12 12-12h116v-67c0-10.7 12.9-16 20.5-8.5l99 99c4.7 4.7 4.7 12.3 0 17l-99 99c-7.6 7.6-20.5 2.2-20.5-8.5v-67H140c-6.6 0-12-5.4-12-12z\"><\/path><\/svg>\t\t\t\t\t\t<\/span>\n\t\t\t\t\t\t\t\t\t\t<span class=\"elementor-icon-list-text\">Gu\u00eda de inspecci\u00f3n del marco HCX<\/span>\n\t\t\t\t\t\t\t\t\t\t\t<\/a>\n\t\t\t\t\t\t\t\t\t<\/li>\n\t\t\t\t\t\t\t\t<li class=\"elementor-icon-list-item\">\n\t\t\t\t\t\t\t\t\t\t\t<a href=\"https:\/\/hts-mct.com\/documentation\/block-selection-card\/block-selection-card.pdf\">\n\n\t\t\t\t\t\t\t\t\t\t\t\t<span class=\"elementor-icon-list-icon\">\n\t\t\t\t\t\t\t<svg aria-hidden=\"true\" class=\"e-font-icon-svg e-far-arrow-alt-circle-right\" viewBox=\"0 0 512 512\" xmlns=\"http:\/\/www.w3.org\/2000\/svg\"><path d=\"M504 256C504 119 393 8 256 8S8 119 8 256s111 248 248 248 248-111 248-248zm-448 0c0-110.5 89.5-200 200-200s200 89.5 200 200-89.5 200-200 200S56 366.5 56 256zm72 20v-40c0-6.6 5.4-12 12-12h116v-67c0-10.7 12.9-16 20.5-8.5l99 99c4.7 4.7 4.7 12.3 0 17l-99 99c-7.6 7.6-20.5 2.2-20.5-8.5v-67H140c-6.6 0-12-5.4-12-12z\"><\/path><\/svg>\t\t\t\t\t\t<\/span>\n\t\t\t\t\t\t\t\t\t\t<span class=\"elementor-icon-list-text\">Tarjeta de selecci\u00f3n de tacos<\/span>\n\t\t\t\t\t\t\t\t\t\t\t<\/a>\n\t\t\t\t\t\t\t\t\t<\/li>\n\t\t\t\t\t\t<\/ul>\n\t\t\t\t\t\t<\/div>\n\t\t\t\t<\/div>\n\t\t\t\t\t<\/div>\n\t\t\t\t<\/div>\n\t\t<div class=\"elementor-element elementor-element-766fe19f e-con-full e-flex e-con e-parent\" data-id=\"766fe19f\" data-element_type=\"container\" data-e-type=\"container\" data-settings=\"{&quot;background_background&quot;:&quot;classic&quot;}\">\n\t\t\t\t<div class=\"elementor-element elementor-element-4be6fb4d elementor-widget__width-inherit elementor-widget elementor-widget-heading\" data-id=\"4be6fb4d\" data-element_type=\"widget\" data-e-type=\"widget\" data-widget_type=\"heading.default\">\n\t\t\t\t<div class=\"elementor-widget-container\">\n\t\t\t\t\t<h2 class=\"elementor-heading-title elementor-size-default\">V\u00eddeos de instalaci\u00f3n<\/h2>\t\t\t\t<\/div>\n\t\t\t\t<\/div>\n\t\t<div class=\"elementor-element elementor-element-7188eae8 e-flex e-con-boxed e-con e-child\" data-id=\"7188eae8\" data-element_type=\"container\" data-e-type=\"container\">\n\t\t\t\t\t<div class=\"e-con-inner\">\n\t\t\t\t<div class=\"elementor-element elementor-element-56a33a19 elementor-widget elementor-widget-video\" data-id=\"56a33a19\" data-element_type=\"widget\" data-e-type=\"widget\" data-settings=\"{&quot;youtube_url&quot;:&quot;https:\\\/\\\/youtu.be\\\/mpGTkd93kKc&quot;,&quot;video_type&quot;:&quot;youtube&quot;,&quot;controls&quot;:&quot;yes&quot;}\" data-widget_type=\"video.default\">\n\t\t\t\t<div class=\"elementor-widget-container\">\n\t\t\t\t\t\t\t<div class=\"elementor-wrapper elementor-open-inline\">\n\t\t\t<div class=\"elementor-video\"><\/div>\t\t<\/div>\n\t\t\t\t\t\t<\/div>\n\t\t\t\t<\/div>\n\t\t\t\t<div class=\"elementor-element elementor-element-61084a32 elementor-widget elementor-widget-video\" data-id=\"61084a32\" data-element_type=\"widget\" data-e-type=\"widget\" data-settings=\"{&quot;youtube_url&quot;:&quot;https:\\\/\\\/www.youtube.com\\\/watch?v=Xvfe91R-vuI&quot;,&quot;video_type&quot;:&quot;youtube&quot;,&quot;controls&quot;:&quot;yes&quot;}\" data-widget_type=\"video.default\">\n\t\t\t\t<div class=\"elementor-widget-container\">\n\t\t\t\t\t\t\t<div class=\"elementor-wrapper elementor-open-inline\">\n\t\t\t<div class=\"elementor-video\"><\/div>\t\t<\/div>\n\t\t\t\t\t\t<\/div>\n\t\t\t\t<\/div>\n\t\t\t\t<div class=\"elementor-element elementor-element-7d35696d elementor-widget elementor-widget-video\" data-id=\"7d35696d\" data-element_type=\"widget\" data-e-type=\"widget\" data-settings=\"{&quot;youtube_url&quot;:&quot;https:\\\/\\\/youtu.be\\\/VYDlavPsZBA&quot;,&quot;video_type&quot;:&quot;youtube&quot;,&quot;controls&quot;:&quot;yes&quot;}\" data-widget_type=\"video.default\">\n\t\t\t\t<div class=\"elementor-widget-container\">\n\t\t\t\t\t\t\t<div class=\"elementor-wrapper elementor-open-inline\">\n\t\t\t<div class=\"elementor-video\"><\/div>\t\t<\/div>\n\t\t\t\t\t\t<\/div>\n\t\t\t\t<\/div>\n\t\t\t\t\t<\/div>\n\t\t\t\t<\/div>\n\t\t\t\t<\/div>\n\t\t\t\t<\/div>\n\t\t","protected":false},"excerpt":{"rendered":"<p>Marco HCX Marco HCX Marco met\u00e1lico con brida, dise\u00f1ado para aplicaciones vers\u00e1tiles. Disponible con aberturas simples o m\u00faltiples en varias anchuras y alturas, es perfecto para atornillar o fundir a paredes y suelos, garantizando una soluci\u00f3n de instalaci\u00f3n fiable y adaptable. Descripci\u00f3n del marco HCX Presentamos nuestro marco con brida civil est\u00e1ndar HCX, una soluci\u00f3n [&hellip;]<\/p>\n","protected":false},"author":1,"featured_media":0,"parent":14850,"menu_order":0,"comment_status":"closed","ping_status":"closed","template":"","meta":{"footnotes":""},"class_list":["post-14916","page","type-page","status-publish","hentry"],"yoast_head":"<!-- This site is optimized with the Yoast SEO Premium plugin v25.5 (Yoast SEO v25.5) - https:\/\/yoast.com\/wordpress\/plugins\/seo\/ -->\n<title>Marco HCX - HTS MCT | Safety Sealing Solutions for Cables and Pipes<\/title>\n<meta name=\"robots\" content=\"index, follow, max-snippet:-1, max-image-preview:large, max-video-preview:-1\" \/>\n<link rel=\"canonical\" href=\"https:\/\/hts-mct.com\/es\/productos\/marco-hcx\/\" \/>\n<meta property=\"og:locale\" content=\"es_ES\" \/>\n<meta property=\"og:type\" content=\"article\" \/>\n<meta property=\"og:title\" content=\"Marco HCX\" \/>\n<meta property=\"og:description\" content=\"Marco HCX Marco HCX Marco met\u00e1lico con brida, dise\u00f1ado para aplicaciones vers\u00e1tiles. Disponible con aberturas simples o m\u00faltiples en varias anchuras y alturas, es perfecto para atornillar o fundir a paredes y suelos, garantizando una soluci\u00f3n de instalaci\u00f3n fiable y adaptable. Descripci\u00f3n del marco HCX Presentamos nuestro marco con brida civil est\u00e1ndar HCX, una soluci\u00f3n [&hellip;]\" \/>\n<meta property=\"og:url\" content=\"https:\/\/hts-mct.com\/es\/productos\/marco-hcx\/\" \/>\n<meta property=\"og:site_name\" content=\"HTS MCT | Safety Sealing Solutions for Cables and Pipes\" \/>\n<meta property=\"article:modified_time\" content=\"2026-01-30T12:30:44+00:00\" \/>\n<meta property=\"og:image\" content=\"https:\/\/hts-mct.com\/wp-content\/uploads\/2025\/05\/hts-sealing-frames-civil-HCX.jpg\" \/>\n\t<meta property=\"og:image:width\" content=\"300\" \/>\n\t<meta property=\"og:image:height\" content=\"300\" \/>\n\t<meta property=\"og:image:type\" content=\"image\/jpeg\" \/>\n<meta name=\"twitter:card\" content=\"summary_large_image\" \/>\n<meta name=\"twitter:label1\" content=\"Tiempo de lectura\" \/>\n\t<meta name=\"twitter:data1\" content=\"2 minutos\" \/>\n<script type=\"application\/ld+json\" class=\"yoast-schema-graph\">{\"@context\":\"https:\/\/schema.org\",\"@graph\":[{\"@type\":\"WebPage\",\"@id\":\"https:\/\/hts-mct.com\/es\/productos\/marco-hcx\/\",\"url\":\"https:\/\/hts-mct.com\/es\/productos\/marco-hcx\/\",\"name\":\"Marco HCX - HTS MCT | Safety Sealing Solutions for Cables and Pipes\",\"isPartOf\":{\"@id\":\"https:\/\/hts-mct.com\/es\/#website\"},\"primaryImageOfPage\":{\"@id\":\"https:\/\/hts-mct.com\/es\/productos\/marco-hcx\/#primaryimage\"},\"image\":{\"@id\":\"https:\/\/hts-mct.com\/es\/productos\/marco-hcx\/#primaryimage\"},\"thumbnailUrl\":\"https:\/\/hts-mct.com\/wp-content\/uploads\/2025\/05\/hts-sealing-frames-civil-HCX.jpg\",\"datePublished\":\"2025-07-16T11:00:24+00:00\",\"dateModified\":\"2026-01-30T12:30:44+00:00\",\"breadcrumb\":{\"@id\":\"https:\/\/hts-mct.com\/es\/productos\/marco-hcx\/#breadcrumb\"},\"inLanguage\":\"es\",\"potentialAction\":[{\"@type\":\"ReadAction\",\"target\":[\"https:\/\/hts-mct.com\/es\/productos\/marco-hcx\/\"]}]},{\"@type\":\"ImageObject\",\"inLanguage\":\"es\",\"@id\":\"https:\/\/hts-mct.com\/es\/productos\/marco-hcx\/#primaryimage\",\"url\":\"https:\/\/hts-mct.com\/wp-content\/uploads\/2025\/05\/hts-sealing-frames-civil-HCX.jpg\",\"contentUrl\":\"https:\/\/hts-mct.com\/wp-content\/uploads\/2025\/05\/hts-sealing-frames-civil-HCX.jpg\"},{\"@type\":\"BreadcrumbList\",\"@id\":\"https:\/\/hts-mct.com\/es\/productos\/marco-hcx\/#breadcrumb\",\"itemListElement\":[{\"@type\":\"ListItem\",\"position\":1,\"name\":\"Home\",\"item\":\"https:\/\/hts-mct.com\/es\/hts-mct-soluciones-de-sellado-seguras-para-cables-y-tuberias\/\"},{\"@type\":\"ListItem\",\"position\":2,\"name\":\"Productos\",\"item\":\"https:\/\/hts-mct.com\/es\/productos\/\"},{\"@type\":\"ListItem\",\"position\":3,\"name\":\"Marco HCX\"}]},{\"@type\":\"WebSite\",\"@id\":\"https:\/\/hts-mct.com\/es\/#website\",\"url\":\"https:\/\/hts-mct.com\/es\/\",\"name\":\"HTS MCT | Safety Sealing Solutions for Cables and Pipes\",\"description\":\"Discover HTS MCT sealing solutions, designed to ensure safety and efficiency for cable and pipe penetrations. Reliable protection for the most demanding environments.\",\"publisher\":{\"@id\":\"https:\/\/hts-mct.com\/es\/#organization\"},\"potentialAction\":[{\"@type\":\"SearchAction\",\"target\":{\"@type\":\"EntryPoint\",\"urlTemplate\":\"https:\/\/hts-mct.com\/es\/?s={search_term_string}\"},\"query-input\":{\"@type\":\"PropertyValueSpecification\",\"valueRequired\":true,\"valueName\":\"search_term_string\"}}],\"inLanguage\":\"es\"},{\"@type\":\"Organization\",\"@id\":\"https:\/\/hts-mct.com\/es\/#organization\",\"name\":\"HTS MCT | Safety Sealing Solutions for Cables and Pipes\",\"url\":\"https:\/\/hts-mct.com\/es\/\",\"logo\":{\"@type\":\"ImageObject\",\"inLanguage\":\"es\",\"@id\":\"https:\/\/hts-mct.com\/es\/#\/schema\/logo\/image\/\",\"url\":\"https:\/\/hts-mct.com\/wp-content\/uploads\/2025\/07\/HTS-MCT-logo-Social.png\",\"contentUrl\":\"https:\/\/hts-mct.com\/wp-content\/uploads\/2025\/07\/HTS-MCT-logo-Social.png\",\"width\":348,\"height\":89,\"caption\":\"HTS MCT | Safety Sealing Solutions for Cables and Pipes\"},\"image\":{\"@id\":\"https:\/\/hts-mct.com\/es\/#\/schema\/logo\/image\/\"}}]}<\/script>\n<!-- \/ Yoast SEO Premium plugin. -->","yoast_head_json":{"title":"Marco HCX - HTS MCT | Safety Sealing Solutions for Cables and Pipes","robots":{"index":"index","follow":"follow","max-snippet":"max-snippet:-1","max-image-preview":"max-image-preview:large","max-video-preview":"max-video-preview:-1"},"canonical":"https:\/\/hts-mct.com\/es\/productos\/marco-hcx\/","og_locale":"es_ES","og_type":"article","og_title":"Marco HCX","og_description":"Marco HCX Marco HCX Marco met\u00e1lico con brida, dise\u00f1ado para aplicaciones vers\u00e1tiles. Disponible con aberturas simples o m\u00faltiples en varias anchuras y alturas, es perfecto para atornillar o fundir a paredes y suelos, garantizando una soluci\u00f3n de instalaci\u00f3n fiable y adaptable. Descripci\u00f3n del marco HCX Presentamos nuestro marco con brida civil est\u00e1ndar HCX, una soluci\u00f3n [&hellip;]","og_url":"https:\/\/hts-mct.com\/es\/productos\/marco-hcx\/","og_site_name":"HTS MCT | Safety Sealing Solutions for Cables and Pipes","article_modified_time":"2026-01-30T12:30:44+00:00","og_image":[{"width":300,"height":300,"url":"https:\/\/hts-mct.com\/wp-content\/uploads\/2025\/05\/hts-sealing-frames-civil-HCX.jpg","type":"image\/jpeg"}],"twitter_card":"summary_large_image","twitter_misc":{"Tiempo de lectura":"2 minutos"},"schema":{"@context":"https:\/\/schema.org","@graph":[{"@type":"WebPage","@id":"https:\/\/hts-mct.com\/es\/productos\/marco-hcx\/","url":"https:\/\/hts-mct.com\/es\/productos\/marco-hcx\/","name":"Marco HCX - HTS MCT | Safety Sealing Solutions for Cables and Pipes","isPartOf":{"@id":"https:\/\/hts-mct.com\/es\/#website"},"primaryImageOfPage":{"@id":"https:\/\/hts-mct.com\/es\/productos\/marco-hcx\/#primaryimage"},"image":{"@id":"https:\/\/hts-mct.com\/es\/productos\/marco-hcx\/#primaryimage"},"thumbnailUrl":"https:\/\/hts-mct.com\/wp-content\/uploads\/2025\/05\/hts-sealing-frames-civil-HCX.jpg","datePublished":"2025-07-16T11:00:24+00:00","dateModified":"2026-01-30T12:30:44+00:00","breadcrumb":{"@id":"https:\/\/hts-mct.com\/es\/productos\/marco-hcx\/#breadcrumb"},"inLanguage":"es","potentialAction":[{"@type":"ReadAction","target":["https:\/\/hts-mct.com\/es\/productos\/marco-hcx\/"]}]},{"@type":"ImageObject","inLanguage":"es","@id":"https:\/\/hts-mct.com\/es\/productos\/marco-hcx\/#primaryimage","url":"https:\/\/hts-mct.com\/wp-content\/uploads\/2025\/05\/hts-sealing-frames-civil-HCX.jpg","contentUrl":"https:\/\/hts-mct.com\/wp-content\/uploads\/2025\/05\/hts-sealing-frames-civil-HCX.jpg"},{"@type":"BreadcrumbList","@id":"https:\/\/hts-mct.com\/es\/productos\/marco-hcx\/#breadcrumb","itemListElement":[{"@type":"ListItem","position":1,"name":"Home","item":"https:\/\/hts-mct.com\/es\/hts-mct-soluciones-de-sellado-seguras-para-cables-y-tuberias\/"},{"@type":"ListItem","position":2,"name":"Productos","item":"https:\/\/hts-mct.com\/es\/productos\/"},{"@type":"ListItem","position":3,"name":"Marco HCX"}]},{"@type":"WebSite","@id":"https:\/\/hts-mct.com\/es\/#website","url":"https:\/\/hts-mct.com\/es\/","name":"HTS MCT | Safety Sealing Solutions for Cables and Pipes","description":"Discover HTS MCT sealing solutions, designed to ensure safety and efficiency for cable and pipe penetrations. Reliable protection for the most demanding environments.","publisher":{"@id":"https:\/\/hts-mct.com\/es\/#organization"},"potentialAction":[{"@type":"SearchAction","target":{"@type":"EntryPoint","urlTemplate":"https:\/\/hts-mct.com\/es\/?s={search_term_string}"},"query-input":{"@type":"PropertyValueSpecification","valueRequired":true,"valueName":"search_term_string"}}],"inLanguage":"es"},{"@type":"Organization","@id":"https:\/\/hts-mct.com\/es\/#organization","name":"HTS MCT | Safety Sealing Solutions for Cables and Pipes","url":"https:\/\/hts-mct.com\/es\/","logo":{"@type":"ImageObject","inLanguage":"es","@id":"https:\/\/hts-mct.com\/es\/#\/schema\/logo\/image\/","url":"https:\/\/hts-mct.com\/wp-content\/uploads\/2025\/07\/HTS-MCT-logo-Social.png","contentUrl":"https:\/\/hts-mct.com\/wp-content\/uploads\/2025\/07\/HTS-MCT-logo-Social.png","width":348,"height":89,"caption":"HTS MCT | Safety Sealing Solutions for Cables and Pipes"},"image":{"@id":"https:\/\/hts-mct.com\/es\/#\/schema\/logo\/image\/"}}]}},"_links":{"self":[{"href":"https:\/\/hts-mct.com\/es\/wp-json\/wp\/v2\/pages\/14916","targetHints":{"allow":["GET"]}}],"collection":[{"href":"https:\/\/hts-mct.com\/es\/wp-json\/wp\/v2\/pages"}],"about":[{"href":"https:\/\/hts-mct.com\/es\/wp-json\/wp\/v2\/types\/page"}],"author":[{"embeddable":true,"href":"https:\/\/hts-mct.com\/es\/wp-json\/wp\/v2\/users\/1"}],"replies":[{"embeddable":true,"href":"https:\/\/hts-mct.com\/es\/wp-json\/wp\/v2\/comments?post=14916"}],"version-history":[{"count":8,"href":"https:\/\/hts-mct.com\/es\/wp-json\/wp\/v2\/pages\/14916\/revisions"}],"predecessor-version":[{"id":25313,"href":"https:\/\/hts-mct.com\/es\/wp-json\/wp\/v2\/pages\/14916\/revisions\/25313"}],"up":[{"embeddable":true,"href":"https:\/\/hts-mct.com\/es\/wp-json\/wp\/v2\/pages\/14850"}],"wp:attachment":[{"href":"https:\/\/hts-mct.com\/es\/wp-json\/wp\/v2\/media?parent=14916"}],"curies":[{"name":"wp","href":"https:\/\/api.w.org\/{rel}","templated":true}]}}