{"id":14898,"date":"2025-07-16T14:06:51","date_gmt":"2025-07-16T12:06:51","guid":{"rendered":"https:\/\/hts-mct.com\/productos\/sistema-de-compresion-emc\/"},"modified":"2026-02-09T15:31:25","modified_gmt":"2026-02-09T14:31:25","slug":"sistema-de-compresion-emc","status":"publish","type":"page","link":"https:\/\/hts-mct.com\/es\/productos\/sistema-de-compresion-emc\/","title":{"rendered":"Sistema de compresi\u00f3n EMC"},"content":{"rendered":"\t\t<div data-elementor-type=\"wp-page\" data-elementor-id=\"14898\" class=\"elementor elementor-14898 elementor-14372\" data-elementor-post-type=\"page\">\n\t\t\t\t<div class=\"elementor-element elementor-element-7d707fb e-con-full e-flex e-con e-parent\" data-id=\"7d707fb\" data-element_type=\"container\" data-e-type=\"container\" data-settings=\"{&quot;background_background&quot;:&quot;classic&quot;}\">\n\t\t\t\t<div class=\"elementor-element elementor-element-3216f8b3 elementor-widget elementor-widget-heading\" data-id=\"3216f8b3\" data-element_type=\"widget\" data-e-type=\"widget\" data-widget_type=\"heading.default\">\n\t\t\t\t<div class=\"elementor-widget-container\">\n\t\t\t\t\t<h1 class=\"elementor-heading-title elementor-size-default\">Sistema de compresi\u00f3n EMC\n<\/h1>\t\t\t\t<\/div>\n\t\t\t\t<\/div>\n\t\t\t\t<div class=\"elementor-element elementor-element-3f1bd6ab elementor-align-center elementor-widget elementor-widget-breadcrumbs\" data-id=\"3f1bd6ab\" data-element_type=\"widget\" data-e-type=\"widget\" id=\"breadcrumbs\" data-widget_type=\"breadcrumbs.default\">\n\t\t\t\t<div class=\"elementor-widget-container\">\n\t\t\t\t\t<nav id=\"breadcrumbs\"><span><span><a href=\"https:\/\/hts-mct.com\/es\/hts-mct-soluciones-de-sellado-seguras-para-cables-y-tuberias\/\">Home<\/a><\/span><\/span><\/nav>\t\t\t\t<\/div>\n\t\t\t\t<\/div>\n\t\t\t\t<\/div>\n\t\t<div class=\"elementor-element elementor-element-5bb92540 e-flex e-con-boxed e-con e-parent\" data-id=\"5bb92540\" data-element_type=\"container\" data-e-type=\"container\">\n\t\t\t\t\t<div class=\"e-con-inner\">\n\t\t<div class=\"elementor-element elementor-element-5551f495 e-con-full e-flex e-con e-child\" data-id=\"5551f495\" data-element_type=\"container\" data-e-type=\"container\">\n\t\t\t\t<div class=\"elementor-element elementor-element-277cc6e5 elementor-widget elementor-widget-heading\" data-id=\"277cc6e5\" data-element_type=\"widget\" data-e-type=\"widget\" data-widget_type=\"heading.default\">\n\t\t\t\t<div class=\"elementor-widget-container\">\n\t\t\t\t\t<h2 class=\"elementor-heading-title elementor-size-default\">Sistema de compresi\u00f3n EMC\n<\/h2>\t\t\t\t<\/div>\n\t\t\t\t<\/div>\n\t\t\t\t<div class=\"elementor-element elementor-element-73a34b68 elementor-widget elementor-widget-text-editor\" data-id=\"73a34b68\" data-element_type=\"widget\" data-e-type=\"widget\" data-widget_type=\"text-editor.default\">\n\t\t\t\t<div class=\"elementor-widget-container\">\n\t\t\t\t\t\t\t\t\t<p>Soluci\u00f3n especializada para bastidores rectangulares, dise\u00f1ada para comprimir y sellar con precisi\u00f3n cables, tubos y m\u00f3dulos CEM de alta frecuencia.<\/p>\t\t\t\t\t\t\t\t<\/div>\n\t\t\t\t<\/div>\n\t\t\t\t<\/div>\n\t\t<div class=\"elementor-element elementor-element-1a3d5edd e-con-full e-flex e-con e-child\" data-id=\"1a3d5edd\" data-element_type=\"container\" data-e-type=\"container\">\n\t\t\t\t<div class=\"elementor-element elementor-element-2c2a2c3 elementor-widget elementor-widget-image\" data-id=\"2c2a2c3\" data-element_type=\"widget\" data-e-type=\"widget\" data-widget_type=\"image.default\">\n\t\t\t\t<div class=\"elementor-widget-container\">\n\t\t\t\t\t\t\t\t\t\t\t\t\t\t\t\t<a href=\"https:\/\/hts-mct.com\/wp-content\/uploads\/2025\/05\/EMC-Compression-system.jpg\" data-elementor-open-lightbox=\"yes\" data-elementor-lightbox-title=\"EMC-Compression-system\" data-e-action-hash=\"#elementor-action%3Aaction%3Dlightbox%26settings%3DeyJpZCI6MTIyNjMsInVybCI6Imh0dHBzOlwvXC9odHMtbWN0LmNvbVwvd3AtY29udGVudFwvdXBsb2Fkc1wvMjAyNVwvMDVcL0VNQy1Db21wcmVzc2lvbi1zeXN0ZW0uanBnIn0%3D\">\n\t\t\t\t\t\t\t<img fetchpriority=\"high\" decoding=\"async\" width=\"300\" height=\"300\" src=\"https:\/\/hts-mct.com\/wp-content\/uploads\/2025\/05\/EMC-Compression-system.jpg\" class=\"attachment-medium size-medium wp-image-12263\" alt=\"HTS Sealing Assembly EMC Compression System\" srcset=\"https:\/\/hts-mct.com\/wp-content\/uploads\/2025\/05\/EMC-Compression-system.jpg 300w, https:\/\/hts-mct.com\/wp-content\/uploads\/2025\/05\/EMC-Compression-system-150x150.jpg 150w\" sizes=\"(max-width: 300px) 100vw, 300px\" \/>\t\t\t\t\t\t\t\t<\/a>\n\t\t\t\t\t\t\t\t\t\t\t\t\t\t\t<\/div>\n\t\t\t\t<\/div>\n\t\t\t\t<\/div>\n\t\t\t\t\t<\/div>\n\t\t\t\t<\/div>\n\t\t<div class=\"elementor-element elementor-element-5a42a212 e-flex e-con-boxed e-con e-parent\" data-id=\"5a42a212\" data-element_type=\"container\" data-e-type=\"container\">\n\t\t\t\t\t<div class=\"e-con-inner\">\n\t\t\t\t<div class=\"elementor-element elementor-element-412dc4f8 elementor-widget elementor-widget-heading\" data-id=\"412dc4f8\" data-element_type=\"widget\" data-e-type=\"widget\" data-widget_type=\"heading.default\">\n\t\t\t\t<div class=\"elementor-widget-container\">\n\t\t\t\t\t<h2 class=\"elementor-heading-title elementor-size-default\">Descripci\u00f3n Sistema de compresi\u00f3n EMC<\/h2>\t\t\t\t<\/div>\n\t\t\t\t<\/div>\n\t\t\t\t<div class=\"elementor-element elementor-element-1c8ffcc4 elementor-widget elementor-widget-text-editor\" data-id=\"1c8ffcc4\" data-element_type=\"widget\" data-e-type=\"widget\" data-widget_type=\"text-editor.default\">\n\t\t\t\t<div class=\"elementor-widget-container\">\n\t\t\t\t\t\t\t\t\t<p><strong>Sistema de compresi\u00f3n EMC HTS<\/strong>, una soluci\u00f3n \u00fanica dise\u00f1ada para marcos rectangulares que permite comprimir y sellar eficazmente la instalaci\u00f3n de cablesy tuberias a traves de los tacos HF EMC, garantizando la compatibilidad electromagn\u00e9tica. El sistema consta de dos componentes clave: la Empaquetadura y la Placa de Compresi\u00f3n. La Empaquetadura, colocada encima de la placa de compresi\u00f3n, aplica presi\u00f3n al sistema mediante el apriete de pernos y pasadores de inserci\u00f3n de acero, asegurando un sellado adecuado con la ayuda de pintura cargada de plata y envoltura de tiras de cobre para el apantallamiento. Mientras tanto, la Placa de Compresi\u00f3n, colocada encima de la \u00faltima fila de tacos, distribuye uniformemente la presi\u00f3n por todo el sistema, aumentando su eficacia.   <\/p><p><strong>Caracter\u00edsticas principales:<\/strong><\/p><ul><li>Disponible en varios modelos: Est\u00e1ndar, RR (Esquina redondeada derecha), LR (Esquina redondeada izquierda) y DR (Doble redondeada), que se adaptan a las distintas configuraciones de apertura de los marcos.<\/li><li>Dise\u00f1ado para instalarse en todos los huecos rectangulares, garantizando versatilidad y compatibilidad.<\/li><li>Construido con acero inoxidable de alta calidad, lo que garantiza su durabilidad y longevidad.<\/li><li><span class=\"NormalTextRun SCXW140785641 BCX8\">Ex <\/span><span class=\"NormalTextRun SpellingErrorV2Themed SCXW140785641 BCX8\">disponible<\/span> <span class=\"NormalTextRun SpellingErrorV2Themed SCXW140785641 BCX8\">en<\/span> <span class=\"NormalTextRun SpellingErrorV2Themed SCXW140785641 BCX8\">solicitud.<br><br><\/span><\/li><\/ul><p>El sistema de compresi\u00f3n EMC HTS ofrece una soluci\u00f3n fiable y vers\u00e1til para sellar marcos rectangulares, proporcionando una compresi\u00f3n y apantallamiento eficaces para cables, tuber\u00edas y m\u00f3dulos EMC, garantizando as\u00ed una compatibilidad electromagn\u00e9tica \u00f3ptima en diversas aplicaciones.<\/p>\t\t\t\t\t\t\t\t<\/div>\n\t\t\t\t<\/div>\n\t\t\t\t<div class=\"elementor-element elementor-element-7e6a76ea botom-line-degree elementor-widget elementor-widget-heading\" data-id=\"7e6a76ea\" data-element_type=\"widget\" data-e-type=\"widget\" data-widget_type=\"heading.default\">\n\t\t\t\t<div class=\"elementor-widget-container\">\n\t\t\t\t\t<h2 class=\"elementor-heading-title elementor-size-default\">Descargas<\/h2>\t\t\t\t<\/div>\n\t\t\t\t<\/div>\n\t\t\t\t<div class=\"elementor-element elementor-element-b55fae0 icons-color-secondary elementor-list-item-link-inline elementor-icon-list--layout-traditional elementor-widget elementor-widget-icon-list\" data-id=\"b55fae0\" data-element_type=\"widget\" data-e-type=\"widget\" data-widget_type=\"icon-list.default\">\n\t\t\t\t<div class=\"elementor-widget-container\">\n\t\t\t\t\t\t\t<ul class=\"elementor-icon-list-items\">\n\t\t\t\t\t\t\t<li class=\"elementor-icon-list-item\">\n\t\t\t\t\t\t\t\t\t\t\t<a href=\"https:\/\/hts-mct.com\/documentation\/datasheet\/compression-system-EMC-data-sheet-en.pdf\">\n\n\t\t\t\t\t\t\t\t\t\t\t\t<span class=\"elementor-icon-list-icon\">\n\t\t\t\t\t\t\t<svg aria-hidden=\"true\" class=\"e-font-icon-svg e-far-arrow-alt-circle-right\" viewBox=\"0 0 512 512\" xmlns=\"http:\/\/www.w3.org\/2000\/svg\"><path d=\"M504 256C504 119 393 8 256 8S8 119 8 256s111 248 248 248 248-111 248-248zm-448 0c0-110.5 89.5-200 200-200s200 89.5 200 200-89.5 200-200 200S56 366.5 56 256zm72 20v-40c0-6.6 5.4-12 12-12h116v-67c0-10.7 12.9-16 20.5-8.5l99 99c4.7 4.7 4.7 12.3 0 17l-99 99c-7.6 7.6-20.5 2.2-20.5-8.5v-67H140c-6.6 0-12-5.4-12-12z\"><\/path><\/svg>\t\t\t\t\t\t<\/span>\n\t\t\t\t\t\t\t\t\t\t<span class=\"elementor-icon-list-text\">Ficha t\u00e9cnica del Sistema de compresi\u00f3n EMC<\/span>\n\t\t\t\t\t\t\t\t\t\t\t<\/a>\n\t\t\t\t\t\t\t\t\t<\/li>\n\t\t\t\t\t\t<\/ul>\n\t\t\t\t\t\t<\/div>\n\t\t\t\t<\/div>\n\t\t\t\t\t<\/div>\n\t\t\t\t<\/div>\n\t\t<div class=\"elementor-element elementor-element-16dedd3e e-con-full e-flex e-con e-parent\" data-id=\"16dedd3e\" data-element_type=\"container\" data-e-type=\"container\" data-settings=\"{&quot;background_background&quot;:&quot;classic&quot;}\">\n\t\t\t\t<div class=\"elementor-element elementor-element-7a7a3c60 elementor-widget__width-inherit elementor-widget elementor-widget-heading\" data-id=\"7a7a3c60\" data-element_type=\"widget\" data-e-type=\"widget\" data-widget_type=\"heading.default\">\n\t\t\t\t<div class=\"elementor-widget-container\">\n\t\t\t\t\t<h2 class=\"elementor-heading-title elementor-size-default\">V\u00eddeos de instalaci\u00f3n<\/h2>\t\t\t\t<\/div>\n\t\t\t\t<\/div>\n\t\t<div class=\"elementor-element elementor-element-51aa3e05 e-flex e-con-boxed e-con e-child\" data-id=\"51aa3e05\" data-element_type=\"container\" data-e-type=\"container\">\n\t\t\t\t\t<div class=\"e-con-inner\">\n\t\t\t\t<div class=\"elementor-element elementor-element-4c710df2 elementor-widget elementor-widget-video\" data-id=\"4c710df2\" data-element_type=\"widget\" data-e-type=\"widget\" data-settings=\"{&quot;youtube_url&quot;:&quot;https:\\\/\\\/youtu.be\\\/mpGTkd93kKc&quot;,&quot;video_type&quot;:&quot;youtube&quot;,&quot;controls&quot;:&quot;yes&quot;}\" data-widget_type=\"video.default\">\n\t\t\t\t<div class=\"elementor-widget-container\">\n\t\t\t\t\t\t\t<div class=\"elementor-wrapper elementor-open-inline\">\n\t\t\t<div class=\"elementor-video\"><\/div>\t\t<\/div>\n\t\t\t\t\t\t<\/div>\n\t\t\t\t<\/div>\n\t\t\t\t<div class=\"elementor-element elementor-element-7c9021a1 elementor-widget elementor-widget-video\" data-id=\"7c9021a1\" data-element_type=\"widget\" data-e-type=\"widget\" data-settings=\"{&quot;youtube_url&quot;:&quot;https:\\\/\\\/www.youtube.com\\\/watch?v=Xvfe91R-vuI&quot;,&quot;video_type&quot;:&quot;youtube&quot;,&quot;controls&quot;:&quot;yes&quot;}\" data-widget_type=\"video.default\">\n\t\t\t\t<div class=\"elementor-widget-container\">\n\t\t\t\t\t\t\t<div class=\"elementor-wrapper elementor-open-inline\">\n\t\t\t<div class=\"elementor-video\"><\/div>\t\t<\/div>\n\t\t\t\t\t\t<\/div>\n\t\t\t\t<\/div>\n\t\t\t\t<div class=\"elementor-element elementor-element-2eba523a elementor-widget elementor-widget-video\" data-id=\"2eba523a\" data-element_type=\"widget\" data-e-type=\"widget\" data-settings=\"{&quot;youtube_url&quot;:&quot;https:\\\/\\\/youtu.be\\\/VYDlavPsZBA&quot;,&quot;video_type&quot;:&quot;youtube&quot;,&quot;controls&quot;:&quot;yes&quot;}\" data-widget_type=\"video.default\">\n\t\t\t\t<div class=\"elementor-widget-container\">\n\t\t\t\t\t\t\t<div class=\"elementor-wrapper elementor-open-inline\">\n\t\t\t<div class=\"elementor-video\"><\/div>\t\t<\/div>\n\t\t\t\t\t\t<\/div>\n\t\t\t\t<\/div>\n\t\t\t\t\t<\/div>\n\t\t\t\t<\/div>\n\t\t\t\t<\/div>\n\t\t\t\t<\/div>\n\t\t","protected":false},"excerpt":{"rendered":"<p>Sistema de compresi\u00f3n EMC Sistema de compresi\u00f3n EMC Soluci\u00f3n especializada para bastidores rectangulares, dise\u00f1ada para comprimir y sellar con precisi\u00f3n cables, tubos y m\u00f3dulos CEM de alta frecuencia. Descripci\u00f3n Sistema de compresi\u00f3n EMC Sistema de compresi\u00f3n EMC HTS, una soluci\u00f3n \u00fanica dise\u00f1ada para marcos rectangulares que permite comprimir y sellar eficazmente la instalaci\u00f3n de cablesy [&hellip;]<\/p>\n","protected":false},"author":1,"featured_media":0,"parent":14850,"menu_order":0,"comment_status":"closed","ping_status":"closed","template":"","meta":{"footnotes":""},"class_list":["post-14898","page","type-page","status-publish","hentry"],"yoast_head":"<!-- This site is optimized with the Yoast SEO Premium plugin v25.5 (Yoast SEO v25.5) - https:\/\/yoast.com\/wordpress\/plugins\/seo\/ -->\n<title>Sistema de compresi\u00f3n EMC - HTS MCT | Safety Sealing Solutions for Cables and Pipes<\/title>\n<meta name=\"description\" content=\"Soluci\u00f3n especializada para marcos rectangulares, dise\u00f1ada para comprimir y sellar con precisi\u00f3n cables, tubos y m\u00f3dulos EMC de alta frecuencia.\" \/>\n<meta name=\"robots\" content=\"index, follow, max-snippet:-1, max-image-preview:large, max-video-preview:-1\" \/>\n<link rel=\"canonical\" href=\"https:\/\/hts-mct.com\/es\/productos\/sistema-de-compresion-emc\/\" \/>\n<meta property=\"og:locale\" content=\"es_ES\" \/>\n<meta property=\"og:type\" content=\"article\" \/>\n<meta property=\"og:title\" content=\"Sistema de compresi\u00f3n EMC\" \/>\n<meta property=\"og:description\" content=\"Soluci\u00f3n especializada para marcos rectangulares, dise\u00f1ada para comprimir y sellar con precisi\u00f3n cables, tubos y m\u00f3dulos EMC de alta frecuencia.\" \/>\n<meta property=\"og:url\" content=\"https:\/\/hts-mct.com\/es\/productos\/sistema-de-compresion-emc\/\" \/>\n<meta property=\"og:site_name\" content=\"HTS MCT | Safety Sealing Solutions for Cables and Pipes\" \/>\n<meta property=\"article:modified_time\" content=\"2026-02-09T14:31:25+00:00\" \/>\n<meta property=\"og:image\" content=\"https:\/\/hts-mct.com\/wp-content\/uploads\/2025\/05\/EMC-Compression-system.jpg\" \/>\n\t<meta property=\"og:image:width\" content=\"300\" \/>\n\t<meta property=\"og:image:height\" content=\"300\" \/>\n\t<meta property=\"og:image:type\" content=\"image\/jpeg\" \/>\n<meta name=\"twitter:card\" content=\"summary_large_image\" \/>\n<meta name=\"twitter:label1\" content=\"Tiempo de lectura\" \/>\n\t<meta name=\"twitter:data1\" content=\"2 minutos\" \/>\n<script type=\"application\/ld+json\" class=\"yoast-schema-graph\">{\"@context\":\"https:\/\/schema.org\",\"@graph\":[{\"@type\":\"WebPage\",\"@id\":\"https:\/\/hts-mct.com\/es\/productos\/sistema-de-compresion-emc\/\",\"url\":\"https:\/\/hts-mct.com\/es\/productos\/sistema-de-compresion-emc\/\",\"name\":\"Sistema de compresi\u00f3n EMC - HTS MCT | Safety Sealing Solutions for Cables and Pipes\",\"isPartOf\":{\"@id\":\"https:\/\/hts-mct.com\/es\/#website\"},\"primaryImageOfPage\":{\"@id\":\"https:\/\/hts-mct.com\/es\/productos\/sistema-de-compresion-emc\/#primaryimage\"},\"image\":{\"@id\":\"https:\/\/hts-mct.com\/es\/productos\/sistema-de-compresion-emc\/#primaryimage\"},\"thumbnailUrl\":\"https:\/\/hts-mct.com\/wp-content\/uploads\/2025\/05\/EMC-Compression-system.jpg\",\"datePublished\":\"2025-07-16T12:06:51+00:00\",\"dateModified\":\"2026-02-09T14:31:25+00:00\",\"description\":\"Soluci\u00f3n especializada para marcos rectangulares, dise\u00f1ada para comprimir y sellar con precisi\u00f3n cables, tubos y m\u00f3dulos EMC de alta frecuencia.\",\"breadcrumb\":{\"@id\":\"https:\/\/hts-mct.com\/es\/productos\/sistema-de-compresion-emc\/#breadcrumb\"},\"inLanguage\":\"es\",\"potentialAction\":[{\"@type\":\"ReadAction\",\"target\":[\"https:\/\/hts-mct.com\/es\/productos\/sistema-de-compresion-emc\/\"]}]},{\"@type\":\"ImageObject\",\"inLanguage\":\"es\",\"@id\":\"https:\/\/hts-mct.com\/es\/productos\/sistema-de-compresion-emc\/#primaryimage\",\"url\":\"https:\/\/hts-mct.com\/wp-content\/uploads\/2025\/05\/EMC-Compression-system.jpg\",\"contentUrl\":\"https:\/\/hts-mct.com\/wp-content\/uploads\/2025\/05\/EMC-Compression-system.jpg\"},{\"@type\":\"BreadcrumbList\",\"@id\":\"https:\/\/hts-mct.com\/es\/productos\/sistema-de-compresion-emc\/#breadcrumb\",\"itemListElement\":[{\"@type\":\"ListItem\",\"position\":1,\"name\":\"Home\",\"item\":\"https:\/\/hts-mct.com\/es\/hts-mct-soluciones-de-sellado-seguras-para-cables-y-tuberias\/\"},{\"@type\":\"ListItem\",\"position\":2,\"name\":\"Productos\",\"item\":\"https:\/\/hts-mct.com\/es\/productos\/\"},{\"@type\":\"ListItem\",\"position\":3,\"name\":\"Sistema de compresi\u00f3n EMC\"}]},{\"@type\":\"WebSite\",\"@id\":\"https:\/\/hts-mct.com\/es\/#website\",\"url\":\"https:\/\/hts-mct.com\/es\/\",\"name\":\"HTS MCT | Safety Sealing Solutions for Cables and Pipes\",\"description\":\"Discover HTS MCT sealing solutions, designed to ensure safety and efficiency for cable and pipe penetrations. Reliable protection for the most demanding environments.\",\"publisher\":{\"@id\":\"https:\/\/hts-mct.com\/es\/#organization\"},\"potentialAction\":[{\"@type\":\"SearchAction\",\"target\":{\"@type\":\"EntryPoint\",\"urlTemplate\":\"https:\/\/hts-mct.com\/es\/?s={search_term_string}\"},\"query-input\":{\"@type\":\"PropertyValueSpecification\",\"valueRequired\":true,\"valueName\":\"search_term_string\"}}],\"inLanguage\":\"es\"},{\"@type\":\"Organization\",\"@id\":\"https:\/\/hts-mct.com\/es\/#organization\",\"name\":\"HTS MCT | Safety Sealing Solutions for Cables and Pipes\",\"url\":\"https:\/\/hts-mct.com\/es\/\",\"logo\":{\"@type\":\"ImageObject\",\"inLanguage\":\"es\",\"@id\":\"https:\/\/hts-mct.com\/es\/#\/schema\/logo\/image\/\",\"url\":\"https:\/\/hts-mct.com\/wp-content\/uploads\/2025\/07\/HTS-MCT-logo-Social.png\",\"contentUrl\":\"https:\/\/hts-mct.com\/wp-content\/uploads\/2025\/07\/HTS-MCT-logo-Social.png\",\"width\":348,\"height\":89,\"caption\":\"HTS MCT | Safety Sealing Solutions for Cables and Pipes\"},\"image\":{\"@id\":\"https:\/\/hts-mct.com\/es\/#\/schema\/logo\/image\/\"}}]}<\/script>\n<!-- \/ Yoast SEO Premium plugin. -->","yoast_head_json":{"title":"Sistema de compresi\u00f3n EMC - HTS MCT | Safety Sealing Solutions for Cables and Pipes","description":"Soluci\u00f3n especializada para marcos rectangulares, dise\u00f1ada para comprimir y sellar con precisi\u00f3n cables, tubos y m\u00f3dulos EMC de alta frecuencia.","robots":{"index":"index","follow":"follow","max-snippet":"max-snippet:-1","max-image-preview":"max-image-preview:large","max-video-preview":"max-video-preview:-1"},"canonical":"https:\/\/hts-mct.com\/es\/productos\/sistema-de-compresion-emc\/","og_locale":"es_ES","og_type":"article","og_title":"Sistema de compresi\u00f3n EMC","og_description":"Soluci\u00f3n especializada para marcos rectangulares, dise\u00f1ada para comprimir y sellar con precisi\u00f3n cables, tubos y m\u00f3dulos EMC de alta frecuencia.","og_url":"https:\/\/hts-mct.com\/es\/productos\/sistema-de-compresion-emc\/","og_site_name":"HTS MCT | Safety Sealing Solutions for Cables and Pipes","article_modified_time":"2026-02-09T14:31:25+00:00","og_image":[{"width":300,"height":300,"url":"https:\/\/hts-mct.com\/wp-content\/uploads\/2025\/05\/EMC-Compression-system.jpg","type":"image\/jpeg"}],"twitter_card":"summary_large_image","twitter_misc":{"Tiempo de lectura":"2 minutos"},"schema":{"@context":"https:\/\/schema.org","@graph":[{"@type":"WebPage","@id":"https:\/\/hts-mct.com\/es\/productos\/sistema-de-compresion-emc\/","url":"https:\/\/hts-mct.com\/es\/productos\/sistema-de-compresion-emc\/","name":"Sistema de compresi\u00f3n EMC - HTS MCT | Safety Sealing Solutions for Cables and Pipes","isPartOf":{"@id":"https:\/\/hts-mct.com\/es\/#website"},"primaryImageOfPage":{"@id":"https:\/\/hts-mct.com\/es\/productos\/sistema-de-compresion-emc\/#primaryimage"},"image":{"@id":"https:\/\/hts-mct.com\/es\/productos\/sistema-de-compresion-emc\/#primaryimage"},"thumbnailUrl":"https:\/\/hts-mct.com\/wp-content\/uploads\/2025\/05\/EMC-Compression-system.jpg","datePublished":"2025-07-16T12:06:51+00:00","dateModified":"2026-02-09T14:31:25+00:00","description":"Soluci\u00f3n especializada para marcos rectangulares, dise\u00f1ada para comprimir y sellar con precisi\u00f3n cables, tubos y m\u00f3dulos EMC de alta frecuencia.","breadcrumb":{"@id":"https:\/\/hts-mct.com\/es\/productos\/sistema-de-compresion-emc\/#breadcrumb"},"inLanguage":"es","potentialAction":[{"@type":"ReadAction","target":["https:\/\/hts-mct.com\/es\/productos\/sistema-de-compresion-emc\/"]}]},{"@type":"ImageObject","inLanguage":"es","@id":"https:\/\/hts-mct.com\/es\/productos\/sistema-de-compresion-emc\/#primaryimage","url":"https:\/\/hts-mct.com\/wp-content\/uploads\/2025\/05\/EMC-Compression-system.jpg","contentUrl":"https:\/\/hts-mct.com\/wp-content\/uploads\/2025\/05\/EMC-Compression-system.jpg"},{"@type":"BreadcrumbList","@id":"https:\/\/hts-mct.com\/es\/productos\/sistema-de-compresion-emc\/#breadcrumb","itemListElement":[{"@type":"ListItem","position":1,"name":"Home","item":"https:\/\/hts-mct.com\/es\/hts-mct-soluciones-de-sellado-seguras-para-cables-y-tuberias\/"},{"@type":"ListItem","position":2,"name":"Productos","item":"https:\/\/hts-mct.com\/es\/productos\/"},{"@type":"ListItem","position":3,"name":"Sistema de compresi\u00f3n EMC"}]},{"@type":"WebSite","@id":"https:\/\/hts-mct.com\/es\/#website","url":"https:\/\/hts-mct.com\/es\/","name":"HTS MCT | Safety Sealing Solutions for Cables and Pipes","description":"Discover HTS MCT sealing solutions, designed to ensure safety and efficiency for cable and pipe penetrations. Reliable protection for the most demanding environments.","publisher":{"@id":"https:\/\/hts-mct.com\/es\/#organization"},"potentialAction":[{"@type":"SearchAction","target":{"@type":"EntryPoint","urlTemplate":"https:\/\/hts-mct.com\/es\/?s={search_term_string}"},"query-input":{"@type":"PropertyValueSpecification","valueRequired":true,"valueName":"search_term_string"}}],"inLanguage":"es"},{"@type":"Organization","@id":"https:\/\/hts-mct.com\/es\/#organization","name":"HTS MCT | Safety Sealing Solutions for Cables and Pipes","url":"https:\/\/hts-mct.com\/es\/","logo":{"@type":"ImageObject","inLanguage":"es","@id":"https:\/\/hts-mct.com\/es\/#\/schema\/logo\/image\/","url":"https:\/\/hts-mct.com\/wp-content\/uploads\/2025\/07\/HTS-MCT-logo-Social.png","contentUrl":"https:\/\/hts-mct.com\/wp-content\/uploads\/2025\/07\/HTS-MCT-logo-Social.png","width":348,"height":89,"caption":"HTS MCT | Safety Sealing Solutions for Cables and Pipes"},"image":{"@id":"https:\/\/hts-mct.com\/es\/#\/schema\/logo\/image\/"}}]}},"_links":{"self":[{"href":"https:\/\/hts-mct.com\/es\/wp-json\/wp\/v2\/pages\/14898","targetHints":{"allow":["GET"]}}],"collection":[{"href":"https:\/\/hts-mct.com\/es\/wp-json\/wp\/v2\/pages"}],"about":[{"href":"https:\/\/hts-mct.com\/es\/wp-json\/wp\/v2\/types\/page"}],"author":[{"embeddable":true,"href":"https:\/\/hts-mct.com\/es\/wp-json\/wp\/v2\/users\/1"}],"replies":[{"embeddable":true,"href":"https:\/\/hts-mct.com\/es\/wp-json\/wp\/v2\/comments?post=14898"}],"version-history":[{"count":12,"href":"https:\/\/hts-mct.com\/es\/wp-json\/wp\/v2\/pages\/14898\/revisions"}],"predecessor-version":[{"id":25877,"href":"https:\/\/hts-mct.com\/es\/wp-json\/wp\/v2\/pages\/14898\/revisions\/25877"}],"up":[{"embeddable":true,"href":"https:\/\/hts-mct.com\/es\/wp-json\/wp\/v2\/pages\/14850"}],"wp:attachment":[{"href":"https:\/\/hts-mct.com\/es\/wp-json\/wp\/v2\/media?parent=14898"}],"curies":[{"name":"wp","href":"https:\/\/api.w.org\/{rel}","templated":true}]}}