{"id":14896,"date":"2025-07-16T14:28:46","date_gmt":"2025-07-16T12:28:46","guid":{"rendered":"https:\/\/hts-mct.com\/productos\/bloques-de-relleno-emc\/"},"modified":"2026-02-09T11:46:47","modified_gmt":"2026-02-09T10:46:47","slug":"bloques-de-relleno-emc","status":"publish","type":"page","link":"https:\/\/hts-mct.com\/es\/productos\/bloques-de-relleno-emc\/","title":{"rendered":"Tacos ciegos EMC"},"content":{"rendered":"\t\t<div data-elementor-type=\"wp-page\" data-elementor-id=\"14896\" class=\"elementor elementor-14896 elementor-14495\" data-elementor-post-type=\"page\">\n\t\t\t\t<div class=\"elementor-element elementor-element-57d769a0 e-con-full e-flex e-con e-parent\" data-id=\"57d769a0\" data-element_type=\"container\" data-e-type=\"container\" data-settings=\"{&quot;background_background&quot;:&quot;classic&quot;}\">\n\t\t\t\t<div class=\"elementor-element elementor-element-7747e651 elementor-widget elementor-widget-heading\" data-id=\"7747e651\" data-element_type=\"widget\" data-e-type=\"widget\" data-widget_type=\"heading.default\">\n\t\t\t\t<div class=\"elementor-widget-container\">\n\t\t\t\t\t<h1 class=\"elementor-heading-title elementor-size-default\">Tacos ciegos EMC<\/h1>\t\t\t\t<\/div>\n\t\t\t\t<\/div>\n\t\t\t\t<div class=\"elementor-element elementor-element-62c277c6 elementor-align-center elementor-widget elementor-widget-breadcrumbs\" data-id=\"62c277c6\" data-element_type=\"widget\" data-e-type=\"widget\" id=\"breadcrumbs\" data-widget_type=\"breadcrumbs.default\">\n\t\t\t\t<div class=\"elementor-widget-container\">\n\t\t\t\t\t<nav id=\"breadcrumbs\"><span><span><a href=\"https:\/\/hts-mct.com\/es\/hts-mct-soluciones-de-sellado-seguras-para-cables-y-tuberias\/\">Home<\/a><\/span><\/span><\/nav>\t\t\t\t<\/div>\n\t\t\t\t<\/div>\n\t\t\t\t<\/div>\n\t\t<div class=\"elementor-element elementor-element-6eb2b5da e-flex e-con-boxed e-con e-parent\" data-id=\"6eb2b5da\" data-element_type=\"container\" data-e-type=\"container\">\n\t\t\t\t\t<div class=\"e-con-inner\">\n\t\t<div class=\"elementor-element elementor-element-4e9fd98d e-con-full e-flex e-con e-child\" data-id=\"4e9fd98d\" data-element_type=\"container\" data-e-type=\"container\">\n\t\t\t\t<div class=\"elementor-element elementor-element-4d894060 elementor-widget elementor-widget-heading\" data-id=\"4d894060\" data-element_type=\"widget\" data-e-type=\"widget\" data-widget_type=\"heading.default\">\n\t\t\t\t<div class=\"elementor-widget-container\">\n\t\t\t\t\t<h2 class=\"elementor-heading-title elementor-size-default\">Tacos ciegos EMC<\/h2>\t\t\t\t<\/div>\n\t\t\t\t<\/div>\n\t\t\t\t<div class=\"elementor-element elementor-element-793db205 elementor-widget elementor-widget-text-editor\" data-id=\"793db205\" data-element_type=\"widget\" data-e-type=\"widget\" data-widget_type=\"text-editor.default\">\n\t\t\t\t<div class=\"elementor-widget-container\">\n\t\t\t\t\t\t\t\t\t<div class=\"elementor-element elementor-element-e7ac8a0 e-con-full e-flex wpr-particle-no wpr-jarallax-no wpr-parallax-no wpr-sticky-section-no e-con e-child\" data-id=\"e7ac8a0\" data-element_type=\"container\"><div class=\"elementor-element elementor-element-dac97f8 elementor-widget elementor-widget-woocommerce-product-short-description\" data-id=\"dac97f8\" data-element_type=\"widget\" data-widget_type=\"woocommerce-product-short-description.default\"><div class=\"woocommerce-product-details__short-description\"><p>Estos tacos ofrecen un dise\u00f1o eficiente y capacidades de apantallamiento EMC, lo que los hace cruciales para optimizar la eficacia de los sistemas de sellado.<\/p><\/div><\/div><\/div>\t\t\t\t\t\t\t\t<\/div>\n\t\t\t\t<\/div>\n\t\t\t\t<\/div>\n\t\t<div class=\"elementor-element elementor-element-71dd827 e-con-full e-flex e-con e-child\" data-id=\"71dd827\" data-element_type=\"container\" data-e-type=\"container\">\n\t\t\t\t<div class=\"elementor-element elementor-element-1f16f207 elementor-widget elementor-widget-image\" data-id=\"1f16f207\" data-element_type=\"widget\" data-e-type=\"widget\" data-widget_type=\"image.default\">\n\t\t\t\t<div class=\"elementor-widget-container\">\n\t\t\t\t\t\t\t\t\t\t\t\t\t\t\t\t<a href=\"https:\/\/hts-mct.com\/wp-content\/uploads\/2025\/05\/EMC-Blank-blocks.jpg\" data-elementor-open-lightbox=\"yes\" data-elementor-lightbox-title=\"EMC-Blank-blocks\" data-e-action-hash=\"#elementor-action%3Aaction%3Dlightbox%26settings%3DeyJpZCI6MTIyNTUsInVybCI6Imh0dHBzOlwvXC9odHMtbWN0LmNvbVwvd3AtY29udGVudFwvdXBsb2Fkc1wvMjAyNVwvMDVcL0VNQy1CbGFuay1ibG9ja3MuanBnIn0%3D\">\n\t\t\t\t\t\t\t<img fetchpriority=\"high\" decoding=\"async\" width=\"300\" height=\"300\" src=\"https:\/\/hts-mct.com\/wp-content\/uploads\/2025\/05\/EMC-Blank-blocks.jpg\" class=\"attachment-medium size-medium wp-image-12255\" alt=\"HTS Sealing Assembly Blank EMC blocks\" srcset=\"https:\/\/hts-mct.com\/wp-content\/uploads\/2025\/05\/EMC-Blank-blocks.jpg 300w, https:\/\/hts-mct.com\/wp-content\/uploads\/2025\/05\/EMC-Blank-blocks-150x150.jpg 150w\" sizes=\"(max-width: 300px) 100vw, 300px\" \/>\t\t\t\t\t\t\t\t<\/a>\n\t\t\t\t\t\t\t\t\t\t\t\t\t\t\t<\/div>\n\t\t\t\t<\/div>\n\t\t\t\t<\/div>\n\t\t\t\t\t<\/div>\n\t\t\t\t<\/div>\n\t\t<div class=\"elementor-element elementor-element-63f181a1 e-flex e-con-boxed e-con e-parent\" data-id=\"63f181a1\" data-element_type=\"container\" data-e-type=\"container\">\n\t\t\t\t\t<div class=\"e-con-inner\">\n\t\t\t\t<div class=\"elementor-element elementor-element-685f1889 elementor-widget elementor-widget-heading\" data-id=\"685f1889\" data-element_type=\"widget\" data-e-type=\"widget\" data-widget_type=\"heading.default\">\n\t\t\t\t<div class=\"elementor-widget-container\">\n\t\t\t\t\t<h2 class=\"elementor-heading-title elementor-size-default\">Descripci\u00f3n de los Tacos ciegos EMC<\/h2>\t\t\t\t<\/div>\n\t\t\t\t<\/div>\n\t\t\t\t<div class=\"elementor-element elementor-element-4b15a7ee elementor-widget elementor-widget-text-editor\" data-id=\"4b15a7ee\" data-element_type=\"widget\" data-e-type=\"widget\" data-widget_type=\"text-editor.default\">\n\t\t\t\t<div class=\"elementor-widget-container\">\n\t\t\t\t\t\t\t\t\t<p><strong>Los tacos ciegos EMC<\/strong>, fabricados para rellenar espacios no utilizados dentro del marco, garantizando la adaptabilidad y flexibilidad futuras de los sistemas de sellado de cables y tuber\u00edas. Estos tacos, disponibles en el mismo materiale que los tacos pasacable EMC, est\u00e1n dise\u00f1ados con la misma atenci\u00f3n a los detalles de protecci\u00f3n EMC.<\/p><p><strong>Caracter\u00edsticas principales:<\/strong><\/p><ul><li>Dise\u00f1ado para rellenar los espacios no utilizados dentro del marco, garantizando su adaptabilidad futura.<\/li><li><strong>Material:<\/strong> De pol\u00edmero elastom\u00e9rico intumescente sin hal\u00f3genos. La pintura con carga de plata y la envoltura de tiras de cobre garantizan un apantallamiento correcto. <\/li><li><strong>Dise\u00f1o eficiente:<\/strong> No requiere modificaciones in situ, lo que minimiza los residuos. Cada taco ciego EMC tiene 60 mm de profundidad, lo que coincide con la gama de tama\u00f1os modulares de los tacos pasacable EMC.<\/li><li>Versi\u00f3n Ex disponible bajo pedido.<\/li><\/ul><p><br>Estos tacos ciegos EMC sirven como componentes esenciales para optimizar la eficacia de los sistemas de sellado de cables y tuber\u00edas, permitiendo una f\u00e1cil ampliaci\u00f3n y adaptaci\u00f3n a los requisitos cambiantes a lo largo del tiempo.<\/p>\t\t\t\t\t\t\t\t<\/div>\n\t\t\t\t<\/div>\n\t\t\t\t<div class=\"elementor-element elementor-element-15de82d2 botom-line-degree elementor-widget elementor-widget-heading\" data-id=\"15de82d2\" data-element_type=\"widget\" data-e-type=\"widget\" data-widget_type=\"heading.default\">\n\t\t\t\t<div class=\"elementor-widget-container\">\n\t\t\t\t\t<h2 class=\"elementor-heading-title elementor-size-default\">Descargas<\/h2>\t\t\t\t<\/div>\n\t\t\t\t<\/div>\n\t\t\t\t<div class=\"elementor-element elementor-element-4e760eb3 icons-color-secondary elementor-list-item-link-inline elementor-icon-list--layout-traditional elementor-widget elementor-widget-icon-list\" data-id=\"4e760eb3\" data-element_type=\"widget\" data-e-type=\"widget\" data-widget_type=\"icon-list.default\">\n\t\t\t\t<div class=\"elementor-widget-container\">\n\t\t\t\t\t\t\t<ul class=\"elementor-icon-list-items\">\n\t\t\t\t\t\t\t<li class=\"elementor-icon-list-item\">\n\t\t\t\t\t\t\t\t\t\t\t<a href=\"https:\/\/hts-mct.com\/documentation\/datasheet\/blank-blocks-EMC-data-sheet-es.pdf\">\n\n\t\t\t\t\t\t\t\t\t\t\t\t<span class=\"elementor-icon-list-icon\">\n\t\t\t\t\t\t\t<svg aria-hidden=\"true\" class=\"e-font-icon-svg e-far-arrow-alt-circle-right\" viewBox=\"0 0 512 512\" xmlns=\"http:\/\/www.w3.org\/2000\/svg\"><path d=\"M504 256C504 119 393 8 256 8S8 119 8 256s111 248 248 248 248-111 248-248zm-448 0c0-110.5 89.5-200 200-200s200 89.5 200 200-89.5 200-200 200S56 366.5 56 256zm72 20v-40c0-6.6 5.4-12 12-12h116v-67c0-10.7 12.9-16 20.5-8.5l99 99c4.7 4.7 4.7 12.3 0 17l-99 99c-7.6 7.6-20.5 2.2-20.5-8.5v-67H140c-6.6 0-12-5.4-12-12z\"><\/path><\/svg>\t\t\t\t\t\t<\/span>\n\t\t\t\t\t\t\t\t\t\t<span class=\"elementor-icon-list-text\">Ficha t\u00e9cnica de los tacos ciegos EMC<\/span>\n\t\t\t\t\t\t\t\t\t\t\t<\/a>\n\t\t\t\t\t\t\t\t\t<\/li>\n\t\t\t\t\t\t<\/ul>\n\t\t\t\t\t\t<\/div>\n\t\t\t\t<\/div>\n\t\t\t\t\t<\/div>\n\t\t\t\t<\/div>\n\t\t<div class=\"elementor-element elementor-element-4c5b16fe e-con-full e-flex e-con e-parent\" data-id=\"4c5b16fe\" data-element_type=\"container\" data-e-type=\"container\" data-settings=\"{&quot;background_background&quot;:&quot;classic&quot;}\">\n\t\t\t\t<div class=\"elementor-element elementor-element-37a83767 elementor-widget__width-inherit elementor-widget elementor-widget-heading\" data-id=\"37a83767\" data-element_type=\"widget\" data-e-type=\"widget\" data-widget_type=\"heading.default\">\n\t\t\t\t<div class=\"elementor-widget-container\">\n\t\t\t\t\t<h2 class=\"elementor-heading-title elementor-size-default\">V\u00eddeos de instalaci\u00f3n<\/h2>\t\t\t\t<\/div>\n\t\t\t\t<\/div>\n\t\t<div class=\"elementor-element elementor-element-6ac5066e e-flex e-con-boxed e-con e-child\" data-id=\"6ac5066e\" data-element_type=\"container\" data-e-type=\"container\">\n\t\t\t\t\t<div class=\"e-con-inner\">\n\t\t\t\t<div class=\"elementor-element elementor-element-5211b6f3 elementor-widget elementor-widget-video\" data-id=\"5211b6f3\" data-element_type=\"widget\" data-e-type=\"widget\" data-settings=\"{&quot;youtube_url&quot;:&quot;https:\\\/\\\/youtu.be\\\/mpGTkd93kKc&quot;,&quot;video_type&quot;:&quot;youtube&quot;,&quot;controls&quot;:&quot;yes&quot;}\" data-widget_type=\"video.default\">\n\t\t\t\t<div class=\"elementor-widget-container\">\n\t\t\t\t\t\t\t<div class=\"elementor-wrapper elementor-open-inline\">\n\t\t\t<div class=\"elementor-video\"><\/div>\t\t<\/div>\n\t\t\t\t\t\t<\/div>\n\t\t\t\t<\/div>\n\t\t\t\t<div class=\"elementor-element elementor-element-467b294e elementor-widget elementor-widget-video\" data-id=\"467b294e\" data-element_type=\"widget\" data-e-type=\"widget\" data-settings=\"{&quot;youtube_url&quot;:&quot;https:\\\/\\\/www.youtube.com\\\/watch?v=Xvfe91R-vuI&quot;,&quot;video_type&quot;:&quot;youtube&quot;,&quot;controls&quot;:&quot;yes&quot;}\" data-widget_type=\"video.default\">\n\t\t\t\t<div class=\"elementor-widget-container\">\n\t\t\t\t\t\t\t<div class=\"elementor-wrapper elementor-open-inline\">\n\t\t\t<div class=\"elementor-video\"><\/div>\t\t<\/div>\n\t\t\t\t\t\t<\/div>\n\t\t\t\t<\/div>\n\t\t\t\t<div class=\"elementor-element elementor-element-6d58ccc4 elementor-widget elementor-widget-video\" data-id=\"6d58ccc4\" data-element_type=\"widget\" data-e-type=\"widget\" data-settings=\"{&quot;youtube_url&quot;:&quot;https:\\\/\\\/youtu.be\\\/VYDlavPsZBA&quot;,&quot;video_type&quot;:&quot;youtube&quot;,&quot;controls&quot;:&quot;yes&quot;}\" data-widget_type=\"video.default\">\n\t\t\t\t<div class=\"elementor-widget-container\">\n\t\t\t\t\t\t\t<div class=\"elementor-wrapper elementor-open-inline\">\n\t\t\t<div class=\"elementor-video\"><\/div>\t\t<\/div>\n\t\t\t\t\t\t<\/div>\n\t\t\t\t<\/div>\n\t\t\t\t\t<\/div>\n\t\t\t\t<\/div>\n\t\t\t\t<\/div>\n\t\t\t\t<\/div>\n\t\t","protected":false},"excerpt":{"rendered":"<p>Tacos ciegos EMC Tacos ciegos EMC Estos tacos ofrecen un dise\u00f1o eficiente y capacidades de apantallamiento EMC, lo que los hace cruciales para optimizar la eficacia de los sistemas de sellado. Descripci\u00f3n de los Tacos ciegos EMC Los tacos ciegos EMC, fabricados para rellenar espacios no utilizados dentro del marco, garantizando la adaptabilidad y flexibilidad [&hellip;]<\/p>\n","protected":false},"author":1,"featured_media":0,"parent":14850,"menu_order":0,"comment_status":"closed","ping_status":"closed","template":"","meta":{"footnotes":""},"class_list":["post-14896","page","type-page","status-publish","hentry"],"yoast_head":"<!-- This site is optimized with the Yoast SEO Premium plugin v25.5 (Yoast SEO v25.5) - https:\/\/yoast.com\/wordpress\/plugins\/seo\/ -->\n<title>Tacos ciegos EMC - HTS MCT | Safety Sealing Solutions for Cables and Pipes<\/title>\n<meta name=\"description\" content=\"Estos tacos ciegos ofrecen un dise\u00f1o eficiente y capacidades de apantallamiento EMC, lo que los hace cruciales para optimizar la eficacia de los sistemas de sellado.\" \/>\n<meta name=\"robots\" content=\"index, follow, max-snippet:-1, max-image-preview:large, max-video-preview:-1\" \/>\n<link rel=\"canonical\" href=\"https:\/\/hts-mct.com\/es\/productos\/bloques-de-relleno-emc\/\" \/>\n<meta property=\"og:locale\" content=\"es_ES\" \/>\n<meta property=\"og:type\" content=\"article\" \/>\n<meta property=\"og:title\" content=\"Tacos ciegos EMC\" \/>\n<meta property=\"og:description\" content=\"Estos tacos ciegos ofrecen un dise\u00f1o eficiente y capacidades de apantallamiento EMC, lo que los hace cruciales para optimizar la eficacia de los sistemas de sellado.\" \/>\n<meta property=\"og:url\" content=\"https:\/\/hts-mct.com\/es\/productos\/bloques-de-relleno-emc\/\" \/>\n<meta property=\"og:site_name\" content=\"HTS MCT | Safety Sealing Solutions for Cables and Pipes\" \/>\n<meta property=\"article:modified_time\" content=\"2026-02-09T10:46:47+00:00\" \/>\n<meta property=\"og:image\" content=\"https:\/\/hts-mct.com\/wp-content\/uploads\/2025\/05\/EMC-Blank-blocks.jpg\" \/>\n\t<meta property=\"og:image:width\" content=\"300\" \/>\n\t<meta property=\"og:image:height\" content=\"300\" \/>\n\t<meta property=\"og:image:type\" content=\"image\/jpeg\" \/>\n<meta name=\"twitter:card\" content=\"summary_large_image\" \/>\n<meta name=\"twitter:label1\" content=\"Tiempo de lectura\" \/>\n\t<meta name=\"twitter:data1\" content=\"2 minutos\" \/>\n<script type=\"application\/ld+json\" class=\"yoast-schema-graph\">{\"@context\":\"https:\/\/schema.org\",\"@graph\":[{\"@type\":\"WebPage\",\"@id\":\"https:\/\/hts-mct.com\/es\/productos\/bloques-de-relleno-emc\/\",\"url\":\"https:\/\/hts-mct.com\/es\/productos\/bloques-de-relleno-emc\/\",\"name\":\"Tacos ciegos EMC - HTS MCT | Safety Sealing Solutions for Cables and Pipes\",\"isPartOf\":{\"@id\":\"https:\/\/hts-mct.com\/es\/#website\"},\"primaryImageOfPage\":{\"@id\":\"https:\/\/hts-mct.com\/es\/productos\/bloques-de-relleno-emc\/#primaryimage\"},\"image\":{\"@id\":\"https:\/\/hts-mct.com\/es\/productos\/bloques-de-relleno-emc\/#primaryimage\"},\"thumbnailUrl\":\"https:\/\/hts-mct.com\/wp-content\/uploads\/2025\/05\/EMC-Blank-blocks.jpg\",\"datePublished\":\"2025-07-16T12:28:46+00:00\",\"dateModified\":\"2026-02-09T10:46:47+00:00\",\"description\":\"Estos tacos ciegos ofrecen un dise\u00f1o eficiente y capacidades de apantallamiento EMC, lo que los hace cruciales para optimizar la eficacia de los sistemas de sellado.\",\"breadcrumb\":{\"@id\":\"https:\/\/hts-mct.com\/es\/productos\/bloques-de-relleno-emc\/#breadcrumb\"},\"inLanguage\":\"es\",\"potentialAction\":[{\"@type\":\"ReadAction\",\"target\":[\"https:\/\/hts-mct.com\/es\/productos\/bloques-de-relleno-emc\/\"]}]},{\"@type\":\"ImageObject\",\"inLanguage\":\"es\",\"@id\":\"https:\/\/hts-mct.com\/es\/productos\/bloques-de-relleno-emc\/#primaryimage\",\"url\":\"https:\/\/hts-mct.com\/wp-content\/uploads\/2025\/05\/EMC-Blank-blocks.jpg\",\"contentUrl\":\"https:\/\/hts-mct.com\/wp-content\/uploads\/2025\/05\/EMC-Blank-blocks.jpg\"},{\"@type\":\"BreadcrumbList\",\"@id\":\"https:\/\/hts-mct.com\/es\/productos\/bloques-de-relleno-emc\/#breadcrumb\",\"itemListElement\":[{\"@type\":\"ListItem\",\"position\":1,\"name\":\"Home\",\"item\":\"https:\/\/hts-mct.com\/es\/hts-mct-soluciones-de-sellado-seguras-para-cables-y-tuberias\/\"},{\"@type\":\"ListItem\",\"position\":2,\"name\":\"Productos\",\"item\":\"https:\/\/hts-mct.com\/es\/productos\/\"},{\"@type\":\"ListItem\",\"position\":3,\"name\":\"Tacos ciegos EMC\"}]},{\"@type\":\"WebSite\",\"@id\":\"https:\/\/hts-mct.com\/es\/#website\",\"url\":\"https:\/\/hts-mct.com\/es\/\",\"name\":\"HTS MCT | Safety Sealing Solutions for Cables and Pipes\",\"description\":\"Discover HTS MCT sealing solutions, designed to ensure safety and efficiency for cable and pipe penetrations. Reliable protection for the most demanding environments.\",\"publisher\":{\"@id\":\"https:\/\/hts-mct.com\/es\/#organization\"},\"potentialAction\":[{\"@type\":\"SearchAction\",\"target\":{\"@type\":\"EntryPoint\",\"urlTemplate\":\"https:\/\/hts-mct.com\/es\/?s={search_term_string}\"},\"query-input\":{\"@type\":\"PropertyValueSpecification\",\"valueRequired\":true,\"valueName\":\"search_term_string\"}}],\"inLanguage\":\"es\"},{\"@type\":\"Organization\",\"@id\":\"https:\/\/hts-mct.com\/es\/#organization\",\"name\":\"HTS MCT | Safety Sealing Solutions for Cables and Pipes\",\"url\":\"https:\/\/hts-mct.com\/es\/\",\"logo\":{\"@type\":\"ImageObject\",\"inLanguage\":\"es\",\"@id\":\"https:\/\/hts-mct.com\/es\/#\/schema\/logo\/image\/\",\"url\":\"https:\/\/hts-mct.com\/wp-content\/uploads\/2025\/07\/HTS-MCT-logo-Social.png\",\"contentUrl\":\"https:\/\/hts-mct.com\/wp-content\/uploads\/2025\/07\/HTS-MCT-logo-Social.png\",\"width\":348,\"height\":89,\"caption\":\"HTS MCT | Safety Sealing Solutions for Cables and Pipes\"},\"image\":{\"@id\":\"https:\/\/hts-mct.com\/es\/#\/schema\/logo\/image\/\"}}]}<\/script>\n<!-- \/ Yoast SEO Premium plugin. -->","yoast_head_json":{"title":"Tacos ciegos EMC - HTS MCT | Safety Sealing Solutions for Cables and Pipes","description":"Estos tacos ciegos ofrecen un dise\u00f1o eficiente y capacidades de apantallamiento EMC, lo que los hace cruciales para optimizar la eficacia de los sistemas de sellado.","robots":{"index":"index","follow":"follow","max-snippet":"max-snippet:-1","max-image-preview":"max-image-preview:large","max-video-preview":"max-video-preview:-1"},"canonical":"https:\/\/hts-mct.com\/es\/productos\/bloques-de-relleno-emc\/","og_locale":"es_ES","og_type":"article","og_title":"Tacos ciegos EMC","og_description":"Estos tacos ciegos ofrecen un dise\u00f1o eficiente y capacidades de apantallamiento EMC, lo que los hace cruciales para optimizar la eficacia de los sistemas de sellado.","og_url":"https:\/\/hts-mct.com\/es\/productos\/bloques-de-relleno-emc\/","og_site_name":"HTS MCT | Safety Sealing Solutions for Cables and Pipes","article_modified_time":"2026-02-09T10:46:47+00:00","og_image":[{"width":300,"height":300,"url":"https:\/\/hts-mct.com\/wp-content\/uploads\/2025\/05\/EMC-Blank-blocks.jpg","type":"image\/jpeg"}],"twitter_card":"summary_large_image","twitter_misc":{"Tiempo de lectura":"2 minutos"},"schema":{"@context":"https:\/\/schema.org","@graph":[{"@type":"WebPage","@id":"https:\/\/hts-mct.com\/es\/productos\/bloques-de-relleno-emc\/","url":"https:\/\/hts-mct.com\/es\/productos\/bloques-de-relleno-emc\/","name":"Tacos ciegos EMC - HTS MCT | Safety Sealing Solutions for Cables and Pipes","isPartOf":{"@id":"https:\/\/hts-mct.com\/es\/#website"},"primaryImageOfPage":{"@id":"https:\/\/hts-mct.com\/es\/productos\/bloques-de-relleno-emc\/#primaryimage"},"image":{"@id":"https:\/\/hts-mct.com\/es\/productos\/bloques-de-relleno-emc\/#primaryimage"},"thumbnailUrl":"https:\/\/hts-mct.com\/wp-content\/uploads\/2025\/05\/EMC-Blank-blocks.jpg","datePublished":"2025-07-16T12:28:46+00:00","dateModified":"2026-02-09T10:46:47+00:00","description":"Estos tacos ciegos ofrecen un dise\u00f1o eficiente y capacidades de apantallamiento EMC, lo que los hace cruciales para optimizar la eficacia de los sistemas de sellado.","breadcrumb":{"@id":"https:\/\/hts-mct.com\/es\/productos\/bloques-de-relleno-emc\/#breadcrumb"},"inLanguage":"es","potentialAction":[{"@type":"ReadAction","target":["https:\/\/hts-mct.com\/es\/productos\/bloques-de-relleno-emc\/"]}]},{"@type":"ImageObject","inLanguage":"es","@id":"https:\/\/hts-mct.com\/es\/productos\/bloques-de-relleno-emc\/#primaryimage","url":"https:\/\/hts-mct.com\/wp-content\/uploads\/2025\/05\/EMC-Blank-blocks.jpg","contentUrl":"https:\/\/hts-mct.com\/wp-content\/uploads\/2025\/05\/EMC-Blank-blocks.jpg"},{"@type":"BreadcrumbList","@id":"https:\/\/hts-mct.com\/es\/productos\/bloques-de-relleno-emc\/#breadcrumb","itemListElement":[{"@type":"ListItem","position":1,"name":"Home","item":"https:\/\/hts-mct.com\/es\/hts-mct-soluciones-de-sellado-seguras-para-cables-y-tuberias\/"},{"@type":"ListItem","position":2,"name":"Productos","item":"https:\/\/hts-mct.com\/es\/productos\/"},{"@type":"ListItem","position":3,"name":"Tacos ciegos EMC"}]},{"@type":"WebSite","@id":"https:\/\/hts-mct.com\/es\/#website","url":"https:\/\/hts-mct.com\/es\/","name":"HTS MCT | Safety Sealing Solutions for Cables and Pipes","description":"Discover HTS MCT sealing solutions, designed to ensure safety and efficiency for cable and pipe penetrations. Reliable protection for the most demanding environments.","publisher":{"@id":"https:\/\/hts-mct.com\/es\/#organization"},"potentialAction":[{"@type":"SearchAction","target":{"@type":"EntryPoint","urlTemplate":"https:\/\/hts-mct.com\/es\/?s={search_term_string}"},"query-input":{"@type":"PropertyValueSpecification","valueRequired":true,"valueName":"search_term_string"}}],"inLanguage":"es"},{"@type":"Organization","@id":"https:\/\/hts-mct.com\/es\/#organization","name":"HTS MCT | Safety Sealing Solutions for Cables and Pipes","url":"https:\/\/hts-mct.com\/es\/","logo":{"@type":"ImageObject","inLanguage":"es","@id":"https:\/\/hts-mct.com\/es\/#\/schema\/logo\/image\/","url":"https:\/\/hts-mct.com\/wp-content\/uploads\/2025\/07\/HTS-MCT-logo-Social.png","contentUrl":"https:\/\/hts-mct.com\/wp-content\/uploads\/2025\/07\/HTS-MCT-logo-Social.png","width":348,"height":89,"caption":"HTS MCT | Safety Sealing Solutions for Cables and Pipes"},"image":{"@id":"https:\/\/hts-mct.com\/es\/#\/schema\/logo\/image\/"}}]}},"_links":{"self":[{"href":"https:\/\/hts-mct.com\/es\/wp-json\/wp\/v2\/pages\/14896","targetHints":{"allow":["GET"]}}],"collection":[{"href":"https:\/\/hts-mct.com\/es\/wp-json\/wp\/v2\/pages"}],"about":[{"href":"https:\/\/hts-mct.com\/es\/wp-json\/wp\/v2\/types\/page"}],"author":[{"embeddable":true,"href":"https:\/\/hts-mct.com\/es\/wp-json\/wp\/v2\/users\/1"}],"replies":[{"embeddable":true,"href":"https:\/\/hts-mct.com\/es\/wp-json\/wp\/v2\/comments?post=14896"}],"version-history":[{"count":17,"href":"https:\/\/hts-mct.com\/es\/wp-json\/wp\/v2\/pages\/14896\/revisions"}],"predecessor-version":[{"id":25796,"href":"https:\/\/hts-mct.com\/es\/wp-json\/wp\/v2\/pages\/14896\/revisions\/25796"}],"up":[{"embeddable":true,"href":"https:\/\/hts-mct.com\/es\/wp-json\/wp\/v2\/pages\/14850"}],"wp:attachment":[{"href":"https:\/\/hts-mct.com\/es\/wp-json\/wp\/v2\/media?parent=14896"}],"curies":[{"name":"wp","href":"https:\/\/api.w.org\/{rel}","templated":true}]}}