{"id":14882,"date":"2025-07-16T12:07:35","date_gmt":"2025-07-16T10:07:35","guid":{"rendered":"https:\/\/hts-mct.com\/productos\/herramienta-de-sujecion\/"},"modified":"2026-02-09T16:34:51","modified_gmt":"2026-02-09T15:34:51","slug":"herramienta-de-sujecion","status":"publish","type":"page","link":"https:\/\/hts-mct.com\/es\/productos\/herramienta-de-sujecion\/","title":{"rendered":"Herramienta de Sujeci\u00f3n"},"content":{"rendered":"\t\t<div data-elementor-type=\"wp-page\" data-elementor-id=\"14882\" class=\"elementor elementor-14882 elementor-13995\" data-elementor-post-type=\"page\">\n\t\t\t\t<div class=\"elementor-element elementor-element-4fe5f81c e-con-full e-flex e-con e-parent\" data-id=\"4fe5f81c\" data-element_type=\"container\" data-e-type=\"container\" data-settings=\"{&quot;background_background&quot;:&quot;classic&quot;}\">\n\t\t\t\t<div class=\"elementor-element elementor-element-13e2f5e3 elementor-widget elementor-widget-heading\" data-id=\"13e2f5e3\" data-element_type=\"widget\" data-e-type=\"widget\" data-widget_type=\"heading.default\">\n\t\t\t\t<div class=\"elementor-widget-container\">\n\t\t\t\t\t<h1 class=\"elementor-heading-title elementor-size-default\">Herramienta de sujeci\u00f3n<\/h1>\t\t\t\t<\/div>\n\t\t\t\t<\/div>\n\t\t\t\t<div class=\"elementor-element elementor-element-15b47ee8 elementor-align-center elementor-widget elementor-widget-breadcrumbs\" data-id=\"15b47ee8\" data-element_type=\"widget\" data-e-type=\"widget\" id=\"breadcrumbs\" data-widget_type=\"breadcrumbs.default\">\n\t\t\t\t<div class=\"elementor-widget-container\">\n\t\t\t\t\t<nav id=\"breadcrumbs\"><span><span><a href=\"https:\/\/hts-mct.com\/es\/hts-mct-soluciones-de-sellado-seguras-para-cables-y-tuberias\/\">Home<\/a><\/span><\/span><\/nav>\t\t\t\t<\/div>\n\t\t\t\t<\/div>\n\t\t\t\t<\/div>\n\t\t<div class=\"elementor-element elementor-element-18698909 e-flex e-con-boxed e-con e-parent\" data-id=\"18698909\" data-element_type=\"container\" data-e-type=\"container\">\n\t\t\t\t\t<div class=\"e-con-inner\">\n\t\t<div class=\"elementor-element elementor-element-53483a9f e-con-full e-flex e-con e-child\" data-id=\"53483a9f\" data-element_type=\"container\" data-e-type=\"container\">\n\t\t\t\t<div class=\"elementor-element elementor-element-643db181 elementor-widget elementor-widget-heading\" data-id=\"643db181\" data-element_type=\"widget\" data-e-type=\"widget\" data-widget_type=\"heading.default\">\n\t\t\t\t<div class=\"elementor-widget-container\">\n\t\t\t\t\t<h2 class=\"elementor-heading-title elementor-size-default\">Herramienta de sujeci\u00f3n<\/h2>\t\t\t\t<\/div>\n\t\t\t\t<\/div>\n\t\t\t\t<div class=\"elementor-element elementor-element-1910ccc1 elementor-widget elementor-widget-text-editor\" data-id=\"1910ccc1\" data-element_type=\"widget\" data-e-type=\"widget\" data-widget_type=\"text-editor.default\">\n\t\t\t\t<div class=\"elementor-widget-container\">\n\t\t\t\t\t\t\t\t\t<p>La Herramienta de Sujeci\u00f3n sirve como soluci\u00f3n vers\u00e1til y pr\u00e1ctica para garantizar una instalaci\u00f3n precisa y estable de los sistemas de tr\u00e1nsito. Dise\u00f1ada para sujetar bloques o cables de forma segura, esta herramienta reutilizable mejora la eficacia y la seguridad durante los procesos de instalaci\u00f3n in situ. <\/p>\t\t\t\t\t\t\t\t<\/div>\n\t\t\t\t<\/div>\n\t\t\t\t<\/div>\n\t\t<div class=\"elementor-element elementor-element-1870367e e-con-full e-flex e-con e-child\" data-id=\"1870367e\" data-element_type=\"container\" data-e-type=\"container\">\n\t\t\t\t<div class=\"elementor-element elementor-element-6f39238a elementor-widget elementor-widget-image\" data-id=\"6f39238a\" data-element_type=\"widget\" data-e-type=\"widget\" data-widget_type=\"image.default\">\n\t\t\t\t<div class=\"elementor-widget-container\">\n\t\t\t\t\t\t\t\t\t\t\t\t\t\t\t\t<a href=\"https:\/\/hts-mct.com\/wp-content\/uploads\/2025\/07\/hawke-clamp-tool-indispensable-aid-for-onsite-installation.png\" data-elementor-open-lightbox=\"yes\" data-elementor-lightbox-title=\"hawke-clamp-tool-indispensable-aid-for-onsite-installation\" data-elementor-lightbox-description=\"Clamp Tool serves as a versatile and practical solution for ensuring precise and stable installation of transit systems. Designed to hold blocks or cables securely in place, this reusable tool enhances efficiency and safety during onsite installation processes.\" data-e-action-hash=\"#elementor-action%3Aaction%3Dlightbox%26settings%3DeyJpZCI6MTQwMDAsInVybCI6Imh0dHBzOlwvXC9odHMtbWN0LmNvbVwvd3AtY29udGVudFwvdXBsb2Fkc1wvMjAyNVwvMDdcL2hhd2tlLWNsYW1wLXRvb2wtaW5kaXNwZW5zYWJsZS1haWQtZm9yLW9uc2l0ZS1pbnN0YWxsYXRpb24ucG5nIn0%3D\">\n\t\t\t\t\t\t\t<img fetchpriority=\"high\" decoding=\"async\" width=\"300\" height=\"225\" src=\"https:\/\/hts-mct.com\/wp-content\/uploads\/2025\/07\/hawke-clamp-tool-indispensable-aid-for-onsite-installation-300x225.png\" class=\"attachment-medium size-medium wp-image-14000\" alt=\"\" srcset=\"https:\/\/hts-mct.com\/wp-content\/uploads\/2025\/07\/hawke-clamp-tool-indispensable-aid-for-onsite-installation-300x225.png 300w, https:\/\/hts-mct.com\/wp-content\/uploads\/2025\/07\/hawke-clamp-tool-indispensable-aid-for-onsite-installation.png 400w\" sizes=\"(max-width: 300px) 100vw, 300px\" \/>\t\t\t\t\t\t\t\t<\/a>\n\t\t\t\t\t\t\t\t\t\t\t\t\t\t\t<\/div>\n\t\t\t\t<\/div>\n\t\t\t\t<\/div>\n\t\t\t\t\t<\/div>\n\t\t\t\t<\/div>\n\t\t<div class=\"elementor-element elementor-element-1f61340f e-flex e-con-boxed e-con e-parent\" data-id=\"1f61340f\" data-element_type=\"container\" data-e-type=\"container\">\n\t\t\t\t\t<div class=\"e-con-inner\">\n\t\t\t\t<div class=\"elementor-element elementor-element-df3a0e elementor-widget elementor-widget-heading\" data-id=\"df3a0e\" data-element_type=\"widget\" data-e-type=\"widget\" data-widget_type=\"heading.default\">\n\t\t\t\t<div class=\"elementor-widget-container\">\n\t\t\t\t\t<h2 class=\"elementor-heading-title elementor-size-default\">Descripci\u00f3n de la herramienta de sujeci\u00f3n<\/h2>\t\t\t\t<\/div>\n\t\t\t\t<\/div>\n\t\t\t\t<div class=\"elementor-element elementor-element-6ab6c010 elementor-widget elementor-widget-text-editor\" data-id=\"6ab6c010\" data-element_type=\"widget\" data-e-type=\"widget\" data-widget_type=\"text-editor.default\">\n\t\t\t\t<div class=\"elementor-widget-container\">\n\t\t\t\t\t\t\t\t\t<div class=\"elementor-element elementor-element-c8f94a3 e-flex e-con-boxed wpr-particle-no wpr-jarallax-no wpr-parallax-no wpr-sticky-section-no e-con e-parent e-lazyloaded\" data-id=\"c8f94a3\" data-element_type=\"container\"><div class=\"e-con-inner\"><div class=\"elementor-element elementor-element-fd34cb8 elementor-tabs-controls-flex-start no-before-after elementor-tabs-view-top elementor-widget elementor-widget-jet-single-tabs\" data-id=\"fd34cb8\" data-element_type=\"widget\" data-widget_type=\"jet-single-tabs.default\"><div class=\"elementor-widget-container\"><div class=\"elementor-jet-single-tabs jet-woo-builder\"><div class=\"jet-single-tabs__wrap\"><div class=\"woocommerce-tabs wc-tabs-wrapper\"><div id=\"tab-description\" class=\"woocommerce-Tabs-panel woocommerce-Tabs-panel--description panel entry-content wc-tab\" role=\"tabpanel\" aria-labelledby=\"tab-title-description\"><p>La <strong>Herramienta de Sujeci\u00f3n HTS<\/strong> es una ayuda indispensable para la instalaci\u00f3n in situ. Esta herramienta reutilizable est\u00e1 dise\u00f1ada para sujetar bloques o cables en su posici\u00f3n durante una instalaci\u00f3n, especialmente \u00fatil en bastidores horizontales, instalaciones parciales o cuando se trata de un gran n\u00famero de cables. <\/p><p><strong>Caracter\u00edsticas principales:<\/strong><\/p><ul><li>Proporciona apoyo adicional durante la instalaci\u00f3n en tr\u00e1nsito, sujetando los elementos sueltos, como m\u00f3dulos de sellado, tirantes y cables.<\/li><li>Pr\u00e1ctica herramienta para instalaciones horizontales, que evita la ca\u00edda de m\u00f3dulos y placas de sujeci\u00f3n.<\/li><li>Ayuda a mantener la estabilidad de la instalaci\u00f3n durante las pausas cortas o cuando se mantienen temporalmente los cables en su sitio.<\/li><li>Las abrazaderas para placas estacionarias sujetan firmemente las placas estacionarias durante las instalaciones horizontales, garantizando un posicionamiento preciso.<\/li><\/ul><p><br>La Herramienta de Sujeci\u00f3n HTS ofrece comodidad y fiabilidad durante la instalaci\u00f3n, facilitando la gesti\u00f3n y el mantenimiento de la integridad del sistema de tr\u00e1nsito, especialmente en escenarios de instalaci\u00f3n dif\u00edciles.<\/p><\/div><\/div><\/div><\/div><\/div><\/div><\/div><\/div>\t\t\t\t\t\t\t\t<\/div>\n\t\t\t\t<\/div>\n\t\t\t\t<div class=\"elementor-element elementor-element-31a0fe8b botom-line-degree elementor-widget elementor-widget-heading\" data-id=\"31a0fe8b\" data-element_type=\"widget\" data-e-type=\"widget\" data-widget_type=\"heading.default\">\n\t\t\t\t<div class=\"elementor-widget-container\">\n\t\t\t\t\t<h2 class=\"elementor-heading-title elementor-size-default\">Descargas<\/h2>\t\t\t\t<\/div>\n\t\t\t\t<\/div>\n\t\t\t\t<div class=\"elementor-element elementor-element-367fc0dd icons-color-secondary elementor-icon-list--layout-traditional elementor-list-item-link-full_width elementor-widget elementor-widget-icon-list\" data-id=\"367fc0dd\" data-element_type=\"widget\" data-e-type=\"widget\" data-widget_type=\"icon-list.default\">\n\t\t\t\t<div class=\"elementor-widget-container\">\n\t\t\t\t\t\t\t<ul class=\"elementor-icon-list-items\">\n\t\t\t\t\t\t\t<li class=\"elementor-icon-list-item\">\n\t\t\t\t\t\t\t\t\t\t\t<a href=\"https:\/\/hts-mct.com\/documentation\/datasheet\/welding-fixing-tool-and-clam-tool-data-sheet-es.pdf\">\n\n\t\t\t\t\t\t\t\t\t\t\t\t<span class=\"elementor-icon-list-icon\">\n\t\t\t\t\t\t\t<svg aria-hidden=\"true\" class=\"e-font-icon-svg e-far-arrow-alt-circle-right\" viewBox=\"0 0 512 512\" xmlns=\"http:\/\/www.w3.org\/2000\/svg\"><path d=\"M504 256C504 119 393 8 256 8S8 119 8 256s111 248 248 248 248-111 248-248zm-448 0c0-110.5 89.5-200 200-200s200 89.5 200 200-89.5 200-200 200S56 366.5 56 256zm72 20v-40c0-6.6 5.4-12 12-12h116v-67c0-10.7 12.9-16 20.5-8.5l99 99c4.7 4.7 4.7 12.3 0 17l-99 99c-7.6 7.6-20.5 2.2-20.5-8.5v-67H140c-6.6 0-12-5.4-12-12z\"><\/path><\/svg>\t\t\t\t\t\t<\/span>\n\t\t\t\t\t\t\t\t\t\t<span class=\"elementor-icon-list-text\">Ficha t\u00e9cnica de la herramienta de sujeci\u00f3n<\/span>\n\t\t\t\t\t\t\t\t\t\t\t<\/a>\n\t\t\t\t\t\t\t\t\t<\/li>\n\t\t\t\t\t\t\t\t<li class=\"elementor-icon-list-item\">\n\t\t\t\t\t\t\t\t\t\t\t<a href=\"https:\/\/hts-mct.com\/documentation\/installation_guides\/clamp-tool-use-guide-es.pdf\">\n\n\t\t\t\t\t\t\t\t\t\t\t\t<span class=\"elementor-icon-list-icon\">\n\t\t\t\t\t\t\t<svg aria-hidden=\"true\" class=\"e-font-icon-svg e-far-arrow-alt-circle-right\" viewBox=\"0 0 512 512\" xmlns=\"http:\/\/www.w3.org\/2000\/svg\"><path d=\"M504 256C504 119 393 8 256 8S8 119 8 256s111 248 248 248 248-111 248-248zm-448 0c0-110.5 89.5-200 200-200s200 89.5 200 200-89.5 200-200 200S56 366.5 56 256zm72 20v-40c0-6.6 5.4-12 12-12h116v-67c0-10.7 12.9-16 20.5-8.5l99 99c4.7 4.7 4.7 12.3 0 17l-99 99c-7.6 7.6-20.5 2.2-20.5-8.5v-67H140c-6.6 0-12-5.4-12-12z\"><\/path><\/svg>\t\t\t\t\t\t<\/span>\n\t\t\t\t\t\t\t\t\t\t<span class=\"elementor-icon-list-text\">Gu\u00eda de uso de la herramienta de sujeci\u00f3n<\/span>\n\t\t\t\t\t\t\t\t\t\t\t<\/a>\n\t\t\t\t\t\t\t\t\t<\/li>\n\t\t\t\t\t\t<\/ul>\n\t\t\t\t\t\t<\/div>\n\t\t\t\t<\/div>\n\t\t\t\t\t<\/div>\n\t\t\t\t<\/div>\n\t\t<div class=\"elementor-element elementor-element-115036be e-con-full e-flex e-con e-parent\" data-id=\"115036be\" data-element_type=\"container\" data-e-type=\"container\" data-settings=\"{&quot;background_background&quot;:&quot;classic&quot;}\">\n\t\t\t\t<div class=\"elementor-element elementor-element-4ab47fb3 elementor-widget__width-inherit elementor-widget elementor-widget-heading\" data-id=\"4ab47fb3\" data-element_type=\"widget\" data-e-type=\"widget\" data-widget_type=\"heading.default\">\n\t\t\t\t<div class=\"elementor-widget-container\">\n\t\t\t\t\t<h2 class=\"elementor-heading-title elementor-size-default\">V\u00eddeos de instalaci\u00f3n<\/h2>\t\t\t\t<\/div>\n\t\t\t\t<\/div>\n\t\t<div class=\"elementor-element elementor-element-38e1da39 e-flex e-con-boxed e-con e-child\" data-id=\"38e1da39\" data-element_type=\"container\" data-e-type=\"container\">\n\t\t\t\t\t<div class=\"e-con-inner\">\n\t\t\t\t<div class=\"elementor-element elementor-element-5c90e7a9 elementor-widget elementor-widget-video\" data-id=\"5c90e7a9\" data-element_type=\"widget\" data-e-type=\"widget\" data-settings=\"{&quot;youtube_url&quot;:&quot;https:\\\/\\\/youtu.be\\\/mpGTkd93kKc&quot;,&quot;video_type&quot;:&quot;youtube&quot;,&quot;controls&quot;:&quot;yes&quot;}\" data-widget_type=\"video.default\">\n\t\t\t\t<div class=\"elementor-widget-container\">\n\t\t\t\t\t\t\t<div class=\"elementor-wrapper elementor-open-inline\">\n\t\t\t<div class=\"elementor-video\"><\/div>\t\t<\/div>\n\t\t\t\t\t\t<\/div>\n\t\t\t\t<\/div>\n\t\t\t\t<div class=\"elementor-element elementor-element-2f435a99 elementor-widget elementor-widget-video\" data-id=\"2f435a99\" data-element_type=\"widget\" data-e-type=\"widget\" data-settings=\"{&quot;youtube_url&quot;:&quot;https:\\\/\\\/www.youtube.com\\\/watch?v=Xvfe91R-vuI&quot;,&quot;video_type&quot;:&quot;youtube&quot;,&quot;controls&quot;:&quot;yes&quot;}\" data-widget_type=\"video.default\">\n\t\t\t\t<div class=\"elementor-widget-container\">\n\t\t\t\t\t\t\t<div class=\"elementor-wrapper elementor-open-inline\">\n\t\t\t<div class=\"elementor-video\"><\/div>\t\t<\/div>\n\t\t\t\t\t\t<\/div>\n\t\t\t\t<\/div>\n\t\t\t\t<div class=\"elementor-element elementor-element-73eb62f7 elementor-widget elementor-widget-video\" data-id=\"73eb62f7\" data-element_type=\"widget\" data-e-type=\"widget\" data-settings=\"{&quot;youtube_url&quot;:&quot;https:\\\/\\\/youtu.be\\\/VYDlavPsZBA&quot;,&quot;video_type&quot;:&quot;youtube&quot;,&quot;controls&quot;:&quot;yes&quot;}\" data-widget_type=\"video.default\">\n\t\t\t\t<div class=\"elementor-widget-container\">\n\t\t\t\t\t\t\t<div class=\"elementor-wrapper elementor-open-inline\">\n\t\t\t<div class=\"elementor-video\"><\/div>\t\t<\/div>\n\t\t\t\t\t\t<\/div>\n\t\t\t\t<\/div>\n\t\t\t\t\t<\/div>\n\t\t\t\t<\/div>\n\t\t\t\t<\/div>\n\t\t\t\t<\/div>\n\t\t","protected":false},"excerpt":{"rendered":"<p>Herramienta de sujeci\u00f3n Herramienta de sujeci\u00f3n La Herramienta de Sujeci\u00f3n sirve como soluci\u00f3n vers\u00e1til y pr\u00e1ctica para garantizar una instalaci\u00f3n precisa y estable de los sistemas de tr\u00e1nsito. Dise\u00f1ada para sujetar bloques o cables de forma segura, esta herramienta reutilizable mejora la eficacia y la seguridad durante los procesos de instalaci\u00f3n in situ. Descripci\u00f3n de [&hellip;]<\/p>\n","protected":false},"author":1,"featured_media":0,"parent":14850,"menu_order":0,"comment_status":"closed","ping_status":"closed","template":"","meta":{"footnotes":""},"class_list":["post-14882","page","type-page","status-publish","hentry"],"yoast_head":"<!-- This site is optimized with the Yoast SEO Premium plugin v25.5 (Yoast SEO v25.5) - https:\/\/yoast.com\/wordpress\/plugins\/seo\/ -->\n<title>Herramienta de Sujeci\u00f3n - HTS MCT | Safety Sealing Solutions for Cables and Pipes<\/title>\n<meta name=\"description\" content=\"La herramienta de sujeci\u00f3n HTS ofrece una sujeci\u00f3n segura y ajustable para tareas industriales. Construida para ofrecer resistencia, precisi\u00f3n y facilidad de uso en entornos exigentes.\" \/>\n<meta name=\"robots\" content=\"index, follow, max-snippet:-1, max-image-preview:large, max-video-preview:-1\" \/>\n<link rel=\"canonical\" href=\"https:\/\/hts-mct.com\/es\/productos\/herramienta-de-sujecion\/\" \/>\n<meta property=\"og:locale\" content=\"es_ES\" \/>\n<meta property=\"og:type\" content=\"article\" \/>\n<meta property=\"og:title\" content=\"Herramienta de Sujeci\u00f3n\" \/>\n<meta property=\"og:description\" content=\"La herramienta de sujeci\u00f3n HTS ofrece una sujeci\u00f3n segura y ajustable para tareas industriales. Construida para ofrecer resistencia, precisi\u00f3n y facilidad de uso en entornos exigentes.\" \/>\n<meta property=\"og:url\" content=\"https:\/\/hts-mct.com\/es\/productos\/herramienta-de-sujecion\/\" \/>\n<meta property=\"og:site_name\" content=\"HTS MCT | Safety Sealing Solutions for Cables and Pipes\" \/>\n<meta property=\"article:modified_time\" content=\"2026-02-09T15:34:51+00:00\" \/>\n<meta property=\"og:image\" content=\"https:\/\/hts-mct.com\/wp-content\/uploads\/2025\/07\/hawke-clamp-tool-indispensable-aid-for-onsite-installation.png\" \/>\n\t<meta property=\"og:image:width\" content=\"400\" \/>\n\t<meta property=\"og:image:height\" content=\"300\" \/>\n\t<meta property=\"og:image:type\" content=\"image\/png\" \/>\n<meta name=\"twitter:card\" content=\"summary_large_image\" \/>\n<meta name=\"twitter:label1\" content=\"Tiempo de lectura\" \/>\n\t<meta name=\"twitter:data1\" content=\"2 minutos\" \/>\n<script type=\"application\/ld+json\" class=\"yoast-schema-graph\">{\"@context\":\"https:\/\/schema.org\",\"@graph\":[{\"@type\":\"WebPage\",\"@id\":\"https:\/\/hts-mct.com\/es\/productos\/herramienta-de-sujecion\/\",\"url\":\"https:\/\/hts-mct.com\/es\/productos\/herramienta-de-sujecion\/\",\"name\":\"Herramienta de Sujeci\u00f3n - HTS MCT | Safety Sealing Solutions for Cables and Pipes\",\"isPartOf\":{\"@id\":\"https:\/\/hts-mct.com\/es\/#website\"},\"primaryImageOfPage\":{\"@id\":\"https:\/\/hts-mct.com\/es\/productos\/herramienta-de-sujecion\/#primaryimage\"},\"image\":{\"@id\":\"https:\/\/hts-mct.com\/es\/productos\/herramienta-de-sujecion\/#primaryimage\"},\"thumbnailUrl\":\"https:\/\/hts-mct.com\/wp-content\/uploads\/2025\/07\/hawke-clamp-tool-indispensable-aid-for-onsite-installation-300x225.png\",\"datePublished\":\"2025-07-16T10:07:35+00:00\",\"dateModified\":\"2026-02-09T15:34:51+00:00\",\"description\":\"La herramienta de sujeci\u00f3n HTS ofrece una sujeci\u00f3n segura y ajustable para tareas industriales. Construida para ofrecer resistencia, precisi\u00f3n y facilidad de uso en entornos exigentes.\",\"breadcrumb\":{\"@id\":\"https:\/\/hts-mct.com\/es\/productos\/herramienta-de-sujecion\/#breadcrumb\"},\"inLanguage\":\"es\",\"potentialAction\":[{\"@type\":\"ReadAction\",\"target\":[\"https:\/\/hts-mct.com\/es\/productos\/herramienta-de-sujecion\/\"]}]},{\"@type\":\"ImageObject\",\"inLanguage\":\"es\",\"@id\":\"https:\/\/hts-mct.com\/es\/productos\/herramienta-de-sujecion\/#primaryimage\",\"url\":\"https:\/\/hts-mct.com\/wp-content\/uploads\/2025\/07\/hawke-clamp-tool-indispensable-aid-for-onsite-installation-300x225.png\",\"contentUrl\":\"https:\/\/hts-mct.com\/wp-content\/uploads\/2025\/07\/hawke-clamp-tool-indispensable-aid-for-onsite-installation-300x225.png\"},{\"@type\":\"BreadcrumbList\",\"@id\":\"https:\/\/hts-mct.com\/es\/productos\/herramienta-de-sujecion\/#breadcrumb\",\"itemListElement\":[{\"@type\":\"ListItem\",\"position\":1,\"name\":\"Home\",\"item\":\"https:\/\/hts-mct.com\/es\/hts-mct-soluciones-de-sellado-seguras-para-cables-y-tuberias\/\"},{\"@type\":\"ListItem\",\"position\":2,\"name\":\"Productos\",\"item\":\"https:\/\/hts-mct.com\/es\/productos\/\"},{\"@type\":\"ListItem\",\"position\":3,\"name\":\"Herramienta de Sujeci\u00f3n\"}]},{\"@type\":\"WebSite\",\"@id\":\"https:\/\/hts-mct.com\/es\/#website\",\"url\":\"https:\/\/hts-mct.com\/es\/\",\"name\":\"HTS MCT | Safety Sealing Solutions for Cables and Pipes\",\"description\":\"Discover HTS MCT sealing solutions, designed to ensure safety and efficiency for cable and pipe penetrations. Reliable protection for the most demanding environments.\",\"publisher\":{\"@id\":\"https:\/\/hts-mct.com\/es\/#organization\"},\"potentialAction\":[{\"@type\":\"SearchAction\",\"target\":{\"@type\":\"EntryPoint\",\"urlTemplate\":\"https:\/\/hts-mct.com\/es\/?s={search_term_string}\"},\"query-input\":{\"@type\":\"PropertyValueSpecification\",\"valueRequired\":true,\"valueName\":\"search_term_string\"}}],\"inLanguage\":\"es\"},{\"@type\":\"Organization\",\"@id\":\"https:\/\/hts-mct.com\/es\/#organization\",\"name\":\"HTS MCT | Safety Sealing Solutions for Cables and Pipes\",\"url\":\"https:\/\/hts-mct.com\/es\/\",\"logo\":{\"@type\":\"ImageObject\",\"inLanguage\":\"es\",\"@id\":\"https:\/\/hts-mct.com\/es\/#\/schema\/logo\/image\/\",\"url\":\"https:\/\/hts-mct.com\/wp-content\/uploads\/2025\/07\/HTS-MCT-logo-Social.png\",\"contentUrl\":\"https:\/\/hts-mct.com\/wp-content\/uploads\/2025\/07\/HTS-MCT-logo-Social.png\",\"width\":348,\"height\":89,\"caption\":\"HTS MCT | Safety Sealing Solutions for Cables and Pipes\"},\"image\":{\"@id\":\"https:\/\/hts-mct.com\/es\/#\/schema\/logo\/image\/\"}}]}<\/script>\n<!-- \/ Yoast SEO Premium plugin. -->","yoast_head_json":{"title":"Herramienta de Sujeci\u00f3n - HTS MCT | Safety Sealing Solutions for Cables and Pipes","description":"La herramienta de sujeci\u00f3n HTS ofrece una sujeci\u00f3n segura y ajustable para tareas industriales. Construida para ofrecer resistencia, precisi\u00f3n y facilidad de uso en entornos exigentes.","robots":{"index":"index","follow":"follow","max-snippet":"max-snippet:-1","max-image-preview":"max-image-preview:large","max-video-preview":"max-video-preview:-1"},"canonical":"https:\/\/hts-mct.com\/es\/productos\/herramienta-de-sujecion\/","og_locale":"es_ES","og_type":"article","og_title":"Herramienta de Sujeci\u00f3n","og_description":"La herramienta de sujeci\u00f3n HTS ofrece una sujeci\u00f3n segura y ajustable para tareas industriales. Construida para ofrecer resistencia, precisi\u00f3n y facilidad de uso en entornos exigentes.","og_url":"https:\/\/hts-mct.com\/es\/productos\/herramienta-de-sujecion\/","og_site_name":"HTS MCT | Safety Sealing Solutions for Cables and Pipes","article_modified_time":"2026-02-09T15:34:51+00:00","og_image":[{"width":400,"height":300,"url":"https:\/\/hts-mct.com\/wp-content\/uploads\/2025\/07\/hawke-clamp-tool-indispensable-aid-for-onsite-installation.png","type":"image\/png"}],"twitter_card":"summary_large_image","twitter_misc":{"Tiempo de lectura":"2 minutos"},"schema":{"@context":"https:\/\/schema.org","@graph":[{"@type":"WebPage","@id":"https:\/\/hts-mct.com\/es\/productos\/herramienta-de-sujecion\/","url":"https:\/\/hts-mct.com\/es\/productos\/herramienta-de-sujecion\/","name":"Herramienta de Sujeci\u00f3n - HTS MCT | Safety Sealing Solutions for Cables and Pipes","isPartOf":{"@id":"https:\/\/hts-mct.com\/es\/#website"},"primaryImageOfPage":{"@id":"https:\/\/hts-mct.com\/es\/productos\/herramienta-de-sujecion\/#primaryimage"},"image":{"@id":"https:\/\/hts-mct.com\/es\/productos\/herramienta-de-sujecion\/#primaryimage"},"thumbnailUrl":"https:\/\/hts-mct.com\/wp-content\/uploads\/2025\/07\/hawke-clamp-tool-indispensable-aid-for-onsite-installation-300x225.png","datePublished":"2025-07-16T10:07:35+00:00","dateModified":"2026-02-09T15:34:51+00:00","description":"La herramienta de sujeci\u00f3n HTS ofrece una sujeci\u00f3n segura y ajustable para tareas industriales. Construida para ofrecer resistencia, precisi\u00f3n y facilidad de uso en entornos exigentes.","breadcrumb":{"@id":"https:\/\/hts-mct.com\/es\/productos\/herramienta-de-sujecion\/#breadcrumb"},"inLanguage":"es","potentialAction":[{"@type":"ReadAction","target":["https:\/\/hts-mct.com\/es\/productos\/herramienta-de-sujecion\/"]}]},{"@type":"ImageObject","inLanguage":"es","@id":"https:\/\/hts-mct.com\/es\/productos\/herramienta-de-sujecion\/#primaryimage","url":"https:\/\/hts-mct.com\/wp-content\/uploads\/2025\/07\/hawke-clamp-tool-indispensable-aid-for-onsite-installation-300x225.png","contentUrl":"https:\/\/hts-mct.com\/wp-content\/uploads\/2025\/07\/hawke-clamp-tool-indispensable-aid-for-onsite-installation-300x225.png"},{"@type":"BreadcrumbList","@id":"https:\/\/hts-mct.com\/es\/productos\/herramienta-de-sujecion\/#breadcrumb","itemListElement":[{"@type":"ListItem","position":1,"name":"Home","item":"https:\/\/hts-mct.com\/es\/hts-mct-soluciones-de-sellado-seguras-para-cables-y-tuberias\/"},{"@type":"ListItem","position":2,"name":"Productos","item":"https:\/\/hts-mct.com\/es\/productos\/"},{"@type":"ListItem","position":3,"name":"Herramienta de Sujeci\u00f3n"}]},{"@type":"WebSite","@id":"https:\/\/hts-mct.com\/es\/#website","url":"https:\/\/hts-mct.com\/es\/","name":"HTS MCT | Safety Sealing Solutions for Cables and Pipes","description":"Discover HTS MCT sealing solutions, designed to ensure safety and efficiency for cable and pipe penetrations. Reliable protection for the most demanding environments.","publisher":{"@id":"https:\/\/hts-mct.com\/es\/#organization"},"potentialAction":[{"@type":"SearchAction","target":{"@type":"EntryPoint","urlTemplate":"https:\/\/hts-mct.com\/es\/?s={search_term_string}"},"query-input":{"@type":"PropertyValueSpecification","valueRequired":true,"valueName":"search_term_string"}}],"inLanguage":"es"},{"@type":"Organization","@id":"https:\/\/hts-mct.com\/es\/#organization","name":"HTS MCT | Safety Sealing Solutions for Cables and Pipes","url":"https:\/\/hts-mct.com\/es\/","logo":{"@type":"ImageObject","inLanguage":"es","@id":"https:\/\/hts-mct.com\/es\/#\/schema\/logo\/image\/","url":"https:\/\/hts-mct.com\/wp-content\/uploads\/2025\/07\/HTS-MCT-logo-Social.png","contentUrl":"https:\/\/hts-mct.com\/wp-content\/uploads\/2025\/07\/HTS-MCT-logo-Social.png","width":348,"height":89,"caption":"HTS MCT | Safety Sealing Solutions for Cables and Pipes"},"image":{"@id":"https:\/\/hts-mct.com\/es\/#\/schema\/logo\/image\/"}}]}},"_links":{"self":[{"href":"https:\/\/hts-mct.com\/es\/wp-json\/wp\/v2\/pages\/14882","targetHints":{"allow":["GET"]}}],"collection":[{"href":"https:\/\/hts-mct.com\/es\/wp-json\/wp\/v2\/pages"}],"about":[{"href":"https:\/\/hts-mct.com\/es\/wp-json\/wp\/v2\/types\/page"}],"author":[{"embeddable":true,"href":"https:\/\/hts-mct.com\/es\/wp-json\/wp\/v2\/users\/1"}],"replies":[{"embeddable":true,"href":"https:\/\/hts-mct.com\/es\/wp-json\/wp\/v2\/comments?post=14882"}],"version-history":[{"count":10,"href":"https:\/\/hts-mct.com\/es\/wp-json\/wp\/v2\/pages\/14882\/revisions"}],"predecessor-version":[{"id":25919,"href":"https:\/\/hts-mct.com\/es\/wp-json\/wp\/v2\/pages\/14882\/revisions\/25919"}],"up":[{"embeddable":true,"href":"https:\/\/hts-mct.com\/es\/wp-json\/wp\/v2\/pages\/14850"}],"wp:attachment":[{"href":"https:\/\/hts-mct.com\/es\/wp-json\/wp\/v2\/media?parent=14882"}],"curies":[{"name":"wp","href":"https:\/\/api.w.org\/{rel}","templated":true}]}}