{"id":14791,"date":"2025-05-19T13:39:52","date_gmt":"2025-05-19T11:39:52","guid":{"rendered":"https:\/\/hts-mct.com\/politica-de-cookies\/"},"modified":"2025-08-08T11:50:44","modified_gmt":"2025-08-08T09:50:44","slug":"politica-de-cookies","status":"publish","type":"page","link":"https:\/\/hts-mct.com\/es\/politica-de-cookies\/","title":{"rendered":"Pol\u00edtica de Cookies"},"content":{"rendered":"\t\t<div data-elementor-type=\"wp-page\" data-elementor-id=\"14791\" class=\"elementor elementor-14791 elementor-97\" data-elementor-post-type=\"page\">\n\t\t\t\t<div class=\"elementor-element elementor-element-53e836e e-flex e-con-boxed e-con e-parent\" data-id=\"53e836e\" data-element_type=\"container\" data-e-type=\"container\">\n\t\t\t\t\t<div class=\"e-con-inner\">\n\t\t\t\t<div class=\"elementor-element elementor-element-5449fb3 elementor-widget elementor-widget-heading\" data-id=\"5449fb3\" data-element_type=\"widget\" data-e-type=\"widget\" data-widget_type=\"heading.default\">\n\t\t\t\t<div class=\"elementor-widget-container\">\n\t\t\t\t\t<h1 class=\"elementor-heading-title elementor-size-default\">Pol\u00edtica de Cookies<\/h1>\t\t\t\t<\/div>\n\t\t\t\t<\/div>\n\t\t\t\t<div class=\"elementor-element elementor-element-e774f2d elementor-widget elementor-widget-text-editor\" data-id=\"e774f2d\" data-element_type=\"widget\" data-e-type=\"widget\" data-widget_type=\"text-editor.default\">\n\t\t\t\t<div class=\"elementor-widget-container\">\n\t\t\t\t\t\t\t\t\t<p>Este sitio web utiliza cookies propias y de terceros para ofrecerle una mejor experiencia de navegaci\u00f3n, permitir la compartici\u00f3n de contenidos en redes sociales y obtener estad\u00edsticas de uso.<\/p><p>Puede impedir la descarga de cookies a trav\u00e9s de la configuraci\u00f3n de su navegador, evitando que se almacenen en su dispositivo. Como propietario de este sitio web, le informo de que no utilizamos ninguna informaci\u00f3n personal procedente de las cookies, \u00fanicamente elaboramos estad\u00edsticas generales de visitas que no implican informaci\u00f3n personal alguna. Es muy importante que lea esta pol\u00edtica de cookies y comprenda que, si contin\u00faa navegando, consideraremos que acepta su uso.  <\/p><p>De acuerdo con lo establecido en el art\u00edculo 22.2 de la Ley 34\/2002, de Servicios de la Sociedad de la Informaci\u00f3n y de Comercio Electr\u00f3nico, si contin\u00faa navegando, estar\u00e1 prestando su consentimiento para el uso de los mecanismos anteriormente indicados.<\/p><p><span style=\"color: #009933;\"><strong>Entidad Responsable<\/strong><\/span><br>La entidad responsable de la recogida, tratamiento y uso de sus datos personales, en el sentido establecido por la Ley de Protecci\u00f3n de Datos Personales, es el sitio web Hawke HTS, propiedad de \u2013 Pol\u00edgono Industrial Tanos-Vi\u00e9rnoles, Calle La Espina n\u00ba 44, 39300 Torrelavega, Cantabria.<\/p><p><span style=\"color: #009933;\"><strong>\u00bfQu\u00e9 son las cookies?<\/strong><\/span><br>Las cookies son un conjunto de datos que un servidor deposita en el navegador del usuario para recopilar informaci\u00f3n est\u00e1ndar de registro en Internet e informaci\u00f3n sobre el comportamiento de los visitantes en un sitio web. En otras palabras, son peque\u00f1os archivos de texto que se almacenan en el disco duro del ordenador y que se utilizan para identificar al usuario cuando vuelve a conectarse al sitio web. Su finalidad es registrar la visita del usuario y almacenar determinada informaci\u00f3n. Su uso es com\u00fan y frecuente en la web, ya que permite que las p\u00e1ginas funcionen de manera m\u00e1s eficiente y logren una mayor personalizaci\u00f3n y an\u00e1lisis del comportamiento del usuario.   <\/p><p><span style=\"color: #009933;\"><strong>\u00bfQu\u00e9 tipos de cookies existen?<\/strong><\/span><br>Las cookies utilizadas en nuestro sitio web son de sesi\u00f3n y de terceros, y nos permiten almacenar y acceder a informaci\u00f3n sobre el idioma, el tipo de navegador utilizado y otras caracter\u00edsticas generales predefinidas por el usuario, as\u00ed como realizar el seguimiento y an\u00e1lisis de la actividad llevada a cabo, con el fin de introducir mejoras y prestar nuestros servicios de forma m\u00e1s eficiente y personalizada.<\/p><p>Las cookies, en funci\u00f3n de su permanencia, pueden clasificarse en cookies de sesi\u00f3n o cookies permanentes. Cookies de sesi\u00f3n: Son aquellas que expiran cuando el usuario cierra el navegador. Cookies permanentes: Son aquellas que expiran cuando se cumple la finalidad para la que fueron creadas (por ejemplo, mantener al usuario identificado en los servicios) o bien cuando se eliminan manualmente.  <\/p><p><span style=\"color: #009933;\"><strong>Nombre Tipo Caducidad Prop\u00f3sito Clase<\/strong><\/span><br>Terceros (Google Analytics) 2 a\u00f1os Se utiliza para distinguir usuarios y sesiones. No exento.<br>Terceros __utmb (Google Analytics) 30 minutos Se utiliza para determinar nuevas sesiones o visitas. No exento.<br>Terceros __utmc (Google Analytics) Al finalizar la sesi\u00f3n. Configurado para su uso con Urchin. No exento.<br>Terceros __utmz (Google Analytics) 6 meses Almacena la fuente o campa\u00f1a que explica c\u00f3mo lleg\u00f3 el usuario al sitio web. No exento. <\/p><p>Adicionalmente, en funci\u00f3n de su finalidad, las cookies pueden clasificarse de la siguiente forma:<\/p><p><span style=\"color: #009933;\"><strong>Cookies de rendimiento<\/strong><\/span><br>Este tipo de cookie recuerda tus preferencias para las herramientas que se encuentran en los servicios, por lo que no tienes que reconfigurarlos cada vez que los visitas. Por ejemplo, esta tipolog\u00eda incluye: Ajustes de volumen para reproductores de v\u00eddeo o sonido. Velocidades de transmisi\u00f3n de v\u00eddeo compatibles con tu navegador. Objetos guardados en el carrito de la compra en servicios de comercio electr\u00f3nico como tiendas.   <\/p><p><span style=\"color: #009933;\"><strong>Geo-location cookies<\/strong><\/span><br>Estas cookies se utilizan para saber en qu\u00e9 pa\u00eds se encuentra cuando solicita un servicio. Esta cookie es completamente an\u00f3nima y solo se utiliza para orientar el contenido seg\u00fan su ubicaci\u00f3n. <\/p><p><span style=\"color: #009933;\"><strong>Cookies de registro<\/strong><\/span><br>Las cookies de registro se generan una vez que el usuario se ha registrado o posteriormente ha iniciado sesi\u00f3n, y se utilizan para identificarle en los servicios con los siguientes objetivos:<\/p><p>Para mantener al usuario identificado, de modo que, si cierra un servicio, el navegador o el ordenador y vuelve a acceder a \u00e9l en otro momento u otro d\u00eda, seguir\u00e1 identificado, facilitando as\u00ed su navegaci\u00f3n sin tener que volver a identificarse. Esta funci\u00f3n se puede eliminar si el usuario pulsa el bot\u00f3n \u00abCerrar sesi\u00f3n\u00bb, de modo que esta cookie se elimina y la pr\u00f3xima vez que acceda al servicio, deber\u00e1 iniciar sesi\u00f3n para estar identificado. <\/p><p>Comprobar si el usuario est\u00e1 autorizado para acceder a ciertos servicios, por ejemplo, para participar en un concurso.<\/p><p>Adem\u00e1s, algunos servicios pueden utilizar conectores con redes sociales como Facebook o Twitter. Cuando el usuario se registra en un servicio con credenciales de una red social, autoriza a la red social a almacenar una cookie persistente que recuerda su identidad y le permite acceder a los servicios hasta su expiraci\u00f3n. El usuario puede eliminar esta cookie y revocar el acceso a los servicios a trav\u00e9s de redes sociales actualizando sus preferencias en la red social correspondiente.  <\/p><p><span style=\"color: #009933;\"><strong>Cookies Anal\u00edticas<\/strong><\/span><br>Cada vez que un usuario visita un servicio, una herramienta de un proveedor externo genera una cookie anal\u00edtica en su ordenador. Esta cookie, que solo se genera durante la visita, se utilizar\u00e1 en futuras visitas a los servicios para identificar de forma an\u00f3nima al visitante. Los principales objetivos que se persiguen son:  <\/p><p>Permitir la identificaci\u00f3n an\u00f3nima de los usuarios que navegan a trav\u00e9s de la cookie (identifica navegadores y dispositivos, no personas) y, por lo tanto, la contabilizaci\u00f3n aproximada del n\u00famero de visitantes y su tendencia en el tiempo.<br>Identificar de forma an\u00f3nima el contenido m\u00e1s visitado y, por lo tanto, m\u00e1s atractivo para los usuarios. Saber si el usuario que accede es nuevo o repite visita.<\/p><p>Importante: A menos que el usuario decida registrarse en un servicio, la cookie nunca se asociar\u00e1 con ning\u00fan dato personal que pueda identificarle. Estas cookies solo se utilizar\u00e1n con fines estad\u00edsticos para optimizar la experiencia del usuario en el sitio. <\/p><p><strong><span style=\"color: #009933;\">Cookies publicitarias<\/span><\/strong><br>Este tipo de cookies permite ampliar la informaci\u00f3n de los anuncios mostrados a cada usuario an\u00f3nimo en los servicios de [nombre del sitio web]. Entre otras cosas, almacenan la duraci\u00f3n o frecuencia de visualizaci\u00f3n de las posiciones publicitarias, la interacci\u00f3n con ellas, o los patrones de navegaci\u00f3n y\/o comportamientos del usuario, ya que ayudan a crear un perfil de inter\u00e9s publicitario. De esta forma, permiten ofrecer publicidad relacionada con los intereses del usuario.  <\/p><p>Cookies publicitarias de terceros<br>Adem\u00e1s de la publicidad gestionada por las webs en sus servicios, las webs ofrecen a sus anunciantes la opci\u00f3n de mostrar anuncios a trav\u00e9s de terceros (\u00abServidores de Anuncios\u00bb). De este modo, estos terceros pueden almacenar cookies enviadas desde los servicios de los navegadores de los usuarios, as\u00ed como acceder a los datos almacenados en ellas. <\/p><p>Las empresas que generan estas cookies tienen sus propias pol\u00edticas de privacidad. Actualmente, los sitios web utilizan la plataforma Doubleclick (Google) para gestionar estos servicios. Para m\u00e1s informaci\u00f3n, visite  <\/p><p>http:\/\/www.google.es\/policies\/privacy\/ads\/#toc-doubleclick and http:\/\/www.google.es\/policies\/privacy\/ads\/.<\/p><p><span style=\"color: #009933;\"><strong>\u00bfC\u00f3mo puedo desactivar las cookies en mi navegador?<\/strong><\/span><br>Se pueden configurar diferentes navegadores para advertir al usuario de la recepci\u00f3n de cookies y, si lo desea, impedir su instalaci\u00f3n. Asimismo, el usuario puede consultar en su navegador qu\u00e9 cookies tiene instaladas y su fecha de caducidad, pudiendo eliminarlas. <\/p><p>Para m\u00e1s informaci\u00f3n, por favor consulte las instrucciones y manuales de su navegador:<\/p><p>Para m\u00e1s informaci\u00f3n sobre la gesti\u00f3n de cookies en Google Chrome: https:\/\/support.google.com\/chrome\/answer\/95647?hl=es<\/p><p>Para m\u00e1s informaci\u00f3n sobre la administraci\u00f3n de cookies en Internet Explorer: http:\/\/windows.microsoft.com\/es-es\/windows-vista\/cookies-frequently-asked-questions<\/p><p>Para m\u00e1s informaci\u00f3n sobre la gesti\u00f3n de cookies en Mozilla Firefox: http:\/\/support.mozilla.org\/es\/kb\/habilitar-y-deshabilitar-cookies-que-los-sitios-we<\/p><p>Para m\u00e1s informaci\u00f3n sobre la gesti\u00f3n de cookies en Safari: http:\/\/www.apple.com\/es\/privacy\/use-of-cookies\/<\/p><p>Para m\u00e1s informaci\u00f3n sobre la gesti\u00f3n de cookies en Opera: http:\/\/help.opera.com\/Windows\/11.50\/es-ES\/cookies.html<\/p><p>Si desea dejar de ser rastreado por Google Analytics, visite: http:\/\/tools.google.com\/dlpage\/gaoptout<\/p><p>Aprender m\u00e1s sobre las cookies<\/p><p>Puede encontrar m\u00e1s informaci\u00f3n sobre publicidad comportamental en l\u00ednea y privacidad en l\u00ednea en el siguiente enlace: http:\/\/www.youronlinechoices.com\/es\/.<\/p><p>Protecci\u00f3n de datos de Google Analytics: http:\/\/www.google.com\/analytics\/learn\/privacy.html<\/p><p>C\u00f3mo utiliza Google Analytics las cookies: https:\/\/developers.google.com\/analytics\/devguides\/collection\/analyticsjs\/cookie-usage?hl=es#analyticsjs<\/p><p>Actualizaciones y cambios en la pol\u00edtica de privacidad\/cookies<\/p><p>Las webs de pueden modificar esta Pol\u00edtica de Cookies en funci\u00f3n de exigencias legislativas, reglamentarias, o con la finalidad de adaptar dicha pol\u00edtica a las instrucciones dictadas por la Agencia Espa\u00f1ola de Protecci\u00f3n de Datos, por lo que se aconseja a los usuarios que la visiten peri\u00f3dicamente.<\/p><p>Cuando se produzcan cambios significativos en esta Pol\u00edtica de Cookies, estos se comunicar\u00e1n a los usuarios bien mediante la web o a trav\u00e9s de correo electr\u00f3nico a los usuarios registrados.<\/p>\t\t\t\t\t\t\t\t<\/div>\n\t\t\t\t<\/div>\n\t\t\t\t\t<\/div>\n\t\t\t\t<\/div>\n\t\t\t\t<\/div>\n\t\t","protected":false},"excerpt":{"rendered":"<p>Pol\u00edtica de Cookies Este sitio web utiliza cookies propias y de terceros para ofrecerle una mejor experiencia de navegaci\u00f3n, permitir la compartici\u00f3n de contenidos en redes sociales y obtener estad\u00edsticas de uso. Puede impedir la descarga de cookies a trav\u00e9s de la configuraci\u00f3n de su navegador, evitando que se almacenen en su dispositivo. Como propietario [&hellip;]<\/p>\n","protected":false},"author":1,"featured_media":0,"parent":0,"menu_order":0,"comment_status":"closed","ping_status":"closed","template":"elementor_header_footer","meta":{"footnotes":""},"class_list":["post-14791","page","type-page","status-publish","hentry"],"yoast_head":"<!-- This site is optimized with the Yoast SEO Premium plugin v25.5 (Yoast SEO v25.5) - https:\/\/yoast.com\/wordpress\/plugins\/seo\/ -->\n<title>Pol\u00edtica de cookies - HTS MCT | Soluciones de sellado de seguridad para cables y tuber\u00edas<\/title>\n<meta name=\"description\" content=\"Aprende c\u00f3mo utiliza las cookies para mejorar tu experiencia y garantizar un acceso seguro a nuestras soluciones de sellado de cables y tuber\u00edas. Lee nuestra pol\u00edtica de cookies.\" \/>\n<meta name=\"robots\" content=\"index, follow, max-snippet:-1, max-image-preview:large, max-video-preview:-1\" \/>\n<link rel=\"canonical\" href=\"https:\/\/hts-mct.com\/es\/politica-de-cookies\/\" \/>\n<meta property=\"og:locale\" content=\"es_ES\" \/>\n<meta property=\"og:type\" content=\"article\" \/>\n<meta property=\"og:title\" content=\"Pol\u00edtica de Cookies\" \/>\n<meta property=\"og:description\" content=\"Aprende c\u00f3mo utiliza las cookies para mejorar tu experiencia y garantizar un acceso seguro a nuestras soluciones de sellado de cables y tuber\u00edas. Lee nuestra pol\u00edtica de cookies.\" \/>\n<meta property=\"og:url\" content=\"https:\/\/hts-mct.com\/es\/politica-de-cookies\/\" \/>\n<meta property=\"og:site_name\" content=\"HTS MCT | Safety Sealing Solutions for Cables and Pipes\" \/>\n<meta property=\"article:modified_time\" content=\"2025-08-08T09:50:44+00:00\" \/>\n<meta property=\"og:image\" content=\"https:\/\/hts-mct.com\/wp-content\/uploads\/2025\/07\/HTS-MCT-logo-Social.png\" \/>\n\t<meta property=\"og:image:width\" content=\"348\" \/>\n\t<meta property=\"og:image:height\" content=\"89\" \/>\n\t<meta property=\"og:image:type\" content=\"image\/png\" \/>\n<meta name=\"twitter:card\" content=\"summary_large_image\" \/>\n<meta name=\"twitter:label1\" content=\"Tiempo de lectura\" \/>\n\t<meta name=\"twitter:data1\" content=\"4 minutos\" \/>\n<script type=\"application\/ld+json\" class=\"yoast-schema-graph\">{\"@context\":\"https:\/\/schema.org\",\"@graph\":[{\"@type\":\"WebPage\",\"@id\":\"https:\/\/hts-mct.com\/es\/politica-de-cookies\/\",\"url\":\"https:\/\/hts-mct.com\/es\/politica-de-cookies\/\",\"name\":\"Pol\u00edtica de cookies - HTS MCT | Soluciones de sellado de seguridad para cables y tuber\u00edas\",\"isPartOf\":{\"@id\":\"https:\/\/hts-mct.com\/es\/#website\"},\"datePublished\":\"2025-05-19T11:39:52+00:00\",\"dateModified\":\"2025-08-08T09:50:44+00:00\",\"description\":\"Aprende c\u00f3mo utiliza las cookies para mejorar tu experiencia y garantizar un acceso seguro a nuestras soluciones de sellado de cables y tuber\u00edas. Lee nuestra pol\u00edtica de cookies.\",\"breadcrumb\":{\"@id\":\"https:\/\/hts-mct.com\/es\/politica-de-cookies\/#breadcrumb\"},\"inLanguage\":\"es\",\"potentialAction\":[{\"@type\":\"ReadAction\",\"target\":[\"https:\/\/hts-mct.com\/es\/politica-de-cookies\/\"]}]},{\"@type\":\"BreadcrumbList\",\"@id\":\"https:\/\/hts-mct.com\/es\/politica-de-cookies\/#breadcrumb\",\"itemListElement\":[{\"@type\":\"ListItem\",\"position\":1,\"name\":\"Home\",\"item\":\"https:\/\/hts-mct.com\/es\/hts-mct-soluciones-de-sellado-seguras-para-cables-y-tuberias\/\"},{\"@type\":\"ListItem\",\"position\":2,\"name\":\"Pol\u00edtica de Cookies\"}]},{\"@type\":\"WebSite\",\"@id\":\"https:\/\/hts-mct.com\/es\/#website\",\"url\":\"https:\/\/hts-mct.com\/es\/\",\"name\":\"HTS MCT | Safety Sealing Solutions for Cables and Pipes\",\"description\":\"Discover HTS MCT sealing solutions, designed to ensure safety and efficiency for cable and pipe penetrations. Reliable protection for the most demanding environments.\",\"publisher\":{\"@id\":\"https:\/\/hts-mct.com\/es\/#organization\"},\"potentialAction\":[{\"@type\":\"SearchAction\",\"target\":{\"@type\":\"EntryPoint\",\"urlTemplate\":\"https:\/\/hts-mct.com\/es\/?s={search_term_string}\"},\"query-input\":{\"@type\":\"PropertyValueSpecification\",\"valueRequired\":true,\"valueName\":\"search_term_string\"}}],\"inLanguage\":\"es\"},{\"@type\":\"Organization\",\"@id\":\"https:\/\/hts-mct.com\/es\/#organization\",\"name\":\"HTS MCT | Safety Sealing Solutions for Cables and Pipes\",\"url\":\"https:\/\/hts-mct.com\/es\/\",\"logo\":{\"@type\":\"ImageObject\",\"inLanguage\":\"es\",\"@id\":\"https:\/\/hts-mct.com\/es\/#\/schema\/logo\/image\/\",\"url\":\"https:\/\/hts-mct.com\/wp-content\/uploads\/2025\/07\/HTS-MCT-logo-Social.png\",\"contentUrl\":\"https:\/\/hts-mct.com\/wp-content\/uploads\/2025\/07\/HTS-MCT-logo-Social.png\",\"width\":348,\"height\":89,\"caption\":\"HTS MCT | Safety Sealing Solutions for Cables and Pipes\"},\"image\":{\"@id\":\"https:\/\/hts-mct.com\/es\/#\/schema\/logo\/image\/\"}}]}<\/script>\n<!-- \/ Yoast SEO Premium plugin. -->","yoast_head_json":{"title":"Pol\u00edtica de cookies - HTS MCT | Soluciones de sellado de seguridad para cables y tuber\u00edas","description":"Aprende c\u00f3mo utiliza las cookies para mejorar tu experiencia y garantizar un acceso seguro a nuestras soluciones de sellado de cables y tuber\u00edas. Lee nuestra pol\u00edtica de cookies.","robots":{"index":"index","follow":"follow","max-snippet":"max-snippet:-1","max-image-preview":"max-image-preview:large","max-video-preview":"max-video-preview:-1"},"canonical":"https:\/\/hts-mct.com\/es\/politica-de-cookies\/","og_locale":"es_ES","og_type":"article","og_title":"Pol\u00edtica de Cookies","og_description":"Aprende c\u00f3mo utiliza las cookies para mejorar tu experiencia y garantizar un acceso seguro a nuestras soluciones de sellado de cables y tuber\u00edas. Lee nuestra pol\u00edtica de cookies.","og_url":"https:\/\/hts-mct.com\/es\/politica-de-cookies\/","og_site_name":"HTS MCT | Safety Sealing Solutions for Cables and Pipes","article_modified_time":"2025-08-08T09:50:44+00:00","og_image":[{"width":348,"height":89,"url":"https:\/\/hts-mct.com\/wp-content\/uploads\/2025\/07\/HTS-MCT-logo-Social.png","type":"image\/png"}],"twitter_card":"summary_large_image","twitter_misc":{"Tiempo de lectura":"4 minutos"},"schema":{"@context":"https:\/\/schema.org","@graph":[{"@type":"WebPage","@id":"https:\/\/hts-mct.com\/es\/politica-de-cookies\/","url":"https:\/\/hts-mct.com\/es\/politica-de-cookies\/","name":"Pol\u00edtica de cookies - HTS MCT | Soluciones de sellado de seguridad para cables y tuber\u00edas","isPartOf":{"@id":"https:\/\/hts-mct.com\/es\/#website"},"datePublished":"2025-05-19T11:39:52+00:00","dateModified":"2025-08-08T09:50:44+00:00","description":"Aprende c\u00f3mo utiliza las cookies para mejorar tu experiencia y garantizar un acceso seguro a nuestras soluciones de sellado de cables y tuber\u00edas. Lee nuestra pol\u00edtica de cookies.","breadcrumb":{"@id":"https:\/\/hts-mct.com\/es\/politica-de-cookies\/#breadcrumb"},"inLanguage":"es","potentialAction":[{"@type":"ReadAction","target":["https:\/\/hts-mct.com\/es\/politica-de-cookies\/"]}]},{"@type":"BreadcrumbList","@id":"https:\/\/hts-mct.com\/es\/politica-de-cookies\/#breadcrumb","itemListElement":[{"@type":"ListItem","position":1,"name":"Home","item":"https:\/\/hts-mct.com\/es\/hts-mct-soluciones-de-sellado-seguras-para-cables-y-tuberias\/"},{"@type":"ListItem","position":2,"name":"Pol\u00edtica de Cookies"}]},{"@type":"WebSite","@id":"https:\/\/hts-mct.com\/es\/#website","url":"https:\/\/hts-mct.com\/es\/","name":"HTS MCT | Safety Sealing Solutions for Cables and Pipes","description":"Discover HTS MCT sealing solutions, designed to ensure safety and efficiency for cable and pipe penetrations. Reliable protection for the most demanding environments.","publisher":{"@id":"https:\/\/hts-mct.com\/es\/#organization"},"potentialAction":[{"@type":"SearchAction","target":{"@type":"EntryPoint","urlTemplate":"https:\/\/hts-mct.com\/es\/?s={search_term_string}"},"query-input":{"@type":"PropertyValueSpecification","valueRequired":true,"valueName":"search_term_string"}}],"inLanguage":"es"},{"@type":"Organization","@id":"https:\/\/hts-mct.com\/es\/#organization","name":"HTS MCT | Safety Sealing Solutions for Cables and Pipes","url":"https:\/\/hts-mct.com\/es\/","logo":{"@type":"ImageObject","inLanguage":"es","@id":"https:\/\/hts-mct.com\/es\/#\/schema\/logo\/image\/","url":"https:\/\/hts-mct.com\/wp-content\/uploads\/2025\/07\/HTS-MCT-logo-Social.png","contentUrl":"https:\/\/hts-mct.com\/wp-content\/uploads\/2025\/07\/HTS-MCT-logo-Social.png","width":348,"height":89,"caption":"HTS MCT | Safety Sealing Solutions for Cables and Pipes"},"image":{"@id":"https:\/\/hts-mct.com\/es\/#\/schema\/logo\/image\/"}}]}},"_links":{"self":[{"href":"https:\/\/hts-mct.com\/es\/wp-json\/wp\/v2\/pages\/14791","targetHints":{"allow":["GET"]}}],"collection":[{"href":"https:\/\/hts-mct.com\/es\/wp-json\/wp\/v2\/pages"}],"about":[{"href":"https:\/\/hts-mct.com\/es\/wp-json\/wp\/v2\/types\/page"}],"author":[{"embeddable":true,"href":"https:\/\/hts-mct.com\/es\/wp-json\/wp\/v2\/users\/1"}],"replies":[{"embeddable":true,"href":"https:\/\/hts-mct.com\/es\/wp-json\/wp\/v2\/comments?post=14791"}],"version-history":[{"count":5,"href":"https:\/\/hts-mct.com\/es\/wp-json\/wp\/v2\/pages\/14791\/revisions"}],"predecessor-version":[{"id":17133,"href":"https:\/\/hts-mct.com\/es\/wp-json\/wp\/v2\/pages\/14791\/revisions\/17133"}],"wp:attachment":[{"href":"https:\/\/hts-mct.com\/es\/wp-json\/wp\/v2\/media?parent=14791"}],"curies":[{"name":"wp","href":"https:\/\/api.w.org\/{rel}","templated":true}]}}